{"id":12533,"date":"2000-03-15T12:00:34","date_gmt":"2000-03-15T11:00:34","guid":{"rendered":"https:\/\/librosdelzorrorojo.com\/catalogo\/gran-bot-pequeno-bot\/"},"modified":"2024-02-29T11:39:08","modified_gmt":"2024-02-29T10:39:08","slug":"gran-bot-pequeno-bot","status":"publish","type":"product","link":"https:\/\/librosdelzorrorojo.com\/ca\/cataleg\/gran-bot-pequeno-bot\/","title":{"rendered":"Gran Bot, Peque\u00f1o Bot"},"content":{"rendered":"<p class=\"p1\">Los robots son perennes favoritos de los ni\u00f1os. En este libro interactivo, un pu\u00f1ado de simp\u00e1ticos robots de vivos colores y aspecto retrofuturista proponen un juego irresistible para los m\u00e1s peque\u00f1os: manipular, imaginar y descubrir qu\u00e9 esconden cada una de las escenas que protagonizan.<\/p>\n<p class=\"p1\">Las llamativas ilustraciones de Marc Rosenthal ponen el foco en ocho divertidos robots, un tanto extravagantes, cuyas situaciones despiertan una sonrisa desde la misma cubierta. Sobre un fondo de color azul, dos robots, Gran Bot y Peque\u00f1o Bot, se presentan el uno al otro en una composici\u00f3n c\u00f3mica que ofrece una pista acerca del juego que esconde este irresistible libro.<\/p>\n<p class=\"p1\">Con un formato peque\u00f1o y f\u00e1cil de manipular, el libro invita a pasar las p\u00e1ginas con ilustraciones desplegables que, al levantarse, se transforman en su contrario. Simple, pero interminablemente entretenido: \u00bfQu\u00e9 robot se esconde dentro de esa casa tan peque\u00f1a? \u00bfQu\u00e9 har\u00e1 Bot Mojado para ser Bot Seco? \u00bfPodr\u00edas hablar m\u00e1s alto, Bot?<\/p>\n<p class=\"p1\">Robots altos y bajos, tristes y alegres, silenciosos y ruidosos, sirven de est\u00edmulo para explorar no solo los conceptos opuestos, sino tambi\u00e9n, las m\u00faltiples formas de crear una singular pandilla de sonrientes ciberamigos que har\u00e1n disfrutar a grandes y peque\u00f1os lectores.<\/p>\n<p><span>Mira el\u00a0<\/span><span style=\"color: #ff0000;\"><a href=\"https:\/\/www.youtube.com\/watch?v=AMKt5CBzviA\" target=\"_blank\" data-saferedirecturl=\"https:\/\/www.google.com\/url?hl=es&amp;q=https:\/\/www.youtube.com\/watch?v%3DhTa8PjxIg5Y&amp;source=gmail&amp;ust=1529402983803000&amp;usg=AFQjCNFdOJZBXHabMEK0kyAZMou1cZ5wUA\" rel=\"noopener noreferrer\" style=\"color: #ff0000;\">booktrailer<\/a><\/span><\/p>\n<p>&nbsp;<\/p>\n","protected":false},"excerpt":{"rendered":"<p class=\"p1\">Los robots son perennes favoritos de los ni\u00f1os. En este libro interactivo, un pu\u00f1ado de simp\u00e1ticos robots de vivos colores y aspecto retrofuturista proponen un juego irresistible para los m\u00e1s peque\u00f1os: manipular, imaginar y descubrir qu\u00e9 esconden cada una de las escenas que protagonizan.<\/p>\r\n<p class=\"p1\">Las llamativas ilustraciones de Marc Rosenthal ponen el foco en ocho divertidos robots, un tanto extravagantes, cuyas situaciones despiertan una sonrisa desde la misma cubierta. Sobre un fondo de color azul, dos robots, Gran Bot y Peque\u00f1o Bot, se presentan el uno al otro en una composici\u00f3n c\u00f3mica que ofrece una pista acerca del juego que esconde este irresistible libro.<\/p>","protected":false},"featured_media":12534,"template":"","meta":{"_acf_changed":false},"product_brand":[],"product_cat":[844,843,839],"product_tag":[],"class_list":{"0":"post-12533","1":"product","2":"type-product","3":"status-publish","4":"has-post-thumbnail","6":"product_cat-castella","7":"product_cat-infantiles-ca","8":"product_cat-zona-kids-ca","9":"vinculo-gran-bot-pequeno-bot","11":"first","12":"outofstock","13":"taxable","14":"shipping-taxable","15":"purchasable","16":"product-type-simple"},"acf":[],"yoast_head":"<!-- This site is optimized with the Yoast SEO plugin v25.1 - https:\/\/yoast.com\/wordpress\/plugins\/seo\/ -->\n<title>Gran Bot, Peque\u00f1o Bot - Libros del Zorro Rojo<\/title>\n<meta name=\"description\" content=\"Los robots son perennes favoritos de los ni\u00f1os. En este libro interactivo, un pu\u00f1ado de simp\u00e1ticos robots de vivos colores y aspecto retrofuturista...\" \/>\n<meta name=\"robots\" content=\"index, follow, max-snippet:-1, max-image-preview:large, max-video-preview:-1\" \/>\n<link rel=\"canonical\" href=\"https:\/\/librosdelzorrorojo.com\/ca\/cataleg\/gran-bot-pequeno-bot\/\" \/>\n<meta property=\"og:locale\" content=\"ca_ES\" \/>\n<meta property=\"og:type\" content=\"article\" \/>\n<meta property=\"og:title\" content=\"Gran Bot, Peque\u00f1o Bot - Libros del Zorro Rojo\" \/>\n<meta property=\"og:description\" content=\"Los robots son perennes favoritos de los ni\u00f1os. En este libro interactivo, un pu\u00f1ado de simp\u00e1ticos robots de vivos colores y aspecto retrofuturista...\" \/>\n<meta property=\"og:url\" content=\"https:\/\/librosdelzorrorojo.com\/ca\/cataleg\/gran-bot-pequeno-bot\/\" \/>\n<meta property=\"og:site_name\" content=\"Libros del Zorro Rojo\" \/>\n<meta property=\"article:modified_time\" content=\"2024-02-29T10:39:08+00:00\" \/>\n<meta property=\"og:image\" content=\"https:\/\/librosdelzorrorojo.com\/wp-content\/uploads\/2000\/03\/Cover-Gran-Bot-Peque\u00f1o-Bot.jpg\" \/>\n<meta name=\"twitter:card\" content=\"summary_large_image\" \/>\n<meta name=\"twitter:label1\" content=\"Temps estimat de lectura\" \/>\n\t<meta name=\"twitter:data1\" content=\"1 minut\" \/>\n<script type=\"application\/ld+json\" class=\"yoast-schema-graph\">{\"@context\":\"https:\/\/schema.org\",\"@graph\":[{\"@type\":\"WebPage\",\"@id\":\"https:\/\/librosdelzorrorojo.com\/ca\/cataleg\/gran-bot-pequeno-bot\/\",\"url\":\"https:\/\/librosdelzorrorojo.com\/ca\/cataleg\/gran-bot-pequeno-bot\/\",\"name\":\"Gran Bot, Peque\u00f1o Bot - Libros del Zorro Rojo\",\"isPartOf\":{\"@id\":\"https:\/\/librosdelzorrorojo.com\/#website\"},\"primaryImageOfPage\":{\"@id\":\"https:\/\/librosdelzorrorojo.com\/ca\/cataleg\/gran-bot-pequeno-bot\/#primaryimage\"},\"image\":{\"@id\":\"https:\/\/librosdelzorrorojo.com\/ca\/cataleg\/gran-bot-pequeno-bot\/#primaryimage\"},\"thumbnailUrl\":\"https:\/\/librosdelzorrorojo.com\/wp-content\/uploads\/2017\/03\/Cover-Gran-Bot-Pequen\u0303o-Bot-e1525442570548.jpg\",\"datePublished\":\"2000-03-15T11:00:34+00:00\",\"dateModified\":\"2024-02-29T10:39:08+00:00\",\"description\":\"Los robots son perennes favoritos de los ni\u00f1os. En este libro interactivo, un pu\u00f1ado de simp\u00e1ticos robots de vivos colores y aspecto retrofuturista...\",\"breadcrumb\":{\"@id\":\"https:\/\/librosdelzorrorojo.com\/ca\/cataleg\/gran-bot-pequeno-bot\/#breadcrumb\"},\"inLanguage\":\"ca\",\"potentialAction\":[{\"@type\":\"ReadAction\",\"target\":[\"https:\/\/librosdelzorrorojo.com\/ca\/cataleg\/gran-bot-pequeno-bot\/\"]}]},{\"@type\":\"ImageObject\",\"inLanguage\":\"ca\",\"@id\":\"https:\/\/librosdelzorrorojo.com\/ca\/cataleg\/gran-bot-pequeno-bot\/#primaryimage\",\"url\":\"https:\/\/librosdelzorrorojo.com\/wp-content\/uploads\/2017\/03\/Cover-Gran-Bot-Pequen\u0303o-Bot-e1525442570548.jpg\",\"contentUrl\":\"https:\/\/librosdelzorrorojo.com\/wp-content\/uploads\/2017\/03\/Cover-Gran-Bot-Pequen\u0303o-Bot-e1525442570548.jpg\",\"width\":850,\"height\":966,\"caption\":\"Cover Gran Bot Pequen\u0303o Bot e1525442570548\"},{\"@type\":\"BreadcrumbList\",\"@id\":\"https:\/\/librosdelzorrorojo.com\/ca\/cataleg\/gran-bot-pequeno-bot\/#breadcrumb\",\"itemListElement\":[{\"@type\":\"ListItem\",\"position\":1,\"name\":\"Portada\",\"item\":\"https:\/\/librosdelzorrorojo.com\/ca\/\"},{\"@type\":\"ListItem\",\"position\":2,\"name\":\"Cat\u00e0leg\",\"item\":\"https:\/\/librosdelzorrorojo.com\/ca\/cataleg\/\"},{\"@type\":\"ListItem\",\"position\":3,\"name\":\"Gran Bot, Peque\u00f1o Bot\"}]},{\"@type\":\"WebSite\",\"@id\":\"https:\/\/librosdelzorrorojo.com\/#website\",\"url\":\"https:\/\/librosdelzorrorojo.com\/\",\"name\":\"Libros del Zorro Rojo\",\"description\":\"Libros ilustrados\",\"potentialAction\":[{\"@type\":\"SearchAction\",\"target\":{\"@type\":\"EntryPoint\",\"urlTemplate\":\"https:\/\/librosdelzorrorojo.com\/?s={search_term_string}\"},\"query-input\":{\"@type\":\"PropertyValueSpecification\",\"valueRequired\":true,\"valueName\":\"search_term_string\"}}],\"inLanguage\":\"ca\"}]}<\/script>\n<!-- \/ Yoast SEO plugin. -->","yoast_head_json":{"title":"Gran Bot, Peque\u00f1o Bot - Libros del Zorro Rojo","description":"Los robots son perennes favoritos de los ni\u00f1os. En este libro interactivo, un pu\u00f1ado de simp\u00e1ticos robots de vivos colores y aspecto retrofuturista...","robots":{"index":"index","follow":"follow","max-snippet":"max-snippet:-1","max-image-preview":"max-image-preview:large","max-video-preview":"max-video-preview:-1"},"canonical":"https:\/\/librosdelzorrorojo.com\/ca\/cataleg\/gran-bot-pequeno-bot\/","og_locale":"ca_ES","og_type":"article","og_title":"Gran Bot, Peque\u00f1o Bot - Libros del Zorro Rojo","og_description":"Los robots son perennes favoritos de los ni\u00f1os. En este libro interactivo, un pu\u00f1ado de simp\u00e1ticos robots de vivos colores y aspecto retrofuturista...","og_url":"https:\/\/librosdelzorrorojo.com\/ca\/cataleg\/gran-bot-pequeno-bot\/","og_site_name":"Libros del Zorro Rojo","article_modified_time":"2024-02-29T10:39:08+00:00","og_image":[{"url":"https:\/\/librosdelzorrorojo.com\/wp-content\/uploads\/2000\/03\/Cover-Gran-Bot-Peque\u00f1o-Bot.jpg","type":"","width":"","height":""}],"twitter_card":"summary_large_image","twitter_misc":{"Temps estimat de lectura":"1 minut"},"schema":{"@context":"https:\/\/schema.org","@graph":[{"@type":"WebPage","@id":"https:\/\/librosdelzorrorojo.com\/ca\/cataleg\/gran-bot-pequeno-bot\/","url":"https:\/\/librosdelzorrorojo.com\/ca\/cataleg\/gran-bot-pequeno-bot\/","name":"Gran Bot, Peque\u00f1o Bot - Libros del Zorro Rojo","isPartOf":{"@id":"https:\/\/librosdelzorrorojo.com\/#website"},"primaryImageOfPage":{"@id":"https:\/\/librosdelzorrorojo.com\/ca\/cataleg\/gran-bot-pequeno-bot\/#primaryimage"},"image":{"@id":"https:\/\/librosdelzorrorojo.com\/ca\/cataleg\/gran-bot-pequeno-bot\/#primaryimage"},"thumbnailUrl":"https:\/\/librosdelzorrorojo.com\/wp-content\/uploads\/2017\/03\/Cover-Gran-Bot-Pequen\u0303o-Bot-e1525442570548.jpg","datePublished":"2000-03-15T11:00:34+00:00","dateModified":"2024-02-29T10:39:08+00:00","description":"Los robots son perennes favoritos de los ni\u00f1os. En este libro interactivo, un pu\u00f1ado de simp\u00e1ticos robots de vivos colores y aspecto retrofuturista...","breadcrumb":{"@id":"https:\/\/librosdelzorrorojo.com\/ca\/cataleg\/gran-bot-pequeno-bot\/#breadcrumb"},"inLanguage":"ca","potentialAction":[{"@type":"ReadAction","target":["https:\/\/librosdelzorrorojo.com\/ca\/cataleg\/gran-bot-pequeno-bot\/"]}]},{"@type":"ImageObject","inLanguage":"ca","@id":"https:\/\/librosdelzorrorojo.com\/ca\/cataleg\/gran-bot-pequeno-bot\/#primaryimage","url":"https:\/\/librosdelzorrorojo.com\/wp-content\/uploads\/2017\/03\/Cover-Gran-Bot-Pequen\u0303o-Bot-e1525442570548.jpg","contentUrl":"https:\/\/librosdelzorrorojo.com\/wp-content\/uploads\/2017\/03\/Cover-Gran-Bot-Pequen\u0303o-Bot-e1525442570548.jpg","width":850,"height":966,"caption":"Cover Gran Bot Pequen\u0303o Bot e1525442570548"},{"@type":"BreadcrumbList","@id":"https:\/\/librosdelzorrorojo.com\/ca\/cataleg\/gran-bot-pequeno-bot\/#breadcrumb","itemListElement":[{"@type":"ListItem","position":1,"name":"Portada","item":"https:\/\/librosdelzorrorojo.com\/ca\/"},{"@type":"ListItem","position":2,"name":"Cat\u00e0leg","item":"https:\/\/librosdelzorrorojo.com\/ca\/cataleg\/"},{"@type":"ListItem","position":3,"name":"Gran Bot, Peque\u00f1o Bot"}]},{"@type":"WebSite","@id":"https:\/\/librosdelzorrorojo.com\/#website","url":"https:\/\/librosdelzorrorojo.com\/","name":"Libros del Zorro Rojo","description":"Libros ilustrados","potentialAction":[{"@type":"SearchAction","target":{"@type":"EntryPoint","urlTemplate":"https:\/\/librosdelzorrorojo.com\/?s={search_term_string}"},"query-input":{"@type":"PropertyValueSpecification","valueRequired":true,"valueName":"search_term_string"}}],"inLanguage":"ca"}]}},"_links":{"self":[{"href":"https:\/\/librosdelzorrorojo.com\/ca\/wp-json\/wp\/v2\/product\/12533","targetHints":{"allow":["GET"]}}],"collection":[{"href":"https:\/\/librosdelzorrorojo.com\/ca\/wp-json\/wp\/v2\/product"}],"about":[{"href":"https:\/\/librosdelzorrorojo.com\/ca\/wp-json\/wp\/v2\/types\/product"}],"wp:featuredmedia":[{"embeddable":true,"href":"https:\/\/librosdelzorrorojo.com\/ca\/wp-json\/wp\/v2\/media\/12534"}],"wp:attachment":[{"href":"https:\/\/librosdelzorrorojo.com\/ca\/wp-json\/wp\/v2\/media?parent=12533"}],"wp:term":[{"taxonomy":"product_brand","embeddable":true,"href":"https:\/\/librosdelzorrorojo.com\/ca\/wp-json\/wp\/v2\/product_brand?post=12533"},{"taxonomy":"product_cat","embeddable":true,"href":"https:\/\/librosdelzorrorojo.com\/ca\/wp-json\/wp\/v2\/product_cat?post=12533"},{"taxonomy":"product_tag","embeddable":true,"href":"https:\/\/librosdelzorrorojo.com\/ca\/wp-json\/wp\/v2\/product_tag?post=12533"}],"curies":[{"name":"wp","href":"https:\/\/api.w.org\/{rel}","templated":true}]}}