{"id":12531,"date":"2000-03-22T12:00:42","date_gmt":"2000-03-22T11:00:42","guid":{"rendered":"https:\/\/librosdelzorrorojo.com\/catalogo\/si-las-manzanas-tuvieran-dientes\/"},"modified":"2024-02-29T11:39:08","modified_gmt":"2024-02-29T10:39:08","slug":"si-las-manzanas-tuvieran-dientes","status":"publish","type":"product","link":"https:\/\/librosdelzorrorojo.com\/ca\/cataleg\/si-las-manzanas-tuvieran-dientes\/","title":{"rendered":"Si las manzanas tuvieran dientes"},"content":{"rendered":"<p>La imaginaci\u00f3n se activa al hacernos preguntas imposibles: \u00bfQu\u00e9 ocurrir\u00eda si los melones tuvieran plumas o si un caracol fuera el cartero? Los absurdos interrogantes que plantea este libro convierten su lectura en una experiencia l\u00fadica y provocadora. Las ilustraciones, que representan personajes y situaciones disparatadas, resultan tan hilarantes e improbables como el texto que las acompa\u00f1a: un juego de palabras y conceptos que se enredan con el pensamiento para provocar una sonrisa.<\/p>\n<p>Un libro enraizado en el g\u00e9nero literario del <i>nonsense <\/i>(\u00absinsentido\u00bb), que rescata una de las pocas obras dirigidas al p\u00fablico infantil creadas por el legendario dise\u00f1ador gr\u00e1fico Milton Glaser, publicado originalmente en los a\u00f1os 60 y hasta ahora in\u00e9dito en Espa\u00f1a.<\/p>\n<p>Este libro, repleto de alocadas asociaciones y disparatados proverbios, celebra uno de los mayores logros de la literatura infantil: conjugar en una sola obra arte y emoci\u00f3n.<\/p>\n<p><span>Mira el\u00a0<\/span><a href=\"https:\/\/www.youtube.com\/watch?v=ft0jEcYXIVI\" target=\"_blank\" rel=\"noopener noreferrer\"><span style=\"color: #ff0000;\">booktrailer<\/span><\/a><\/p>\n<p>&nbsp;<\/p>\n","protected":false},"excerpt":{"rendered":"<p class=\"p1\">La imaginaci\u00f3n se activa al hacernos preguntas imposibles: \u00bfQu\u00e9 ocurrir\u00eda si los melones tuvieran plumas o si un caracol fuera el cartero? Los absurdos interrogantes que plantea este libro convierten su lectura en una experiencia l\u00fadica y provocadora. Las ilustraciones, que representan personajes y situaciones disparatadas, resultan tan hilarantes e improbables como el texto que las acompa\u00f1a: un juego de palabras y conceptos que se enredan con el pensamiento para provocar una sonrisa.<\/p>","protected":false},"featured_media":12530,"template":"","meta":{"_acf_changed":false},"product_brand":[],"product_cat":[844,843],"product_tag":[],"class_list":{"0":"post-12531","1":"product","2":"type-product","3":"status-publish","4":"has-post-thumbnail","6":"product_cat-castella","7":"product_cat-infantiles-ca","8":"vinculo-si-las-manzanas-tuvieran-dientes","10":"first","11":"instock","12":"taxable","13":"shipping-taxable","14":"purchasable","15":"product-type-simple"},"acf":[],"yoast_head":"<!-- This site is optimized with the Yoast SEO plugin v25.1 - https:\/\/yoast.com\/wordpress\/plugins\/seo\/ -->\n<title>Si las manzanas tuvieran dientes<\/title>\n<meta name=\"description\" content=\"La imaginaci\u00f3n se activa al hacernos preguntas imposibles: \u00bfQu\u00e9 ocurrir\u00eda si los melones tuvieran plumas o si un caracol fuera el cartero?\" \/>\n<meta name=\"robots\" content=\"index, follow, max-snippet:-1, max-image-preview:large, max-video-preview:-1\" \/>\n<link rel=\"canonical\" href=\"https:\/\/librosdelzorrorojo.com\/ca\/cataleg\/si-las-manzanas-tuvieran-dientes\/\" \/>\n<meta property=\"og:locale\" content=\"ca_ES\" \/>\n<meta property=\"og:type\" content=\"article\" \/>\n<meta property=\"og:title\" content=\"Si las manzanas tuvieran dientes\" \/>\n<meta property=\"og:description\" content=\"La imaginaci\u00f3n se activa al hacernos preguntas imposibles: \u00bfQu\u00e9 ocurrir\u00eda si los melones tuvieran plumas o si un caracol fuera el cartero?\" \/>\n<meta property=\"og:url\" content=\"https:\/\/librosdelzorrorojo.com\/ca\/cataleg\/si-las-manzanas-tuvieran-dientes\/\" \/>\n<meta property=\"og:site_name\" content=\"Libros del Zorro Rojo\" \/>\n<meta property=\"article:modified_time\" content=\"2024-02-29T10:39:08+00:00\" \/>\n<meta property=\"og:image\" content=\"https:\/\/librosdelzorrorojo.com\/wp-content\/uploads\/2017\/03\/Cover-Si-las-manzanas-tuvieran-dientes-e1525443469559.jpg\" \/>\n\t<meta property=\"og:image:width\" content=\"850\" \/>\n\t<meta property=\"og:image:height\" content=\"1077\" \/>\n\t<meta property=\"og:image:type\" content=\"image\/jpeg\" \/>\n<meta name=\"twitter:card\" content=\"summary_large_image\" \/>\n<meta name=\"twitter:label1\" content=\"Temps estimat de lectura\" \/>\n\t<meta name=\"twitter:data1\" content=\"1 minut\" \/>\n<script type=\"application\/ld+json\" class=\"yoast-schema-graph\">{\"@context\":\"https:\/\/schema.org\",\"@graph\":[{\"@type\":\"WebPage\",\"@id\":\"https:\/\/librosdelzorrorojo.com\/ca\/cataleg\/si-las-manzanas-tuvieran-dientes\/\",\"url\":\"https:\/\/librosdelzorrorojo.com\/ca\/cataleg\/si-las-manzanas-tuvieran-dientes\/\",\"name\":\"Si las manzanas tuvieran dientes\",\"isPartOf\":{\"@id\":\"https:\/\/librosdelzorrorojo.com\/#website\"},\"primaryImageOfPage\":{\"@id\":\"https:\/\/librosdelzorrorojo.com\/ca\/cataleg\/si-las-manzanas-tuvieran-dientes\/#primaryimage\"},\"image\":{\"@id\":\"https:\/\/librosdelzorrorojo.com\/ca\/cataleg\/si-las-manzanas-tuvieran-dientes\/#primaryimage\"},\"thumbnailUrl\":\"https:\/\/librosdelzorrorojo.com\/wp-content\/uploads\/2017\/03\/Cover-Si-las-manzanas-tuvieran-dientes-e1525443469559.jpg\",\"datePublished\":\"2000-03-22T11:00:42+00:00\",\"dateModified\":\"2024-02-29T10:39:08+00:00\",\"description\":\"La imaginaci\u00f3n se activa al hacernos preguntas imposibles: \u00bfQu\u00e9 ocurrir\u00eda si los melones tuvieran plumas o si un caracol fuera el cartero?\",\"breadcrumb\":{\"@id\":\"https:\/\/librosdelzorrorojo.com\/ca\/cataleg\/si-las-manzanas-tuvieran-dientes\/#breadcrumb\"},\"inLanguage\":\"ca\",\"potentialAction\":[{\"@type\":\"ReadAction\",\"target\":[\"https:\/\/librosdelzorrorojo.com\/ca\/cataleg\/si-las-manzanas-tuvieran-dientes\/\"]}]},{\"@type\":\"ImageObject\",\"inLanguage\":\"ca\",\"@id\":\"https:\/\/librosdelzorrorojo.com\/ca\/cataleg\/si-las-manzanas-tuvieran-dientes\/#primaryimage\",\"url\":\"https:\/\/librosdelzorrorojo.com\/wp-content\/uploads\/2017\/03\/Cover-Si-las-manzanas-tuvieran-dientes-e1525443469559.jpg\",\"contentUrl\":\"https:\/\/librosdelzorrorojo.com\/wp-content\/uploads\/2017\/03\/Cover-Si-las-manzanas-tuvieran-dientes-e1525443469559.jpg\",\"width\":850,\"height\":1077,\"caption\":\"Cover Si las manzanas tuvieran dientes e1525443469559\"},{\"@type\":\"BreadcrumbList\",\"@id\":\"https:\/\/librosdelzorrorojo.com\/ca\/cataleg\/si-las-manzanas-tuvieran-dientes\/#breadcrumb\",\"itemListElement\":[{\"@type\":\"ListItem\",\"position\":1,\"name\":\"Portada\",\"item\":\"https:\/\/librosdelzorrorojo.com\/ca\/\"},{\"@type\":\"ListItem\",\"position\":2,\"name\":\"Cat\u00e0leg\",\"item\":\"https:\/\/librosdelzorrorojo.com\/ca\/cataleg\/\"},{\"@type\":\"ListItem\",\"position\":3,\"name\":\"Si las manzanas tuvieran dientes\"}]},{\"@type\":\"WebSite\",\"@id\":\"https:\/\/librosdelzorrorojo.com\/#website\",\"url\":\"https:\/\/librosdelzorrorojo.com\/\",\"name\":\"Libros del Zorro Rojo\",\"description\":\"Libros ilustrados\",\"potentialAction\":[{\"@type\":\"SearchAction\",\"target\":{\"@type\":\"EntryPoint\",\"urlTemplate\":\"https:\/\/librosdelzorrorojo.com\/?s={search_term_string}\"},\"query-input\":{\"@type\":\"PropertyValueSpecification\",\"valueRequired\":true,\"valueName\":\"search_term_string\"}}],\"inLanguage\":\"ca\"}]}<\/script>\n<!-- \/ Yoast SEO plugin. -->","yoast_head_json":{"title":"Si las manzanas tuvieran dientes","description":"La imaginaci\u00f3n se activa al hacernos preguntas imposibles: \u00bfQu\u00e9 ocurrir\u00eda si los melones tuvieran plumas o si un caracol fuera el cartero?","robots":{"index":"index","follow":"follow","max-snippet":"max-snippet:-1","max-image-preview":"max-image-preview:large","max-video-preview":"max-video-preview:-1"},"canonical":"https:\/\/librosdelzorrorojo.com\/ca\/cataleg\/si-las-manzanas-tuvieran-dientes\/","og_locale":"ca_ES","og_type":"article","og_title":"Si las manzanas tuvieran dientes","og_description":"La imaginaci\u00f3n se activa al hacernos preguntas imposibles: \u00bfQu\u00e9 ocurrir\u00eda si los melones tuvieran plumas o si un caracol fuera el cartero?","og_url":"https:\/\/librosdelzorrorojo.com\/ca\/cataleg\/si-las-manzanas-tuvieran-dientes\/","og_site_name":"Libros del Zorro Rojo","article_modified_time":"2024-02-29T10:39:08+00:00","og_image":[{"width":850,"height":1077,"url":"https:\/\/librosdelzorrorojo.com\/wp-content\/uploads\/2017\/03\/Cover-Si-las-manzanas-tuvieran-dientes-e1525443469559.jpg","type":"image\/jpeg"}],"twitter_card":"summary_large_image","twitter_misc":{"Temps estimat de lectura":"1 minut"},"schema":{"@context":"https:\/\/schema.org","@graph":[{"@type":"WebPage","@id":"https:\/\/librosdelzorrorojo.com\/ca\/cataleg\/si-las-manzanas-tuvieran-dientes\/","url":"https:\/\/librosdelzorrorojo.com\/ca\/cataleg\/si-las-manzanas-tuvieran-dientes\/","name":"Si las manzanas tuvieran dientes","isPartOf":{"@id":"https:\/\/librosdelzorrorojo.com\/#website"},"primaryImageOfPage":{"@id":"https:\/\/librosdelzorrorojo.com\/ca\/cataleg\/si-las-manzanas-tuvieran-dientes\/#primaryimage"},"image":{"@id":"https:\/\/librosdelzorrorojo.com\/ca\/cataleg\/si-las-manzanas-tuvieran-dientes\/#primaryimage"},"thumbnailUrl":"https:\/\/librosdelzorrorojo.com\/wp-content\/uploads\/2017\/03\/Cover-Si-las-manzanas-tuvieran-dientes-e1525443469559.jpg","datePublished":"2000-03-22T11:00:42+00:00","dateModified":"2024-02-29T10:39:08+00:00","description":"La imaginaci\u00f3n se activa al hacernos preguntas imposibles: \u00bfQu\u00e9 ocurrir\u00eda si los melones tuvieran plumas o si un caracol fuera el cartero?","breadcrumb":{"@id":"https:\/\/librosdelzorrorojo.com\/ca\/cataleg\/si-las-manzanas-tuvieran-dientes\/#breadcrumb"},"inLanguage":"ca","potentialAction":[{"@type":"ReadAction","target":["https:\/\/librosdelzorrorojo.com\/ca\/cataleg\/si-las-manzanas-tuvieran-dientes\/"]}]},{"@type":"ImageObject","inLanguage":"ca","@id":"https:\/\/librosdelzorrorojo.com\/ca\/cataleg\/si-las-manzanas-tuvieran-dientes\/#primaryimage","url":"https:\/\/librosdelzorrorojo.com\/wp-content\/uploads\/2017\/03\/Cover-Si-las-manzanas-tuvieran-dientes-e1525443469559.jpg","contentUrl":"https:\/\/librosdelzorrorojo.com\/wp-content\/uploads\/2017\/03\/Cover-Si-las-manzanas-tuvieran-dientes-e1525443469559.jpg","width":850,"height":1077,"caption":"Cover Si las manzanas tuvieran dientes e1525443469559"},{"@type":"BreadcrumbList","@id":"https:\/\/librosdelzorrorojo.com\/ca\/cataleg\/si-las-manzanas-tuvieran-dientes\/#breadcrumb","itemListElement":[{"@type":"ListItem","position":1,"name":"Portada","item":"https:\/\/librosdelzorrorojo.com\/ca\/"},{"@type":"ListItem","position":2,"name":"Cat\u00e0leg","item":"https:\/\/librosdelzorrorojo.com\/ca\/cataleg\/"},{"@type":"ListItem","position":3,"name":"Si las manzanas tuvieran dientes"}]},{"@type":"WebSite","@id":"https:\/\/librosdelzorrorojo.com\/#website","url":"https:\/\/librosdelzorrorojo.com\/","name":"Libros del Zorro Rojo","description":"Libros ilustrados","potentialAction":[{"@type":"SearchAction","target":{"@type":"EntryPoint","urlTemplate":"https:\/\/librosdelzorrorojo.com\/?s={search_term_string}"},"query-input":{"@type":"PropertyValueSpecification","valueRequired":true,"valueName":"search_term_string"}}],"inLanguage":"ca"}]}},"_links":{"self":[{"href":"https:\/\/librosdelzorrorojo.com\/ca\/wp-json\/wp\/v2\/product\/12531","targetHints":{"allow":["GET"]}}],"collection":[{"href":"https:\/\/librosdelzorrorojo.com\/ca\/wp-json\/wp\/v2\/product"}],"about":[{"href":"https:\/\/librosdelzorrorojo.com\/ca\/wp-json\/wp\/v2\/types\/product"}],"wp:featuredmedia":[{"embeddable":true,"href":"https:\/\/librosdelzorrorojo.com\/ca\/wp-json\/wp\/v2\/media\/12530"}],"wp:attachment":[{"href":"https:\/\/librosdelzorrorojo.com\/ca\/wp-json\/wp\/v2\/media?parent=12531"}],"wp:term":[{"taxonomy":"product_brand","embeddable":true,"href":"https:\/\/librosdelzorrorojo.com\/ca\/wp-json\/wp\/v2\/product_brand?post=12531"},{"taxonomy":"product_cat","embeddable":true,"href":"https:\/\/librosdelzorrorojo.com\/ca\/wp-json\/wp\/v2\/product_cat?post=12531"},{"taxonomy":"product_tag","embeddable":true,"href":"https:\/\/librosdelzorrorojo.com\/ca\/wp-json\/wp\/v2\/product_tag?post=12531"}],"curies":[{"name":"wp","href":"https:\/\/api.w.org\/{rel}","templated":true}]}}