{"id":12527,"date":"2020-01-11T12:00:37","date_gmt":"2020-01-11T11:00:37","guid":{"rendered":"https:\/\/librosdelzorrorojo.com\/catalogo\/malena-ballena\/"},"modified":"2024-03-01T09:19:33","modified_gmt":"2024-03-01T08:19:33","slug":"malena-ballena","status":"publish","type":"product","link":"https:\/\/librosdelzorrorojo.com\/ca\/cataleg\/malena-ballena\/","title":{"rendered":"Malena Ballena"},"content":{"rendered":"<p>En la piscina, las ni\u00f1as se re\u00edan de Malena. Y es que Malena pesaba mucho, demasiado. Tanto que la llamaban \u00abballena\u00bb. Pero un d\u00eda, el monitor de nataci\u00f3n le ense\u00f1\u00f3 un truco y su vida comenz\u00f3 a cambiar\u2026\u00a0Un personaje entra\u00f1able que vive la realidad de muchos ni\u00f1os y ni\u00f1as; un tema delicado tratado con sentido del humor, desde el respeto y el fomento de la autoestima.<\/p>\n<p><img decoding=\"async\" src=\"https:\/\/librosdelzorrorojo.com\/wp-content\/uploads\/2017\/09\/logo-generalitat2.jpg\" alt=\"\" width=\"200\" height=\"67\" class=\"alignnone size-full wp-image-11151\" \/><\/p>\n<p>&nbsp;<\/p>\n","protected":false},"excerpt":{"rendered":"En la piscina, las ni\u00f1as se re\u00edan de Malena. Y es que Malena pesaba mucho, demasiado. Tanto que la llamaban \u00abballena\u00bb. Pero un d\u00eda, el monitor de nataci\u00f3n le ense\u00f1\u00f3 un truco y su vida comenz\u00f3 a cambiar\u2026\r\n<p class=\"p3\">Un personaje entra\u00f1able que vive la realidad de muchos ni\u00f1os y ni\u00f1as; un tema delicado tratado con sentido del humor, desde el respeto y el fomento de la autoestima.<\/p>","protected":false},"featured_media":12526,"template":"","meta":{"_acf_changed":false},"product_brand":[],"product_cat":[844,843],"product_tag":[],"class_list":{"0":"post-12527","1":"product","2":"type-product","3":"status-publish","4":"has-post-thumbnail","6":"product_cat-castella","7":"product_cat-infantiles-ca","8":"vinculo-malena-ballena","10":"first","11":"instock","12":"taxable","13":"shipping-taxable","14":"purchasable","15":"product-type-simple"},"acf":[],"yoast_head":"<!-- This site is optimized with the Yoast SEO plugin v25.1 - https:\/\/yoast.com\/wordpress\/plugins\/seo\/ -->\n<title>Malena Ballena<\/title>\n<meta name=\"description\" content=\"En la piscina, las ni\u00f1as se re\u00edan de Malena. Y es que Malena pesaba mucho, demasiado. Tanto que la llamaban ballena, discriminaci\u00f3n, respeto\" \/>\n<meta name=\"robots\" content=\"index, follow, max-snippet:-1, max-image-preview:large, max-video-preview:-1\" \/>\n<link rel=\"canonical\" href=\"https:\/\/librosdelzorrorojo.com\/ca\/cataleg\/malena-ballena\/\" \/>\n<meta property=\"og:locale\" content=\"ca_ES\" \/>\n<meta property=\"og:type\" content=\"article\" \/>\n<meta property=\"og:title\" content=\"Malena Ballena\" \/>\n<meta property=\"og:description\" content=\"En la piscina, las ni\u00f1as se re\u00edan de Malena. Y es que Malena pesaba mucho, demasiado. Tanto que la llamaban ballena, discriminaci\u00f3n, respeto\" \/>\n<meta property=\"og:url\" content=\"https:\/\/librosdelzorrorojo.com\/ca\/cataleg\/malena-ballena\/\" \/>\n<meta property=\"og:site_name\" content=\"Libros del Zorro Rojo\" \/>\n<meta property=\"article:modified_time\" content=\"2024-03-01T08:19:33+00:00\" \/>\n<meta property=\"og:image\" content=\"https:\/\/librosdelzorrorojo.com\/wp-content\/uploads\/2010\/06\/Malena-Ballena-e1525354783773.jpg\" \/>\n\t<meta property=\"og:image:width\" content=\"850\" \/>\n\t<meta property=\"og:image:height\" content=\"688\" \/>\n\t<meta property=\"og:image:type\" content=\"image\/jpeg\" \/>\n<meta name=\"twitter:card\" content=\"summary_large_image\" \/>\n<script type=\"application\/ld+json\" class=\"yoast-schema-graph\">{\"@context\":\"https:\/\/schema.org\",\"@graph\":[{\"@type\":\"WebPage\",\"@id\":\"https:\/\/librosdelzorrorojo.com\/ca\/cataleg\/malena-ballena\/\",\"url\":\"https:\/\/librosdelzorrorojo.com\/ca\/cataleg\/malena-ballena\/\",\"name\":\"Malena Ballena\",\"isPartOf\":{\"@id\":\"https:\/\/librosdelzorrorojo.com\/#website\"},\"primaryImageOfPage\":{\"@id\":\"https:\/\/librosdelzorrorojo.com\/ca\/cataleg\/malena-ballena\/#primaryimage\"},\"image\":{\"@id\":\"https:\/\/librosdelzorrorojo.com\/ca\/cataleg\/malena-ballena\/#primaryimage\"},\"thumbnailUrl\":\"https:\/\/librosdelzorrorojo.com\/wp-content\/uploads\/2010\/06\/Malena-Ballena-e1525354783773.jpg\",\"datePublished\":\"2020-01-11T11:00:37+00:00\",\"dateModified\":\"2024-03-01T08:19:33+00:00\",\"description\":\"En la piscina, las ni\u00f1as se re\u00edan de Malena. Y es que Malena pesaba mucho, demasiado. Tanto que la llamaban ballena, discriminaci\u00f3n, respeto\",\"breadcrumb\":{\"@id\":\"https:\/\/librosdelzorrorojo.com\/ca\/cataleg\/malena-ballena\/#breadcrumb\"},\"inLanguage\":\"ca\",\"potentialAction\":[{\"@type\":\"ReadAction\",\"target\":[\"https:\/\/librosdelzorrorojo.com\/ca\/cataleg\/malena-ballena\/\"]}]},{\"@type\":\"ImageObject\",\"inLanguage\":\"ca\",\"@id\":\"https:\/\/librosdelzorrorojo.com\/ca\/cataleg\/malena-ballena\/#primaryimage\",\"url\":\"https:\/\/librosdelzorrorojo.com\/wp-content\/uploads\/2010\/06\/Malena-Ballena-e1525354783773.jpg\",\"contentUrl\":\"https:\/\/librosdelzorrorojo.com\/wp-content\/uploads\/2010\/06\/Malena-Ballena-e1525354783773.jpg\",\"width\":850,\"height\":688,\"caption\":\"Malena Ballena e1525354783773\"},{\"@type\":\"BreadcrumbList\",\"@id\":\"https:\/\/librosdelzorrorojo.com\/ca\/cataleg\/malena-ballena\/#breadcrumb\",\"itemListElement\":[{\"@type\":\"ListItem\",\"position\":1,\"name\":\"Portada\",\"item\":\"https:\/\/librosdelzorrorojo.com\/ca\/\"},{\"@type\":\"ListItem\",\"position\":2,\"name\":\"Cat\u00e0leg\",\"item\":\"https:\/\/librosdelzorrorojo.com\/ca\/cataleg\/\"},{\"@type\":\"ListItem\",\"position\":3,\"name\":\"Malena Ballena\"}]},{\"@type\":\"WebSite\",\"@id\":\"https:\/\/librosdelzorrorojo.com\/#website\",\"url\":\"https:\/\/librosdelzorrorojo.com\/\",\"name\":\"Libros del Zorro Rojo\",\"description\":\"Libros ilustrados\",\"potentialAction\":[{\"@type\":\"SearchAction\",\"target\":{\"@type\":\"EntryPoint\",\"urlTemplate\":\"https:\/\/librosdelzorrorojo.com\/?s={search_term_string}\"},\"query-input\":{\"@type\":\"PropertyValueSpecification\",\"valueRequired\":true,\"valueName\":\"search_term_string\"}}],\"inLanguage\":\"ca\"}]}<\/script>\n<!-- \/ Yoast SEO plugin. -->","yoast_head_json":{"title":"Malena Ballena","description":"En la piscina, las ni\u00f1as se re\u00edan de Malena. Y es que Malena pesaba mucho, demasiado. Tanto que la llamaban ballena, discriminaci\u00f3n, respeto","robots":{"index":"index","follow":"follow","max-snippet":"max-snippet:-1","max-image-preview":"max-image-preview:large","max-video-preview":"max-video-preview:-1"},"canonical":"https:\/\/librosdelzorrorojo.com\/ca\/cataleg\/malena-ballena\/","og_locale":"ca_ES","og_type":"article","og_title":"Malena Ballena","og_description":"En la piscina, las ni\u00f1as se re\u00edan de Malena. Y es que Malena pesaba mucho, demasiado. Tanto que la llamaban ballena, discriminaci\u00f3n, respeto","og_url":"https:\/\/librosdelzorrorojo.com\/ca\/cataleg\/malena-ballena\/","og_site_name":"Libros del Zorro Rojo","article_modified_time":"2024-03-01T08:19:33+00:00","og_image":[{"width":850,"height":688,"url":"https:\/\/librosdelzorrorojo.com\/wp-content\/uploads\/2010\/06\/Malena-Ballena-e1525354783773.jpg","type":"image\/jpeg"}],"twitter_card":"summary_large_image","schema":{"@context":"https:\/\/schema.org","@graph":[{"@type":"WebPage","@id":"https:\/\/librosdelzorrorojo.com\/ca\/cataleg\/malena-ballena\/","url":"https:\/\/librosdelzorrorojo.com\/ca\/cataleg\/malena-ballena\/","name":"Malena Ballena","isPartOf":{"@id":"https:\/\/librosdelzorrorojo.com\/#website"},"primaryImageOfPage":{"@id":"https:\/\/librosdelzorrorojo.com\/ca\/cataleg\/malena-ballena\/#primaryimage"},"image":{"@id":"https:\/\/librosdelzorrorojo.com\/ca\/cataleg\/malena-ballena\/#primaryimage"},"thumbnailUrl":"https:\/\/librosdelzorrorojo.com\/wp-content\/uploads\/2010\/06\/Malena-Ballena-e1525354783773.jpg","datePublished":"2020-01-11T11:00:37+00:00","dateModified":"2024-03-01T08:19:33+00:00","description":"En la piscina, las ni\u00f1as se re\u00edan de Malena. Y es que Malena pesaba mucho, demasiado. Tanto que la llamaban ballena, discriminaci\u00f3n, respeto","breadcrumb":{"@id":"https:\/\/librosdelzorrorojo.com\/ca\/cataleg\/malena-ballena\/#breadcrumb"},"inLanguage":"ca","potentialAction":[{"@type":"ReadAction","target":["https:\/\/librosdelzorrorojo.com\/ca\/cataleg\/malena-ballena\/"]}]},{"@type":"ImageObject","inLanguage":"ca","@id":"https:\/\/librosdelzorrorojo.com\/ca\/cataleg\/malena-ballena\/#primaryimage","url":"https:\/\/librosdelzorrorojo.com\/wp-content\/uploads\/2010\/06\/Malena-Ballena-e1525354783773.jpg","contentUrl":"https:\/\/librosdelzorrorojo.com\/wp-content\/uploads\/2010\/06\/Malena-Ballena-e1525354783773.jpg","width":850,"height":688,"caption":"Malena Ballena e1525354783773"},{"@type":"BreadcrumbList","@id":"https:\/\/librosdelzorrorojo.com\/ca\/cataleg\/malena-ballena\/#breadcrumb","itemListElement":[{"@type":"ListItem","position":1,"name":"Portada","item":"https:\/\/librosdelzorrorojo.com\/ca\/"},{"@type":"ListItem","position":2,"name":"Cat\u00e0leg","item":"https:\/\/librosdelzorrorojo.com\/ca\/cataleg\/"},{"@type":"ListItem","position":3,"name":"Malena Ballena"}]},{"@type":"WebSite","@id":"https:\/\/librosdelzorrorojo.com\/#website","url":"https:\/\/librosdelzorrorojo.com\/","name":"Libros del Zorro Rojo","description":"Libros ilustrados","potentialAction":[{"@type":"SearchAction","target":{"@type":"EntryPoint","urlTemplate":"https:\/\/librosdelzorrorojo.com\/?s={search_term_string}"},"query-input":{"@type":"PropertyValueSpecification","valueRequired":true,"valueName":"search_term_string"}}],"inLanguage":"ca"}]}},"_links":{"self":[{"href":"https:\/\/librosdelzorrorojo.com\/ca\/wp-json\/wp\/v2\/product\/12527","targetHints":{"allow":["GET"]}}],"collection":[{"href":"https:\/\/librosdelzorrorojo.com\/ca\/wp-json\/wp\/v2\/product"}],"about":[{"href":"https:\/\/librosdelzorrorojo.com\/ca\/wp-json\/wp\/v2\/types\/product"}],"wp:featuredmedia":[{"embeddable":true,"href":"https:\/\/librosdelzorrorojo.com\/ca\/wp-json\/wp\/v2\/media\/12526"}],"wp:attachment":[{"href":"https:\/\/librosdelzorrorojo.com\/ca\/wp-json\/wp\/v2\/media?parent=12527"}],"wp:term":[{"taxonomy":"product_brand","embeddable":true,"href":"https:\/\/librosdelzorrorojo.com\/ca\/wp-json\/wp\/v2\/product_brand?post=12527"},{"taxonomy":"product_cat","embeddable":true,"href":"https:\/\/librosdelzorrorojo.com\/ca\/wp-json\/wp\/v2\/product_cat?post=12527"},{"taxonomy":"product_tag","embeddable":true,"href":"https:\/\/librosdelzorrorojo.com\/ca\/wp-json\/wp\/v2\/product_tag?post=12527"}],"curies":[{"name":"wp","href":"https:\/\/api.w.org\/{rel}","templated":true}]}}