{"id":12520,"date":"2000-11-02T12:00:32","date_gmt":"2000-11-02T11:00:32","guid":{"rendered":"https:\/\/librosdelzorrorojo.com\/catalogo\/finn-y-sep\/"},"modified":"2024-03-01T09:18:33","modified_gmt":"2024-03-01T08:18:33","slug":"finn-y-sep","status":"publish","type":"product","link":"https:\/\/librosdelzorrorojo.com\/ca\/cataleg\/finn-y-sep\/","title":{"rendered":"Finn y Sep"},"content":{"rendered":"<p>Un estruendo en mitad de la noche despierta a Finn, que guiado por los ladridos de su perro Sep ve con asombro c\u00f3mo unas extra\u00f1as e inquietas criaturas se han apoderado de su casa. \u00a1Hay gnomos por todas partes! Estos no tardan en percatarse de la presencia de Finn y Sep, y de manera precipitada emprenden su huida. \u00a1Es hora de echar a correr!<\/p>\n<p>As\u00ed comienza una interminable persecuci\u00f3n en la que los dos protagonistas cruzar\u00e1n puentes, atravesar\u00e1n pasadizos, explorar\u00e1n grutas y subir\u00e1n a bordo de un barco fantasma para encontrar a los peque\u00f1os seres. \u00bfEncontrar\u00e1n las llaves escondidas en el castillo? \u00bfConseguir\u00e1n salir de estos paisajes laber\u00ednticos? El lector tendr\u00e1 que agudizar el sentido de la vista para hallar las pistas que ayudar\u00e1n a Finn y Sep a alcanzar su objetivo.<\/p>\n<p><i>Finn y Sep. El laberinto de los gnomos<\/i> es un libro para buscar pistas, una aventura cuyas lecturas son m\u00faltiples e infinitas. La complejidad y la riqueza de las ilustraciones de Peter Goes dan prioridad a la narraci\u00f3n visual, aportan informaci\u00f3n desde una perspectiva l\u00fadica y fomentan la capacidad de concentraci\u00f3n del lector.<\/p>\n<p><span>Mira el\u00a0<\/span><span style=\"color: #ff0000;\"><a href=\"https:\/\/www.youtube.com\/watch?v=V1VsfkcKuKY\" target=\"_blank\" data-saferedirecturl=\"https:\/\/www.google.com\/url?hl=es&amp;q=https:\/\/www.youtube.com\/watch?v%3DhTa8PjxIg5Y&amp;source=gmail&amp;ust=1529402983803000&amp;usg=AFQjCNFdOJZBXHabMEK0kyAZMou1cZ5wUA\" rel=\"noopener noreferrer\" style=\"color: #ff0000;\">booktrailer<\/a><\/span><\/p>\n<p>&nbsp;<\/p>\n","protected":false},"excerpt":{"rendered":"Un estruendo en mitad de la noche despierta a Finn, que guiado por los ladridos de su perro Sep ve con asombro c\u00f3mo unas extra\u00f1as e inquietas criaturas se han apoderado de su casa. \u00a1Hay gnomos por todas partes! Estos no tardan en percatarse de la presencia de Finn y Sep, y de manera precipitada emprenden su huida. \u00a1Es hora de echar a correr!\r\n\r\n&nbsp;","protected":false},"featured_media":12519,"template":"","meta":{"_acf_changed":false},"product_brand":[],"product_cat":[844,843,839],"product_tag":[],"class_list":{"0":"post-12520","1":"product","2":"type-product","3":"status-publish","4":"has-post-thumbnail","6":"product_cat-castella","7":"product_cat-infantiles-ca","8":"product_cat-zona-kids-ca","9":"product_shipping_class-gratuito-ca","10":"vinculo-finn-y-sep","12":"first","13":"instock","14":"taxable","15":"shipping-taxable","16":"purchasable","17":"product-type-simple"},"acf":[],"yoast_head":"<!-- This site is optimized with the Yoast SEO plugin v25.1 - https:\/\/yoast.com\/wordpress\/plugins\/seo\/ -->\n<title>Finn y Sep<\/title>\n<meta name=\"description\" content=\"Un estruendo en mitad de la noche despierta a Finn, que guiado por los ladridos de su perro Sep ve con asombro c\u00f3mo unas extra\u00f1as e inquietas criaturas se\" \/>\n<meta name=\"robots\" content=\"index, follow, max-snippet:-1, max-image-preview:large, max-video-preview:-1\" \/>\n<link rel=\"canonical\" href=\"https:\/\/librosdelzorrorojo.com\/ca\/cataleg\/finn-y-sep\/\" \/>\n<meta property=\"og:locale\" content=\"ca_ES\" \/>\n<meta property=\"og:type\" content=\"article\" \/>\n<meta property=\"og:title\" content=\"Finn y Sep\" \/>\n<meta property=\"og:description\" content=\"Un estruendo en mitad de la noche despierta a Finn, que guiado por los ladridos de su perro Sep ve con asombro c\u00f3mo unas extra\u00f1as e inquietas criaturas se\" \/>\n<meta property=\"og:url\" content=\"https:\/\/librosdelzorrorojo.com\/ca\/cataleg\/finn-y-sep\/\" \/>\n<meta property=\"og:site_name\" content=\"Libros del Zorro Rojo\" \/>\n<meta property=\"article:modified_time\" content=\"2024-03-01T08:18:33+00:00\" \/>\n<meta property=\"og:image\" content=\"https:\/\/librosdelzorrorojo.com\/wp-content\/uploads\/2017\/11\/libros-del-zorro-rojo-finn-y-sep-peter-goes-9788494674327-1-1-e1525358362942.jpg\" \/>\n\t<meta property=\"og:image:width\" content=\"850\" \/>\n\t<meta property=\"og:image:height\" content=\"1155\" \/>\n\t<meta property=\"og:image:type\" content=\"image\/jpeg\" \/>\n<meta name=\"twitter:card\" content=\"summary_large_image\" \/>\n<meta name=\"twitter:label1\" content=\"Temps estimat de lectura\" \/>\n\t<meta name=\"twitter:data1\" content=\"1 minut\" \/>\n<script type=\"application\/ld+json\" class=\"yoast-schema-graph\">{\"@context\":\"https:\/\/schema.org\",\"@graph\":[{\"@type\":\"WebPage\",\"@id\":\"https:\/\/librosdelzorrorojo.com\/ca\/cataleg\/finn-y-sep\/\",\"url\":\"https:\/\/librosdelzorrorojo.com\/ca\/cataleg\/finn-y-sep\/\",\"name\":\"Finn y Sep\",\"isPartOf\":{\"@id\":\"https:\/\/librosdelzorrorojo.com\/#website\"},\"primaryImageOfPage\":{\"@id\":\"https:\/\/librosdelzorrorojo.com\/ca\/cataleg\/finn-y-sep\/#primaryimage\"},\"image\":{\"@id\":\"https:\/\/librosdelzorrorojo.com\/ca\/cataleg\/finn-y-sep\/#primaryimage\"},\"thumbnailUrl\":\"https:\/\/librosdelzorrorojo.com\/wp-content\/uploads\/2017\/11\/libros-del-zorro-rojo-finn-y-sep-peter-goes-9788494674327-1-1-e1525358362942.jpg\",\"datePublished\":\"2000-11-02T11:00:32+00:00\",\"dateModified\":\"2024-03-01T08:18:33+00:00\",\"description\":\"Un estruendo en mitad de la noche despierta a Finn, que guiado por los ladridos de su perro Sep ve con asombro c\u00f3mo unas extra\u00f1as e inquietas criaturas se\",\"breadcrumb\":{\"@id\":\"https:\/\/librosdelzorrorojo.com\/ca\/cataleg\/finn-y-sep\/#breadcrumb\"},\"inLanguage\":\"ca\",\"potentialAction\":[{\"@type\":\"ReadAction\",\"target\":[\"https:\/\/librosdelzorrorojo.com\/ca\/cataleg\/finn-y-sep\/\"]}]},{\"@type\":\"ImageObject\",\"inLanguage\":\"ca\",\"@id\":\"https:\/\/librosdelzorrorojo.com\/ca\/cataleg\/finn-y-sep\/#primaryimage\",\"url\":\"https:\/\/librosdelzorrorojo.com\/wp-content\/uploads\/2017\/11\/libros-del-zorro-rojo-finn-y-sep-peter-goes-9788494674327-1-1-e1525358362942.jpg\",\"contentUrl\":\"https:\/\/librosdelzorrorojo.com\/wp-content\/uploads\/2017\/11\/libros-del-zorro-rojo-finn-y-sep-peter-goes-9788494674327-1-1-e1525358362942.jpg\",\"width\":850,\"height\":1155,\"caption\":\"libros del zorro rojo finn y sep peter goes 9788494674327 1 1 e1525358362942\"},{\"@type\":\"BreadcrumbList\",\"@id\":\"https:\/\/librosdelzorrorojo.com\/ca\/cataleg\/finn-y-sep\/#breadcrumb\",\"itemListElement\":[{\"@type\":\"ListItem\",\"position\":1,\"name\":\"Portada\",\"item\":\"https:\/\/librosdelzorrorojo.com\/ca\/\"},{\"@type\":\"ListItem\",\"position\":2,\"name\":\"Cat\u00e0leg\",\"item\":\"https:\/\/librosdelzorrorojo.com\/ca\/cataleg\/\"},{\"@type\":\"ListItem\",\"position\":3,\"name\":\"Finn y Sep\"}]},{\"@type\":\"WebSite\",\"@id\":\"https:\/\/librosdelzorrorojo.com\/#website\",\"url\":\"https:\/\/librosdelzorrorojo.com\/\",\"name\":\"Libros del Zorro Rojo\",\"description\":\"Libros ilustrados\",\"potentialAction\":[{\"@type\":\"SearchAction\",\"target\":{\"@type\":\"EntryPoint\",\"urlTemplate\":\"https:\/\/librosdelzorrorojo.com\/?s={search_term_string}\"},\"query-input\":{\"@type\":\"PropertyValueSpecification\",\"valueRequired\":true,\"valueName\":\"search_term_string\"}}],\"inLanguage\":\"ca\"}]}<\/script>\n<!-- \/ Yoast SEO plugin. -->","yoast_head_json":{"title":"Finn y Sep","description":"Un estruendo en mitad de la noche despierta a Finn, que guiado por los ladridos de su perro Sep ve con asombro c\u00f3mo unas extra\u00f1as e inquietas criaturas se","robots":{"index":"index","follow":"follow","max-snippet":"max-snippet:-1","max-image-preview":"max-image-preview:large","max-video-preview":"max-video-preview:-1"},"canonical":"https:\/\/librosdelzorrorojo.com\/ca\/cataleg\/finn-y-sep\/","og_locale":"ca_ES","og_type":"article","og_title":"Finn y Sep","og_description":"Un estruendo en mitad de la noche despierta a Finn, que guiado por los ladridos de su perro Sep ve con asombro c\u00f3mo unas extra\u00f1as e inquietas criaturas se","og_url":"https:\/\/librosdelzorrorojo.com\/ca\/cataleg\/finn-y-sep\/","og_site_name":"Libros del Zorro Rojo","article_modified_time":"2024-03-01T08:18:33+00:00","og_image":[{"width":850,"height":1155,"url":"https:\/\/librosdelzorrorojo.com\/wp-content\/uploads\/2017\/11\/libros-del-zorro-rojo-finn-y-sep-peter-goes-9788494674327-1-1-e1525358362942.jpg","type":"image\/jpeg"}],"twitter_card":"summary_large_image","twitter_misc":{"Temps estimat de lectura":"1 minut"},"schema":{"@context":"https:\/\/schema.org","@graph":[{"@type":"WebPage","@id":"https:\/\/librosdelzorrorojo.com\/ca\/cataleg\/finn-y-sep\/","url":"https:\/\/librosdelzorrorojo.com\/ca\/cataleg\/finn-y-sep\/","name":"Finn y Sep","isPartOf":{"@id":"https:\/\/librosdelzorrorojo.com\/#website"},"primaryImageOfPage":{"@id":"https:\/\/librosdelzorrorojo.com\/ca\/cataleg\/finn-y-sep\/#primaryimage"},"image":{"@id":"https:\/\/librosdelzorrorojo.com\/ca\/cataleg\/finn-y-sep\/#primaryimage"},"thumbnailUrl":"https:\/\/librosdelzorrorojo.com\/wp-content\/uploads\/2017\/11\/libros-del-zorro-rojo-finn-y-sep-peter-goes-9788494674327-1-1-e1525358362942.jpg","datePublished":"2000-11-02T11:00:32+00:00","dateModified":"2024-03-01T08:18:33+00:00","description":"Un estruendo en mitad de la noche despierta a Finn, que guiado por los ladridos de su perro Sep ve con asombro c\u00f3mo unas extra\u00f1as e inquietas criaturas se","breadcrumb":{"@id":"https:\/\/librosdelzorrorojo.com\/ca\/cataleg\/finn-y-sep\/#breadcrumb"},"inLanguage":"ca","potentialAction":[{"@type":"ReadAction","target":["https:\/\/librosdelzorrorojo.com\/ca\/cataleg\/finn-y-sep\/"]}]},{"@type":"ImageObject","inLanguage":"ca","@id":"https:\/\/librosdelzorrorojo.com\/ca\/cataleg\/finn-y-sep\/#primaryimage","url":"https:\/\/librosdelzorrorojo.com\/wp-content\/uploads\/2017\/11\/libros-del-zorro-rojo-finn-y-sep-peter-goes-9788494674327-1-1-e1525358362942.jpg","contentUrl":"https:\/\/librosdelzorrorojo.com\/wp-content\/uploads\/2017\/11\/libros-del-zorro-rojo-finn-y-sep-peter-goes-9788494674327-1-1-e1525358362942.jpg","width":850,"height":1155,"caption":"libros del zorro rojo finn y sep peter goes 9788494674327 1 1 e1525358362942"},{"@type":"BreadcrumbList","@id":"https:\/\/librosdelzorrorojo.com\/ca\/cataleg\/finn-y-sep\/#breadcrumb","itemListElement":[{"@type":"ListItem","position":1,"name":"Portada","item":"https:\/\/librosdelzorrorojo.com\/ca\/"},{"@type":"ListItem","position":2,"name":"Cat\u00e0leg","item":"https:\/\/librosdelzorrorojo.com\/ca\/cataleg\/"},{"@type":"ListItem","position":3,"name":"Finn y Sep"}]},{"@type":"WebSite","@id":"https:\/\/librosdelzorrorojo.com\/#website","url":"https:\/\/librosdelzorrorojo.com\/","name":"Libros del Zorro Rojo","description":"Libros ilustrados","potentialAction":[{"@type":"SearchAction","target":{"@type":"EntryPoint","urlTemplate":"https:\/\/librosdelzorrorojo.com\/?s={search_term_string}"},"query-input":{"@type":"PropertyValueSpecification","valueRequired":true,"valueName":"search_term_string"}}],"inLanguage":"ca"}]}},"_links":{"self":[{"href":"https:\/\/librosdelzorrorojo.com\/ca\/wp-json\/wp\/v2\/product\/12520","targetHints":{"allow":["GET"]}}],"collection":[{"href":"https:\/\/librosdelzorrorojo.com\/ca\/wp-json\/wp\/v2\/product"}],"about":[{"href":"https:\/\/librosdelzorrorojo.com\/ca\/wp-json\/wp\/v2\/types\/product"}],"wp:featuredmedia":[{"embeddable":true,"href":"https:\/\/librosdelzorrorojo.com\/ca\/wp-json\/wp\/v2\/media\/12519"}],"wp:attachment":[{"href":"https:\/\/librosdelzorrorojo.com\/ca\/wp-json\/wp\/v2\/media?parent=12520"}],"wp:term":[{"taxonomy":"product_brand","embeddable":true,"href":"https:\/\/librosdelzorrorojo.com\/ca\/wp-json\/wp\/v2\/product_brand?post=12520"},{"taxonomy":"product_cat","embeddable":true,"href":"https:\/\/librosdelzorrorojo.com\/ca\/wp-json\/wp\/v2\/product_cat?post=12520"},{"taxonomy":"product_tag","embeddable":true,"href":"https:\/\/librosdelzorrorojo.com\/ca\/wp-json\/wp\/v2\/product_tag?post=12520"}],"curies":[{"name":"wp","href":"https:\/\/api.w.org\/{rel}","templated":true}]}}