{"id":12468,"date":"2020-02-21T12:00:20","date_gmt":"2020-02-21T11:00:20","guid":{"rendered":"https:\/\/librosdelzorrorojo.com\/catalogo\/herbario\/"},"modified":"2026-04-14T13:01:50","modified_gmt":"2026-04-14T11:01:50","slug":"herbario","status":"publish","type":"product","link":"https:\/\/librosdelzorrorojo.com\/ca\/cataleg\/herbario\/","title":{"rendered":"Herbario"},"content":{"rendered":"<p class=\"p2\">Tras el exitoso<span>\u00a0<\/span><em>Bestiario<\/em>, llega<span>\u00a0<\/span><em>Herbario<\/em>, la nueva enciclopedia visual de Adrienne Barman, esta vez dedicada a una gran variedad de plantas y flores. Un libro que mantiene la viveza y el humor que caracterizan su estilo, acrecentado por la original composici\u00f3n de m\u00faltiples escenarios naturales, en los que la ilustradora belga ha tenido el acierto de incluir algunos de los personajes de su simp\u00e1tica fauna.<\/p>\n<p class=\"p2\">Un libro que desde la primera p\u00e1gina nos invita a explorar el mundo de la bot\u00e1nica con otros ojos, gracias a una clasificaci\u00f3n de contenidos tan sencilla e intuitiva, adem\u00e1s de disparatada, que se nos olvida su car\u00e1cter \u00abcient\u00edfico\u00bb. En \u00e9l tienen cabida plantas sorprendentes como \u00ablas acorazadas\u00bb (con la pi\u00f1a o la pitaya), \u00ablas indecisas\u00bb (hortalizas casi frutas) o los temidos \u00abfalsos gemelos\u00bb (\u00a1cuidado!, no confundas el perifollo con la cicuta); las purificadoras, las ancianas, las aut\u00f3ctonas, las m\u00e1gicas, las malolientes\u2026 \u00bfHab\u00e9is o\u00eddo hablar de las \u00abenamoradas del agua\u00bb?<\/p>\n<p class=\"p2\">Un viaje cargado de sorpresas a trav\u00e9s de doscientas p\u00e1ginas de atractivas ilustraciones, l\u00fadicas y, al mismo tiempo, informativas, con paradas en diferentes rincones del jard\u00edn, del parque, del bosque\u2026, que atraviesa todos los continentes, consigue dar un salto en el tiempo (\u00bfsab\u00edais que la cebolla era moneda de cambio en el Antiguo Egipto?); y que cuenta incluso con una merienda campestre en un frondoso huerto de verduras y hortalizas.<\/p>\n<p class=\"p2\">Una publicaci\u00f3n que podr\u00e1 disfrutar toda la familia, indispensable en el aula y la biblioteca escolar, que re\u00fane en un solo volumen una gu\u00eda de campo, una enciclopedia de consulta, un diccionario visual y, sobre todo, un libro divertido que estimula la curiosidad, la observaci\u00f3n de nuestro entorno y sirve para tomar conciencia de la riqueza natural de nuestro planeta.<\/p>\n<p><img decoding=\"async\" src=\"https:\/\/librosdelzorrorojo.com\/wp-content\/uploads\/2021\/09\/DC-ICEC-horitzontal-cos12-bn-1-600x80.png\" alt=\"\" width=\"495\" height=\"66\" class=\"alignnone wp-image-23703\" srcset=\"https:\/\/librosdelzorrorojo.com\/wp-content\/uploads\/2021\/09\/DC-ICEC-horitzontal-cos12-bn-1-600x80.png 600w, https:\/\/librosdelzorrorojo.com\/wp-content\/uploads\/2021\/09\/DC-ICEC-horitzontal-cos12-bn-1-1024x137.png 1024w, https:\/\/librosdelzorrorojo.com\/wp-content\/uploads\/2021\/09\/DC-ICEC-horitzontal-cos12-bn-1-768x103.png 768w, https:\/\/librosdelzorrorojo.com\/wp-content\/uploads\/2021\/09\/DC-ICEC-horitzontal-cos12-bn-1-800x107.png 800w, https:\/\/librosdelzorrorojo.com\/wp-content\/uploads\/2021\/09\/DC-ICEC-horitzontal-cos12-bn-1.png 1482w\" sizes=\"(max-width: 495px) 100vw, 495px\" \/><\/p>\n","protected":false},"excerpt":{"rendered":"Tras el exitoso<span>\u00a0<\/span><em>Bestiario<\/em>, llega<span>\u00a0<\/span><em>Herbario<\/em>, la nueva enciclopedia visual de Adrienne Barman, esta vez dedicada a una gran variedad de plantas y flores. Un libro que mantiene la viveza y el humor que caracterizan su estilo, acrecentado por la original composici\u00f3n de m\u00faltiples escenarios naturales, en los que la ilustradora belga ha tenido el acierto de incluir algunos de los personajes de su simp\u00e1tica fauna.","protected":false},"featured_media":12466,"template":"","meta":{"_acf_changed":false},"product_brand":[],"product_cat":[844,843],"product_tag":[],"class_list":{"0":"post-12468","1":"product","2":"type-product","3":"status-publish","4":"has-post-thumbnail","6":"product_cat-castella","7":"product_cat-infantiles-ca","8":"vinculo-herbario-ca-2","10":"first","11":"outofstock","12":"taxable","13":"shipping-taxable","14":"purchasable","15":"product-type-simple"},"acf":[],"yoast_head":"<!-- This site is optimized with the Yoast SEO plugin v25.1 - https:\/\/yoast.com\/wordpress\/plugins\/seo\/ -->\n<title>Herbario - Libros del Zorro Rojo<\/title>\n<meta name=\"description\" content=\"Tras el exitoso\u00a0Bestiario, llega\u00a0Herbario, la nueva enciclopedia visual de Adrienne Barman, esta vez dedicada a una gran variedad de plantas y flores.\" \/>\n<meta name=\"robots\" content=\"index, follow, max-snippet:-1, max-image-preview:large, max-video-preview:-1\" \/>\n<link rel=\"canonical\" href=\"https:\/\/librosdelzorrorojo.com\/ca\/cataleg\/herbario\/\" \/>\n<meta property=\"og:locale\" content=\"ca_ES\" \/>\n<meta property=\"og:type\" content=\"article\" \/>\n<meta property=\"og:title\" content=\"Herbario - Libros del Zorro Rojo\" \/>\n<meta property=\"og:description\" content=\"Tras el exitoso\u00a0Bestiario, llega\u00a0Herbario, la nueva enciclopedia visual de Adrienne Barman, esta vez dedicada a una gran variedad de plantas y flores.\" \/>\n<meta property=\"og:url\" content=\"https:\/\/librosdelzorrorojo.com\/ca\/cataleg\/herbario\/\" \/>\n<meta property=\"og:site_name\" content=\"Libros del Zorro Rojo\" \/>\n<meta property=\"article:modified_time\" content=\"2026-04-14T11:01:50+00:00\" \/>\n<meta property=\"og:image\" content=\"https:\/\/librosdelzorrorojo.com\/wp-content\/uploads\/2020\/02\/Herbario.jpg\" \/>\n\t<meta property=\"og:image:width\" content=\"1115\" \/>\n\t<meta property=\"og:image:height\" content=\"1541\" \/>\n\t<meta property=\"og:image:type\" content=\"image\/jpeg\" \/>\n<meta name=\"twitter:card\" content=\"summary_large_image\" \/>\n<meta name=\"twitter:label1\" content=\"Temps estimat de lectura\" \/>\n\t<meta name=\"twitter:data1\" content=\"2 minuts\" \/>\n<script type=\"application\/ld+json\" class=\"yoast-schema-graph\">{\"@context\":\"https:\/\/schema.org\",\"@graph\":[{\"@type\":\"WebPage\",\"@id\":\"https:\/\/librosdelzorrorojo.com\/ca\/cataleg\/herbario\/\",\"url\":\"https:\/\/librosdelzorrorojo.com\/ca\/cataleg\/herbario\/\",\"name\":\"Herbario - Libros del Zorro Rojo\",\"isPartOf\":{\"@id\":\"https:\/\/librosdelzorrorojo.com\/#website\"},\"primaryImageOfPage\":{\"@id\":\"https:\/\/librosdelzorrorojo.com\/ca\/cataleg\/herbario\/#primaryimage\"},\"image\":{\"@id\":\"https:\/\/librosdelzorrorojo.com\/ca\/cataleg\/herbario\/#primaryimage\"},\"thumbnailUrl\":\"https:\/\/librosdelzorrorojo.com\/wp-content\/uploads\/2018\/02\/Herbario-e1525360526602.jpg\",\"datePublished\":\"2020-02-21T11:00:20+00:00\",\"dateModified\":\"2026-04-14T11:01:50+00:00\",\"description\":\"Tras el exitoso\u00a0Bestiario, llega\u00a0Herbario, la nueva enciclopedia visual de Adrienne Barman, esta vez dedicada a una gran variedad de plantas y flores.\",\"breadcrumb\":{\"@id\":\"https:\/\/librosdelzorrorojo.com\/ca\/cataleg\/herbario\/#breadcrumb\"},\"inLanguage\":\"ca\",\"potentialAction\":[{\"@type\":\"ReadAction\",\"target\":[\"https:\/\/librosdelzorrorojo.com\/ca\/cataleg\/herbario\/\"]}]},{\"@type\":\"ImageObject\",\"inLanguage\":\"ca\",\"@id\":\"https:\/\/librosdelzorrorojo.com\/ca\/cataleg\/herbario\/#primaryimage\",\"url\":\"https:\/\/librosdelzorrorojo.com\/wp-content\/uploads\/2018\/02\/Herbario-e1525360526602.jpg\",\"contentUrl\":\"https:\/\/librosdelzorrorojo.com\/wp-content\/uploads\/2018\/02\/Herbario-e1525360526602.jpg\",\"width\":850,\"height\":1175,\"caption\":\"Herbario e1525360526602\"},{\"@type\":\"BreadcrumbList\",\"@id\":\"https:\/\/librosdelzorrorojo.com\/ca\/cataleg\/herbario\/#breadcrumb\",\"itemListElement\":[{\"@type\":\"ListItem\",\"position\":1,\"name\":\"Portada\",\"item\":\"https:\/\/librosdelzorrorojo.com\/ca\/\"},{\"@type\":\"ListItem\",\"position\":2,\"name\":\"Cat\u00e0leg\",\"item\":\"https:\/\/librosdelzorrorojo.com\/ca\/cataleg\/\"},{\"@type\":\"ListItem\",\"position\":3,\"name\":\"Herbario\"}]},{\"@type\":\"WebSite\",\"@id\":\"https:\/\/librosdelzorrorojo.com\/#website\",\"url\":\"https:\/\/librosdelzorrorojo.com\/\",\"name\":\"Libros del Zorro Rojo\",\"description\":\"Libros ilustrados\",\"potentialAction\":[{\"@type\":\"SearchAction\",\"target\":{\"@type\":\"EntryPoint\",\"urlTemplate\":\"https:\/\/librosdelzorrorojo.com\/?s={search_term_string}\"},\"query-input\":{\"@type\":\"PropertyValueSpecification\",\"valueRequired\":true,\"valueName\":\"search_term_string\"}}],\"inLanguage\":\"ca\"}]}<\/script>\n<!-- \/ Yoast SEO plugin. -->","yoast_head_json":{"title":"Herbario - Libros del Zorro Rojo","description":"Tras el exitoso\u00a0Bestiario, llega\u00a0Herbario, la nueva enciclopedia visual de Adrienne Barman, esta vez dedicada a una gran variedad de plantas y flores.","robots":{"index":"index","follow":"follow","max-snippet":"max-snippet:-1","max-image-preview":"max-image-preview:large","max-video-preview":"max-video-preview:-1"},"canonical":"https:\/\/librosdelzorrorojo.com\/ca\/cataleg\/herbario\/","og_locale":"ca_ES","og_type":"article","og_title":"Herbario - Libros del Zorro Rojo","og_description":"Tras el exitoso\u00a0Bestiario, llega\u00a0Herbario, la nueva enciclopedia visual de Adrienne Barman, esta vez dedicada a una gran variedad de plantas y flores.","og_url":"https:\/\/librosdelzorrorojo.com\/ca\/cataleg\/herbario\/","og_site_name":"Libros del Zorro Rojo","article_modified_time":"2026-04-14T11:01:50+00:00","og_image":[{"width":1115,"height":1541,"url":"https:\/\/librosdelzorrorojo.com\/wp-content\/uploads\/2020\/02\/Herbario.jpg","type":"image\/jpeg"}],"twitter_card":"summary_large_image","twitter_misc":{"Temps estimat de lectura":"2 minuts"},"schema":{"@context":"https:\/\/schema.org","@graph":[{"@type":"WebPage","@id":"https:\/\/librosdelzorrorojo.com\/ca\/cataleg\/herbario\/","url":"https:\/\/librosdelzorrorojo.com\/ca\/cataleg\/herbario\/","name":"Herbario - Libros del Zorro Rojo","isPartOf":{"@id":"https:\/\/librosdelzorrorojo.com\/#website"},"primaryImageOfPage":{"@id":"https:\/\/librosdelzorrorojo.com\/ca\/cataleg\/herbario\/#primaryimage"},"image":{"@id":"https:\/\/librosdelzorrorojo.com\/ca\/cataleg\/herbario\/#primaryimage"},"thumbnailUrl":"https:\/\/librosdelzorrorojo.com\/wp-content\/uploads\/2018\/02\/Herbario-e1525360526602.jpg","datePublished":"2020-02-21T11:00:20+00:00","dateModified":"2026-04-14T11:01:50+00:00","description":"Tras el exitoso\u00a0Bestiario, llega\u00a0Herbario, la nueva enciclopedia visual de Adrienne Barman, esta vez dedicada a una gran variedad de plantas y flores.","breadcrumb":{"@id":"https:\/\/librosdelzorrorojo.com\/ca\/cataleg\/herbario\/#breadcrumb"},"inLanguage":"ca","potentialAction":[{"@type":"ReadAction","target":["https:\/\/librosdelzorrorojo.com\/ca\/cataleg\/herbario\/"]}]},{"@type":"ImageObject","inLanguage":"ca","@id":"https:\/\/librosdelzorrorojo.com\/ca\/cataleg\/herbario\/#primaryimage","url":"https:\/\/librosdelzorrorojo.com\/wp-content\/uploads\/2018\/02\/Herbario-e1525360526602.jpg","contentUrl":"https:\/\/librosdelzorrorojo.com\/wp-content\/uploads\/2018\/02\/Herbario-e1525360526602.jpg","width":850,"height":1175,"caption":"Herbario e1525360526602"},{"@type":"BreadcrumbList","@id":"https:\/\/librosdelzorrorojo.com\/ca\/cataleg\/herbario\/#breadcrumb","itemListElement":[{"@type":"ListItem","position":1,"name":"Portada","item":"https:\/\/librosdelzorrorojo.com\/ca\/"},{"@type":"ListItem","position":2,"name":"Cat\u00e0leg","item":"https:\/\/librosdelzorrorojo.com\/ca\/cataleg\/"},{"@type":"ListItem","position":3,"name":"Herbario"}]},{"@type":"WebSite","@id":"https:\/\/librosdelzorrorojo.com\/#website","url":"https:\/\/librosdelzorrorojo.com\/","name":"Libros del Zorro Rojo","description":"Libros ilustrados","potentialAction":[{"@type":"SearchAction","target":{"@type":"EntryPoint","urlTemplate":"https:\/\/librosdelzorrorojo.com\/?s={search_term_string}"},"query-input":{"@type":"PropertyValueSpecification","valueRequired":true,"valueName":"search_term_string"}}],"inLanguage":"ca"}]}},"_links":{"self":[{"href":"https:\/\/librosdelzorrorojo.com\/ca\/wp-json\/wp\/v2\/product\/12468","targetHints":{"allow":["GET"]}}],"collection":[{"href":"https:\/\/librosdelzorrorojo.com\/ca\/wp-json\/wp\/v2\/product"}],"about":[{"href":"https:\/\/librosdelzorrorojo.com\/ca\/wp-json\/wp\/v2\/types\/product"}],"wp:featuredmedia":[{"embeddable":true,"href":"https:\/\/librosdelzorrorojo.com\/ca\/wp-json\/wp\/v2\/media\/12466"}],"wp:attachment":[{"href":"https:\/\/librosdelzorrorojo.com\/ca\/wp-json\/wp\/v2\/media?parent=12468"}],"wp:term":[{"taxonomy":"product_brand","embeddable":true,"href":"https:\/\/librosdelzorrorojo.com\/ca\/wp-json\/wp\/v2\/product_brand?post=12468"},{"taxonomy":"product_cat","embeddable":true,"href":"https:\/\/librosdelzorrorojo.com\/ca\/wp-json\/wp\/v2\/product_cat?post=12468"},{"taxonomy":"product_tag","embeddable":true,"href":"https:\/\/librosdelzorrorojo.com\/ca\/wp-json\/wp\/v2\/product_tag?post=12468"}],"curies":[{"name":"wp","href":"https:\/\/api.w.org\/{rel}","templated":true}]}}