{"id":12463,"date":"2018-01-14T12:00:21","date_gmt":"2018-01-14T11:00:21","guid":{"rendered":"https:\/\/librosdelzorrorojo.com\/catalogo\/soy-un-animal\/"},"modified":"2024-02-29T11:39:02","modified_gmt":"2024-02-29T10:39:02","slug":"soy-un-animal","status":"publish","type":"product","link":"https:\/\/librosdelzorrorojo.com\/ca\/cataleg\/soy-un-animal\/","title":{"rendered":"Soy un animal"},"content":{"rendered":"<p>En este libro infantil, los animales no son protagonistas. Sin \u00e1nimo de estropear la sorpresa final, podemos avanzar que, efectivamente, en sus p\u00e1ginas aparecen animales: una lechuza que atisba en la oscuridad, un oso aletargado en su madriguera, un papagayo que parlotea sin principio ni fin, un mono que r\u00ede salvajemente o un pez distra\u00eddo con sus burbujas\u2026<\/p>\n<p>Esta serie de diecis\u00e9is ilustraciones de animales realza con humor y expresividad ciertas acciones y actitudes rutinarias (comer, re\u00edr, jugar, cantar, e incluso so\u00f1ar y olvidar), que se enumeran en una divertida letan\u00eda a modo de canci\u00f3n y nos conecta con lo m\u00e1s profundo de nuestra naturaleza \u00absalvaje\u00bb.<\/p>\n<p>Un libro original y sorprendente, que recoge la mejor tradici\u00f3n del \u00e1lbum ilustrado, en el que texto e imagen son inseparables en la creaci\u00f3n de significado, pero que rompe con casi todos los t\u00f3picos de los libros de animales para ni\u00f1os y permite al lector descubrir una faceta imprevista y sorprendente de s\u00ed mismo.<\/p>\n<p><span>Hojea el libro\u00a0<span style=\"color: #ff0000\"><a href=\"https:\/\/issuu.com\/librosdelzorrorojo\/docs\/issuu_esp\" style=\"color: #ff0000\">aqu\u00ed<\/a>\u00a0<\/span><\/span><span>|<\/span><span>\u00a0<\/span><span>Mira el\u00a0<\/span><a href=\"https:\/\/www.youtube.com\/watch?v=0XKdojlCrDE\"><span style=\"color: #ff0000\">booktrailer<\/span><\/a><\/p>\n<p>&nbsp;<\/p>\n","protected":false},"excerpt":{"rendered":"Los animales forman parte del imaginario de la infancia. No es ninguna novedad publicar un libro infantil en el que los animales son protagonistas; sin embargo, no es este el caso de SOY UN ANIMAL. Sin \u00e1nimo de estropear la sorpresa final, podemos avanzar que, efectivamente, en sus p\u00e1ginas no aparece otra cosa m\u00e1s que animales. Pero que a pesar de lo que pudiera parecer (el t\u00edtulo nos desmiente) no hay osos que hablan, ni ping\u00fcinos con pajarita, ni animales de f\u00e1bula dispuestos a aleccionarnos con alguna moraleja.","protected":false},"featured_media":12464,"template":"","meta":{"_acf_changed":false},"product_brand":[],"product_cat":[844,843,839,845],"product_tag":[],"class_list":{"0":"post-12463","1":"product","2":"type-product","3":"status-publish","4":"has-post-thumbnail","6":"product_cat-castella","7":"product_cat-infantiles-ca","8":"product_cat-zona-kids-ca","9":"product_cat-imperdible-ca","10":"vinculo-soy-un-animal","12":"first","13":"instock","14":"taxable","15":"shipping-taxable","16":"purchasable","17":"product-type-simple"},"acf":[],"yoast_head":"<!-- This site is optimized with the Yoast SEO plugin v25.1 - https:\/\/yoast.com\/wordpress\/plugins\/seo\/ -->\n<title>Soy un animal - Libros del Zorro Rojo<\/title>\n<meta name=\"description\" content=\"imaginaci\u00f3n, ilustraci\u00f3n, \u00e1lbum ilustrado, animales, naturaleza, acciones, vida, dormir, comer, jugar, diversi\u00f3n, canciones\" \/>\n<meta name=\"robots\" content=\"index, follow, max-snippet:-1, max-image-preview:large, max-video-preview:-1\" \/>\n<link rel=\"canonical\" href=\"https:\/\/librosdelzorrorojo.com\/ca\/cataleg\/soy-un-animal\/\" \/>\n<meta property=\"og:locale\" content=\"ca_ES\" \/>\n<meta property=\"og:type\" content=\"article\" \/>\n<meta property=\"og:title\" content=\"Soy un animal - Libros del Zorro Rojo\" \/>\n<meta property=\"og:description\" content=\"imaginaci\u00f3n, ilustraci\u00f3n, \u00e1lbum ilustrado, animales, naturaleza, acciones, vida, dormir, comer, jugar, diversi\u00f3n, canciones\" \/>\n<meta property=\"og:url\" content=\"https:\/\/librosdelzorrorojo.com\/ca\/cataleg\/soy-un-animal\/\" \/>\n<meta property=\"og:site_name\" content=\"Libros del Zorro Rojo\" \/>\n<meta property=\"article:modified_time\" content=\"2024-02-29T10:39:02+00:00\" \/>\n<meta property=\"og:image\" content=\"https:\/\/librosdelzorrorojo.com\/wp-content\/uploads\/2018\/01\/Soy-un-animal_cuando-rio.png\" \/>\n<meta name=\"twitter:card\" content=\"summary_large_image\" \/>\n<meta name=\"twitter:label1\" content=\"Temps estimat de lectura\" \/>\n\t<meta name=\"twitter:data1\" content=\"1 minut\" \/>\n<script type=\"application\/ld+json\" class=\"yoast-schema-graph\">{\"@context\":\"https:\/\/schema.org\",\"@graph\":[{\"@type\":\"WebPage\",\"@id\":\"https:\/\/librosdelzorrorojo.com\/ca\/cataleg\/soy-un-animal\/\",\"url\":\"https:\/\/librosdelzorrorojo.com\/ca\/cataleg\/soy-un-animal\/\",\"name\":\"Soy un animal - Libros del Zorro Rojo\",\"isPartOf\":{\"@id\":\"https:\/\/librosdelzorrorojo.com\/#website\"},\"primaryImageOfPage\":{\"@id\":\"https:\/\/librosdelzorrorojo.com\/ca\/cataleg\/soy-un-animal\/#primaryimage\"},\"image\":{\"@id\":\"https:\/\/librosdelzorrorojo.com\/ca\/cataleg\/soy-un-animal\/#primaryimage\"},\"thumbnailUrl\":\"https:\/\/librosdelzorrorojo.com\/wp-content\/uploads\/2018\/02\/Cover-Soy-un-animal-e1525275037590.jpg\",\"datePublished\":\"2018-01-14T11:00:21+00:00\",\"dateModified\":\"2024-02-29T10:39:02+00:00\",\"description\":\"imaginaci\u00f3n, ilustraci\u00f3n, \u00e1lbum ilustrado, animales, naturaleza, acciones, vida, dormir, comer, jugar, diversi\u00f3n, canciones\",\"breadcrumb\":{\"@id\":\"https:\/\/librosdelzorrorojo.com\/ca\/cataleg\/soy-un-animal\/#breadcrumb\"},\"inLanguage\":\"ca\",\"potentialAction\":[{\"@type\":\"ReadAction\",\"target\":[\"https:\/\/librosdelzorrorojo.com\/ca\/cataleg\/soy-un-animal\/\"]}]},{\"@type\":\"ImageObject\",\"inLanguage\":\"ca\",\"@id\":\"https:\/\/librosdelzorrorojo.com\/ca\/cataleg\/soy-un-animal\/#primaryimage\",\"url\":\"https:\/\/librosdelzorrorojo.com\/wp-content\/uploads\/2018\/02\/Cover-Soy-un-animal-e1525275037590.jpg\",\"contentUrl\":\"https:\/\/librosdelzorrorojo.com\/wp-content\/uploads\/2018\/02\/Cover-Soy-un-animal-e1525275037590.jpg\",\"width\":850,\"height\":850,\"caption\":\"Cover Soy un animal e1525275037590\"},{\"@type\":\"BreadcrumbList\",\"@id\":\"https:\/\/librosdelzorrorojo.com\/ca\/cataleg\/soy-un-animal\/#breadcrumb\",\"itemListElement\":[{\"@type\":\"ListItem\",\"position\":1,\"name\":\"Portada\",\"item\":\"https:\/\/librosdelzorrorojo.com\/ca\/\"},{\"@type\":\"ListItem\",\"position\":2,\"name\":\"Cat\u00e0leg\",\"item\":\"https:\/\/librosdelzorrorojo.com\/ca\/cataleg\/\"},{\"@type\":\"ListItem\",\"position\":3,\"name\":\"Soy un animal\"}]},{\"@type\":\"WebSite\",\"@id\":\"https:\/\/librosdelzorrorojo.com\/#website\",\"url\":\"https:\/\/librosdelzorrorojo.com\/\",\"name\":\"Libros del Zorro Rojo\",\"description\":\"Libros ilustrados\",\"potentialAction\":[{\"@type\":\"SearchAction\",\"target\":{\"@type\":\"EntryPoint\",\"urlTemplate\":\"https:\/\/librosdelzorrorojo.com\/?s={search_term_string}\"},\"query-input\":{\"@type\":\"PropertyValueSpecification\",\"valueRequired\":true,\"valueName\":\"search_term_string\"}}],\"inLanguage\":\"ca\"}]}<\/script>\n<!-- \/ Yoast SEO plugin. -->","yoast_head_json":{"title":"Soy un animal - Libros del Zorro Rojo","description":"imaginaci\u00f3n, ilustraci\u00f3n, \u00e1lbum ilustrado, animales, naturaleza, acciones, vida, dormir, comer, jugar, diversi\u00f3n, canciones","robots":{"index":"index","follow":"follow","max-snippet":"max-snippet:-1","max-image-preview":"max-image-preview:large","max-video-preview":"max-video-preview:-1"},"canonical":"https:\/\/librosdelzorrorojo.com\/ca\/cataleg\/soy-un-animal\/","og_locale":"ca_ES","og_type":"article","og_title":"Soy un animal - Libros del Zorro Rojo","og_description":"imaginaci\u00f3n, ilustraci\u00f3n, \u00e1lbum ilustrado, animales, naturaleza, acciones, vida, dormir, comer, jugar, diversi\u00f3n, canciones","og_url":"https:\/\/librosdelzorrorojo.com\/ca\/cataleg\/soy-un-animal\/","og_site_name":"Libros del Zorro Rojo","article_modified_time":"2024-02-29T10:39:02+00:00","og_image":[{"url":"https:\/\/librosdelzorrorojo.com\/wp-content\/uploads\/2018\/01\/Soy-un-animal_cuando-rio.png","type":"","width":"","height":""}],"twitter_card":"summary_large_image","twitter_misc":{"Temps estimat de lectura":"1 minut"},"schema":{"@context":"https:\/\/schema.org","@graph":[{"@type":"WebPage","@id":"https:\/\/librosdelzorrorojo.com\/ca\/cataleg\/soy-un-animal\/","url":"https:\/\/librosdelzorrorojo.com\/ca\/cataleg\/soy-un-animal\/","name":"Soy un animal - Libros del Zorro Rojo","isPartOf":{"@id":"https:\/\/librosdelzorrorojo.com\/#website"},"primaryImageOfPage":{"@id":"https:\/\/librosdelzorrorojo.com\/ca\/cataleg\/soy-un-animal\/#primaryimage"},"image":{"@id":"https:\/\/librosdelzorrorojo.com\/ca\/cataleg\/soy-un-animal\/#primaryimage"},"thumbnailUrl":"https:\/\/librosdelzorrorojo.com\/wp-content\/uploads\/2018\/02\/Cover-Soy-un-animal-e1525275037590.jpg","datePublished":"2018-01-14T11:00:21+00:00","dateModified":"2024-02-29T10:39:02+00:00","description":"imaginaci\u00f3n, ilustraci\u00f3n, \u00e1lbum ilustrado, animales, naturaleza, acciones, vida, dormir, comer, jugar, diversi\u00f3n, canciones","breadcrumb":{"@id":"https:\/\/librosdelzorrorojo.com\/ca\/cataleg\/soy-un-animal\/#breadcrumb"},"inLanguage":"ca","potentialAction":[{"@type":"ReadAction","target":["https:\/\/librosdelzorrorojo.com\/ca\/cataleg\/soy-un-animal\/"]}]},{"@type":"ImageObject","inLanguage":"ca","@id":"https:\/\/librosdelzorrorojo.com\/ca\/cataleg\/soy-un-animal\/#primaryimage","url":"https:\/\/librosdelzorrorojo.com\/wp-content\/uploads\/2018\/02\/Cover-Soy-un-animal-e1525275037590.jpg","contentUrl":"https:\/\/librosdelzorrorojo.com\/wp-content\/uploads\/2018\/02\/Cover-Soy-un-animal-e1525275037590.jpg","width":850,"height":850,"caption":"Cover Soy un animal e1525275037590"},{"@type":"BreadcrumbList","@id":"https:\/\/librosdelzorrorojo.com\/ca\/cataleg\/soy-un-animal\/#breadcrumb","itemListElement":[{"@type":"ListItem","position":1,"name":"Portada","item":"https:\/\/librosdelzorrorojo.com\/ca\/"},{"@type":"ListItem","position":2,"name":"Cat\u00e0leg","item":"https:\/\/librosdelzorrorojo.com\/ca\/cataleg\/"},{"@type":"ListItem","position":3,"name":"Soy un animal"}]},{"@type":"WebSite","@id":"https:\/\/librosdelzorrorojo.com\/#website","url":"https:\/\/librosdelzorrorojo.com\/","name":"Libros del Zorro Rojo","description":"Libros ilustrados","potentialAction":[{"@type":"SearchAction","target":{"@type":"EntryPoint","urlTemplate":"https:\/\/librosdelzorrorojo.com\/?s={search_term_string}"},"query-input":{"@type":"PropertyValueSpecification","valueRequired":true,"valueName":"search_term_string"}}],"inLanguage":"ca"}]}},"_links":{"self":[{"href":"https:\/\/librosdelzorrorojo.com\/ca\/wp-json\/wp\/v2\/product\/12463","targetHints":{"allow":["GET"]}}],"collection":[{"href":"https:\/\/librosdelzorrorojo.com\/ca\/wp-json\/wp\/v2\/product"}],"about":[{"href":"https:\/\/librosdelzorrorojo.com\/ca\/wp-json\/wp\/v2\/types\/product"}],"wp:featuredmedia":[{"embeddable":true,"href":"https:\/\/librosdelzorrorojo.com\/ca\/wp-json\/wp\/v2\/media\/12464"}],"wp:attachment":[{"href":"https:\/\/librosdelzorrorojo.com\/ca\/wp-json\/wp\/v2\/media?parent=12463"}],"wp:term":[{"taxonomy":"product_brand","embeddable":true,"href":"https:\/\/librosdelzorrorojo.com\/ca\/wp-json\/wp\/v2\/product_brand?post=12463"},{"taxonomy":"product_cat","embeddable":true,"href":"https:\/\/librosdelzorrorojo.com\/ca\/wp-json\/wp\/v2\/product_cat?post=12463"},{"taxonomy":"product_tag","embeddable":true,"href":"https:\/\/librosdelzorrorojo.com\/ca\/wp-json\/wp\/v2\/product_tag?post=12463"}],"curies":[{"name":"wp","href":"https:\/\/api.w.org\/{rel}","templated":true}]}}