{"id":12460,"date":"2020-03-07T12:00:23","date_gmt":"2000-03-07T11:00:23","guid":{"rendered":"https:\/\/librosdelzorrorojo.com\/catalogo\/la-entrada-de-cristo-en-bruselas\/"},"modified":"2024-02-29T11:39:00","modified_gmt":"2024-02-29T10:39:00","slug":"la-entrada-de-cristo-en-bruselas","status":"publish","type":"product","link":"https:\/\/librosdelzorrorojo.com\/ca\/cataleg\/la-entrada-de-cristo-en-bruselas\/","title":{"rendered":"La entrada de Cristo en Bruselas"},"content":{"rendered":"<p>\u00bfSab\u00edas que Cristo lleg\u00f3 a Bruselas montado en un burro? La ciudad entera particip\u00f3 en los preparativos de la celebraci\u00f3n; una fiesta como Dios manda: con la Gran Orquesta, saltimbanquis, algunos ilustres invitados, un elefante africano (\u00bfpara qu\u00e9 demonios quieren un elefante africano?) y los m\u00e1s sofisticados avances de la tecnolog\u00eda, como \u00a1una m\u00e1quina de pedales para hacer pompas de jab\u00f3n sonoras!<\/p>\n<p>Este \u00e1lbum ilustrado, colorista y desenfadado, est\u00e1 inspirado en la pintura hom\u00f3nima de finales del siglo XIX, <i>La entrada de Cristo en Bruselas<\/i> en 1889, obra de James Ensor, pintor belga, precursor del expresionismo del siglo XX, y famoso por su esp\u00edritu vanguardista, pero tambi\u00e9n por su af\u00e1n provocador.<\/p>\n<p>Andrea Antinori recoge el relevo del artista belga, recreando en este libro el contexto previo a \u00abla Entrada\u00bb con una lectura visual, cargada de iron\u00eda, de un cuadro que a su vez es una caricatura de la hipocres\u00eda y los convencionalismos sociales.<\/p>\n<p><span>Hojea el libro\u00a0<a href=\"https:\/\/issuu.com\/librosdelzorrorojo\/docs\/cristo_bruselas_-_issuu_espan_ol_ba\"><span style=\"color: #ff0000;\">aqu\u00ed<\/span><\/a>\u00a0<\/span><span>|<\/span><span>\u00a0<\/span><span>Mira el\u00a0<\/span><span style=\"color: #ff0000;\"><a href=\"https:\/\/www.youtube.com\/watch?v=6l8D6h7On-0\" style=\"color: #ff0000;\">booktrailer<\/a><\/span><\/p>\n<p>&#8211;<\/p>\n<p>Rese\u00f1a en <em>Revista Fuera de Margen<\/em> <span style=\"color: #ff0000;\"><a href=\"https:\/\/librosdelzorrorojo.com\/la-entrada-de-cristo-en-bruselas\/\" style=\"color: #ff0000;\">aqu\u00ed.<\/a><\/span><\/p>\n","protected":false},"excerpt":{"rendered":"\u00bfSab\u00edas que Cristo lleg\u00f3 a Bruselas montado en un burro? La ciudad entera particip\u00f3 en los preparativos de la celebraci\u00f3n; una fiesta como Dios manda: con la Gran Orquesta, saltimbanquis, algunos ilustres invitados, un elefante africano (\u00bfpara qu\u00e9 demonios quieren un elefante africano?) y los m\u00e1s sofisticados avances de la tecnolog\u00eda, como \u00a1una m\u00e1quina de pedales para hacer pompas de jab\u00f3n sonoras!","protected":false},"featured_media":12453,"template":"","meta":{"_acf_changed":false},"product_brand":[],"product_cat":[844,843],"product_tag":[],"class_list":{"0":"post-12460","1":"product","2":"type-product","3":"status-publish","4":"has-post-thumbnail","6":"product_cat-castella","7":"product_cat-infantiles-ca","8":"vinculo-la-entrada-de-cristo-en-bruselas","10":"first","11":"instock","12":"taxable","13":"shipping-taxable","14":"purchasable","15":"product-type-simple"},"acf":[],"yoast_head":"<!-- This site is optimized with the Yoast SEO plugin v25.1 - https:\/\/yoast.com\/wordpress\/plugins\/seo\/ -->\n<title>La entrada de Cristo en Bruselas - Libros del Zorro Rojo<\/title>\n<meta name=\"description\" content=\"\u00bfSab\u00edas que Cristo lleg\u00f3 a Bruselas montado en un burro? La ciudad entera particip\u00f3 en los preparativos de la celebraci\u00f3n; una fiesta como Dios manda\" \/>\n<meta name=\"robots\" content=\"index, follow, max-snippet:-1, max-image-preview:large, max-video-preview:-1\" \/>\n<link rel=\"canonical\" href=\"https:\/\/librosdelzorrorojo.com\/ca\/cataleg\/la-entrada-de-cristo-en-bruselas\/\" \/>\n<meta property=\"og:locale\" content=\"ca_ES\" \/>\n<meta property=\"og:type\" content=\"article\" \/>\n<meta property=\"og:title\" content=\"La entrada de Cristo en Bruselas - Libros del Zorro Rojo\" \/>\n<meta property=\"og:description\" content=\"\u00bfSab\u00edas que Cristo lleg\u00f3 a Bruselas montado en un burro? La ciudad entera particip\u00f3 en los preparativos de la celebraci\u00f3n; una fiesta como Dios manda\" \/>\n<meta property=\"og:url\" content=\"https:\/\/librosdelzorrorojo.com\/ca\/cataleg\/la-entrada-de-cristo-en-bruselas\/\" \/>\n<meta property=\"og:site_name\" content=\"Libros del Zorro Rojo\" \/>\n<meta property=\"article:modified_time\" content=\"2024-02-29T10:39:00+00:00\" \/>\n<meta property=\"og:image\" content=\"https:\/\/librosdelzorrorojo.com\/wp-content\/uploads\/2018\/03\/La-entrada-de-Cristo-en-Bruselas-e1525360361664.jpg\" \/>\n\t<meta property=\"og:image:width\" content=\"850\" \/>\n\t<meta property=\"og:image:height\" content=\"951\" \/>\n\t<meta property=\"og:image:type\" content=\"image\/jpeg\" \/>\n<meta name=\"twitter:card\" content=\"summary_large_image\" \/>\n<meta name=\"twitter:label1\" content=\"Temps estimat de lectura\" \/>\n\t<meta name=\"twitter:data1\" content=\"1 minut\" \/>\n<script type=\"application\/ld+json\" class=\"yoast-schema-graph\">{\"@context\":\"https:\/\/schema.org\",\"@graph\":[{\"@type\":\"WebPage\",\"@id\":\"https:\/\/librosdelzorrorojo.com\/ca\/cataleg\/la-entrada-de-cristo-en-bruselas\/\",\"url\":\"https:\/\/librosdelzorrorojo.com\/ca\/cataleg\/la-entrada-de-cristo-en-bruselas\/\",\"name\":\"La entrada de Cristo en Bruselas - Libros del Zorro Rojo\",\"isPartOf\":{\"@id\":\"https:\/\/librosdelzorrorojo.com\/#website\"},\"primaryImageOfPage\":{\"@id\":\"https:\/\/librosdelzorrorojo.com\/ca\/cataleg\/la-entrada-de-cristo-en-bruselas\/#primaryimage\"},\"image\":{\"@id\":\"https:\/\/librosdelzorrorojo.com\/ca\/cataleg\/la-entrada-de-cristo-en-bruselas\/#primaryimage\"},\"thumbnailUrl\":\"https:\/\/librosdelzorrorojo.com\/wp-content\/uploads\/2018\/03\/La-entrada-de-Cristo-en-Bruselas-e1525360361664.jpg\",\"datePublished\":\"2000-03-07T11:00:23+00:00\",\"dateModified\":\"2024-02-29T10:39:00+00:00\",\"description\":\"\u00bfSab\u00edas que Cristo lleg\u00f3 a Bruselas montado en un burro? La ciudad entera particip\u00f3 en los preparativos de la celebraci\u00f3n; una fiesta como Dios manda\",\"breadcrumb\":{\"@id\":\"https:\/\/librosdelzorrorojo.com\/ca\/cataleg\/la-entrada-de-cristo-en-bruselas\/#breadcrumb\"},\"inLanguage\":\"ca\",\"potentialAction\":[{\"@type\":\"ReadAction\",\"target\":[\"https:\/\/librosdelzorrorojo.com\/ca\/cataleg\/la-entrada-de-cristo-en-bruselas\/\"]}]},{\"@type\":\"ImageObject\",\"inLanguage\":\"ca\",\"@id\":\"https:\/\/librosdelzorrorojo.com\/ca\/cataleg\/la-entrada-de-cristo-en-bruselas\/#primaryimage\",\"url\":\"https:\/\/librosdelzorrorojo.com\/wp-content\/uploads\/2018\/03\/La-entrada-de-Cristo-en-Bruselas-e1525360361664.jpg\",\"contentUrl\":\"https:\/\/librosdelzorrorojo.com\/wp-content\/uploads\/2018\/03\/La-entrada-de-Cristo-en-Bruselas-e1525360361664.jpg\",\"width\":850,\"height\":951,\"caption\":\"La entrada de Cristo en Bruselas e1525360361664\"},{\"@type\":\"BreadcrumbList\",\"@id\":\"https:\/\/librosdelzorrorojo.com\/ca\/cataleg\/la-entrada-de-cristo-en-bruselas\/#breadcrumb\",\"itemListElement\":[{\"@type\":\"ListItem\",\"position\":1,\"name\":\"Portada\",\"item\":\"https:\/\/librosdelzorrorojo.com\/ca\/\"},{\"@type\":\"ListItem\",\"position\":2,\"name\":\"Cat\u00e0leg\",\"item\":\"https:\/\/librosdelzorrorojo.com\/ca\/cataleg\/\"},{\"@type\":\"ListItem\",\"position\":3,\"name\":\"La entrada de Cristo en Bruselas\"}]},{\"@type\":\"WebSite\",\"@id\":\"https:\/\/librosdelzorrorojo.com\/#website\",\"url\":\"https:\/\/librosdelzorrorojo.com\/\",\"name\":\"Libros del Zorro Rojo\",\"description\":\"Libros ilustrados\",\"potentialAction\":[{\"@type\":\"SearchAction\",\"target\":{\"@type\":\"EntryPoint\",\"urlTemplate\":\"https:\/\/librosdelzorrorojo.com\/?s={search_term_string}\"},\"query-input\":{\"@type\":\"PropertyValueSpecification\",\"valueRequired\":true,\"valueName\":\"search_term_string\"}}],\"inLanguage\":\"ca\"}]}<\/script>\n<!-- \/ Yoast SEO plugin. -->","yoast_head_json":{"title":"La entrada de Cristo en Bruselas - Libros del Zorro Rojo","description":"\u00bfSab\u00edas que Cristo lleg\u00f3 a Bruselas montado en un burro? La ciudad entera particip\u00f3 en los preparativos de la celebraci\u00f3n; una fiesta como Dios manda","robots":{"index":"index","follow":"follow","max-snippet":"max-snippet:-1","max-image-preview":"max-image-preview:large","max-video-preview":"max-video-preview:-1"},"canonical":"https:\/\/librosdelzorrorojo.com\/ca\/cataleg\/la-entrada-de-cristo-en-bruselas\/","og_locale":"ca_ES","og_type":"article","og_title":"La entrada de Cristo en Bruselas - Libros del Zorro Rojo","og_description":"\u00bfSab\u00edas que Cristo lleg\u00f3 a Bruselas montado en un burro? La ciudad entera particip\u00f3 en los preparativos de la celebraci\u00f3n; una fiesta como Dios manda","og_url":"https:\/\/librosdelzorrorojo.com\/ca\/cataleg\/la-entrada-de-cristo-en-bruselas\/","og_site_name":"Libros del Zorro Rojo","article_modified_time":"2024-02-29T10:39:00+00:00","og_image":[{"width":850,"height":951,"url":"https:\/\/librosdelzorrorojo.com\/wp-content\/uploads\/2018\/03\/La-entrada-de-Cristo-en-Bruselas-e1525360361664.jpg","type":"image\/jpeg"}],"twitter_card":"summary_large_image","twitter_misc":{"Temps estimat de lectura":"1 minut"},"schema":{"@context":"https:\/\/schema.org","@graph":[{"@type":"WebPage","@id":"https:\/\/librosdelzorrorojo.com\/ca\/cataleg\/la-entrada-de-cristo-en-bruselas\/","url":"https:\/\/librosdelzorrorojo.com\/ca\/cataleg\/la-entrada-de-cristo-en-bruselas\/","name":"La entrada de Cristo en Bruselas - Libros del Zorro Rojo","isPartOf":{"@id":"https:\/\/librosdelzorrorojo.com\/#website"},"primaryImageOfPage":{"@id":"https:\/\/librosdelzorrorojo.com\/ca\/cataleg\/la-entrada-de-cristo-en-bruselas\/#primaryimage"},"image":{"@id":"https:\/\/librosdelzorrorojo.com\/ca\/cataleg\/la-entrada-de-cristo-en-bruselas\/#primaryimage"},"thumbnailUrl":"https:\/\/librosdelzorrorojo.com\/wp-content\/uploads\/2018\/03\/La-entrada-de-Cristo-en-Bruselas-e1525360361664.jpg","datePublished":"2000-03-07T11:00:23+00:00","dateModified":"2024-02-29T10:39:00+00:00","description":"\u00bfSab\u00edas que Cristo lleg\u00f3 a Bruselas montado en un burro? La ciudad entera particip\u00f3 en los preparativos de la celebraci\u00f3n; una fiesta como Dios manda","breadcrumb":{"@id":"https:\/\/librosdelzorrorojo.com\/ca\/cataleg\/la-entrada-de-cristo-en-bruselas\/#breadcrumb"},"inLanguage":"ca","potentialAction":[{"@type":"ReadAction","target":["https:\/\/librosdelzorrorojo.com\/ca\/cataleg\/la-entrada-de-cristo-en-bruselas\/"]}]},{"@type":"ImageObject","inLanguage":"ca","@id":"https:\/\/librosdelzorrorojo.com\/ca\/cataleg\/la-entrada-de-cristo-en-bruselas\/#primaryimage","url":"https:\/\/librosdelzorrorojo.com\/wp-content\/uploads\/2018\/03\/La-entrada-de-Cristo-en-Bruselas-e1525360361664.jpg","contentUrl":"https:\/\/librosdelzorrorojo.com\/wp-content\/uploads\/2018\/03\/La-entrada-de-Cristo-en-Bruselas-e1525360361664.jpg","width":850,"height":951,"caption":"La entrada de Cristo en Bruselas e1525360361664"},{"@type":"BreadcrumbList","@id":"https:\/\/librosdelzorrorojo.com\/ca\/cataleg\/la-entrada-de-cristo-en-bruselas\/#breadcrumb","itemListElement":[{"@type":"ListItem","position":1,"name":"Portada","item":"https:\/\/librosdelzorrorojo.com\/ca\/"},{"@type":"ListItem","position":2,"name":"Cat\u00e0leg","item":"https:\/\/librosdelzorrorojo.com\/ca\/cataleg\/"},{"@type":"ListItem","position":3,"name":"La entrada de Cristo en Bruselas"}]},{"@type":"WebSite","@id":"https:\/\/librosdelzorrorojo.com\/#website","url":"https:\/\/librosdelzorrorojo.com\/","name":"Libros del Zorro Rojo","description":"Libros ilustrados","potentialAction":[{"@type":"SearchAction","target":{"@type":"EntryPoint","urlTemplate":"https:\/\/librosdelzorrorojo.com\/?s={search_term_string}"},"query-input":{"@type":"PropertyValueSpecification","valueRequired":true,"valueName":"search_term_string"}}],"inLanguage":"ca"}]}},"_links":{"self":[{"href":"https:\/\/librosdelzorrorojo.com\/ca\/wp-json\/wp\/v2\/product\/12460","targetHints":{"allow":["GET"]}}],"collection":[{"href":"https:\/\/librosdelzorrorojo.com\/ca\/wp-json\/wp\/v2\/product"}],"about":[{"href":"https:\/\/librosdelzorrorojo.com\/ca\/wp-json\/wp\/v2\/types\/product"}],"wp:featuredmedia":[{"embeddable":true,"href":"https:\/\/librosdelzorrorojo.com\/ca\/wp-json\/wp\/v2\/media\/12453"}],"wp:attachment":[{"href":"https:\/\/librosdelzorrorojo.com\/ca\/wp-json\/wp\/v2\/media?parent=12460"}],"wp:term":[{"taxonomy":"product_brand","embeddable":true,"href":"https:\/\/librosdelzorrorojo.com\/ca\/wp-json\/wp\/v2\/product_brand?post=12460"},{"taxonomy":"product_cat","embeddable":true,"href":"https:\/\/librosdelzorrorojo.com\/ca\/wp-json\/wp\/v2\/product_cat?post=12460"},{"taxonomy":"product_tag","embeddable":true,"href":"https:\/\/librosdelzorrorojo.com\/ca\/wp-json\/wp\/v2\/product_tag?post=12460"}],"curies":[{"name":"wp","href":"https:\/\/api.w.org\/{rel}","templated":true}]}}