{"id":12449,"date":"2020-03-01T12:00:30","date_gmt":"2000-03-01T11:00:30","guid":{"rendered":"https:\/\/librosdelzorrorojo.com\/catalogo\/un-dia-de-pesca\/"},"modified":"2024-02-29T11:38:59","modified_gmt":"2024-02-29T10:38:59","slug":"un-dia-de-pesca","status":"publish","type":"product","link":"https:\/\/librosdelzorrorojo.com\/ca\/cataleg\/un-dia-de-pesca\/","title":{"rendered":"Un d\u00eda de pesca"},"content":{"rendered":"<p class=\"p2\">Un amor poco convencional, una cr\u00eda por nacer y una nevera vac\u00eda. \u00bfConseguir\u00e1 la gallina el alimento para su v\u00e1stago? \u00bfPodr\u00e1 el zorro tener cura del huevo?\u00a0Un \u00e1lbum sin palabras, un final inesperado, una historia para \u00ableer\u00bb antes de saber leer.<\/p>\n","protected":false},"excerpt":{"rendered":"<p class=\"p2\">Un amor poco convencional, una cr\u00eda por nacer y una nevera vac\u00eda. \u00bfConseguir\u00e1 la gallina el alimento para su v\u00e1stago? \u00bfPodr\u00e1 el zorro tener cura del huevo?\u00a0Un \u00e1lbum sin palabras, un final inesperado, una historia para \u00ableer\u00bb antes de saber leer.<\/p>","protected":false},"featured_media":12450,"template":"","meta":{"_acf_changed":false},"product_brand":[],"product_cat":[844,843],"product_tag":[],"class_list":{"0":"post-12449","1":"product","2":"type-product","3":"status-publish","4":"has-post-thumbnail","6":"product_cat-castella","7":"product_cat-infantiles-ca","8":"vinculo-un-dia-de-pesca","10":"first","11":"instock","12":"taxable","13":"shipping-taxable","14":"purchasable","15":"product-type-simple"},"acf":[],"yoast_head":"<!-- This site is optimized with the Yoast SEO plugin v25.1 - https:\/\/yoast.com\/wordpress\/plugins\/seo\/ -->\n<title>Un d\u00eda de pesca - Libros del Zorro Rojo<\/title>\n<meta name=\"description\" content=\"Un amor poco convencional, una cr\u00eda por nacer y una nevera vac\u00eda. \u00bfConseguir\u00e1 la gallina el alimento para su v\u00e1stago? \u00bfPodr\u00e1 el zorro tener cura del huevo?\u00a0\" \/>\n<meta name=\"robots\" content=\"index, follow, max-snippet:-1, max-image-preview:large, max-video-preview:-1\" \/>\n<link rel=\"canonical\" href=\"https:\/\/librosdelzorrorojo.com\/ca\/cataleg\/un-dia-de-pesca\/\" \/>\n<meta property=\"og:locale\" content=\"ca_ES\" \/>\n<meta property=\"og:type\" content=\"article\" \/>\n<meta property=\"og:title\" content=\"Un d\u00eda de pesca - Libros del Zorro Rojo\" \/>\n<meta property=\"og:description\" content=\"Un amor poco convencional, una cr\u00eda por nacer y una nevera vac\u00eda. \u00bfConseguir\u00e1 la gallina el alimento para su v\u00e1stago? \u00bfPodr\u00e1 el zorro tener cura del huevo?\u00a0\" \/>\n<meta property=\"og:url\" content=\"https:\/\/librosdelzorrorojo.com\/ca\/cataleg\/un-dia-de-pesca\/\" \/>\n<meta property=\"og:site_name\" content=\"Libros del Zorro Rojo\" \/>\n<meta property=\"article:modified_time\" content=\"2024-02-29T10:38:59+00:00\" \/>\n<meta property=\"og:image\" content=\"https:\/\/librosdelzorrorojo.com\/wp-content\/uploads\/2000\/03\/Cover-Un-dia-de-pesca.jpg\" \/>\n\t<meta property=\"og:image:width\" content=\"1685\" \/>\n\t<meta property=\"og:image:height\" content=\"1039\" \/>\n\t<meta property=\"og:image:type\" content=\"image\/jpeg\" \/>\n<meta name=\"twitter:card\" content=\"summary_large_image\" \/>\n<script type=\"application\/ld+json\" class=\"yoast-schema-graph\">{\"@context\":\"https:\/\/schema.org\",\"@graph\":[{\"@type\":\"WebPage\",\"@id\":\"https:\/\/librosdelzorrorojo.com\/ca\/cataleg\/un-dia-de-pesca\/\",\"url\":\"https:\/\/librosdelzorrorojo.com\/ca\/cataleg\/un-dia-de-pesca\/\",\"name\":\"Un d\u00eda de pesca - Libros del Zorro Rojo\",\"isPartOf\":{\"@id\":\"https:\/\/librosdelzorrorojo.com\/#website\"},\"primaryImageOfPage\":{\"@id\":\"https:\/\/librosdelzorrorojo.com\/ca\/cataleg\/un-dia-de-pesca\/#primaryimage\"},\"image\":{\"@id\":\"https:\/\/librosdelzorrorojo.com\/ca\/cataleg\/un-dia-de-pesca\/#primaryimage\"},\"thumbnailUrl\":\"https:\/\/librosdelzorrorojo.com\/wp-content\/uploads\/2012\/02\/Cover-Un-dia-de-pesca-e1525444294887.jpg\",\"datePublished\":\"2000-03-01T11:00:30+00:00\",\"dateModified\":\"2024-02-29T10:38:59+00:00\",\"description\":\"Un amor poco convencional, una cr\u00eda por nacer y una nevera vac\u00eda. \u00bfConseguir\u00e1 la gallina el alimento para su v\u00e1stago? \u00bfPodr\u00e1 el zorro tener cura del huevo?\u00a0\",\"breadcrumb\":{\"@id\":\"https:\/\/librosdelzorrorojo.com\/ca\/cataleg\/un-dia-de-pesca\/#breadcrumb\"},\"inLanguage\":\"ca\",\"potentialAction\":[{\"@type\":\"ReadAction\",\"target\":[\"https:\/\/librosdelzorrorojo.com\/ca\/cataleg\/un-dia-de-pesca\/\"]}]},{\"@type\":\"ImageObject\",\"inLanguage\":\"ca\",\"@id\":\"https:\/\/librosdelzorrorojo.com\/ca\/cataleg\/un-dia-de-pesca\/#primaryimage\",\"url\":\"https:\/\/librosdelzorrorojo.com\/wp-content\/uploads\/2012\/02\/Cover-Un-dia-de-pesca-e1525444294887.jpg\",\"contentUrl\":\"https:\/\/librosdelzorrorojo.com\/wp-content\/uploads\/2012\/02\/Cover-Un-dia-de-pesca-e1525444294887.jpg\",\"width\":850,\"height\":524,\"caption\":\"Cover Un dia de pesca e1525444294887\"},{\"@type\":\"BreadcrumbList\",\"@id\":\"https:\/\/librosdelzorrorojo.com\/ca\/cataleg\/un-dia-de-pesca\/#breadcrumb\",\"itemListElement\":[{\"@type\":\"ListItem\",\"position\":1,\"name\":\"Portada\",\"item\":\"https:\/\/librosdelzorrorojo.com\/ca\/\"},{\"@type\":\"ListItem\",\"position\":2,\"name\":\"Cat\u00e0leg\",\"item\":\"https:\/\/librosdelzorrorojo.com\/ca\/cataleg\/\"},{\"@type\":\"ListItem\",\"position\":3,\"name\":\"Un d\u00eda de pesca\"}]},{\"@type\":\"WebSite\",\"@id\":\"https:\/\/librosdelzorrorojo.com\/#website\",\"url\":\"https:\/\/librosdelzorrorojo.com\/\",\"name\":\"Libros del Zorro Rojo\",\"description\":\"Libros ilustrados\",\"potentialAction\":[{\"@type\":\"SearchAction\",\"target\":{\"@type\":\"EntryPoint\",\"urlTemplate\":\"https:\/\/librosdelzorrorojo.com\/?s={search_term_string}\"},\"query-input\":{\"@type\":\"PropertyValueSpecification\",\"valueRequired\":true,\"valueName\":\"search_term_string\"}}],\"inLanguage\":\"ca\"}]}<\/script>\n<!-- \/ Yoast SEO plugin. -->","yoast_head_json":{"title":"Un d\u00eda de pesca - Libros del Zorro Rojo","description":"Un amor poco convencional, una cr\u00eda por nacer y una nevera vac\u00eda. \u00bfConseguir\u00e1 la gallina el alimento para su v\u00e1stago? \u00bfPodr\u00e1 el zorro tener cura del huevo?\u00a0","robots":{"index":"index","follow":"follow","max-snippet":"max-snippet:-1","max-image-preview":"max-image-preview:large","max-video-preview":"max-video-preview:-1"},"canonical":"https:\/\/librosdelzorrorojo.com\/ca\/cataleg\/un-dia-de-pesca\/","og_locale":"ca_ES","og_type":"article","og_title":"Un d\u00eda de pesca - Libros del Zorro Rojo","og_description":"Un amor poco convencional, una cr\u00eda por nacer y una nevera vac\u00eda. \u00bfConseguir\u00e1 la gallina el alimento para su v\u00e1stago? \u00bfPodr\u00e1 el zorro tener cura del huevo?\u00a0","og_url":"https:\/\/librosdelzorrorojo.com\/ca\/cataleg\/un-dia-de-pesca\/","og_site_name":"Libros del Zorro Rojo","article_modified_time":"2024-02-29T10:38:59+00:00","og_image":[{"width":1685,"height":1039,"url":"https:\/\/librosdelzorrorojo.com\/wp-content\/uploads\/2000\/03\/Cover-Un-dia-de-pesca.jpg","type":"image\/jpeg"}],"twitter_card":"summary_large_image","schema":{"@context":"https:\/\/schema.org","@graph":[{"@type":"WebPage","@id":"https:\/\/librosdelzorrorojo.com\/ca\/cataleg\/un-dia-de-pesca\/","url":"https:\/\/librosdelzorrorojo.com\/ca\/cataleg\/un-dia-de-pesca\/","name":"Un d\u00eda de pesca - Libros del Zorro Rojo","isPartOf":{"@id":"https:\/\/librosdelzorrorojo.com\/#website"},"primaryImageOfPage":{"@id":"https:\/\/librosdelzorrorojo.com\/ca\/cataleg\/un-dia-de-pesca\/#primaryimage"},"image":{"@id":"https:\/\/librosdelzorrorojo.com\/ca\/cataleg\/un-dia-de-pesca\/#primaryimage"},"thumbnailUrl":"https:\/\/librosdelzorrorojo.com\/wp-content\/uploads\/2012\/02\/Cover-Un-dia-de-pesca-e1525444294887.jpg","datePublished":"2000-03-01T11:00:30+00:00","dateModified":"2024-02-29T10:38:59+00:00","description":"Un amor poco convencional, una cr\u00eda por nacer y una nevera vac\u00eda. \u00bfConseguir\u00e1 la gallina el alimento para su v\u00e1stago? \u00bfPodr\u00e1 el zorro tener cura del huevo?\u00a0","breadcrumb":{"@id":"https:\/\/librosdelzorrorojo.com\/ca\/cataleg\/un-dia-de-pesca\/#breadcrumb"},"inLanguage":"ca","potentialAction":[{"@type":"ReadAction","target":["https:\/\/librosdelzorrorojo.com\/ca\/cataleg\/un-dia-de-pesca\/"]}]},{"@type":"ImageObject","inLanguage":"ca","@id":"https:\/\/librosdelzorrorojo.com\/ca\/cataleg\/un-dia-de-pesca\/#primaryimage","url":"https:\/\/librosdelzorrorojo.com\/wp-content\/uploads\/2012\/02\/Cover-Un-dia-de-pesca-e1525444294887.jpg","contentUrl":"https:\/\/librosdelzorrorojo.com\/wp-content\/uploads\/2012\/02\/Cover-Un-dia-de-pesca-e1525444294887.jpg","width":850,"height":524,"caption":"Cover Un dia de pesca e1525444294887"},{"@type":"BreadcrumbList","@id":"https:\/\/librosdelzorrorojo.com\/ca\/cataleg\/un-dia-de-pesca\/#breadcrumb","itemListElement":[{"@type":"ListItem","position":1,"name":"Portada","item":"https:\/\/librosdelzorrorojo.com\/ca\/"},{"@type":"ListItem","position":2,"name":"Cat\u00e0leg","item":"https:\/\/librosdelzorrorojo.com\/ca\/cataleg\/"},{"@type":"ListItem","position":3,"name":"Un d\u00eda de pesca"}]},{"@type":"WebSite","@id":"https:\/\/librosdelzorrorojo.com\/#website","url":"https:\/\/librosdelzorrorojo.com\/","name":"Libros del Zorro Rojo","description":"Libros ilustrados","potentialAction":[{"@type":"SearchAction","target":{"@type":"EntryPoint","urlTemplate":"https:\/\/librosdelzorrorojo.com\/?s={search_term_string}"},"query-input":{"@type":"PropertyValueSpecification","valueRequired":true,"valueName":"search_term_string"}}],"inLanguage":"ca"}]}},"_links":{"self":[{"href":"https:\/\/librosdelzorrorojo.com\/ca\/wp-json\/wp\/v2\/product\/12449","targetHints":{"allow":["GET"]}}],"collection":[{"href":"https:\/\/librosdelzorrorojo.com\/ca\/wp-json\/wp\/v2\/product"}],"about":[{"href":"https:\/\/librosdelzorrorojo.com\/ca\/wp-json\/wp\/v2\/types\/product"}],"wp:featuredmedia":[{"embeddable":true,"href":"https:\/\/librosdelzorrorojo.com\/ca\/wp-json\/wp\/v2\/media\/12450"}],"wp:attachment":[{"href":"https:\/\/librosdelzorrorojo.com\/ca\/wp-json\/wp\/v2\/media?parent=12449"}],"wp:term":[{"taxonomy":"product_brand","embeddable":true,"href":"https:\/\/librosdelzorrorojo.com\/ca\/wp-json\/wp\/v2\/product_brand?post=12449"},{"taxonomy":"product_cat","embeddable":true,"href":"https:\/\/librosdelzorrorojo.com\/ca\/wp-json\/wp\/v2\/product_cat?post=12449"},{"taxonomy":"product_tag","embeddable":true,"href":"https:\/\/librosdelzorrorojo.com\/ca\/wp-json\/wp\/v2\/product_tag?post=12449"}],"curies":[{"name":"wp","href":"https:\/\/api.w.org\/{rel}","templated":true}]}}