{"id":12442,"date":"2020-03-14T12:00:05","date_gmt":"2000-03-14T11:00:05","guid":{"rendered":"https:\/\/librosdelzorrorojo.com\/catalogo\/el-hilo-invisible-de-la-naturaleza\/"},"modified":"2024-02-29T11:38:58","modified_gmt":"2024-02-29T10:38:58","slug":"el-hilo-invisible-de-la-naturaleza","status":"publish","type":"product","link":"https:\/\/librosdelzorrorojo.com\/ca\/cataleg\/el-hilo-invisible-de-la-naturaleza\/","title":{"rendered":"El hilo invisible de la naturaleza"},"content":{"rendered":"<p dir=\"ltr\"><span style=\"font-weight: 400;\">En la naturaleza nada es independiente, los seres vivos est\u00e1n unidos por un n\u00famero infinito de hilos invisibles, v\u00ednculos que el ser humano deber\u00eda respetar. Este libro desenreda esa metaf\u00f3rica madeja a trav\u00e9s de dieciocho sorprendentes cap\u00edtulos. El primero de ellos, por ejemplo, titulado \u00abUna mariposa salva Australia\u00bb, es un relato en el que intervienen actores tan dispares como el Ej\u00e9rcito Brit\u00e1nico, los precursores del comercio de pigmentos en Espa\u00f1a y Portugal, un ferroviario amante de la jardiner\u00eda, un cactus invasivo y, por \u00faltimo, una polilla brasile\u00f1a llamada <em>Cactoblastis cactorum.<\/em><\/span><\/p>\n<p dir=\"ltr\"><span style=\"font-weight: 400;\">Cada cap\u00edtulo despliega historias incre\u00edbles, protagonizadas por ranas de oro, gatos ca\u00eddos del cielo, ara\u00f1as astronautas y escarabajos que se han ganado una estatua conmemorativa, que destacan la importancia del ser humano en la conservaci\u00f3n de la naturaleza, invitando a la reflexi\u00f3n para evitar futuras cat\u00e1strofes.<\/span><\/p>\n<p>Gianumberto Accinelli, con la ayuda de las estilizadas y poco convencionales ilustraciones de Serena Viola, ha construido un texto a medio camino entre el cuento y el ensayo. Relaciona entre s\u00ed hechos ver\u00eddicos y constatables, con un estilo ameno que hace que la ciencia resulte una experiencia entretenida.<\/p>\n<p><span>Hojea el libro\u00a0<span style=\"color: #ff0000;\"><a href=\"https:\/\/issuu.com\/librosdelzorrorojo\/docs\/hilo_invisible_spanish_issuu\" target=\"_blank\" data-saferedirecturl=\"https:\/\/www.google.com\/url?hl=es&amp;q=https:\/\/issuu.com\/librosdelzorrorojo\/docs\/issuu_matamoscas&amp;source=gmail&amp;ust=1529402983802000&amp;usg=AFQjCNHIEwtBMcP-UWdba0QwsbVlA_BFsg\" rel=\"noopener noreferrer\" style=\"color: #ff0000;\">aqu\u00ed<\/a><\/span><\/span><span><\/span><\/p>\n<p>&nbsp;<\/p>\n<div data-configid=\"3777890\/59195383\" style=\"width: 500px; height: 400px;\" class=\"issuuembed\"><\/div>\n<p>&nbsp;<\/p>\n","protected":false},"excerpt":{"rendered":"<span style=\"font-weight: 400;\">En la naturaleza nada es independiente, los seres vivos est\u00e1n unidos por un n\u00famero infinito de hilos invisibles, v\u00ednculos que el ser humano deber\u00eda respetar. Este libro desenreda esa metaf\u00f3rica madeja a trav\u00e9s de dieciocho sorprendentes cap\u00edtulos. El primero de ellos, por ejemplo, titulado \u00abUna mariposa salva Australia\u00bb, es un relato en el que intervienen actores tan dispares como el Ej\u00e9rcito Brit\u00e1nico, los precursores del comercio de pigmentos en Espa\u00f1a y Portugal, un ferroviario amante de la jardiner\u00eda, un cactus invasivo y, por \u00faltimo, una polilla brasile\u00f1a llamada <em>Cactoblastis cactorum.<\/em><\/span>","protected":false},"featured_media":12443,"template":"","meta":{"_acf_changed":false},"product_brand":[],"product_cat":[844,843],"product_tag":[],"class_list":{"0":"post-12442","1":"product","2":"type-product","3":"status-publish","4":"has-post-thumbnail","6":"product_cat-castella","7":"product_cat-infantiles-ca","8":"vinculo-el-hilo-invisible-de-la-naturaleza","10":"first","11":"outofstock","12":"taxable","13":"shipping-taxable","14":"purchasable","15":"product-type-simple"},"acf":[],"yoast_head":"<!-- This site is optimized with the Yoast SEO plugin v25.1 - https:\/\/yoast.com\/wordpress\/plugins\/seo\/ -->\n<title>El hilo invisible de la naturaleza - Libros del Zorro Rojo<\/title>\n<meta name=\"description\" content=\"En la naturaleza nada es independiente, los seres vivos est\u00e1n unidos por un n\u00famero infinito de hilos invisibles, v\u00ednculos que el ser humano deber\u00eda respetar\" \/>\n<meta name=\"robots\" content=\"index, follow, max-snippet:-1, max-image-preview:large, max-video-preview:-1\" \/>\n<link rel=\"canonical\" href=\"https:\/\/librosdelzorrorojo.com\/ca\/cataleg\/el-hilo-invisible-de-la-naturaleza\/\" \/>\n<meta property=\"og:locale\" content=\"ca_ES\" \/>\n<meta property=\"og:type\" content=\"article\" \/>\n<meta property=\"og:title\" content=\"El hilo invisible de la naturaleza - Libros del Zorro Rojo\" \/>\n<meta property=\"og:description\" content=\"En la naturaleza nada es independiente, los seres vivos est\u00e1n unidos por un n\u00famero infinito de hilos invisibles, v\u00ednculos que el ser humano deber\u00eda respetar\" \/>\n<meta property=\"og:url\" content=\"https:\/\/librosdelzorrorojo.com\/ca\/cataleg\/el-hilo-invisible-de-la-naturaleza\/\" \/>\n<meta property=\"og:site_name\" content=\"Libros del Zorro Rojo\" \/>\n<meta property=\"article:modified_time\" content=\"2024-02-29T10:38:58+00:00\" \/>\n<meta property=\"og:image\" content=\"https:\/\/librosdelzorrorojo.com\/wp-content\/uploads\/2020\/03\/Cover_Hiloinvisible.jpg\" \/>\n<meta name=\"twitter:card\" content=\"summary_large_image\" \/>\n<meta name=\"twitter:label1\" content=\"Temps estimat de lectura\" \/>\n\t<meta name=\"twitter:data1\" content=\"1 minut\" \/>\n<script type=\"application\/ld+json\" class=\"yoast-schema-graph\">{\"@context\":\"https:\/\/schema.org\",\"@graph\":[{\"@type\":\"WebPage\",\"@id\":\"https:\/\/librosdelzorrorojo.com\/ca\/cataleg\/el-hilo-invisible-de-la-naturaleza\/\",\"url\":\"https:\/\/librosdelzorrorojo.com\/ca\/cataleg\/el-hilo-invisible-de-la-naturaleza\/\",\"name\":\"El hilo invisible de la naturaleza - Libros del Zorro Rojo\",\"isPartOf\":{\"@id\":\"https:\/\/librosdelzorrorojo.com\/#website\"},\"primaryImageOfPage\":{\"@id\":\"https:\/\/librosdelzorrorojo.com\/ca\/cataleg\/el-hilo-invisible-de-la-naturaleza\/#primaryimage\"},\"image\":{\"@id\":\"https:\/\/librosdelzorrorojo.com\/ca\/cataleg\/el-hilo-invisible-de-la-naturaleza\/#primaryimage\"},\"thumbnailUrl\":\"https:\/\/librosdelzorrorojo.com\/wp-content\/uploads\/2018\/03\/hilo-invisible_cover-e1525274723115.jpg\",\"datePublished\":\"2000-03-14T11:00:05+00:00\",\"dateModified\":\"2024-02-29T10:38:58+00:00\",\"description\":\"En la naturaleza nada es independiente, los seres vivos est\u00e1n unidos por un n\u00famero infinito de hilos invisibles, v\u00ednculos que el ser humano deber\u00eda respetar\",\"breadcrumb\":{\"@id\":\"https:\/\/librosdelzorrorojo.com\/ca\/cataleg\/el-hilo-invisible-de-la-naturaleza\/#breadcrumb\"},\"inLanguage\":\"ca\",\"potentialAction\":[{\"@type\":\"ReadAction\",\"target\":[\"https:\/\/librosdelzorrorojo.com\/ca\/cataleg\/el-hilo-invisible-de-la-naturaleza\/\"]}]},{\"@type\":\"ImageObject\",\"inLanguage\":\"ca\",\"@id\":\"https:\/\/librosdelzorrorojo.com\/ca\/cataleg\/el-hilo-invisible-de-la-naturaleza\/#primaryimage\",\"url\":\"https:\/\/librosdelzorrorojo.com\/wp-content\/uploads\/2018\/03\/hilo-invisible_cover-e1525274723115.jpg\",\"contentUrl\":\"https:\/\/librosdelzorrorojo.com\/wp-content\/uploads\/2018\/03\/hilo-invisible_cover-e1525274723115.jpg\",\"width\":850,\"height\":1276,\"caption\":\"hilo invisible cover e1525274723115\"},{\"@type\":\"BreadcrumbList\",\"@id\":\"https:\/\/librosdelzorrorojo.com\/ca\/cataleg\/el-hilo-invisible-de-la-naturaleza\/#breadcrumb\",\"itemListElement\":[{\"@type\":\"ListItem\",\"position\":1,\"name\":\"Portada\",\"item\":\"https:\/\/librosdelzorrorojo.com\/ca\/\"},{\"@type\":\"ListItem\",\"position\":2,\"name\":\"Cat\u00e0leg\",\"item\":\"https:\/\/librosdelzorrorojo.com\/ca\/cataleg\/\"},{\"@type\":\"ListItem\",\"position\":3,\"name\":\"El hilo invisible de la naturaleza\"}]},{\"@type\":\"WebSite\",\"@id\":\"https:\/\/librosdelzorrorojo.com\/#website\",\"url\":\"https:\/\/librosdelzorrorojo.com\/\",\"name\":\"Libros del Zorro Rojo\",\"description\":\"Libros ilustrados\",\"potentialAction\":[{\"@type\":\"SearchAction\",\"target\":{\"@type\":\"EntryPoint\",\"urlTemplate\":\"https:\/\/librosdelzorrorojo.com\/?s={search_term_string}\"},\"query-input\":{\"@type\":\"PropertyValueSpecification\",\"valueRequired\":true,\"valueName\":\"search_term_string\"}}],\"inLanguage\":\"ca\"}]}<\/script>\n<!-- \/ Yoast SEO plugin. -->","yoast_head_json":{"title":"El hilo invisible de la naturaleza - Libros del Zorro Rojo","description":"En la naturaleza nada es independiente, los seres vivos est\u00e1n unidos por un n\u00famero infinito de hilos invisibles, v\u00ednculos que el ser humano deber\u00eda respetar","robots":{"index":"index","follow":"follow","max-snippet":"max-snippet:-1","max-image-preview":"max-image-preview:large","max-video-preview":"max-video-preview:-1"},"canonical":"https:\/\/librosdelzorrorojo.com\/ca\/cataleg\/el-hilo-invisible-de-la-naturaleza\/","og_locale":"ca_ES","og_type":"article","og_title":"El hilo invisible de la naturaleza - Libros del Zorro Rojo","og_description":"En la naturaleza nada es independiente, los seres vivos est\u00e1n unidos por un n\u00famero infinito de hilos invisibles, v\u00ednculos que el ser humano deber\u00eda respetar","og_url":"https:\/\/librosdelzorrorojo.com\/ca\/cataleg\/el-hilo-invisible-de-la-naturaleza\/","og_site_name":"Libros del Zorro Rojo","article_modified_time":"2024-02-29T10:38:58+00:00","og_image":[{"url":"https:\/\/librosdelzorrorojo.com\/wp-content\/uploads\/2020\/03\/Cover_Hiloinvisible.jpg","type":"","width":"","height":""}],"twitter_card":"summary_large_image","twitter_misc":{"Temps estimat de lectura":"1 minut"},"schema":{"@context":"https:\/\/schema.org","@graph":[{"@type":"WebPage","@id":"https:\/\/librosdelzorrorojo.com\/ca\/cataleg\/el-hilo-invisible-de-la-naturaleza\/","url":"https:\/\/librosdelzorrorojo.com\/ca\/cataleg\/el-hilo-invisible-de-la-naturaleza\/","name":"El hilo invisible de la naturaleza - Libros del Zorro Rojo","isPartOf":{"@id":"https:\/\/librosdelzorrorojo.com\/#website"},"primaryImageOfPage":{"@id":"https:\/\/librosdelzorrorojo.com\/ca\/cataleg\/el-hilo-invisible-de-la-naturaleza\/#primaryimage"},"image":{"@id":"https:\/\/librosdelzorrorojo.com\/ca\/cataleg\/el-hilo-invisible-de-la-naturaleza\/#primaryimage"},"thumbnailUrl":"https:\/\/librosdelzorrorojo.com\/wp-content\/uploads\/2018\/03\/hilo-invisible_cover-e1525274723115.jpg","datePublished":"2000-03-14T11:00:05+00:00","dateModified":"2024-02-29T10:38:58+00:00","description":"En la naturaleza nada es independiente, los seres vivos est\u00e1n unidos por un n\u00famero infinito de hilos invisibles, v\u00ednculos que el ser humano deber\u00eda respetar","breadcrumb":{"@id":"https:\/\/librosdelzorrorojo.com\/ca\/cataleg\/el-hilo-invisible-de-la-naturaleza\/#breadcrumb"},"inLanguage":"ca","potentialAction":[{"@type":"ReadAction","target":["https:\/\/librosdelzorrorojo.com\/ca\/cataleg\/el-hilo-invisible-de-la-naturaleza\/"]}]},{"@type":"ImageObject","inLanguage":"ca","@id":"https:\/\/librosdelzorrorojo.com\/ca\/cataleg\/el-hilo-invisible-de-la-naturaleza\/#primaryimage","url":"https:\/\/librosdelzorrorojo.com\/wp-content\/uploads\/2018\/03\/hilo-invisible_cover-e1525274723115.jpg","contentUrl":"https:\/\/librosdelzorrorojo.com\/wp-content\/uploads\/2018\/03\/hilo-invisible_cover-e1525274723115.jpg","width":850,"height":1276,"caption":"hilo invisible cover e1525274723115"},{"@type":"BreadcrumbList","@id":"https:\/\/librosdelzorrorojo.com\/ca\/cataleg\/el-hilo-invisible-de-la-naturaleza\/#breadcrumb","itemListElement":[{"@type":"ListItem","position":1,"name":"Portada","item":"https:\/\/librosdelzorrorojo.com\/ca\/"},{"@type":"ListItem","position":2,"name":"Cat\u00e0leg","item":"https:\/\/librosdelzorrorojo.com\/ca\/cataleg\/"},{"@type":"ListItem","position":3,"name":"El hilo invisible de la naturaleza"}]},{"@type":"WebSite","@id":"https:\/\/librosdelzorrorojo.com\/#website","url":"https:\/\/librosdelzorrorojo.com\/","name":"Libros del Zorro Rojo","description":"Libros ilustrados","potentialAction":[{"@type":"SearchAction","target":{"@type":"EntryPoint","urlTemplate":"https:\/\/librosdelzorrorojo.com\/?s={search_term_string}"},"query-input":{"@type":"PropertyValueSpecification","valueRequired":true,"valueName":"search_term_string"}}],"inLanguage":"ca"}]}},"_links":{"self":[{"href":"https:\/\/librosdelzorrorojo.com\/ca\/wp-json\/wp\/v2\/product\/12442","targetHints":{"allow":["GET"]}}],"collection":[{"href":"https:\/\/librosdelzorrorojo.com\/ca\/wp-json\/wp\/v2\/product"}],"about":[{"href":"https:\/\/librosdelzorrorojo.com\/ca\/wp-json\/wp\/v2\/types\/product"}],"wp:featuredmedia":[{"embeddable":true,"href":"https:\/\/librosdelzorrorojo.com\/ca\/wp-json\/wp\/v2\/media\/12443"}],"wp:attachment":[{"href":"https:\/\/librosdelzorrorojo.com\/ca\/wp-json\/wp\/v2\/media?parent=12442"}],"wp:term":[{"taxonomy":"product_brand","embeddable":true,"href":"https:\/\/librosdelzorrorojo.com\/ca\/wp-json\/wp\/v2\/product_brand?post=12442"},{"taxonomy":"product_cat","embeddable":true,"href":"https:\/\/librosdelzorrorojo.com\/ca\/wp-json\/wp\/v2\/product_cat?post=12442"},{"taxonomy":"product_tag","embeddable":true,"href":"https:\/\/librosdelzorrorojo.com\/ca\/wp-json\/wp\/v2\/product_tag?post=12442"}],"curies":[{"name":"wp","href":"https:\/\/api.w.org\/{rel}","templated":true}]}}