{"id":12436,"date":"2020-03-08T12:00:29","date_gmt":"2000-03-08T11:00:29","guid":{"rendered":"https:\/\/librosdelzorrorojo.com\/catalogo\/como-encender-un-dragon\/"},"modified":"2024-02-29T11:38:57","modified_gmt":"2024-02-29T10:38:57","slug":"como-encender-un-dragon","status":"publish","type":"product","link":"https:\/\/librosdelzorrorojo.com\/ca\/cataleg\/como-encender-un-dragon\/","title":{"rendered":"C\u00f3mo encender un drag\u00f3n apagado"},"content":{"rendered":"<p>Cualquiera, incluso un drag\u00f3n, puede tener un mal d\u00eda. En este \u00e1lbum, un peque\u00f1o h\u00e9roe dispuesto a todo pondr\u00e1 en marcha una serie de planes, en apariencia infalibles, para que su enorme drag\u00f3n recupere la chispa. Ideas no le faltan: agitarlo por la cola, saltar sobre su barriga, hacerle cosquillas, darle celos, prepararle una tarta\u2026 ser\u00e1n algunas de ellas, pero el caso parece grave, \u00a1grav\u00edsimo!<\/p>\n<p class=\"p1\">Desde la primera p\u00e1gina, estos dos entra\u00f1ables personajes conquistar\u00e1n el coraz\u00f3n de los lectores con su peculiar manera de hallar soluciones a un problema de vital importancia para los m\u00e1s peque\u00f1os: \u00bfqu\u00e9 necesita una mascota (y quien dice \u00abmascota\u00bb dice \u00abun gran amigo\u00bb) para ser feliz? La soluci\u00f3n es mucho m\u00e1s sencilla de lo que parece: est\u00e9 apagado, fr\u00edo o \u00a1helado como un glacial!, dile cu\u00e1nto lo quieres.<\/p>\n<p>Este ingenioso y estimulante \u00e1lbum de gran formato, que habla con ternura de la generosidad y el respeto, destaca por su espectacular propuesta gr\u00e1fica: unas coloridas y vibrantes ilustraciones y un texto escrito a mano que realza la vitalidad y el dinamismo de esta singular historia, a modo de un entra\u00f1able y divertido manual para encender dragones.<\/p>\n<p><span>Hojea el libro\u00a0<a href=\"https:\/\/issuu.com\/librosdelzorrorojo\/docs\/co__moencender_un_drago__n-_1\" target=\"_blank\" data-saferedirecturl=\"https:\/\/www.google.com\/url?hl=es&amp;q=https:\/\/issuu.com\/librosdelzorrorojo\/docs\/issuu_matamoscas&amp;source=gmail&amp;ust=1529402983802000&amp;usg=AFQjCNHIEwtBMcP-UWdba0QwsbVlA_BFsg\" rel=\"noopener noreferrer\"><span style=\"color: #ff0000\">aqu\u00ed<\/span>\u00a0<\/a><\/span><span>|<\/span><span>\u00a0<\/span><span>Mira el\u00a0<\/span><span style=\"color: #ff0000\"><a href=\"https:\/\/www.youtube.com\/watch?v=T2YbQuibPc4\" target=\"_blank\" data-saferedirecturl=\"https:\/\/www.google.com\/url?hl=es&amp;q=https:\/\/www.youtube.com\/watch?v%3DhTa8PjxIg5Y&amp;source=gmail&amp;ust=1529402983803000&amp;usg=AFQjCNFdOJZBXHabMEK0kyAZMou1cZ5wUA\" rel=\"noopener noreferrer\" style=\"color: #ff0000\">booktrailer<\/a><\/span><\/p>\n<p>&nbsp;<\/p>\n<p>&nbsp;<\/p>\n<div data-configid=\"3777890\/44838852\" style=\"width: 500px;height: 400px\" class=\"issuuembed\"><\/div>\n<p>&nbsp;<\/p>\n","protected":false},"excerpt":{"rendered":"Cualquiera, incluso un drag\u00f3n, puede tener un mal d\u00eda. En este \u00e1lbum, un peque\u00f1o h\u00e9roe dispuesto a todo pondr\u00e1 en marcha una serie de planes, en apariencia infalibles, para que su enorme drag\u00f3n recupere la chispa. Ideas no le faltan: agitarlo por la cola, saltar sobre su barriga, hacerle cosquillas, darle celos, prepararle una tarta\u2026 ser\u00e1n algunas de ellas, pero el caso parece grave, \u00a1grav\u00edsimo!","protected":false},"featured_media":12339,"template":"","meta":{"_acf_changed":false},"product_brand":[],"product_cat":[844,843,839],"product_tag":[],"class_list":{"0":"post-12436","1":"product","2":"type-product","3":"status-publish","4":"has-post-thumbnail","6":"product_cat-castella","7":"product_cat-infantiles-ca","8":"product_cat-zona-kids-ca","9":"vinculo-como-encender-un-dragon","11":"first","12":"instock","13":"taxable","14":"shipping-taxable","15":"purchasable","16":"product-type-simple"},"acf":[],"yoast_head":"<!-- This site is optimized with the Yoast SEO plugin v25.1 - https:\/\/yoast.com\/wordpress\/plugins\/seo\/ -->\n<title>C\u00f3mo encender un drag\u00f3n apagado - Libros del Zorro Rojo<\/title>\n<meta name=\"description\" content=\"Cualquiera, incluso un drag\u00f3n, puede tener un mal d\u00eda. En este \u00e1lbum, un peque\u00f1o h\u00e9roe dispuesto a todo pondr\u00e1 en marcha una serie de planes, en apariencia\" \/>\n<meta name=\"robots\" content=\"index, follow, max-snippet:-1, max-image-preview:large, max-video-preview:-1\" \/>\n<link rel=\"canonical\" href=\"https:\/\/librosdelzorrorojo.com\/ca\/cataleg\/como-encender-un-dragon\/\" \/>\n<meta property=\"og:locale\" content=\"ca_ES\" \/>\n<meta property=\"og:type\" content=\"article\" \/>\n<meta property=\"og:title\" content=\"C\u00f3mo encender un drag\u00f3n apagado - Libros del Zorro Rojo\" \/>\n<meta property=\"og:description\" content=\"Cualquiera, incluso un drag\u00f3n, puede tener un mal d\u00eda. En este \u00e1lbum, un peque\u00f1o h\u00e9roe dispuesto a todo pondr\u00e1 en marcha una serie de planes, en apariencia\" \/>\n<meta property=\"og:url\" content=\"https:\/\/librosdelzorrorojo.com\/ca\/cataleg\/como-encender-un-dragon\/\" \/>\n<meta property=\"og:site_name\" content=\"Libros del Zorro Rojo\" \/>\n<meta property=\"article:modified_time\" content=\"2024-02-29T10:38:57+00:00\" \/>\n<meta property=\"og:image\" content=\"https:\/\/librosdelzorrorojo.com\/wp-content\/uploads\/2020\/03\/Comoencenderundragonapagado.jpg\" \/>\n\t<meta property=\"og:image:width\" content=\"1200\" \/>\n\t<meta property=\"og:image:height\" content=\"937\" \/>\n\t<meta property=\"og:image:type\" content=\"image\/jpeg\" \/>\n<meta name=\"twitter:card\" content=\"summary_large_image\" \/>\n<meta name=\"twitter:label1\" content=\"Temps estimat de lectura\" \/>\n\t<meta name=\"twitter:data1\" content=\"1 minut\" \/>\n<script type=\"application\/ld+json\" class=\"yoast-schema-graph\">{\"@context\":\"https:\/\/schema.org\",\"@graph\":[{\"@type\":\"WebPage\",\"@id\":\"https:\/\/librosdelzorrorojo.com\/ca\/cataleg\/como-encender-un-dragon\/\",\"url\":\"https:\/\/librosdelzorrorojo.com\/ca\/cataleg\/como-encender-un-dragon\/\",\"name\":\"C\u00f3mo encender un drag\u00f3n apagado - Libros del Zorro Rojo\",\"isPartOf\":{\"@id\":\"https:\/\/librosdelzorrorojo.com\/#website\"},\"primaryImageOfPage\":{\"@id\":\"https:\/\/librosdelzorrorojo.com\/ca\/cataleg\/como-encender-un-dragon\/#primaryimage\"},\"image\":{\"@id\":\"https:\/\/librosdelzorrorojo.com\/ca\/cataleg\/como-encender-un-dragon\/#primaryimage\"},\"thumbnailUrl\":\"https:\/\/librosdelzorrorojo.com\/wp-content\/uploads\/2017\/11\/libros-del-zorro-rojo-como-encender-un-dragon-apagado-didier-levy-9788494650642-1-e1525355113816.jpg\",\"datePublished\":\"2000-03-08T11:00:29+00:00\",\"dateModified\":\"2024-02-29T10:38:57+00:00\",\"description\":\"Cualquiera, incluso un drag\u00f3n, puede tener un mal d\u00eda. En este \u00e1lbum, un peque\u00f1o h\u00e9roe dispuesto a todo pondr\u00e1 en marcha una serie de planes, en apariencia\",\"breadcrumb\":{\"@id\":\"https:\/\/librosdelzorrorojo.com\/ca\/cataleg\/como-encender-un-dragon\/#breadcrumb\"},\"inLanguage\":\"ca\",\"potentialAction\":[{\"@type\":\"ReadAction\",\"target\":[\"https:\/\/librosdelzorrorojo.com\/ca\/cataleg\/como-encender-un-dragon\/\"]}]},{\"@type\":\"ImageObject\",\"inLanguage\":\"ca\",\"@id\":\"https:\/\/librosdelzorrorojo.com\/ca\/cataleg\/como-encender-un-dragon\/#primaryimage\",\"url\":\"https:\/\/librosdelzorrorojo.com\/wp-content\/uploads\/2017\/11\/libros-del-zorro-rojo-como-encender-un-dragon-apagado-didier-levy-9788494650642-1-e1525355113816.jpg\",\"contentUrl\":\"https:\/\/librosdelzorrorojo.com\/wp-content\/uploads\/2017\/11\/libros-del-zorro-rojo-como-encender-un-dragon-apagado-didier-levy-9788494650642-1-e1525355113816.jpg\",\"width\":850,\"height\":727,\"caption\":\"libros del zorro rojo como encender un dragon apagado didier levy 9788494650642 1 e1525355113816\"},{\"@type\":\"BreadcrumbList\",\"@id\":\"https:\/\/librosdelzorrorojo.com\/ca\/cataleg\/como-encender-un-dragon\/#breadcrumb\",\"itemListElement\":[{\"@type\":\"ListItem\",\"position\":1,\"name\":\"Portada\",\"item\":\"https:\/\/librosdelzorrorojo.com\/ca\/\"},{\"@type\":\"ListItem\",\"position\":2,\"name\":\"Cat\u00e0leg\",\"item\":\"https:\/\/librosdelzorrorojo.com\/ca\/cataleg\/\"},{\"@type\":\"ListItem\",\"position\":3,\"name\":\"C\u00f3mo encender un drag\u00f3n apagado\"}]},{\"@type\":\"WebSite\",\"@id\":\"https:\/\/librosdelzorrorojo.com\/#website\",\"url\":\"https:\/\/librosdelzorrorojo.com\/\",\"name\":\"Libros del Zorro Rojo\",\"description\":\"Libros ilustrados\",\"potentialAction\":[{\"@type\":\"SearchAction\",\"target\":{\"@type\":\"EntryPoint\",\"urlTemplate\":\"https:\/\/librosdelzorrorojo.com\/?s={search_term_string}\"},\"query-input\":{\"@type\":\"PropertyValueSpecification\",\"valueRequired\":true,\"valueName\":\"search_term_string\"}}],\"inLanguage\":\"ca\"}]}<\/script>\n<!-- \/ Yoast SEO plugin. -->","yoast_head_json":{"title":"C\u00f3mo encender un drag\u00f3n apagado - Libros del Zorro Rojo","description":"Cualquiera, incluso un drag\u00f3n, puede tener un mal d\u00eda. En este \u00e1lbum, un peque\u00f1o h\u00e9roe dispuesto a todo pondr\u00e1 en marcha una serie de planes, en apariencia","robots":{"index":"index","follow":"follow","max-snippet":"max-snippet:-1","max-image-preview":"max-image-preview:large","max-video-preview":"max-video-preview:-1"},"canonical":"https:\/\/librosdelzorrorojo.com\/ca\/cataleg\/como-encender-un-dragon\/","og_locale":"ca_ES","og_type":"article","og_title":"C\u00f3mo encender un drag\u00f3n apagado - Libros del Zorro Rojo","og_description":"Cualquiera, incluso un drag\u00f3n, puede tener un mal d\u00eda. En este \u00e1lbum, un peque\u00f1o h\u00e9roe dispuesto a todo pondr\u00e1 en marcha una serie de planes, en apariencia","og_url":"https:\/\/librosdelzorrorojo.com\/ca\/cataleg\/como-encender-un-dragon\/","og_site_name":"Libros del Zorro Rojo","article_modified_time":"2024-02-29T10:38:57+00:00","og_image":[{"width":1200,"height":937,"url":"https:\/\/librosdelzorrorojo.com\/wp-content\/uploads\/2020\/03\/Comoencenderundragonapagado.jpg","type":"image\/jpeg"}],"twitter_card":"summary_large_image","twitter_misc":{"Temps estimat de lectura":"1 minut"},"schema":{"@context":"https:\/\/schema.org","@graph":[{"@type":"WebPage","@id":"https:\/\/librosdelzorrorojo.com\/ca\/cataleg\/como-encender-un-dragon\/","url":"https:\/\/librosdelzorrorojo.com\/ca\/cataleg\/como-encender-un-dragon\/","name":"C\u00f3mo encender un drag\u00f3n apagado - Libros del Zorro Rojo","isPartOf":{"@id":"https:\/\/librosdelzorrorojo.com\/#website"},"primaryImageOfPage":{"@id":"https:\/\/librosdelzorrorojo.com\/ca\/cataleg\/como-encender-un-dragon\/#primaryimage"},"image":{"@id":"https:\/\/librosdelzorrorojo.com\/ca\/cataleg\/como-encender-un-dragon\/#primaryimage"},"thumbnailUrl":"https:\/\/librosdelzorrorojo.com\/wp-content\/uploads\/2017\/11\/libros-del-zorro-rojo-como-encender-un-dragon-apagado-didier-levy-9788494650642-1-e1525355113816.jpg","datePublished":"2000-03-08T11:00:29+00:00","dateModified":"2024-02-29T10:38:57+00:00","description":"Cualquiera, incluso un drag\u00f3n, puede tener un mal d\u00eda. En este \u00e1lbum, un peque\u00f1o h\u00e9roe dispuesto a todo pondr\u00e1 en marcha una serie de planes, en apariencia","breadcrumb":{"@id":"https:\/\/librosdelzorrorojo.com\/ca\/cataleg\/como-encender-un-dragon\/#breadcrumb"},"inLanguage":"ca","potentialAction":[{"@type":"ReadAction","target":["https:\/\/librosdelzorrorojo.com\/ca\/cataleg\/como-encender-un-dragon\/"]}]},{"@type":"ImageObject","inLanguage":"ca","@id":"https:\/\/librosdelzorrorojo.com\/ca\/cataleg\/como-encender-un-dragon\/#primaryimage","url":"https:\/\/librosdelzorrorojo.com\/wp-content\/uploads\/2017\/11\/libros-del-zorro-rojo-como-encender-un-dragon-apagado-didier-levy-9788494650642-1-e1525355113816.jpg","contentUrl":"https:\/\/librosdelzorrorojo.com\/wp-content\/uploads\/2017\/11\/libros-del-zorro-rojo-como-encender-un-dragon-apagado-didier-levy-9788494650642-1-e1525355113816.jpg","width":850,"height":727,"caption":"libros del zorro rojo como encender un dragon apagado didier levy 9788494650642 1 e1525355113816"},{"@type":"BreadcrumbList","@id":"https:\/\/librosdelzorrorojo.com\/ca\/cataleg\/como-encender-un-dragon\/#breadcrumb","itemListElement":[{"@type":"ListItem","position":1,"name":"Portada","item":"https:\/\/librosdelzorrorojo.com\/ca\/"},{"@type":"ListItem","position":2,"name":"Cat\u00e0leg","item":"https:\/\/librosdelzorrorojo.com\/ca\/cataleg\/"},{"@type":"ListItem","position":3,"name":"C\u00f3mo encender un drag\u00f3n apagado"}]},{"@type":"WebSite","@id":"https:\/\/librosdelzorrorojo.com\/#website","url":"https:\/\/librosdelzorrorojo.com\/","name":"Libros del Zorro Rojo","description":"Libros ilustrados","potentialAction":[{"@type":"SearchAction","target":{"@type":"EntryPoint","urlTemplate":"https:\/\/librosdelzorrorojo.com\/?s={search_term_string}"},"query-input":{"@type":"PropertyValueSpecification","valueRequired":true,"valueName":"search_term_string"}}],"inLanguage":"ca"}]}},"_links":{"self":[{"href":"https:\/\/librosdelzorrorojo.com\/ca\/wp-json\/wp\/v2\/product\/12436","targetHints":{"allow":["GET"]}}],"collection":[{"href":"https:\/\/librosdelzorrorojo.com\/ca\/wp-json\/wp\/v2\/product"}],"about":[{"href":"https:\/\/librosdelzorrorojo.com\/ca\/wp-json\/wp\/v2\/types\/product"}],"wp:featuredmedia":[{"embeddable":true,"href":"https:\/\/librosdelzorrorojo.com\/ca\/wp-json\/wp\/v2\/media\/12339"}],"wp:attachment":[{"href":"https:\/\/librosdelzorrorojo.com\/ca\/wp-json\/wp\/v2\/media?parent=12436"}],"wp:term":[{"taxonomy":"product_brand","embeddable":true,"href":"https:\/\/librosdelzorrorojo.com\/ca\/wp-json\/wp\/v2\/product_brand?post=12436"},{"taxonomy":"product_cat","embeddable":true,"href":"https:\/\/librosdelzorrorojo.com\/ca\/wp-json\/wp\/v2\/product_cat?post=12436"},{"taxonomy":"product_tag","embeddable":true,"href":"https:\/\/librosdelzorrorojo.com\/ca\/wp-json\/wp\/v2\/product_tag?post=12436"}],"curies":[{"name":"wp","href":"https:\/\/api.w.org\/{rel}","templated":true}]}}