{"id":12316,"date":"2000-10-31T18:26:43","date_gmt":"2000-10-31T17:26:43","guid":{"rendered":"https:\/\/librosdelzorrorojo.com\/catalogo\/hombre-luna\/"},"modified":"2024-03-01T09:19:00","modified_gmt":"2024-03-01T08:19:00","slug":"hombre-luna","status":"publish","type":"product","link":"https:\/\/librosdelzorrorojo.com\/ca\/cataleg\/hombre-luna\/","title":{"rendered":"Hombre Luna"},"content":{"rendered":"<p><span>Todas las noches Hombre Luna contempla a los seres humanos desde el espacio y alberga en su interior el deseo de reunirse con ellos. Un d\u00eda, sobre la cola de un cometa, emprende su ansiado viaje a nuestro planeta. Sin embargo, su curiosidad pronto se transforma en padecimiento porque los humanos no lo ver\u00e1n como un amigo, sino como un extra\u00f1o, como un invasor.<br \/>\nHombre Luna es una de las grandes creaciones de Tomi Ungerer, el celebrado autor de<i>\u00a0Los tres bandidos,<\/i>\u00a0que en 1998 recibiera el Premio Andersen. Publicado por primera vez en 1967,\u00a0<i>Hombre Luna<\/i>\u00a0ha sido traducido desde entonces a m\u00e1s de quince lenguas y se ha transformado en un cl\u00e1sico contempor\u00e1neo de la literatura infantil.<\/span><\/p>\n<p>&nbsp;<\/p>\n","protected":false},"excerpt":{"rendered":"Todas las noches Hombre Luna contempla a los seres humanos desde el espacio y alberga en su interior el deseo de reunirse con ellos. Un d\u00eda, sobre la cola de un cometa, emprende su ansiado viaje a nuestro planeta. Sin embargo, su curiosidad pronto se transforma en padecimiento porque los humanos no lo ver\u00e1n como [&hellip;]","protected":false},"featured_media":11505,"template":"","meta":{"_acf_changed":false},"product_brand":[],"product_cat":[844,843],"product_tag":[],"class_list":{"0":"post-12316","1":"product","2":"type-product","3":"status-publish","4":"has-post-thumbnail","6":"product_cat-castella","7":"product_cat-infantiles-ca","9":"first","10":"instock","11":"taxable","12":"shipping-taxable","13":"purchasable","14":"product-type-simple"},"acf":[],"yoast_head":"<!-- This site is optimized with the Yoast SEO plugin v25.1 - https:\/\/yoast.com\/wordpress\/plugins\/seo\/ -->\n<title>Hombre Luna - Libros del Zorro Rojo<\/title>\n<meta name=\"description\" content=\"Todas las noches Hombre Luna contempla a los seres humanos desde el espacio y alberga en su interior el deseo de reunirse con ellos. Un d\u00eda, sobre la\" \/>\n<meta name=\"robots\" content=\"index, follow, max-snippet:-1, max-image-preview:large, max-video-preview:-1\" \/>\n<link rel=\"canonical\" href=\"https:\/\/librosdelzorrorojo.com\/ca\/cataleg\/hombre-luna\/\" \/>\n<meta property=\"og:locale\" content=\"ca_ES\" \/>\n<meta property=\"og:type\" content=\"article\" \/>\n<meta property=\"og:title\" content=\"Hombre Luna - Libros del Zorro Rojo\" \/>\n<meta property=\"og:description\" content=\"Todas las noches Hombre Luna contempla a los seres humanos desde el espacio y alberga en su interior el deseo de reunirse con ellos. Un d\u00eda, sobre la\" \/>\n<meta property=\"og:url\" content=\"https:\/\/librosdelzorrorojo.com\/ca\/cataleg\/hombre-luna\/\" \/>\n<meta property=\"og:site_name\" content=\"Libros del Zorro Rojo\" \/>\n<meta property=\"article:modified_time\" content=\"2024-03-01T08:19:00+00:00\" \/>\n<meta property=\"og:image\" content=\"https:\/\/librosdelzorrorojo.com\/wp-content\/uploads\/2000\/10\/Cover_Hombre-Luna-WEB.png\" \/>\n\t<meta property=\"og:image:width\" content=\"850\" \/>\n\t<meta property=\"og:image:height\" content=\"1147\" \/>\n\t<meta property=\"og:image:type\" content=\"image\/png\" \/>\n<meta name=\"twitter:card\" content=\"summary_large_image\" \/>\n<meta name=\"twitter:label1\" content=\"Temps estimat de lectura\" \/>\n\t<meta name=\"twitter:data1\" content=\"1 minut\" \/>\n<script type=\"application\/ld+json\" class=\"yoast-schema-graph\">{\"@context\":\"https:\/\/schema.org\",\"@graph\":[{\"@type\":\"WebPage\",\"@id\":\"https:\/\/librosdelzorrorojo.com\/ca\/cataleg\/hombre-luna\/\",\"url\":\"https:\/\/librosdelzorrorojo.com\/ca\/cataleg\/hombre-luna\/\",\"name\":\"Hombre Luna - Libros del Zorro Rojo\",\"isPartOf\":{\"@id\":\"https:\/\/librosdelzorrorojo.com\/#website\"},\"primaryImageOfPage\":{\"@id\":\"https:\/\/librosdelzorrorojo.com\/ca\/cataleg\/hombre-luna\/#primaryimage\"},\"image\":{\"@id\":\"https:\/\/librosdelzorrorojo.com\/ca\/cataleg\/hombre-luna\/#primaryimage\"},\"thumbnailUrl\":\"https:\/\/librosdelzorrorojo.com\/wp-content\/uploads\/2000\/10\/Cover_Hombre-Luna-WEB.png\",\"datePublished\":\"2000-10-31T17:26:43+00:00\",\"dateModified\":\"2024-03-01T08:19:00+00:00\",\"description\":\"Todas las noches Hombre Luna contempla a los seres humanos desde el espacio y alberga en su interior el deseo de reunirse con ellos. Un d\u00eda, sobre la\",\"breadcrumb\":{\"@id\":\"https:\/\/librosdelzorrorojo.com\/ca\/cataleg\/hombre-luna\/#breadcrumb\"},\"inLanguage\":\"ca\",\"potentialAction\":[{\"@type\":\"ReadAction\",\"target\":[\"https:\/\/librosdelzorrorojo.com\/ca\/cataleg\/hombre-luna\/\"]}]},{\"@type\":\"ImageObject\",\"inLanguage\":\"ca\",\"@id\":\"https:\/\/librosdelzorrorojo.com\/ca\/cataleg\/hombre-luna\/#primaryimage\",\"url\":\"https:\/\/librosdelzorrorojo.com\/wp-content\/uploads\/2000\/10\/Cover_Hombre-Luna-WEB.png\",\"contentUrl\":\"https:\/\/librosdelzorrorojo.com\/wp-content\/uploads\/2000\/10\/Cover_Hombre-Luna-WEB.png\",\"width\":850,\"height\":1147,\"caption\":\"Cover Hombre Luna WEB\"},{\"@type\":\"BreadcrumbList\",\"@id\":\"https:\/\/librosdelzorrorojo.com\/ca\/cataleg\/hombre-luna\/#breadcrumb\",\"itemListElement\":[{\"@type\":\"ListItem\",\"position\":1,\"name\":\"Portada\",\"item\":\"https:\/\/librosdelzorrorojo.com\/ca\/\"},{\"@type\":\"ListItem\",\"position\":2,\"name\":\"Cat\u00e0leg\",\"item\":\"https:\/\/librosdelzorrorojo.com\/ca\/cataleg\/\"},{\"@type\":\"ListItem\",\"position\":3,\"name\":\"Hombre Luna\"}]},{\"@type\":\"WebSite\",\"@id\":\"https:\/\/librosdelzorrorojo.com\/#website\",\"url\":\"https:\/\/librosdelzorrorojo.com\/\",\"name\":\"Libros del Zorro Rojo\",\"description\":\"Libros ilustrados\",\"potentialAction\":[{\"@type\":\"SearchAction\",\"target\":{\"@type\":\"EntryPoint\",\"urlTemplate\":\"https:\/\/librosdelzorrorojo.com\/?s={search_term_string}\"},\"query-input\":{\"@type\":\"PropertyValueSpecification\",\"valueRequired\":true,\"valueName\":\"search_term_string\"}}],\"inLanguage\":\"ca\"}]}<\/script>\n<!-- \/ Yoast SEO plugin. -->","yoast_head_json":{"title":"Hombre Luna - Libros del Zorro Rojo","description":"Todas las noches Hombre Luna contempla a los seres humanos desde el espacio y alberga en su interior el deseo de reunirse con ellos. Un d\u00eda, sobre la","robots":{"index":"index","follow":"follow","max-snippet":"max-snippet:-1","max-image-preview":"max-image-preview:large","max-video-preview":"max-video-preview:-1"},"canonical":"https:\/\/librosdelzorrorojo.com\/ca\/cataleg\/hombre-luna\/","og_locale":"ca_ES","og_type":"article","og_title":"Hombre Luna - Libros del Zorro Rojo","og_description":"Todas las noches Hombre Luna contempla a los seres humanos desde el espacio y alberga en su interior el deseo de reunirse con ellos. Un d\u00eda, sobre la","og_url":"https:\/\/librosdelzorrorojo.com\/ca\/cataleg\/hombre-luna\/","og_site_name":"Libros del Zorro Rojo","article_modified_time":"2024-03-01T08:19:00+00:00","og_image":[{"width":850,"height":1147,"url":"https:\/\/librosdelzorrorojo.com\/wp-content\/uploads\/2000\/10\/Cover_Hombre-Luna-WEB.png","type":"image\/png"}],"twitter_card":"summary_large_image","twitter_misc":{"Temps estimat de lectura":"1 minut"},"schema":{"@context":"https:\/\/schema.org","@graph":[{"@type":"WebPage","@id":"https:\/\/librosdelzorrorojo.com\/ca\/cataleg\/hombre-luna\/","url":"https:\/\/librosdelzorrorojo.com\/ca\/cataleg\/hombre-luna\/","name":"Hombre Luna - Libros del Zorro Rojo","isPartOf":{"@id":"https:\/\/librosdelzorrorojo.com\/#website"},"primaryImageOfPage":{"@id":"https:\/\/librosdelzorrorojo.com\/ca\/cataleg\/hombre-luna\/#primaryimage"},"image":{"@id":"https:\/\/librosdelzorrorojo.com\/ca\/cataleg\/hombre-luna\/#primaryimage"},"thumbnailUrl":"https:\/\/librosdelzorrorojo.com\/wp-content\/uploads\/2000\/10\/Cover_Hombre-Luna-WEB.png","datePublished":"2000-10-31T17:26:43+00:00","dateModified":"2024-03-01T08:19:00+00:00","description":"Todas las noches Hombre Luna contempla a los seres humanos desde el espacio y alberga en su interior el deseo de reunirse con ellos. Un d\u00eda, sobre la","breadcrumb":{"@id":"https:\/\/librosdelzorrorojo.com\/ca\/cataleg\/hombre-luna\/#breadcrumb"},"inLanguage":"ca","potentialAction":[{"@type":"ReadAction","target":["https:\/\/librosdelzorrorojo.com\/ca\/cataleg\/hombre-luna\/"]}]},{"@type":"ImageObject","inLanguage":"ca","@id":"https:\/\/librosdelzorrorojo.com\/ca\/cataleg\/hombre-luna\/#primaryimage","url":"https:\/\/librosdelzorrorojo.com\/wp-content\/uploads\/2000\/10\/Cover_Hombre-Luna-WEB.png","contentUrl":"https:\/\/librosdelzorrorojo.com\/wp-content\/uploads\/2000\/10\/Cover_Hombre-Luna-WEB.png","width":850,"height":1147,"caption":"Cover Hombre Luna WEB"},{"@type":"BreadcrumbList","@id":"https:\/\/librosdelzorrorojo.com\/ca\/cataleg\/hombre-luna\/#breadcrumb","itemListElement":[{"@type":"ListItem","position":1,"name":"Portada","item":"https:\/\/librosdelzorrorojo.com\/ca\/"},{"@type":"ListItem","position":2,"name":"Cat\u00e0leg","item":"https:\/\/librosdelzorrorojo.com\/ca\/cataleg\/"},{"@type":"ListItem","position":3,"name":"Hombre Luna"}]},{"@type":"WebSite","@id":"https:\/\/librosdelzorrorojo.com\/#website","url":"https:\/\/librosdelzorrorojo.com\/","name":"Libros del Zorro Rojo","description":"Libros ilustrados","potentialAction":[{"@type":"SearchAction","target":{"@type":"EntryPoint","urlTemplate":"https:\/\/librosdelzorrorojo.com\/?s={search_term_string}"},"query-input":{"@type":"PropertyValueSpecification","valueRequired":true,"valueName":"search_term_string"}}],"inLanguage":"ca"}]}},"_links":{"self":[{"href":"https:\/\/librosdelzorrorojo.com\/ca\/wp-json\/wp\/v2\/product\/12316","targetHints":{"allow":["GET"]}}],"collection":[{"href":"https:\/\/librosdelzorrorojo.com\/ca\/wp-json\/wp\/v2\/product"}],"about":[{"href":"https:\/\/librosdelzorrorojo.com\/ca\/wp-json\/wp\/v2\/types\/product"}],"wp:featuredmedia":[{"embeddable":true,"href":"https:\/\/librosdelzorrorojo.com\/ca\/wp-json\/wp\/v2\/media\/11505"}],"wp:attachment":[{"href":"https:\/\/librosdelzorrorojo.com\/ca\/wp-json\/wp\/v2\/media?parent=12316"}],"wp:term":[{"taxonomy":"product_brand","embeddable":true,"href":"https:\/\/librosdelzorrorojo.com\/ca\/wp-json\/wp\/v2\/product_brand?post=12316"},{"taxonomy":"product_cat","embeddable":true,"href":"https:\/\/librosdelzorrorojo.com\/ca\/wp-json\/wp\/v2\/product_cat?post=12316"},{"taxonomy":"product_tag","embeddable":true,"href":"https:\/\/librosdelzorrorojo.com\/ca\/wp-json\/wp\/v2\/product_tag?post=12316"}],"curies":[{"name":"wp","href":"https:\/\/api.w.org\/{rel}","templated":true}]}}