{"id":12315,"date":"2000-10-31T18:28:07","date_gmt":"2000-10-31T17:28:07","guid":{"rendered":"https:\/\/librosdelzorrorojo.com\/catalogo\/kamasutra\/"},"modified":"2024-02-29T11:38:53","modified_gmt":"2024-02-29T10:38:53","slug":"kamasutra","status":"publish","type":"product","link":"https:\/\/librosdelzorrorojo.com\/ca\/cataleg\/kamasutra\/","title":{"rendered":"Kamasutra"},"content":{"rendered":"<p><span>Las reglas del Sutra alcanzan mientras la pasi\u00f3n de hombres y mujeres resulta mediana, pero una vez en movimiento la rueda del placer, ya no existe Sutra ni orden. La presente edici\u00f3n del Kama Sutra invita a lectores y lectoras a disfrutar de la uni\u00f3n entre la literatura er\u00f3tica y el arte. Singulares ediciones combinan textos notables y cuidadas traducciones, con las interpretaciones de los artistas m\u00e1s prestigiosos.<\/span><\/p>\n","protected":false},"excerpt":{"rendered":"<span>Las reglas del Sutra alcanzan mientras la pasi\u00f3n de hombres y mujeres resulta mediana, pero una vez en movimiento la rueda del placer, ya no existe Sutra ni orden. La presente edici\u00f3n del Kama Sutra invita a lectores y lectoras a disfrutar de la uni\u00f3n entre la literatura er\u00f3tica y el arte. Singulares ediciones combinan textos notables y cuidadas traducciones, con las interpretaciones de los artistas m\u00e1s prestigiosos.<\/span>","protected":false},"featured_media":11698,"template":"","meta":{"_acf_changed":false},"product_brand":[],"product_cat":[844,3156],"product_tag":[],"class_list":{"0":"post-12315","1":"product","2":"type-product","3":"status-publish","4":"has-post-thumbnail","6":"product_cat-castella","7":"product_cat-juvenil-adult","9":"first","10":"instock","11":"taxable","12":"shipping-taxable","13":"purchasable","14":"product-type-simple"},"acf":[],"yoast_head":"<!-- This site is optimized with the Yoast SEO plugin v25.1 - https:\/\/yoast.com\/wordpress\/plugins\/seo\/ -->\n<title>Kamasutra - Libros del Zorro Rojo<\/title>\n<meta name=\"description\" content=\"Las reglas del Sutra alcanzan mientras la pasi\u00f3n de hombres y mujeres resulta mediana, pero una vez en movimiento la rueda del placer, ya no existe Sutra\" \/>\n<meta name=\"robots\" content=\"index, follow, max-snippet:-1, max-image-preview:large, max-video-preview:-1\" \/>\n<link rel=\"canonical\" href=\"https:\/\/librosdelzorrorojo.com\/ca\/cataleg\/kamasutra\/\" \/>\n<meta property=\"og:locale\" content=\"ca_ES\" \/>\n<meta property=\"og:type\" content=\"article\" \/>\n<meta property=\"og:title\" content=\"Kamasutra - Libros del Zorro Rojo\" \/>\n<meta property=\"og:description\" content=\"Las reglas del Sutra alcanzan mientras la pasi\u00f3n de hombres y mujeres resulta mediana, pero una vez en movimiento la rueda del placer, ya no existe Sutra\" \/>\n<meta property=\"og:url\" content=\"https:\/\/librosdelzorrorojo.com\/ca\/cataleg\/kamasutra\/\" \/>\n<meta property=\"og:site_name\" content=\"Libros del Zorro Rojo\" \/>\n<meta property=\"article:modified_time\" content=\"2024-02-29T10:38:53+00:00\" \/>\n<meta property=\"og:image\" content=\"https:\/\/librosdelzorrorojo.com\/wp-content\/uploads\/2000\/10\/Cover_Kamasutra.gif\" \/>\n\t<meta property=\"og:image:width\" content=\"850\" \/>\n\t<meta property=\"og:image:height\" content=\"1204\" \/>\n\t<meta property=\"og:image:type\" content=\"image\/gif\" \/>\n<meta name=\"twitter:card\" content=\"summary_large_image\" \/>\n<script type=\"application\/ld+json\" class=\"yoast-schema-graph\">{\"@context\":\"https:\/\/schema.org\",\"@graph\":[{\"@type\":\"WebPage\",\"@id\":\"https:\/\/librosdelzorrorojo.com\/ca\/cataleg\/kamasutra\/\",\"url\":\"https:\/\/librosdelzorrorojo.com\/ca\/cataleg\/kamasutra\/\",\"name\":\"Kamasutra - Libros del Zorro Rojo\",\"isPartOf\":{\"@id\":\"https:\/\/librosdelzorrorojo.com\/#website\"},\"primaryImageOfPage\":{\"@id\":\"https:\/\/librosdelzorrorojo.com\/ca\/cataleg\/kamasutra\/#primaryimage\"},\"image\":{\"@id\":\"https:\/\/librosdelzorrorojo.com\/ca\/cataleg\/kamasutra\/#primaryimage\"},\"thumbnailUrl\":\"https:\/\/librosdelzorrorojo.com\/wp-content\/uploads\/2000\/10\/Cover_Kamasutra.gif\",\"datePublished\":\"2000-10-31T17:28:07+00:00\",\"dateModified\":\"2024-02-29T10:38:53+00:00\",\"description\":\"Las reglas del Sutra alcanzan mientras la pasi\u00f3n de hombres y mujeres resulta mediana, pero una vez en movimiento la rueda del placer, ya no existe Sutra\",\"breadcrumb\":{\"@id\":\"https:\/\/librosdelzorrorojo.com\/ca\/cataleg\/kamasutra\/#breadcrumb\"},\"inLanguage\":\"ca\",\"potentialAction\":[{\"@type\":\"ReadAction\",\"target\":[\"https:\/\/librosdelzorrorojo.com\/ca\/cataleg\/kamasutra\/\"]}]},{\"@type\":\"ImageObject\",\"inLanguage\":\"ca\",\"@id\":\"https:\/\/librosdelzorrorojo.com\/ca\/cataleg\/kamasutra\/#primaryimage\",\"url\":\"https:\/\/librosdelzorrorojo.com\/wp-content\/uploads\/2000\/10\/Cover_Kamasutra.gif\",\"contentUrl\":\"https:\/\/librosdelzorrorojo.com\/wp-content\/uploads\/2000\/10\/Cover_Kamasutra.gif\",\"width\":850,\"height\":1204,\"caption\":\"Cover Kamasutra\"},{\"@type\":\"BreadcrumbList\",\"@id\":\"https:\/\/librosdelzorrorojo.com\/ca\/cataleg\/kamasutra\/#breadcrumb\",\"itemListElement\":[{\"@type\":\"ListItem\",\"position\":1,\"name\":\"Portada\",\"item\":\"https:\/\/librosdelzorrorojo.com\/ca\/\"},{\"@type\":\"ListItem\",\"position\":2,\"name\":\"Cat\u00e0leg\",\"item\":\"https:\/\/librosdelzorrorojo.com\/ca\/cataleg\/\"},{\"@type\":\"ListItem\",\"position\":3,\"name\":\"Kamasutra\"}]},{\"@type\":\"WebSite\",\"@id\":\"https:\/\/librosdelzorrorojo.com\/#website\",\"url\":\"https:\/\/librosdelzorrorojo.com\/\",\"name\":\"Libros del Zorro Rojo\",\"description\":\"Libros ilustrados\",\"potentialAction\":[{\"@type\":\"SearchAction\",\"target\":{\"@type\":\"EntryPoint\",\"urlTemplate\":\"https:\/\/librosdelzorrorojo.com\/?s={search_term_string}\"},\"query-input\":{\"@type\":\"PropertyValueSpecification\",\"valueRequired\":true,\"valueName\":\"search_term_string\"}}],\"inLanguage\":\"ca\"}]}<\/script>\n<!-- \/ Yoast SEO plugin. -->","yoast_head_json":{"title":"Kamasutra - Libros del Zorro Rojo","description":"Las reglas del Sutra alcanzan mientras la pasi\u00f3n de hombres y mujeres resulta mediana, pero una vez en movimiento la rueda del placer, ya no existe Sutra","robots":{"index":"index","follow":"follow","max-snippet":"max-snippet:-1","max-image-preview":"max-image-preview:large","max-video-preview":"max-video-preview:-1"},"canonical":"https:\/\/librosdelzorrorojo.com\/ca\/cataleg\/kamasutra\/","og_locale":"ca_ES","og_type":"article","og_title":"Kamasutra - Libros del Zorro Rojo","og_description":"Las reglas del Sutra alcanzan mientras la pasi\u00f3n de hombres y mujeres resulta mediana, pero una vez en movimiento la rueda del placer, ya no existe Sutra","og_url":"https:\/\/librosdelzorrorojo.com\/ca\/cataleg\/kamasutra\/","og_site_name":"Libros del Zorro Rojo","article_modified_time":"2024-02-29T10:38:53+00:00","og_image":[{"width":850,"height":1204,"url":"https:\/\/librosdelzorrorojo.com\/wp-content\/uploads\/2000\/10\/Cover_Kamasutra.gif","type":"image\/gif"}],"twitter_card":"summary_large_image","schema":{"@context":"https:\/\/schema.org","@graph":[{"@type":"WebPage","@id":"https:\/\/librosdelzorrorojo.com\/ca\/cataleg\/kamasutra\/","url":"https:\/\/librosdelzorrorojo.com\/ca\/cataleg\/kamasutra\/","name":"Kamasutra - Libros del Zorro Rojo","isPartOf":{"@id":"https:\/\/librosdelzorrorojo.com\/#website"},"primaryImageOfPage":{"@id":"https:\/\/librosdelzorrorojo.com\/ca\/cataleg\/kamasutra\/#primaryimage"},"image":{"@id":"https:\/\/librosdelzorrorojo.com\/ca\/cataleg\/kamasutra\/#primaryimage"},"thumbnailUrl":"https:\/\/librosdelzorrorojo.com\/wp-content\/uploads\/2000\/10\/Cover_Kamasutra.gif","datePublished":"2000-10-31T17:28:07+00:00","dateModified":"2024-02-29T10:38:53+00:00","description":"Las reglas del Sutra alcanzan mientras la pasi\u00f3n de hombres y mujeres resulta mediana, pero una vez en movimiento la rueda del placer, ya no existe Sutra","breadcrumb":{"@id":"https:\/\/librosdelzorrorojo.com\/ca\/cataleg\/kamasutra\/#breadcrumb"},"inLanguage":"ca","potentialAction":[{"@type":"ReadAction","target":["https:\/\/librosdelzorrorojo.com\/ca\/cataleg\/kamasutra\/"]}]},{"@type":"ImageObject","inLanguage":"ca","@id":"https:\/\/librosdelzorrorojo.com\/ca\/cataleg\/kamasutra\/#primaryimage","url":"https:\/\/librosdelzorrorojo.com\/wp-content\/uploads\/2000\/10\/Cover_Kamasutra.gif","contentUrl":"https:\/\/librosdelzorrorojo.com\/wp-content\/uploads\/2000\/10\/Cover_Kamasutra.gif","width":850,"height":1204,"caption":"Cover Kamasutra"},{"@type":"BreadcrumbList","@id":"https:\/\/librosdelzorrorojo.com\/ca\/cataleg\/kamasutra\/#breadcrumb","itemListElement":[{"@type":"ListItem","position":1,"name":"Portada","item":"https:\/\/librosdelzorrorojo.com\/ca\/"},{"@type":"ListItem","position":2,"name":"Cat\u00e0leg","item":"https:\/\/librosdelzorrorojo.com\/ca\/cataleg\/"},{"@type":"ListItem","position":3,"name":"Kamasutra"}]},{"@type":"WebSite","@id":"https:\/\/librosdelzorrorojo.com\/#website","url":"https:\/\/librosdelzorrorojo.com\/","name":"Libros del Zorro Rojo","description":"Libros ilustrados","potentialAction":[{"@type":"SearchAction","target":{"@type":"EntryPoint","urlTemplate":"https:\/\/librosdelzorrorojo.com\/?s={search_term_string}"},"query-input":{"@type":"PropertyValueSpecification","valueRequired":true,"valueName":"search_term_string"}}],"inLanguage":"ca"}]}},"_links":{"self":[{"href":"https:\/\/librosdelzorrorojo.com\/ca\/wp-json\/wp\/v2\/product\/12315","targetHints":{"allow":["GET"]}}],"collection":[{"href":"https:\/\/librosdelzorrorojo.com\/ca\/wp-json\/wp\/v2\/product"}],"about":[{"href":"https:\/\/librosdelzorrorojo.com\/ca\/wp-json\/wp\/v2\/types\/product"}],"wp:featuredmedia":[{"embeddable":true,"href":"https:\/\/librosdelzorrorojo.com\/ca\/wp-json\/wp\/v2\/media\/11698"}],"wp:attachment":[{"href":"https:\/\/librosdelzorrorojo.com\/ca\/wp-json\/wp\/v2\/media?parent=12315"}],"wp:term":[{"taxonomy":"product_brand","embeddable":true,"href":"https:\/\/librosdelzorrorojo.com\/ca\/wp-json\/wp\/v2\/product_brand?post=12315"},{"taxonomy":"product_cat","embeddable":true,"href":"https:\/\/librosdelzorrorojo.com\/ca\/wp-json\/wp\/v2\/product_cat?post=12315"},{"taxonomy":"product_tag","embeddable":true,"href":"https:\/\/librosdelzorrorojo.com\/ca\/wp-json\/wp\/v2\/product_tag?post=12315"}],"curies":[{"name":"wp","href":"https:\/\/api.w.org\/{rel}","templated":true}]}}