{"id":12313,"date":"2020-10-31T18:31:34","date_gmt":"2020-10-31T17:31:34","guid":{"rendered":"https:\/\/librosdelzorrorojo.com\/catalogo\/la-leyenda-del-santo-bebedor\/"},"modified":"2024-03-01T09:19:15","modified_gmt":"2024-03-01T08:19:15","slug":"la-leyenda-del-santo-bebedor","status":"publish","type":"product","link":"https:\/\/librosdelzorrorojo.com\/ca\/cataleg\/la-leyenda-del-santo-bebedor\/","title":{"rendered":"La leyenda del Santo Bebedor"},"content":{"rendered":"<p><span>Bajo los puentes del Sena acampa el clochard Andreas Kartak, originario, como Roth, de los confines orientales del Imperio austroh\u00fangaro. Ser\u00e1 all\u00ed, en las escalinatas de piedra de uno de esos puentes, donde el azar cambiar\u00e1 por completo su vida cuando un caballero de edad madura y bien trajeado le ofrece doscientos francos para salir de la indigencia. Su conciencia y honradez le impiden aceptar el dinero porque intuye que jam\u00e1s podr\u00e1 devolverlo. Solo la condici\u00f3n de restituirlos a santa Teresita de Lisieux de la iglesia de Sainte Marie des Batignolles le har\u00e1 cambiar de opini\u00f3n.<\/span><\/p>\n","protected":false},"excerpt":{"rendered":"<span>Bajo los puentes del Sena acampa el clochard Andreas Kartak, originario, como Roth, de los confines orientales del Imperio austroh\u00fangaro. Ser\u00e1 all\u00ed, en las escalinatas de piedra de uno de esos puentes, donde el azar cambiar\u00e1 por completo su vida cuando un caballero de edad madura y bien trajeado le ofrece doscientos francos para salir de la indigencia. Su conciencia y honradez le impiden aceptar el dinero porque intuye que jam\u00e1s podr\u00e1 devolverlo. Solo la condici\u00f3n de restituirlos a santa Teresita de Lisieux de la iglesia de Sainte Marie des Batignolles le har\u00e1 cambiar de opini\u00f3n.<\/span>","protected":false},"featured_media":11663,"template":"","meta":{"_acf_changed":false},"product_brand":[],"product_cat":[844,3156],"product_tag":[],"class_list":{"0":"post-12313","1":"product","2":"type-product","3":"status-publish","4":"has-post-thumbnail","6":"product_cat-castella","7":"product_cat-juvenil-adult","9":"first","10":"outofstock","11":"taxable","12":"shipping-taxable","13":"purchasable","14":"product-type-simple"},"acf":[],"yoast_head":"<!-- This site is optimized with the Yoast SEO plugin v25.1 - https:\/\/yoast.com\/wordpress\/plugins\/seo\/ -->\n<title>La leyenda del Santo Bebedor - Libros del Zorro Rojo<\/title>\n<meta name=\"description\" content=\"Bajo los puentes del Sena acampa el clochard Andreas Kartak, originario, como Roth, de los confines orientales del Imperio austroh\u00fangaro.\" \/>\n<meta name=\"robots\" content=\"index, follow, max-snippet:-1, max-image-preview:large, max-video-preview:-1\" \/>\n<link rel=\"canonical\" href=\"https:\/\/librosdelzorrorojo.com\/ca\/cataleg\/la-leyenda-del-santo-bebedor\/\" \/>\n<meta property=\"og:locale\" content=\"ca_ES\" \/>\n<meta property=\"og:type\" content=\"article\" \/>\n<meta property=\"og:title\" content=\"La leyenda del Santo Bebedor - Libros del Zorro Rojo\" \/>\n<meta property=\"og:description\" content=\"Bajo los puentes del Sena acampa el clochard Andreas Kartak, originario, como Roth, de los confines orientales del Imperio austroh\u00fangaro.\" \/>\n<meta property=\"og:url\" content=\"https:\/\/librosdelzorrorojo.com\/ca\/cataleg\/la-leyenda-del-santo-bebedor\/\" \/>\n<meta property=\"og:site_name\" content=\"Libros del Zorro Rojo\" \/>\n<meta property=\"article:modified_time\" content=\"2024-03-01T08:19:15+00:00\" \/>\n<meta property=\"og:image\" content=\"https:\/\/librosdelzorrorojo.com\/wp-content\/uploads\/2000\/10\/Cover_El-santo-bebedor-WEB.jpg\" \/>\n\t<meta property=\"og:image:width\" content=\"1335\" \/>\n\t<meta property=\"og:image:height\" content=\"1933\" \/>\n\t<meta property=\"og:image:type\" content=\"image\/jpeg\" \/>\n<meta name=\"twitter:card\" content=\"summary_large_image\" \/>\n<meta name=\"twitter:label1\" content=\"Temps estimat de lectura\" \/>\n\t<meta name=\"twitter:data1\" content=\"1 minut\" \/>\n<script type=\"application\/ld+json\" class=\"yoast-schema-graph\">{\"@context\":\"https:\/\/schema.org\",\"@graph\":[{\"@type\":\"WebPage\",\"@id\":\"https:\/\/librosdelzorrorojo.com\/ca\/cataleg\/la-leyenda-del-santo-bebedor\/\",\"url\":\"https:\/\/librosdelzorrorojo.com\/ca\/cataleg\/la-leyenda-del-santo-bebedor\/\",\"name\":\"La leyenda del Santo Bebedor - Libros del Zorro Rojo\",\"isPartOf\":{\"@id\":\"https:\/\/librosdelzorrorojo.com\/#website\"},\"primaryImageOfPage\":{\"@id\":\"https:\/\/librosdelzorrorojo.com\/ca\/cataleg\/la-leyenda-del-santo-bebedor\/#primaryimage\"},\"image\":{\"@id\":\"https:\/\/librosdelzorrorojo.com\/ca\/cataleg\/la-leyenda-del-santo-bebedor\/#primaryimage\"},\"thumbnailUrl\":\"https:\/\/librosdelzorrorojo.com\/wp-content\/uploads\/2000\/10\/Cover_El-santo-bebedor-WEB.jpg\",\"datePublished\":\"2020-10-31T17:31:34+00:00\",\"dateModified\":\"2024-03-01T08:19:15+00:00\",\"description\":\"Bajo los puentes del Sena acampa el clochard Andreas Kartak, originario, como Roth, de los confines orientales del Imperio austroh\u00fangaro.\",\"breadcrumb\":{\"@id\":\"https:\/\/librosdelzorrorojo.com\/ca\/cataleg\/la-leyenda-del-santo-bebedor\/#breadcrumb\"},\"inLanguage\":\"ca\",\"potentialAction\":[{\"@type\":\"ReadAction\",\"target\":[\"https:\/\/librosdelzorrorojo.com\/ca\/cataleg\/la-leyenda-del-santo-bebedor\/\"]}]},{\"@type\":\"ImageObject\",\"inLanguage\":\"ca\",\"@id\":\"https:\/\/librosdelzorrorojo.com\/ca\/cataleg\/la-leyenda-del-santo-bebedor\/#primaryimage\",\"url\":\"https:\/\/librosdelzorrorojo.com\/wp-content\/uploads\/2000\/10\/Cover_El-santo-bebedor-WEB.jpg\",\"contentUrl\":\"https:\/\/librosdelzorrorojo.com\/wp-content\/uploads\/2000\/10\/Cover_El-santo-bebedor-WEB.jpg\",\"width\":1335,\"height\":1933,\"caption\":\"Cover El santo bebedor WEB\"},{\"@type\":\"BreadcrumbList\",\"@id\":\"https:\/\/librosdelzorrorojo.com\/ca\/cataleg\/la-leyenda-del-santo-bebedor\/#breadcrumb\",\"itemListElement\":[{\"@type\":\"ListItem\",\"position\":1,\"name\":\"Portada\",\"item\":\"https:\/\/librosdelzorrorojo.com\/ca\/\"},{\"@type\":\"ListItem\",\"position\":2,\"name\":\"Cat\u00e0leg\",\"item\":\"https:\/\/librosdelzorrorojo.com\/ca\/cataleg\/\"},{\"@type\":\"ListItem\",\"position\":3,\"name\":\"La leyenda del Santo Bebedor\"}]},{\"@type\":\"WebSite\",\"@id\":\"https:\/\/librosdelzorrorojo.com\/#website\",\"url\":\"https:\/\/librosdelzorrorojo.com\/\",\"name\":\"Libros del Zorro Rojo\",\"description\":\"Libros ilustrados\",\"potentialAction\":[{\"@type\":\"SearchAction\",\"target\":{\"@type\":\"EntryPoint\",\"urlTemplate\":\"https:\/\/librosdelzorrorojo.com\/?s={search_term_string}\"},\"query-input\":{\"@type\":\"PropertyValueSpecification\",\"valueRequired\":true,\"valueName\":\"search_term_string\"}}],\"inLanguage\":\"ca\"}]}<\/script>\n<!-- \/ Yoast SEO plugin. -->","yoast_head_json":{"title":"La leyenda del Santo Bebedor - Libros del Zorro Rojo","description":"Bajo los puentes del Sena acampa el clochard Andreas Kartak, originario, como Roth, de los confines orientales del Imperio austroh\u00fangaro.","robots":{"index":"index","follow":"follow","max-snippet":"max-snippet:-1","max-image-preview":"max-image-preview:large","max-video-preview":"max-video-preview:-1"},"canonical":"https:\/\/librosdelzorrorojo.com\/ca\/cataleg\/la-leyenda-del-santo-bebedor\/","og_locale":"ca_ES","og_type":"article","og_title":"La leyenda del Santo Bebedor - Libros del Zorro Rojo","og_description":"Bajo los puentes del Sena acampa el clochard Andreas Kartak, originario, como Roth, de los confines orientales del Imperio austroh\u00fangaro.","og_url":"https:\/\/librosdelzorrorojo.com\/ca\/cataleg\/la-leyenda-del-santo-bebedor\/","og_site_name":"Libros del Zorro Rojo","article_modified_time":"2024-03-01T08:19:15+00:00","og_image":[{"width":1335,"height":1933,"url":"https:\/\/librosdelzorrorojo.com\/wp-content\/uploads\/2000\/10\/Cover_El-santo-bebedor-WEB.jpg","type":"image\/jpeg"}],"twitter_card":"summary_large_image","twitter_misc":{"Temps estimat de lectura":"1 minut"},"schema":{"@context":"https:\/\/schema.org","@graph":[{"@type":"WebPage","@id":"https:\/\/librosdelzorrorojo.com\/ca\/cataleg\/la-leyenda-del-santo-bebedor\/","url":"https:\/\/librosdelzorrorojo.com\/ca\/cataleg\/la-leyenda-del-santo-bebedor\/","name":"La leyenda del Santo Bebedor - Libros del Zorro Rojo","isPartOf":{"@id":"https:\/\/librosdelzorrorojo.com\/#website"},"primaryImageOfPage":{"@id":"https:\/\/librosdelzorrorojo.com\/ca\/cataleg\/la-leyenda-del-santo-bebedor\/#primaryimage"},"image":{"@id":"https:\/\/librosdelzorrorojo.com\/ca\/cataleg\/la-leyenda-del-santo-bebedor\/#primaryimage"},"thumbnailUrl":"https:\/\/librosdelzorrorojo.com\/wp-content\/uploads\/2000\/10\/Cover_El-santo-bebedor-WEB.jpg","datePublished":"2020-10-31T17:31:34+00:00","dateModified":"2024-03-01T08:19:15+00:00","description":"Bajo los puentes del Sena acampa el clochard Andreas Kartak, originario, como Roth, de los confines orientales del Imperio austroh\u00fangaro.","breadcrumb":{"@id":"https:\/\/librosdelzorrorojo.com\/ca\/cataleg\/la-leyenda-del-santo-bebedor\/#breadcrumb"},"inLanguage":"ca","potentialAction":[{"@type":"ReadAction","target":["https:\/\/librosdelzorrorojo.com\/ca\/cataleg\/la-leyenda-del-santo-bebedor\/"]}]},{"@type":"ImageObject","inLanguage":"ca","@id":"https:\/\/librosdelzorrorojo.com\/ca\/cataleg\/la-leyenda-del-santo-bebedor\/#primaryimage","url":"https:\/\/librosdelzorrorojo.com\/wp-content\/uploads\/2000\/10\/Cover_El-santo-bebedor-WEB.jpg","contentUrl":"https:\/\/librosdelzorrorojo.com\/wp-content\/uploads\/2000\/10\/Cover_El-santo-bebedor-WEB.jpg","width":1335,"height":1933,"caption":"Cover El santo bebedor WEB"},{"@type":"BreadcrumbList","@id":"https:\/\/librosdelzorrorojo.com\/ca\/cataleg\/la-leyenda-del-santo-bebedor\/#breadcrumb","itemListElement":[{"@type":"ListItem","position":1,"name":"Portada","item":"https:\/\/librosdelzorrorojo.com\/ca\/"},{"@type":"ListItem","position":2,"name":"Cat\u00e0leg","item":"https:\/\/librosdelzorrorojo.com\/ca\/cataleg\/"},{"@type":"ListItem","position":3,"name":"La leyenda del Santo Bebedor"}]},{"@type":"WebSite","@id":"https:\/\/librosdelzorrorojo.com\/#website","url":"https:\/\/librosdelzorrorojo.com\/","name":"Libros del Zorro Rojo","description":"Libros ilustrados","potentialAction":[{"@type":"SearchAction","target":{"@type":"EntryPoint","urlTemplate":"https:\/\/librosdelzorrorojo.com\/?s={search_term_string}"},"query-input":{"@type":"PropertyValueSpecification","valueRequired":true,"valueName":"search_term_string"}}],"inLanguage":"ca"}]}},"_links":{"self":[{"href":"https:\/\/librosdelzorrorojo.com\/ca\/wp-json\/wp\/v2\/product\/12313","targetHints":{"allow":["GET"]}}],"collection":[{"href":"https:\/\/librosdelzorrorojo.com\/ca\/wp-json\/wp\/v2\/product"}],"about":[{"href":"https:\/\/librosdelzorrorojo.com\/ca\/wp-json\/wp\/v2\/types\/product"}],"wp:featuredmedia":[{"embeddable":true,"href":"https:\/\/librosdelzorrorojo.com\/ca\/wp-json\/wp\/v2\/media\/11663"}],"wp:attachment":[{"href":"https:\/\/librosdelzorrorojo.com\/ca\/wp-json\/wp\/v2\/media?parent=12313"}],"wp:term":[{"taxonomy":"product_brand","embeddable":true,"href":"https:\/\/librosdelzorrorojo.com\/ca\/wp-json\/wp\/v2\/product_brand?post=12313"},{"taxonomy":"product_cat","embeddable":true,"href":"https:\/\/librosdelzorrorojo.com\/ca\/wp-json\/wp\/v2\/product_cat?post=12313"},{"taxonomy":"product_tag","embeddable":true,"href":"https:\/\/librosdelzorrorojo.com\/ca\/wp-json\/wp\/v2\/product_tag?post=12313"}],"curies":[{"name":"wp","href":"https:\/\/api.w.org\/{rel}","templated":true}]}}