{"id":12309,"date":"2000-10-31T18:43:21","date_gmt":"2000-10-31T17:43:21","guid":{"rendered":"https:\/\/librosdelzorrorojo.com\/catalogo\/el-nino-que-se-cayo-en-un-agujero\/"},"modified":"2024-02-29T11:38:51","modified_gmt":"2024-02-29T10:38:51","slug":"el-nino-que-se-cayo-en-un-agujero","status":"publish","type":"product","link":"https:\/\/librosdelzorrorojo.com\/ca\/cataleg\/el-nino-que-se-cayo-en-un-agujero\/","title":{"rendered":"El ni\u00f1o que se cay\u00f3 en un agujero"},"content":{"rendered":"<p><span>Marc se encuentra en problemas. Desde que cay\u00f3 en aquel agujero, pide ayuda pero nadie hace nada. Todos pasan a su lado, incapaces de comprometerse, de ser solidarios. \u00bfC\u00f3mo podr\u00e1 encontrar una soluci\u00f3n cuando parece no haber ninguna? Hundido en la realidad, Marc va descubriendo el mundo tal como es.\u00a0<\/span><br \/>\n<span><\/span><\/p>\n<p><span>Una inteligente s\u00e1tira social, que muestra la cara m\u00e1s hip\u00f3crita de la sociedad, pero tambi\u00e9n la amistad de algunos y la lucidez que pueden alcanzar quienes deciden superar las adversidades.<\/span><\/p>\n","protected":false},"excerpt":{"rendered":"<span>Marc se encuentra en problemas. Desde que cay\u00f3 en aquel agujero, pide ayuda pero nadie hace nada. Todos pasan a su lado, incapaces de comprometerse, de ser solidarios. \u00bfC\u00f3mo podr\u00e1 encontrar una soluci\u00f3n cuando parece no haber ninguna? Hundido en la realidad, Marc va descubriendo el mundo tal como es.\u00a0<\/span>\r\n<span><\/span>\r\n\r\n<span>Una inteligente s\u00e1tira social, que muestra la cara m\u00e1s hip\u00f3crita de la sociedad, pero tambi\u00e9n la amistad de algunos y la lucidez que pueden alcanzar quienes deciden superar las adversidades.<\/span>","protected":false},"featured_media":11704,"template":"","meta":{"_acf_changed":false},"product_brand":[],"product_cat":[844,3156],"product_tag":[],"class_list":{"0":"post-12309","1":"product","2":"type-product","3":"status-publish","4":"has-post-thumbnail","6":"product_cat-castella","7":"product_cat-juvenil-adult","8":"vinculo-el-nino-que-se-cayo-en-un-agujero","10":"first","11":"instock","12":"taxable","13":"shipping-taxable","14":"purchasable","15":"product-type-simple"},"acf":[],"yoast_head":"<!-- This site is optimized with the Yoast SEO plugin v25.1 - https:\/\/yoast.com\/wordpress\/plugins\/seo\/ -->\n<title>El ni\u00f1o que se cay\u00f3 en un agujero - Libros del Zorro Rojo<\/title>\n<meta name=\"description\" content=\"Marc se encuentra en problemas. Desde que cay\u00f3 en aquel agujero, pide ayuda pero nadie hace nada. Todos pasan a su lado, incapaces de comprometerse\" \/>\n<meta name=\"robots\" content=\"index, follow, max-snippet:-1, max-image-preview:large, max-video-preview:-1\" \/>\n<link rel=\"canonical\" href=\"https:\/\/librosdelzorrorojo.com\/ca\/cataleg\/el-nino-que-se-cayo-en-un-agujero\/\" \/>\n<meta property=\"og:locale\" content=\"ca_ES\" \/>\n<meta property=\"og:type\" content=\"article\" \/>\n<meta property=\"og:title\" content=\"El ni\u00f1o que se cay\u00f3 en un agujero - Libros del Zorro Rojo\" \/>\n<meta property=\"og:description\" content=\"Marc se encuentra en problemas. Desde que cay\u00f3 en aquel agujero, pide ayuda pero nadie hace nada. Todos pasan a su lado, incapaces de comprometerse\" \/>\n<meta property=\"og:url\" content=\"https:\/\/librosdelzorrorojo.com\/ca\/cataleg\/el-nino-que-se-cayo-en-un-agujero\/\" \/>\n<meta property=\"og:site_name\" content=\"Libros del Zorro Rojo\" \/>\n<meta property=\"article:modified_time\" content=\"2024-02-29T10:38:51+00:00\" \/>\n<meta property=\"og:image\" content=\"https:\/\/librosdelzorrorojo.com\/wp-content\/uploads\/2000\/10\/CoverII_Elnin\u0303oquesecayo\u0301enunagujero-WEB.jpg\" \/>\n\t<meta property=\"og:image:width\" content=\"850\" \/>\n\t<meta property=\"og:image:height\" content=\"1239\" \/>\n\t<meta property=\"og:image:type\" content=\"image\/jpeg\" \/>\n<meta name=\"twitter:card\" content=\"summary_large_image\" \/>\n<script type=\"application\/ld+json\" class=\"yoast-schema-graph\">{\"@context\":\"https:\/\/schema.org\",\"@graph\":[{\"@type\":\"WebPage\",\"@id\":\"https:\/\/librosdelzorrorojo.com\/ca\/cataleg\/el-nino-que-se-cayo-en-un-agujero\/\",\"url\":\"https:\/\/librosdelzorrorojo.com\/ca\/cataleg\/el-nino-que-se-cayo-en-un-agujero\/\",\"name\":\"El ni\u00f1o que se cay\u00f3 en un agujero - Libros del Zorro Rojo\",\"isPartOf\":{\"@id\":\"https:\/\/librosdelzorrorojo.com\/#website\"},\"primaryImageOfPage\":{\"@id\":\"https:\/\/librosdelzorrorojo.com\/ca\/cataleg\/el-nino-que-se-cayo-en-un-agujero\/#primaryimage\"},\"image\":{\"@id\":\"https:\/\/librosdelzorrorojo.com\/ca\/cataleg\/el-nino-que-se-cayo-en-un-agujero\/#primaryimage\"},\"thumbnailUrl\":\"https:\/\/librosdelzorrorojo.com\/wp-content\/uploads\/2000\/10\/CoverII_Elnin\u0303oquesecayo\u0301enunagujero-WEB.jpg\",\"datePublished\":\"2000-10-31T17:43:21+00:00\",\"dateModified\":\"2024-02-29T10:38:51+00:00\",\"description\":\"Marc se encuentra en problemas. Desde que cay\u00f3 en aquel agujero, pide ayuda pero nadie hace nada. Todos pasan a su lado, incapaces de comprometerse\",\"breadcrumb\":{\"@id\":\"https:\/\/librosdelzorrorojo.com\/ca\/cataleg\/el-nino-que-se-cayo-en-un-agujero\/#breadcrumb\"},\"inLanguage\":\"ca\",\"potentialAction\":[{\"@type\":\"ReadAction\",\"target\":[\"https:\/\/librosdelzorrorojo.com\/ca\/cataleg\/el-nino-que-se-cayo-en-un-agujero\/\"]}]},{\"@type\":\"ImageObject\",\"inLanguage\":\"ca\",\"@id\":\"https:\/\/librosdelzorrorojo.com\/ca\/cataleg\/el-nino-que-se-cayo-en-un-agujero\/#primaryimage\",\"url\":\"https:\/\/librosdelzorrorojo.com\/wp-content\/uploads\/2000\/10\/CoverII_Elnin\u0303oquesecayo\u0301enunagujero-WEB.jpg\",\"contentUrl\":\"https:\/\/librosdelzorrorojo.com\/wp-content\/uploads\/2000\/10\/CoverII_Elnin\u0303oquesecayo\u0301enunagujero-WEB.jpg\",\"width\":850,\"height\":1239,\"caption\":\"CoverII Elnin\u0303oquesecayo\u0301enunagujero WEB\"},{\"@type\":\"BreadcrumbList\",\"@id\":\"https:\/\/librosdelzorrorojo.com\/ca\/cataleg\/el-nino-que-se-cayo-en-un-agujero\/#breadcrumb\",\"itemListElement\":[{\"@type\":\"ListItem\",\"position\":1,\"name\":\"Portada\",\"item\":\"https:\/\/librosdelzorrorojo.com\/ca\/\"},{\"@type\":\"ListItem\",\"position\":2,\"name\":\"Cat\u00e0leg\",\"item\":\"https:\/\/librosdelzorrorojo.com\/ca\/cataleg\/\"},{\"@type\":\"ListItem\",\"position\":3,\"name\":\"El ni\u00f1o que se cay\u00f3 en un agujero\"}]},{\"@type\":\"WebSite\",\"@id\":\"https:\/\/librosdelzorrorojo.com\/#website\",\"url\":\"https:\/\/librosdelzorrorojo.com\/\",\"name\":\"Libros del Zorro Rojo\",\"description\":\"Libros ilustrados\",\"potentialAction\":[{\"@type\":\"SearchAction\",\"target\":{\"@type\":\"EntryPoint\",\"urlTemplate\":\"https:\/\/librosdelzorrorojo.com\/?s={search_term_string}\"},\"query-input\":{\"@type\":\"PropertyValueSpecification\",\"valueRequired\":true,\"valueName\":\"search_term_string\"}}],\"inLanguage\":\"ca\"}]}<\/script>\n<!-- \/ Yoast SEO plugin. -->","yoast_head_json":{"title":"El ni\u00f1o que se cay\u00f3 en un agujero - Libros del Zorro Rojo","description":"Marc se encuentra en problemas. Desde que cay\u00f3 en aquel agujero, pide ayuda pero nadie hace nada. Todos pasan a su lado, incapaces de comprometerse","robots":{"index":"index","follow":"follow","max-snippet":"max-snippet:-1","max-image-preview":"max-image-preview:large","max-video-preview":"max-video-preview:-1"},"canonical":"https:\/\/librosdelzorrorojo.com\/ca\/cataleg\/el-nino-que-se-cayo-en-un-agujero\/","og_locale":"ca_ES","og_type":"article","og_title":"El ni\u00f1o que se cay\u00f3 en un agujero - Libros del Zorro Rojo","og_description":"Marc se encuentra en problemas. Desde que cay\u00f3 en aquel agujero, pide ayuda pero nadie hace nada. Todos pasan a su lado, incapaces de comprometerse","og_url":"https:\/\/librosdelzorrorojo.com\/ca\/cataleg\/el-nino-que-se-cayo-en-un-agujero\/","og_site_name":"Libros del Zorro Rojo","article_modified_time":"2024-02-29T10:38:51+00:00","og_image":[{"width":850,"height":1239,"url":"https:\/\/librosdelzorrorojo.com\/wp-content\/uploads\/2000\/10\/CoverII_Elnin\u0303oquesecayo\u0301enunagujero-WEB.jpg","type":"image\/jpeg"}],"twitter_card":"summary_large_image","schema":{"@context":"https:\/\/schema.org","@graph":[{"@type":"WebPage","@id":"https:\/\/librosdelzorrorojo.com\/ca\/cataleg\/el-nino-que-se-cayo-en-un-agujero\/","url":"https:\/\/librosdelzorrorojo.com\/ca\/cataleg\/el-nino-que-se-cayo-en-un-agujero\/","name":"El ni\u00f1o que se cay\u00f3 en un agujero - Libros del Zorro Rojo","isPartOf":{"@id":"https:\/\/librosdelzorrorojo.com\/#website"},"primaryImageOfPage":{"@id":"https:\/\/librosdelzorrorojo.com\/ca\/cataleg\/el-nino-que-se-cayo-en-un-agujero\/#primaryimage"},"image":{"@id":"https:\/\/librosdelzorrorojo.com\/ca\/cataleg\/el-nino-que-se-cayo-en-un-agujero\/#primaryimage"},"thumbnailUrl":"https:\/\/librosdelzorrorojo.com\/wp-content\/uploads\/2000\/10\/CoverII_Elnin\u0303oquesecayo\u0301enunagujero-WEB.jpg","datePublished":"2000-10-31T17:43:21+00:00","dateModified":"2024-02-29T10:38:51+00:00","description":"Marc se encuentra en problemas. Desde que cay\u00f3 en aquel agujero, pide ayuda pero nadie hace nada. Todos pasan a su lado, incapaces de comprometerse","breadcrumb":{"@id":"https:\/\/librosdelzorrorojo.com\/ca\/cataleg\/el-nino-que-se-cayo-en-un-agujero\/#breadcrumb"},"inLanguage":"ca","potentialAction":[{"@type":"ReadAction","target":["https:\/\/librosdelzorrorojo.com\/ca\/cataleg\/el-nino-que-se-cayo-en-un-agujero\/"]}]},{"@type":"ImageObject","inLanguage":"ca","@id":"https:\/\/librosdelzorrorojo.com\/ca\/cataleg\/el-nino-que-se-cayo-en-un-agujero\/#primaryimage","url":"https:\/\/librosdelzorrorojo.com\/wp-content\/uploads\/2000\/10\/CoverII_Elnin\u0303oquesecayo\u0301enunagujero-WEB.jpg","contentUrl":"https:\/\/librosdelzorrorojo.com\/wp-content\/uploads\/2000\/10\/CoverII_Elnin\u0303oquesecayo\u0301enunagujero-WEB.jpg","width":850,"height":1239,"caption":"CoverII Elnin\u0303oquesecayo\u0301enunagujero WEB"},{"@type":"BreadcrumbList","@id":"https:\/\/librosdelzorrorojo.com\/ca\/cataleg\/el-nino-que-se-cayo-en-un-agujero\/#breadcrumb","itemListElement":[{"@type":"ListItem","position":1,"name":"Portada","item":"https:\/\/librosdelzorrorojo.com\/ca\/"},{"@type":"ListItem","position":2,"name":"Cat\u00e0leg","item":"https:\/\/librosdelzorrorojo.com\/ca\/cataleg\/"},{"@type":"ListItem","position":3,"name":"El ni\u00f1o que se cay\u00f3 en un agujero"}]},{"@type":"WebSite","@id":"https:\/\/librosdelzorrorojo.com\/#website","url":"https:\/\/librosdelzorrorojo.com\/","name":"Libros del Zorro Rojo","description":"Libros ilustrados","potentialAction":[{"@type":"SearchAction","target":{"@type":"EntryPoint","urlTemplate":"https:\/\/librosdelzorrorojo.com\/?s={search_term_string}"},"query-input":{"@type":"PropertyValueSpecification","valueRequired":true,"valueName":"search_term_string"}}],"inLanguage":"ca"}]}},"_links":{"self":[{"href":"https:\/\/librosdelzorrorojo.com\/ca\/wp-json\/wp\/v2\/product\/12309","targetHints":{"allow":["GET"]}}],"collection":[{"href":"https:\/\/librosdelzorrorojo.com\/ca\/wp-json\/wp\/v2\/product"}],"about":[{"href":"https:\/\/librosdelzorrorojo.com\/ca\/wp-json\/wp\/v2\/types\/product"}],"wp:featuredmedia":[{"embeddable":true,"href":"https:\/\/librosdelzorrorojo.com\/ca\/wp-json\/wp\/v2\/media\/11704"}],"wp:attachment":[{"href":"https:\/\/librosdelzorrorojo.com\/ca\/wp-json\/wp\/v2\/media?parent=12309"}],"wp:term":[{"taxonomy":"product_brand","embeddable":true,"href":"https:\/\/librosdelzorrorojo.com\/ca\/wp-json\/wp\/v2\/product_brand?post=12309"},{"taxonomy":"product_cat","embeddable":true,"href":"https:\/\/librosdelzorrorojo.com\/ca\/wp-json\/wp\/v2\/product_cat?post=12309"},{"taxonomy":"product_tag","embeddable":true,"href":"https:\/\/librosdelzorrorojo.com\/ca\/wp-json\/wp\/v2\/product_tag?post=12309"}],"curies":[{"name":"wp","href":"https:\/\/api.w.org\/{rel}","templated":true}]}}