{"id":12308,"date":"2000-10-31T18:44:41","date_gmt":"2000-10-31T17:44:41","guid":{"rendered":"https:\/\/librosdelzorrorojo.com\/catalogo\/oh-la-lart\/"},"modified":"2024-02-29T11:41:24","modified_gmt":"2024-02-29T10:41:24","slug":"oh-la-lart","status":"publish","type":"product","link":"https:\/\/librosdelzorrorojo.com\/ca\/cataleg\/oh-la-lart\/","title":{"rendered":"Oh, la l&#8217;art!"},"content":{"rendered":"<p><span>El Roto aplica su capacidad para sintetizar en im\u00e1genes tan claras como po\u00e9ticas su visi\u00f3n de la situaci\u00f3n actual del arte contempor\u00e1neo, as\u00ed como de los distintos agentes que participan en este mundo de apariencias: las \u00ednfulas, esperanzas y decepciones de los autores; la incomprensi\u00f3n del p\u00fablico; la insustancial influencia de la cr\u00edtica; el caprichoso inter\u00e9s de los galeristas; o la tir\u00e1nica relaci\u00f3n entre arte y mercado\u2026 Nadie se salva de su picota, aunque como \u00e9l mismo afirma: \u201cMi voluntad es clarificar el mundo, no castigar a los malvados\u201d.<\/span><\/p>\n","protected":false},"excerpt":{"rendered":"<span>Andr\u00e9s R\u00e1bago Garc\u00eda (El Roto) aplica su capacidad para sintetizar en im\u00e1genes tan claras como po\u00e9ticas su visi\u00f3n de la situaci\u00f3n actual del arte contempor\u00e1neo, as\u00ed como de los distintos agentes que participan en este mundo de apariencias: las \u00ednfulas, esperanzas y decepciones de los autores; la incomprensi\u00f3n del p\u00fablico; la insustancial influencia de la cr\u00edtica; el caprichoso inter\u00e9s de los galeristas o la tir\u00e1nica relaci\u00f3n entre arte y mercado\u2026 Nadie se salva de su picota, aunque como \u00e9l mismo afirma: \u201cMi voluntad es clarificar el mundo, no castigar a los malvados\u201d.<\/span>","protected":false},"featured_media":11706,"template":"","meta":{"_acf_changed":false},"product_brand":[],"product_cat":[844,3156],"product_tag":[],"class_list":{"0":"post-12308","1":"product","2":"type-product","3":"status-publish","4":"has-post-thumbnail","6":"product_cat-castella","7":"product_cat-juvenil-adult","9":"first","10":"instock","11":"taxable","12":"shipping-taxable","13":"product-type-variable"},"acf":[],"yoast_head":"<!-- This site is optimized with the Yoast SEO plugin v25.1 - https:\/\/yoast.com\/wordpress\/plugins\/seo\/ -->\n<title>Oh, la l&#039;art! - Libros del Zorro Rojo<\/title>\n<meta name=\"description\" content=\"Andr\u00e9s R\u00e1bago Garc\u00eda (El Roto) aplica su capacidad para sintetizar en im\u00e1genes tan claras como po\u00e9ticas su visi\u00f3n de la situaci\u00f3n actual del arte\" \/>\n<meta name=\"robots\" content=\"index, follow, max-snippet:-1, max-image-preview:large, max-video-preview:-1\" \/>\n<link rel=\"canonical\" href=\"https:\/\/librosdelzorrorojo.com\/ca\/cataleg\/oh-la-lart\/\" \/>\n<meta property=\"og:locale\" content=\"ca_ES\" \/>\n<meta property=\"og:type\" content=\"article\" \/>\n<meta property=\"og:title\" content=\"Oh, la l&#039;art! - Libros del Zorro Rojo\" \/>\n<meta property=\"og:description\" content=\"Andr\u00e9s R\u00e1bago Garc\u00eda (El Roto) aplica su capacidad para sintetizar en im\u00e1genes tan claras como po\u00e9ticas su visi\u00f3n de la situaci\u00f3n actual del arte\" \/>\n<meta property=\"og:url\" content=\"https:\/\/librosdelzorrorojo.com\/ca\/cataleg\/oh-la-lart\/\" \/>\n<meta property=\"og:site_name\" content=\"Libros del Zorro Rojo\" \/>\n<meta property=\"article:modified_time\" content=\"2024-02-29T10:41:24+00:00\" \/>\n<meta property=\"og:image\" content=\"https:\/\/librosdelzorrorojo.com\/wp-content\/uploads\/2000\/10\/Cover_Oh-la-l\u2019art.jpg\" \/>\n\t<meta property=\"og:image:width\" content=\"850\" \/>\n\t<meta property=\"og:image:height\" content=\"1210\" \/>\n\t<meta property=\"og:image:type\" content=\"image\/jpeg\" \/>\n<meta name=\"twitter:card\" content=\"summary_large_image\" \/>\n<meta name=\"twitter:label1\" content=\"Temps estimat de lectura\" \/>\n\t<meta name=\"twitter:data1\" content=\"1 minut\" \/>\n<script type=\"application\/ld+json\" class=\"yoast-schema-graph\">{\"@context\":\"https:\/\/schema.org\",\"@graph\":[{\"@type\":\"WebPage\",\"@id\":\"https:\/\/librosdelzorrorojo.com\/ca\/cataleg\/oh-la-lart\/\",\"url\":\"https:\/\/librosdelzorrorojo.com\/ca\/cataleg\/oh-la-lart\/\",\"name\":\"Oh, la l'art! - Libros del Zorro Rojo\",\"isPartOf\":{\"@id\":\"https:\/\/librosdelzorrorojo.com\/#website\"},\"primaryImageOfPage\":{\"@id\":\"https:\/\/librosdelzorrorojo.com\/ca\/cataleg\/oh-la-lart\/#primaryimage\"},\"image\":{\"@id\":\"https:\/\/librosdelzorrorojo.com\/ca\/cataleg\/oh-la-lart\/#primaryimage\"},\"thumbnailUrl\":\"https:\/\/librosdelzorrorojo.com\/wp-content\/uploads\/2000\/10\/Cover_Oh-la-l\u2019art.jpg\",\"datePublished\":\"2000-10-31T17:44:41+00:00\",\"dateModified\":\"2024-02-29T10:41:24+00:00\",\"description\":\"Andr\u00e9s R\u00e1bago Garc\u00eda (El Roto) aplica su capacidad para sintetizar en im\u00e1genes tan claras como po\u00e9ticas su visi\u00f3n de la situaci\u00f3n actual del arte\",\"breadcrumb\":{\"@id\":\"https:\/\/librosdelzorrorojo.com\/ca\/cataleg\/oh-la-lart\/#breadcrumb\"},\"inLanguage\":\"ca\",\"potentialAction\":[{\"@type\":\"ReadAction\",\"target\":[\"https:\/\/librosdelzorrorojo.com\/ca\/cataleg\/oh-la-lart\/\"]}]},{\"@type\":\"ImageObject\",\"inLanguage\":\"ca\",\"@id\":\"https:\/\/librosdelzorrorojo.com\/ca\/cataleg\/oh-la-lart\/#primaryimage\",\"url\":\"https:\/\/librosdelzorrorojo.com\/wp-content\/uploads\/2000\/10\/Cover_Oh-la-l\u2019art.jpg\",\"contentUrl\":\"https:\/\/librosdelzorrorojo.com\/wp-content\/uploads\/2000\/10\/Cover_Oh-la-l\u2019art.jpg\",\"width\":850,\"height\":1210,\"caption\":\"Cover Oh la l\u2019art\"},{\"@type\":\"BreadcrumbList\",\"@id\":\"https:\/\/librosdelzorrorojo.com\/ca\/cataleg\/oh-la-lart\/#breadcrumb\",\"itemListElement\":[{\"@type\":\"ListItem\",\"position\":1,\"name\":\"Portada\",\"item\":\"https:\/\/librosdelzorrorojo.com\/ca\/\"},{\"@type\":\"ListItem\",\"position\":2,\"name\":\"Cat\u00e0leg\",\"item\":\"https:\/\/librosdelzorrorojo.com\/ca\/cataleg\/\"},{\"@type\":\"ListItem\",\"position\":3,\"name\":\"Oh, la l&#8217;art!\"}]},{\"@type\":\"WebSite\",\"@id\":\"https:\/\/librosdelzorrorojo.com\/#website\",\"url\":\"https:\/\/librosdelzorrorojo.com\/\",\"name\":\"Libros del Zorro Rojo\",\"description\":\"Libros ilustrados\",\"potentialAction\":[{\"@type\":\"SearchAction\",\"target\":{\"@type\":\"EntryPoint\",\"urlTemplate\":\"https:\/\/librosdelzorrorojo.com\/?s={search_term_string}\"},\"query-input\":{\"@type\":\"PropertyValueSpecification\",\"valueRequired\":true,\"valueName\":\"search_term_string\"}}],\"inLanguage\":\"ca\"}]}<\/script>\n<!-- \/ Yoast SEO plugin. -->","yoast_head_json":{"title":"Oh, la l'art! - Libros del Zorro Rojo","description":"Andr\u00e9s R\u00e1bago Garc\u00eda (El Roto) aplica su capacidad para sintetizar en im\u00e1genes tan claras como po\u00e9ticas su visi\u00f3n de la situaci\u00f3n actual del arte","robots":{"index":"index","follow":"follow","max-snippet":"max-snippet:-1","max-image-preview":"max-image-preview:large","max-video-preview":"max-video-preview:-1"},"canonical":"https:\/\/librosdelzorrorojo.com\/ca\/cataleg\/oh-la-lart\/","og_locale":"ca_ES","og_type":"article","og_title":"Oh, la l'art! - Libros del Zorro Rojo","og_description":"Andr\u00e9s R\u00e1bago Garc\u00eda (El Roto) aplica su capacidad para sintetizar en im\u00e1genes tan claras como po\u00e9ticas su visi\u00f3n de la situaci\u00f3n actual del arte","og_url":"https:\/\/librosdelzorrorojo.com\/ca\/cataleg\/oh-la-lart\/","og_site_name":"Libros del Zorro Rojo","article_modified_time":"2024-02-29T10:41:24+00:00","og_image":[{"width":850,"height":1210,"url":"https:\/\/librosdelzorrorojo.com\/wp-content\/uploads\/2000\/10\/Cover_Oh-la-l\u2019art.jpg","type":"image\/jpeg"}],"twitter_card":"summary_large_image","twitter_misc":{"Temps estimat de lectura":"1 minut"},"schema":{"@context":"https:\/\/schema.org","@graph":[{"@type":"WebPage","@id":"https:\/\/librosdelzorrorojo.com\/ca\/cataleg\/oh-la-lart\/","url":"https:\/\/librosdelzorrorojo.com\/ca\/cataleg\/oh-la-lart\/","name":"Oh, la l'art! - Libros del Zorro Rojo","isPartOf":{"@id":"https:\/\/librosdelzorrorojo.com\/#website"},"primaryImageOfPage":{"@id":"https:\/\/librosdelzorrorojo.com\/ca\/cataleg\/oh-la-lart\/#primaryimage"},"image":{"@id":"https:\/\/librosdelzorrorojo.com\/ca\/cataleg\/oh-la-lart\/#primaryimage"},"thumbnailUrl":"https:\/\/librosdelzorrorojo.com\/wp-content\/uploads\/2000\/10\/Cover_Oh-la-l\u2019art.jpg","datePublished":"2000-10-31T17:44:41+00:00","dateModified":"2024-02-29T10:41:24+00:00","description":"Andr\u00e9s R\u00e1bago Garc\u00eda (El Roto) aplica su capacidad para sintetizar en im\u00e1genes tan claras como po\u00e9ticas su visi\u00f3n de la situaci\u00f3n actual del arte","breadcrumb":{"@id":"https:\/\/librosdelzorrorojo.com\/ca\/cataleg\/oh-la-lart\/#breadcrumb"},"inLanguage":"ca","potentialAction":[{"@type":"ReadAction","target":["https:\/\/librosdelzorrorojo.com\/ca\/cataleg\/oh-la-lart\/"]}]},{"@type":"ImageObject","inLanguage":"ca","@id":"https:\/\/librosdelzorrorojo.com\/ca\/cataleg\/oh-la-lart\/#primaryimage","url":"https:\/\/librosdelzorrorojo.com\/wp-content\/uploads\/2000\/10\/Cover_Oh-la-l\u2019art.jpg","contentUrl":"https:\/\/librosdelzorrorojo.com\/wp-content\/uploads\/2000\/10\/Cover_Oh-la-l\u2019art.jpg","width":850,"height":1210,"caption":"Cover Oh la l\u2019art"},{"@type":"BreadcrumbList","@id":"https:\/\/librosdelzorrorojo.com\/ca\/cataleg\/oh-la-lart\/#breadcrumb","itemListElement":[{"@type":"ListItem","position":1,"name":"Portada","item":"https:\/\/librosdelzorrorojo.com\/ca\/"},{"@type":"ListItem","position":2,"name":"Cat\u00e0leg","item":"https:\/\/librosdelzorrorojo.com\/ca\/cataleg\/"},{"@type":"ListItem","position":3,"name":"Oh, la l&#8217;art!"}]},{"@type":"WebSite","@id":"https:\/\/librosdelzorrorojo.com\/#website","url":"https:\/\/librosdelzorrorojo.com\/","name":"Libros del Zorro Rojo","description":"Libros ilustrados","potentialAction":[{"@type":"SearchAction","target":{"@type":"EntryPoint","urlTemplate":"https:\/\/librosdelzorrorojo.com\/?s={search_term_string}"},"query-input":{"@type":"PropertyValueSpecification","valueRequired":true,"valueName":"search_term_string"}}],"inLanguage":"ca"}]}},"_links":{"self":[{"href":"https:\/\/librosdelzorrorojo.com\/ca\/wp-json\/wp\/v2\/product\/12308","targetHints":{"allow":["GET"]}}],"collection":[{"href":"https:\/\/librosdelzorrorojo.com\/ca\/wp-json\/wp\/v2\/product"}],"about":[{"href":"https:\/\/librosdelzorrorojo.com\/ca\/wp-json\/wp\/v2\/types\/product"}],"wp:featuredmedia":[{"embeddable":true,"href":"https:\/\/librosdelzorrorojo.com\/ca\/wp-json\/wp\/v2\/media\/11706"}],"wp:attachment":[{"href":"https:\/\/librosdelzorrorojo.com\/ca\/wp-json\/wp\/v2\/media?parent=12308"}],"wp:term":[{"taxonomy":"product_brand","embeddable":true,"href":"https:\/\/librosdelzorrorojo.com\/ca\/wp-json\/wp\/v2\/product_brand?post=12308"},{"taxonomy":"product_cat","embeddable":true,"href":"https:\/\/librosdelzorrorojo.com\/ca\/wp-json\/wp\/v2\/product_cat?post=12308"},{"taxonomy":"product_tag","embeddable":true,"href":"https:\/\/librosdelzorrorojo.com\/ca\/wp-json\/wp\/v2\/product_tag?post=12308"}],"curies":[{"name":"wp","href":"https:\/\/api.w.org\/{rel}","templated":true}]}}