{"id":12306,"date":"2000-10-31T18:59:02","date_gmt":"2000-10-31T17:59:02","guid":{"rendered":"https:\/\/librosdelzorrorojo.com\/catalogo\/el-rey-de-amarillo\/"},"modified":"2024-03-01T09:21:13","modified_gmt":"2024-03-01T08:21:13","slug":"el-rey-de-amarillo","status":"publish","type":"product","link":"https:\/\/librosdelzorrorojo.com\/ca\/cataleg\/el-rey-de-amarillo\/","title":{"rendered":"El Rey de Amarillo"},"content":{"rendered":"<p><span>\u00abO\u00ed entonces c\u00f3mo se alzaba su voz, atronando detr\u00e1s de la llameante luz, y ca\u00ed y me cubrieron resplandecientes olas de fuego. Mientras me hund\u00eda en las profundidades, o\u00ed que el Rey de Amarillo susurraba a mi alma: \u0097\u00a1Qu\u00e9 terrible es caer en manos del Dios viviente!\u00bb. En estos relatos, Chambers retoma la inquietante atm\u00f3sfera de la m\u00edtica ciudad de Carcosa creada por Ambrose Bierce, cuyas tinieblas se proyectan sobre la apacible cotidianeidad, rasg\u00e1ndola. Un extra\u00f1o libro \u0097El Rey de Amarillo\u0097 ser\u00e1 el portal que genere la superposici\u00f3n de mundos, en la cual los muertos no se resignen a permanecer, d\u00f3ciles, en la noche eterna. Santiago Caruso descifra con maestr\u00eda el di\u00e1logo entre sombras y fulgores que desde las im\u00e1genes se extiende, cautivante. \u00abEl Rey de Amarillo, serie de relatosvagamente relacionados que tienen como trasfondo un libro monstruoso y prohibido cuya lectura produce miedo, locura y misteriosas tragedias, nos lleva a notables cumbres de terror c\u00f3smico\u00bb.<\/span><\/p>\n","protected":false},"excerpt":{"rendered":"<span>\u00abO\u00ed entonces c\u00f3mo se alzaba su voz, atronando detr\u00e1s de la llameante luz, y ca\u00ed y me cubrieron resplandecientes olas de fuego. Mientras me hund\u00eda en las profundidades, o\u00ed que el Rey de Amarillo susurraba a mi alma: \u0097\u00a1Qu\u00e9 terrible es caer en manos del Dios viviente!\u00bb. En estos relatos, Chambers retoma la inquietante atm\u00f3sfera de la m\u00edtica ciudad de Carcosa creada por Ambrose Bierce, cuyas tinieblas se proyectan sobre la apacible cotidianeidad, rasg\u00e1ndola. Un extra\u00f1o libro \u0097El Rey de Amarillo\u0097 ser\u00e1 el portal que genere la superposici\u00f3n de mundos, en la cual los muertos no se resignen a permanecer, d\u00f3ciles, en la noche eterna. Santiago Caruso descifra con maestr\u00eda el di\u00e1logo entre sombras y fulgores que desde las im\u00e1genes se extiende, cautivante. \u00abEl Rey de Amarillo, serie de relatosvagamente relacionados que tienen como trasfondo un libro monstruoso y prohibido cuya lectura produce miedo, locura y misteriosas tragedias, nos lleva a notables cumbres de terror c\u00f3smico\u00bb.<\/span>","protected":false},"featured_media":11683,"template":"","meta":{"_acf_changed":false},"product_brand":[],"product_cat":[844,3156],"product_tag":[],"class_list":{"0":"post-12306","1":"product","2":"type-product","3":"status-publish","4":"has-post-thumbnail","6":"product_cat-castella","7":"product_cat-juvenil-adult","9":"first","10":"outofstock","11":"taxable","12":"shipping-taxable","13":"purchasable","14":"product-type-simple"},"acf":[],"yoast_head":"<!-- This site is optimized with the Yoast SEO plugin v25.1 - https:\/\/yoast.com\/wordpress\/plugins\/seo\/ -->\n<title>El Rey de Amarillo - Libros del Zorro Rojo<\/title>\n<meta name=\"description\" content=\"\u00abO\u00ed entonces c\u00f3mo se alzaba su voz, atronando detr\u00e1s de la llameante luz, y ca\u00ed y me cubrieron resplandecientes olas de fuego. Mientras me hund\u00eda en\" \/>\n<meta name=\"robots\" content=\"index, follow, max-snippet:-1, max-image-preview:large, max-video-preview:-1\" \/>\n<link rel=\"canonical\" href=\"https:\/\/librosdelzorrorojo.com\/ca\/cataleg\/el-rey-de-amarillo\/\" \/>\n<meta property=\"og:locale\" content=\"ca_ES\" \/>\n<meta property=\"og:type\" content=\"article\" \/>\n<meta property=\"og:title\" content=\"El Rey de Amarillo - Libros del Zorro Rojo\" \/>\n<meta property=\"og:description\" content=\"\u00abO\u00ed entonces c\u00f3mo se alzaba su voz, atronando detr\u00e1s de la llameante luz, y ca\u00ed y me cubrieron resplandecientes olas de fuego. Mientras me hund\u00eda en\" \/>\n<meta property=\"og:url\" content=\"https:\/\/librosdelzorrorojo.com\/ca\/cataleg\/el-rey-de-amarillo\/\" \/>\n<meta property=\"og:site_name\" content=\"Libros del Zorro Rojo\" \/>\n<meta property=\"article:modified_time\" content=\"2024-03-01T08:21:13+00:00\" \/>\n<meta property=\"og:image\" content=\"https:\/\/librosdelzorrorojo.com\/wp-content\/uploads\/2000\/10\/Cover_ElReydeAmarillo-Baja.jpg\" \/>\n\t<meta property=\"og:image:width\" content=\"850\" \/>\n\t<meta property=\"og:image:height\" content=\"1232\" \/>\n\t<meta property=\"og:image:type\" content=\"image\/jpeg\" \/>\n<meta name=\"twitter:card\" content=\"summary_large_image\" \/>\n<meta name=\"twitter:label1\" content=\"Temps estimat de lectura\" \/>\n\t<meta name=\"twitter:data1\" content=\"1 minut\" \/>\n<script type=\"application\/ld+json\" class=\"yoast-schema-graph\">{\"@context\":\"https:\/\/schema.org\",\"@graph\":[{\"@type\":\"WebPage\",\"@id\":\"https:\/\/librosdelzorrorojo.com\/ca\/cataleg\/el-rey-de-amarillo\/\",\"url\":\"https:\/\/librosdelzorrorojo.com\/ca\/cataleg\/el-rey-de-amarillo\/\",\"name\":\"El Rey de Amarillo - Libros del Zorro Rojo\",\"isPartOf\":{\"@id\":\"https:\/\/librosdelzorrorojo.com\/#website\"},\"primaryImageOfPage\":{\"@id\":\"https:\/\/librosdelzorrorojo.com\/ca\/cataleg\/el-rey-de-amarillo\/#primaryimage\"},\"image\":{\"@id\":\"https:\/\/librosdelzorrorojo.com\/ca\/cataleg\/el-rey-de-amarillo\/#primaryimage\"},\"thumbnailUrl\":\"https:\/\/librosdelzorrorojo.com\/wp-content\/uploads\/2000\/10\/Cover_ElReydeAmarillo-Baja.jpg\",\"datePublished\":\"2000-10-31T17:59:02+00:00\",\"dateModified\":\"2024-03-01T08:21:13+00:00\",\"description\":\"\u00abO\u00ed entonces c\u00f3mo se alzaba su voz, atronando detr\u00e1s de la llameante luz, y ca\u00ed y me cubrieron resplandecientes olas de fuego. Mientras me hund\u00eda en\",\"breadcrumb\":{\"@id\":\"https:\/\/librosdelzorrorojo.com\/ca\/cataleg\/el-rey-de-amarillo\/#breadcrumb\"},\"inLanguage\":\"ca\",\"potentialAction\":[{\"@type\":\"ReadAction\",\"target\":[\"https:\/\/librosdelzorrorojo.com\/ca\/cataleg\/el-rey-de-amarillo\/\"]}]},{\"@type\":\"ImageObject\",\"inLanguage\":\"ca\",\"@id\":\"https:\/\/librosdelzorrorojo.com\/ca\/cataleg\/el-rey-de-amarillo\/#primaryimage\",\"url\":\"https:\/\/librosdelzorrorojo.com\/wp-content\/uploads\/2000\/10\/Cover_ElReydeAmarillo-Baja.jpg\",\"contentUrl\":\"https:\/\/librosdelzorrorojo.com\/wp-content\/uploads\/2000\/10\/Cover_ElReydeAmarillo-Baja.jpg\",\"width\":850,\"height\":1232,\"caption\":\"Cover ElReydeAmarillo Baja\"},{\"@type\":\"BreadcrumbList\",\"@id\":\"https:\/\/librosdelzorrorojo.com\/ca\/cataleg\/el-rey-de-amarillo\/#breadcrumb\",\"itemListElement\":[{\"@type\":\"ListItem\",\"position\":1,\"name\":\"Portada\",\"item\":\"https:\/\/librosdelzorrorojo.com\/ca\/\"},{\"@type\":\"ListItem\",\"position\":2,\"name\":\"Cat\u00e0leg\",\"item\":\"https:\/\/librosdelzorrorojo.com\/ca\/cataleg\/\"},{\"@type\":\"ListItem\",\"position\":3,\"name\":\"El Rey de Amarillo\"}]},{\"@type\":\"WebSite\",\"@id\":\"https:\/\/librosdelzorrorojo.com\/#website\",\"url\":\"https:\/\/librosdelzorrorojo.com\/\",\"name\":\"Libros del Zorro Rojo\",\"description\":\"Libros ilustrados\",\"potentialAction\":[{\"@type\":\"SearchAction\",\"target\":{\"@type\":\"EntryPoint\",\"urlTemplate\":\"https:\/\/librosdelzorrorojo.com\/?s={search_term_string}\"},\"query-input\":{\"@type\":\"PropertyValueSpecification\",\"valueRequired\":true,\"valueName\":\"search_term_string\"}}],\"inLanguage\":\"ca\"}]}<\/script>\n<!-- \/ Yoast SEO plugin. -->","yoast_head_json":{"title":"El Rey de Amarillo - Libros del Zorro Rojo","description":"\u00abO\u00ed entonces c\u00f3mo se alzaba su voz, atronando detr\u00e1s de la llameante luz, y ca\u00ed y me cubrieron resplandecientes olas de fuego. Mientras me hund\u00eda en","robots":{"index":"index","follow":"follow","max-snippet":"max-snippet:-1","max-image-preview":"max-image-preview:large","max-video-preview":"max-video-preview:-1"},"canonical":"https:\/\/librosdelzorrorojo.com\/ca\/cataleg\/el-rey-de-amarillo\/","og_locale":"ca_ES","og_type":"article","og_title":"El Rey de Amarillo - Libros del Zorro Rojo","og_description":"\u00abO\u00ed entonces c\u00f3mo se alzaba su voz, atronando detr\u00e1s de la llameante luz, y ca\u00ed y me cubrieron resplandecientes olas de fuego. Mientras me hund\u00eda en","og_url":"https:\/\/librosdelzorrorojo.com\/ca\/cataleg\/el-rey-de-amarillo\/","og_site_name":"Libros del Zorro Rojo","article_modified_time":"2024-03-01T08:21:13+00:00","og_image":[{"width":850,"height":1232,"url":"https:\/\/librosdelzorrorojo.com\/wp-content\/uploads\/2000\/10\/Cover_ElReydeAmarillo-Baja.jpg","type":"image\/jpeg"}],"twitter_card":"summary_large_image","twitter_misc":{"Temps estimat de lectura":"1 minut"},"schema":{"@context":"https:\/\/schema.org","@graph":[{"@type":"WebPage","@id":"https:\/\/librosdelzorrorojo.com\/ca\/cataleg\/el-rey-de-amarillo\/","url":"https:\/\/librosdelzorrorojo.com\/ca\/cataleg\/el-rey-de-amarillo\/","name":"El Rey de Amarillo - Libros del Zorro Rojo","isPartOf":{"@id":"https:\/\/librosdelzorrorojo.com\/#website"},"primaryImageOfPage":{"@id":"https:\/\/librosdelzorrorojo.com\/ca\/cataleg\/el-rey-de-amarillo\/#primaryimage"},"image":{"@id":"https:\/\/librosdelzorrorojo.com\/ca\/cataleg\/el-rey-de-amarillo\/#primaryimage"},"thumbnailUrl":"https:\/\/librosdelzorrorojo.com\/wp-content\/uploads\/2000\/10\/Cover_ElReydeAmarillo-Baja.jpg","datePublished":"2000-10-31T17:59:02+00:00","dateModified":"2024-03-01T08:21:13+00:00","description":"\u00abO\u00ed entonces c\u00f3mo se alzaba su voz, atronando detr\u00e1s de la llameante luz, y ca\u00ed y me cubrieron resplandecientes olas de fuego. Mientras me hund\u00eda en","breadcrumb":{"@id":"https:\/\/librosdelzorrorojo.com\/ca\/cataleg\/el-rey-de-amarillo\/#breadcrumb"},"inLanguage":"ca","potentialAction":[{"@type":"ReadAction","target":["https:\/\/librosdelzorrorojo.com\/ca\/cataleg\/el-rey-de-amarillo\/"]}]},{"@type":"ImageObject","inLanguage":"ca","@id":"https:\/\/librosdelzorrorojo.com\/ca\/cataleg\/el-rey-de-amarillo\/#primaryimage","url":"https:\/\/librosdelzorrorojo.com\/wp-content\/uploads\/2000\/10\/Cover_ElReydeAmarillo-Baja.jpg","contentUrl":"https:\/\/librosdelzorrorojo.com\/wp-content\/uploads\/2000\/10\/Cover_ElReydeAmarillo-Baja.jpg","width":850,"height":1232,"caption":"Cover ElReydeAmarillo Baja"},{"@type":"BreadcrumbList","@id":"https:\/\/librosdelzorrorojo.com\/ca\/cataleg\/el-rey-de-amarillo\/#breadcrumb","itemListElement":[{"@type":"ListItem","position":1,"name":"Portada","item":"https:\/\/librosdelzorrorojo.com\/ca\/"},{"@type":"ListItem","position":2,"name":"Cat\u00e0leg","item":"https:\/\/librosdelzorrorojo.com\/ca\/cataleg\/"},{"@type":"ListItem","position":3,"name":"El Rey de Amarillo"}]},{"@type":"WebSite","@id":"https:\/\/librosdelzorrorojo.com\/#website","url":"https:\/\/librosdelzorrorojo.com\/","name":"Libros del Zorro Rojo","description":"Libros ilustrados","potentialAction":[{"@type":"SearchAction","target":{"@type":"EntryPoint","urlTemplate":"https:\/\/librosdelzorrorojo.com\/?s={search_term_string}"},"query-input":{"@type":"PropertyValueSpecification","valueRequired":true,"valueName":"search_term_string"}}],"inLanguage":"ca"}]}},"_links":{"self":[{"href":"https:\/\/librosdelzorrorojo.com\/ca\/wp-json\/wp\/v2\/product\/12306","targetHints":{"allow":["GET"]}}],"collection":[{"href":"https:\/\/librosdelzorrorojo.com\/ca\/wp-json\/wp\/v2\/product"}],"about":[{"href":"https:\/\/librosdelzorrorojo.com\/ca\/wp-json\/wp\/v2\/types\/product"}],"wp:featuredmedia":[{"embeddable":true,"href":"https:\/\/librosdelzorrorojo.com\/ca\/wp-json\/wp\/v2\/media\/11683"}],"wp:attachment":[{"href":"https:\/\/librosdelzorrorojo.com\/ca\/wp-json\/wp\/v2\/media?parent=12306"}],"wp:term":[{"taxonomy":"product_brand","embeddable":true,"href":"https:\/\/librosdelzorrorojo.com\/ca\/wp-json\/wp\/v2\/product_brand?post=12306"},{"taxonomy":"product_cat","embeddable":true,"href":"https:\/\/librosdelzorrorojo.com\/ca\/wp-json\/wp\/v2\/product_cat?post=12306"},{"taxonomy":"product_tag","embeddable":true,"href":"https:\/\/librosdelzorrorojo.com\/ca\/wp-json\/wp\/v2\/product_tag?post=12306"}],"curies":[{"name":"wp","href":"https:\/\/api.w.org\/{rel}","templated":true}]}}