{"id":12304,"date":"2000-10-31T19:01:52","date_gmt":"2000-10-31T18:01:52","guid":{"rendered":"https:\/\/librosdelzorrorojo.com\/catalogo\/robinson-crusoe\/"},"modified":"2026-04-07T10:27:11","modified_gmt":"2026-04-07T08:27:11","slug":"robinson-crusoe","status":"publish","type":"product","link":"https:\/\/librosdelzorrorojo.com\/ca\/cataleg\/robinson-crusoe\/","title":{"rendered":"Robinson Crusoe"},"content":{"rendered":"<p>A una isla desierta en la que no hay Dios ni naturaleza ni muerte \u2014como expres\u00f3 Virginia Woolf\u2014 llega un Robinson Crusoe que ha deso\u00eddo los consejos de su padre y que, perseguido por su mala estrella y tras m\u00e1s de veinte a\u00f1os de rigurosa soledad, encuentra una huella humana en la arena. A partir de una realidad hist\u00f3rica (era costumbre en la \u00e9poca abandonar a un navegante en una isla desierta por razones disciplinarias), y de la experiencia real del n\u00e1ufrago Alexander Selkirk, naci\u00f3 Robinson Crusoe, lectura extremadamente popular en el siglo XIX, y que Georges M\u00e9li\u00e8s llev\u00f3 al cine en los inicios de este medio. As\u00ed, de la obra de Defoe, \u00abpoeta de la paciente lucha del hombre con la materia, de la humildad, dificultad y grandeza del hacer\u00bb, naci\u00f3 uno de los arquetipos de la historia de la literatura universal.<\/p>\n<p>En 1945, la editorial Viau public\u00f3 una edici\u00f3n limitada, de ochocientos ejemplares, en traducci\u00f3n del gran Julio Cort\u00e1zar, que la presente edici\u00f3n recupera junto con la obra del artista argentino-brasile\u00f1o Caryb\u00e9.<\/p>\n<p><img decoding=\"async\" src=\"https:\/\/librosdelzorrorojo.com\/wp-content\/uploads\/2024\/10\/ICEC.jpg\" alt=\"\" width=\"380\" height=\"85\" class=\"alignnone size-full wp-image-29095\" \/><\/p>\n","protected":false},"excerpt":{"rendered":"<span>A una isla desierta en la que no hay Dios ni naturaleza ni muerte \u2014como expres\u00f3 Virginia Woolf\u2014 arriba un Robinson Crusoe que ha deso\u00eddo los consejos de su padre; que, perseguido por su mala estrella y tras m\u00e1s de veinte a\u00f1os de rigurosa soledad, encuentra una huella humana en la arena. A partir de una realidad hist\u00f3rica (era costumbre en la \u00e9poca abandonar a un navegante en una isla desierta por razones disciplinarias) y de la experiencia real del n\u00e1ufrago Alexander Selkirk naci\u00f3 Robinson Crusoe, la obra m\u00e1s le\u00edda durante el siglo XIX, y que trascender\u00eda la literatura en 1902, cuando Georges M\u00e9li\u00e8s la llev\u00f3 por primera vez al cine. As\u00ed, de la obra de Defoe, \u00abpoeta de la paciente lucha del hombre con la materia, de la humildad, dificultad y grandeza del hacer\u00bb, naci\u00f3 uno de los arquetipos fundamentales de la historia de la literatura universal.\u00a0<\/span>\r\n<span>En 1945 la editorial Viau dio al mundo una edici\u00f3n excepcional del cl\u00e1sico Robinson Crusoe que cont\u00f3 con una primera tirada limitada de tan solo ochocientos ejemplares. La obra del \u00abpadre de la novela inglesa\u00bb, Daniel Defoe, se un\u00eda para siempre a la primera traducci\u00f3n literaria de uno de los mejores escritores latinoamericanos de todos los tiempos, Julio Cort\u00e1zar. Ambas, adem\u00e1s, se enlazaban por partida doble a la obra del consagrado artista argentino-brasile\u00f1o H\u00e9ctor Julio P\u00e1ride Bernab\u00f3 o Caryb\u00e9, que a las numerosas ilustraciones en blanco y negro sum\u00f3 nueve l\u00e1minas a color que dotaron de un valor \u00fanico a la edici\u00f3n.<\/span>","protected":false},"featured_media":30968,"template":"","meta":{"_acf_changed":false},"product_brand":[],"product_cat":[844,3156,846,842],"product_tag":[],"class_list":{"0":"post-12304","1":"product","2":"type-product","3":"status-publish","4":"has-post-thumbnail","6":"product_cat-castella","7":"product_cat-juvenil-adult","8":"product_cat-novedades-ca","9":"product_cat-en-preparacion-ca","11":"first","12":"instock","13":"taxable","14":"shipping-taxable","15":"purchasable","16":"product-type-simple"},"acf":[],"yoast_head":"<!-- This site is optimized with the Yoast SEO plugin v25.1 - https:\/\/yoast.com\/wordpress\/plugins\/seo\/ -->\n<title>Robinson Crusoe - Libros del Zorro Rojo<\/title>\n<meta name=\"description\" content=\"A una isla desierta en la que no hay Dios ni naturaleza ni muerte \u2014como expres\u00f3 Virginia Woolf\u2014 arriba un Robinson Crusoe que ha deso\u00eddo los consejos\" \/>\n<meta name=\"robots\" content=\"index, follow, max-snippet:-1, max-image-preview:large, max-video-preview:-1\" \/>\n<link rel=\"canonical\" href=\"https:\/\/librosdelzorrorojo.com\/ca\/cataleg\/robinson-crusoe\/\" \/>\n<meta property=\"og:locale\" content=\"ca_ES\" \/>\n<meta property=\"og:type\" content=\"article\" \/>\n<meta property=\"og:title\" content=\"Robinson Crusoe - Libros del Zorro Rojo\" \/>\n<meta property=\"og:description\" content=\"A una isla desierta en la que no hay Dios ni naturaleza ni muerte \u2014como expres\u00f3 Virginia Woolf\u2014 arriba un Robinson Crusoe que ha deso\u00eddo los consejos\" \/>\n<meta property=\"og:url\" content=\"https:\/\/librosdelzorrorojo.com\/ca\/cataleg\/robinson-crusoe\/\" \/>\n<meta property=\"og:site_name\" content=\"Libros del Zorro Rojo\" \/>\n<meta property=\"article:modified_time\" content=\"2026-04-07T08:27:11+00:00\" \/>\n<meta property=\"og:image\" content=\"https:\/\/librosdelzorrorojo.com\/wp-content\/uploads\/2000\/10\/Cover_RobinsonCruzoe-WEB-1.jpg\" \/>\n\t<meta property=\"og:image:width\" content=\"850\" \/>\n\t<meta property=\"og:image:height\" content=\"1144\" \/>\n\t<meta property=\"og:image:type\" content=\"image\/jpeg\" \/>\n<meta name=\"twitter:card\" content=\"summary_large_image\" \/>\n<meta name=\"twitter:label1\" content=\"Temps estimat de lectura\" \/>\n\t<meta name=\"twitter:data1\" content=\"1 minut\" \/>\n<script type=\"application\/ld+json\" class=\"yoast-schema-graph\">{\"@context\":\"https:\/\/schema.org\",\"@graph\":[{\"@type\":\"WebPage\",\"@id\":\"https:\/\/librosdelzorrorojo.com\/ca\/cataleg\/robinson-crusoe\/\",\"url\":\"https:\/\/librosdelzorrorojo.com\/ca\/cataleg\/robinson-crusoe\/\",\"name\":\"Robinson Crusoe - Libros del Zorro Rojo\",\"isPartOf\":{\"@id\":\"https:\/\/librosdelzorrorojo.com\/#website\"},\"primaryImageOfPage\":{\"@id\":\"https:\/\/librosdelzorrorojo.com\/ca\/cataleg\/robinson-crusoe\/#primaryimage\"},\"image\":{\"@id\":\"https:\/\/librosdelzorrorojo.com\/ca\/cataleg\/robinson-crusoe\/#primaryimage\"},\"thumbnailUrl\":\"https:\/\/librosdelzorrorojo.com\/wp-content\/uploads\/2000\/10\/Cover_RobinsonCruzoe-WEB-1.jpg\",\"datePublished\":\"2000-10-31T18:01:52+00:00\",\"dateModified\":\"2026-04-07T08:27:11+00:00\",\"description\":\"A una isla desierta en la que no hay Dios ni naturaleza ni muerte \u2014como expres\u00f3 Virginia Woolf\u2014 arriba un Robinson Crusoe que ha deso\u00eddo los consejos\",\"breadcrumb\":{\"@id\":\"https:\/\/librosdelzorrorojo.com\/ca\/cataleg\/robinson-crusoe\/#breadcrumb\"},\"inLanguage\":\"ca\",\"potentialAction\":[{\"@type\":\"ReadAction\",\"target\":[\"https:\/\/librosdelzorrorojo.com\/ca\/cataleg\/robinson-crusoe\/\"]}]},{\"@type\":\"ImageObject\",\"inLanguage\":\"ca\",\"@id\":\"https:\/\/librosdelzorrorojo.com\/ca\/cataleg\/robinson-crusoe\/#primaryimage\",\"url\":\"https:\/\/librosdelzorrorojo.com\/wp-content\/uploads\/2000\/10\/Cover_RobinsonCruzoe-WEB-1.jpg\",\"contentUrl\":\"https:\/\/librosdelzorrorojo.com\/wp-content\/uploads\/2000\/10\/Cover_RobinsonCruzoe-WEB-1.jpg\",\"width\":850,\"height\":1144},{\"@type\":\"BreadcrumbList\",\"@id\":\"https:\/\/librosdelzorrorojo.com\/ca\/cataleg\/robinson-crusoe\/#breadcrumb\",\"itemListElement\":[{\"@type\":\"ListItem\",\"position\":1,\"name\":\"Portada\",\"item\":\"https:\/\/librosdelzorrorojo.com\/ca\/\"},{\"@type\":\"ListItem\",\"position\":2,\"name\":\"Cat\u00e0leg\",\"item\":\"https:\/\/librosdelzorrorojo.com\/ca\/cataleg\/\"},{\"@type\":\"ListItem\",\"position\":3,\"name\":\"Robinson Crusoe\"}]},{\"@type\":\"WebSite\",\"@id\":\"https:\/\/librosdelzorrorojo.com\/#website\",\"url\":\"https:\/\/librosdelzorrorojo.com\/\",\"name\":\"Libros del Zorro Rojo\",\"description\":\"Libros ilustrados\",\"potentialAction\":[{\"@type\":\"SearchAction\",\"target\":{\"@type\":\"EntryPoint\",\"urlTemplate\":\"https:\/\/librosdelzorrorojo.com\/?s={search_term_string}\"},\"query-input\":{\"@type\":\"PropertyValueSpecification\",\"valueRequired\":true,\"valueName\":\"search_term_string\"}}],\"inLanguage\":\"ca\"}]}<\/script>\n<!-- \/ Yoast SEO plugin. -->","yoast_head_json":{"title":"Robinson Crusoe - Libros del Zorro Rojo","description":"A una isla desierta en la que no hay Dios ni naturaleza ni muerte \u2014como expres\u00f3 Virginia Woolf\u2014 arriba un Robinson Crusoe que ha deso\u00eddo los consejos","robots":{"index":"index","follow":"follow","max-snippet":"max-snippet:-1","max-image-preview":"max-image-preview:large","max-video-preview":"max-video-preview:-1"},"canonical":"https:\/\/librosdelzorrorojo.com\/ca\/cataleg\/robinson-crusoe\/","og_locale":"ca_ES","og_type":"article","og_title":"Robinson Crusoe - Libros del Zorro Rojo","og_description":"A una isla desierta en la que no hay Dios ni naturaleza ni muerte \u2014como expres\u00f3 Virginia Woolf\u2014 arriba un Robinson Crusoe que ha deso\u00eddo los consejos","og_url":"https:\/\/librosdelzorrorojo.com\/ca\/cataleg\/robinson-crusoe\/","og_site_name":"Libros del Zorro Rojo","article_modified_time":"2026-04-07T08:27:11+00:00","og_image":[{"width":850,"height":1144,"url":"https:\/\/librosdelzorrorojo.com\/wp-content\/uploads\/2000\/10\/Cover_RobinsonCruzoe-WEB-1.jpg","type":"image\/jpeg"}],"twitter_card":"summary_large_image","twitter_misc":{"Temps estimat de lectura":"1 minut"},"schema":{"@context":"https:\/\/schema.org","@graph":[{"@type":"WebPage","@id":"https:\/\/librosdelzorrorojo.com\/ca\/cataleg\/robinson-crusoe\/","url":"https:\/\/librosdelzorrorojo.com\/ca\/cataleg\/robinson-crusoe\/","name":"Robinson Crusoe - Libros del Zorro Rojo","isPartOf":{"@id":"https:\/\/librosdelzorrorojo.com\/#website"},"primaryImageOfPage":{"@id":"https:\/\/librosdelzorrorojo.com\/ca\/cataleg\/robinson-crusoe\/#primaryimage"},"image":{"@id":"https:\/\/librosdelzorrorojo.com\/ca\/cataleg\/robinson-crusoe\/#primaryimage"},"thumbnailUrl":"https:\/\/librosdelzorrorojo.com\/wp-content\/uploads\/2000\/10\/Cover_RobinsonCruzoe-WEB-1.jpg","datePublished":"2000-10-31T18:01:52+00:00","dateModified":"2026-04-07T08:27:11+00:00","description":"A una isla desierta en la que no hay Dios ni naturaleza ni muerte \u2014como expres\u00f3 Virginia Woolf\u2014 arriba un Robinson Crusoe que ha deso\u00eddo los consejos","breadcrumb":{"@id":"https:\/\/librosdelzorrorojo.com\/ca\/cataleg\/robinson-crusoe\/#breadcrumb"},"inLanguage":"ca","potentialAction":[{"@type":"ReadAction","target":["https:\/\/librosdelzorrorojo.com\/ca\/cataleg\/robinson-crusoe\/"]}]},{"@type":"ImageObject","inLanguage":"ca","@id":"https:\/\/librosdelzorrorojo.com\/ca\/cataleg\/robinson-crusoe\/#primaryimage","url":"https:\/\/librosdelzorrorojo.com\/wp-content\/uploads\/2000\/10\/Cover_RobinsonCruzoe-WEB-1.jpg","contentUrl":"https:\/\/librosdelzorrorojo.com\/wp-content\/uploads\/2000\/10\/Cover_RobinsonCruzoe-WEB-1.jpg","width":850,"height":1144},{"@type":"BreadcrumbList","@id":"https:\/\/librosdelzorrorojo.com\/ca\/cataleg\/robinson-crusoe\/#breadcrumb","itemListElement":[{"@type":"ListItem","position":1,"name":"Portada","item":"https:\/\/librosdelzorrorojo.com\/ca\/"},{"@type":"ListItem","position":2,"name":"Cat\u00e0leg","item":"https:\/\/librosdelzorrorojo.com\/ca\/cataleg\/"},{"@type":"ListItem","position":3,"name":"Robinson Crusoe"}]},{"@type":"WebSite","@id":"https:\/\/librosdelzorrorojo.com\/#website","url":"https:\/\/librosdelzorrorojo.com\/","name":"Libros del Zorro Rojo","description":"Libros ilustrados","potentialAction":[{"@type":"SearchAction","target":{"@type":"EntryPoint","urlTemplate":"https:\/\/librosdelzorrorojo.com\/?s={search_term_string}"},"query-input":{"@type":"PropertyValueSpecification","valueRequired":true,"valueName":"search_term_string"}}],"inLanguage":"ca"}]}},"_links":{"self":[{"href":"https:\/\/librosdelzorrorojo.com\/ca\/wp-json\/wp\/v2\/product\/12304","targetHints":{"allow":["GET"]}}],"collection":[{"href":"https:\/\/librosdelzorrorojo.com\/ca\/wp-json\/wp\/v2\/product"}],"about":[{"href":"https:\/\/librosdelzorrorojo.com\/ca\/wp-json\/wp\/v2\/types\/product"}],"wp:featuredmedia":[{"embeddable":true,"href":"https:\/\/librosdelzorrorojo.com\/ca\/wp-json\/wp\/v2\/media\/30968"}],"wp:attachment":[{"href":"https:\/\/librosdelzorrorojo.com\/ca\/wp-json\/wp\/v2\/media?parent=12304"}],"wp:term":[{"taxonomy":"product_brand","embeddable":true,"href":"https:\/\/librosdelzorrorojo.com\/ca\/wp-json\/wp\/v2\/product_brand?post=12304"},{"taxonomy":"product_cat","embeddable":true,"href":"https:\/\/librosdelzorrorojo.com\/ca\/wp-json\/wp\/v2\/product_cat?post=12304"},{"taxonomy":"product_tag","embeddable":true,"href":"https:\/\/librosdelzorrorojo.com\/ca\/wp-json\/wp\/v2\/product_tag?post=12304"}],"curies":[{"name":"wp","href":"https:\/\/api.w.org\/{rel}","templated":true}]}}