{"id":12302,"date":"2000-10-31T19:03:45","date_gmt":"2000-10-31T18:03:45","guid":{"rendered":"https:\/\/librosdelzorrorojo.com\/catalogo\/el-salvaje\/"},"modified":"2024-11-29T10:49:08","modified_gmt":"2024-11-29T09:49:08","slug":"el-salvaje","status":"publish","type":"product","link":"https:\/\/librosdelzorrorojo.com\/ca\/cataleg\/el-salvaje\/","title":{"rendered":"El salvaje"},"content":{"rendered":"<p><span>La realidad y el sue\u00f1o se funden en un extraordinario relato sobre la prehistoria de la humanidad. En la primera parte, una bestia del per\u00edodo terciario emerge de las aguas y del tiempo en busca de su presa. En la segunda, dos hombres se empe\u00f1an en una incesante lucha por la supervivencia que cruzar\u00e1 sus destinos.<\/span><\/p>\n<p><span>Por su imaginaci\u00f3n, por su fuerza narrativa, El salvaje ocupa un lugar sobresaliente en el repertorio literario de Horacio Quiroga.<\/span><\/p>\n","protected":false},"excerpt":{"rendered":"<span>La realidad y el sue\u00f1o se funden en un extraordinario relato sobre la prehistoria de la humanidad. En la primera parte, una bestia del per\u00edodo terciario emerge de las aguas y del tiempo en busca de su presa. En la segunda, dos hombres se empe\u00f1an en una incesante lucha por la supervivencia que cruzar\u00e1 sus destinos.<\/span>\r\n\r\n<span>Por su imaginaci\u00f3n, por su fuerza narrativa, El salvaje ocupa un lugar sobresaliente en el repertorio literario de Horacio Quiroga.<\/span>","protected":false},"featured_media":11718,"template":"","meta":{"_acf_changed":false},"product_brand":[],"product_cat":[844,3156],"product_tag":[],"class_list":{"0":"post-12302","1":"product","2":"type-product","3":"status-publish","4":"has-post-thumbnail","6":"product_cat-castella","7":"product_cat-juvenil-adult","9":"first","10":"instock","11":"taxable","12":"shipping-taxable","13":"purchasable","14":"product-type-simple"},"acf":[],"yoast_head":"<!-- This site is optimized with the Yoast SEO plugin v25.1 - https:\/\/yoast.com\/wordpress\/plugins\/seo\/ -->\n<title>El salvaje - Libros del Zorro Rojo<\/title>\n<meta name=\"description\" content=\"La realidad y el sue\u00f1o se funden en un extraordinario relato sobre la prehistoria de la humanidad. En la primera parte, una bestia del per\u00edodo terciario\" \/>\n<meta name=\"robots\" content=\"index, follow, max-snippet:-1, max-image-preview:large, max-video-preview:-1\" \/>\n<link rel=\"canonical\" href=\"https:\/\/librosdelzorrorojo.com\/ca\/cataleg\/el-salvaje\/\" \/>\n<meta property=\"og:locale\" content=\"ca_ES\" \/>\n<meta property=\"og:type\" content=\"article\" \/>\n<meta property=\"og:title\" content=\"El salvaje - Libros del Zorro Rojo\" \/>\n<meta property=\"og:description\" content=\"La realidad y el sue\u00f1o se funden en un extraordinario relato sobre la prehistoria de la humanidad. En la primera parte, una bestia del per\u00edodo terciario\" \/>\n<meta property=\"og:url\" content=\"https:\/\/librosdelzorrorojo.com\/ca\/cataleg\/el-salvaje\/\" \/>\n<meta property=\"og:site_name\" content=\"Libros del Zorro Rojo\" \/>\n<meta property=\"article:modified_time\" content=\"2024-11-29T09:49:08+00:00\" \/>\n<meta property=\"og:image\" content=\"https:\/\/librosdelzorrorojo.com\/wp-content\/uploads\/2000\/10\/Cover_ElSalvaje.jpg\" \/>\n\t<meta property=\"og:image:width\" content=\"850\" \/>\n\t<meta property=\"og:image:height\" content=\"1212\" \/>\n\t<meta property=\"og:image:type\" content=\"image\/jpeg\" \/>\n<meta name=\"twitter:card\" content=\"summary_large_image\" \/>\n<script type=\"application\/ld+json\" class=\"yoast-schema-graph\">{\"@context\":\"https:\/\/schema.org\",\"@graph\":[{\"@type\":\"WebPage\",\"@id\":\"https:\/\/librosdelzorrorojo.com\/ca\/cataleg\/el-salvaje\/\",\"url\":\"https:\/\/librosdelzorrorojo.com\/ca\/cataleg\/el-salvaje\/\",\"name\":\"El salvaje - Libros del Zorro Rojo\",\"isPartOf\":{\"@id\":\"https:\/\/librosdelzorrorojo.com\/#website\"},\"primaryImageOfPage\":{\"@id\":\"https:\/\/librosdelzorrorojo.com\/ca\/cataleg\/el-salvaje\/#primaryimage\"},\"image\":{\"@id\":\"https:\/\/librosdelzorrorojo.com\/ca\/cataleg\/el-salvaje\/#primaryimage\"},\"thumbnailUrl\":\"https:\/\/librosdelzorrorojo.com\/wp-content\/uploads\/2000\/10\/Cover_ElSalvaje.jpg\",\"datePublished\":\"2000-10-31T18:03:45+00:00\",\"dateModified\":\"2024-11-29T09:49:08+00:00\",\"description\":\"La realidad y el sue\u00f1o se funden en un extraordinario relato sobre la prehistoria de la humanidad. En la primera parte, una bestia del per\u00edodo terciario\",\"breadcrumb\":{\"@id\":\"https:\/\/librosdelzorrorojo.com\/ca\/cataleg\/el-salvaje\/#breadcrumb\"},\"inLanguage\":\"ca\",\"potentialAction\":[{\"@type\":\"ReadAction\",\"target\":[\"https:\/\/librosdelzorrorojo.com\/ca\/cataleg\/el-salvaje\/\"]}]},{\"@type\":\"ImageObject\",\"inLanguage\":\"ca\",\"@id\":\"https:\/\/librosdelzorrorojo.com\/ca\/cataleg\/el-salvaje\/#primaryimage\",\"url\":\"https:\/\/librosdelzorrorojo.com\/wp-content\/uploads\/2000\/10\/Cover_ElSalvaje.jpg\",\"contentUrl\":\"https:\/\/librosdelzorrorojo.com\/wp-content\/uploads\/2000\/10\/Cover_ElSalvaje.jpg\",\"width\":850,\"height\":1212,\"caption\":\"Cover ElSalvaje\"},{\"@type\":\"BreadcrumbList\",\"@id\":\"https:\/\/librosdelzorrorojo.com\/ca\/cataleg\/el-salvaje\/#breadcrumb\",\"itemListElement\":[{\"@type\":\"ListItem\",\"position\":1,\"name\":\"Portada\",\"item\":\"https:\/\/librosdelzorrorojo.com\/ca\/\"},{\"@type\":\"ListItem\",\"position\":2,\"name\":\"Cat\u00e0leg\",\"item\":\"https:\/\/librosdelzorrorojo.com\/ca\/cataleg\/\"},{\"@type\":\"ListItem\",\"position\":3,\"name\":\"El salvaje\"}]},{\"@type\":\"WebSite\",\"@id\":\"https:\/\/librosdelzorrorojo.com\/#website\",\"url\":\"https:\/\/librosdelzorrorojo.com\/\",\"name\":\"Libros del Zorro Rojo\",\"description\":\"Libros ilustrados\",\"potentialAction\":[{\"@type\":\"SearchAction\",\"target\":{\"@type\":\"EntryPoint\",\"urlTemplate\":\"https:\/\/librosdelzorrorojo.com\/?s={search_term_string}\"},\"query-input\":{\"@type\":\"PropertyValueSpecification\",\"valueRequired\":true,\"valueName\":\"search_term_string\"}}],\"inLanguage\":\"ca\"}]}<\/script>\n<!-- \/ Yoast SEO plugin. -->","yoast_head_json":{"title":"El salvaje - Libros del Zorro Rojo","description":"La realidad y el sue\u00f1o se funden en un extraordinario relato sobre la prehistoria de la humanidad. En la primera parte, una bestia del per\u00edodo terciario","robots":{"index":"index","follow":"follow","max-snippet":"max-snippet:-1","max-image-preview":"max-image-preview:large","max-video-preview":"max-video-preview:-1"},"canonical":"https:\/\/librosdelzorrorojo.com\/ca\/cataleg\/el-salvaje\/","og_locale":"ca_ES","og_type":"article","og_title":"El salvaje - Libros del Zorro Rojo","og_description":"La realidad y el sue\u00f1o se funden en un extraordinario relato sobre la prehistoria de la humanidad. En la primera parte, una bestia del per\u00edodo terciario","og_url":"https:\/\/librosdelzorrorojo.com\/ca\/cataleg\/el-salvaje\/","og_site_name":"Libros del Zorro Rojo","article_modified_time":"2024-11-29T09:49:08+00:00","og_image":[{"width":850,"height":1212,"url":"https:\/\/librosdelzorrorojo.com\/wp-content\/uploads\/2000\/10\/Cover_ElSalvaje.jpg","type":"image\/jpeg"}],"twitter_card":"summary_large_image","schema":{"@context":"https:\/\/schema.org","@graph":[{"@type":"WebPage","@id":"https:\/\/librosdelzorrorojo.com\/ca\/cataleg\/el-salvaje\/","url":"https:\/\/librosdelzorrorojo.com\/ca\/cataleg\/el-salvaje\/","name":"El salvaje - Libros del Zorro Rojo","isPartOf":{"@id":"https:\/\/librosdelzorrorojo.com\/#website"},"primaryImageOfPage":{"@id":"https:\/\/librosdelzorrorojo.com\/ca\/cataleg\/el-salvaje\/#primaryimage"},"image":{"@id":"https:\/\/librosdelzorrorojo.com\/ca\/cataleg\/el-salvaje\/#primaryimage"},"thumbnailUrl":"https:\/\/librosdelzorrorojo.com\/wp-content\/uploads\/2000\/10\/Cover_ElSalvaje.jpg","datePublished":"2000-10-31T18:03:45+00:00","dateModified":"2024-11-29T09:49:08+00:00","description":"La realidad y el sue\u00f1o se funden en un extraordinario relato sobre la prehistoria de la humanidad. En la primera parte, una bestia del per\u00edodo terciario","breadcrumb":{"@id":"https:\/\/librosdelzorrorojo.com\/ca\/cataleg\/el-salvaje\/#breadcrumb"},"inLanguage":"ca","potentialAction":[{"@type":"ReadAction","target":["https:\/\/librosdelzorrorojo.com\/ca\/cataleg\/el-salvaje\/"]}]},{"@type":"ImageObject","inLanguage":"ca","@id":"https:\/\/librosdelzorrorojo.com\/ca\/cataleg\/el-salvaje\/#primaryimage","url":"https:\/\/librosdelzorrorojo.com\/wp-content\/uploads\/2000\/10\/Cover_ElSalvaje.jpg","contentUrl":"https:\/\/librosdelzorrorojo.com\/wp-content\/uploads\/2000\/10\/Cover_ElSalvaje.jpg","width":850,"height":1212,"caption":"Cover ElSalvaje"},{"@type":"BreadcrumbList","@id":"https:\/\/librosdelzorrorojo.com\/ca\/cataleg\/el-salvaje\/#breadcrumb","itemListElement":[{"@type":"ListItem","position":1,"name":"Portada","item":"https:\/\/librosdelzorrorojo.com\/ca\/"},{"@type":"ListItem","position":2,"name":"Cat\u00e0leg","item":"https:\/\/librosdelzorrorojo.com\/ca\/cataleg\/"},{"@type":"ListItem","position":3,"name":"El salvaje"}]},{"@type":"WebSite","@id":"https:\/\/librosdelzorrorojo.com\/#website","url":"https:\/\/librosdelzorrorojo.com\/","name":"Libros del Zorro Rojo","description":"Libros ilustrados","potentialAction":[{"@type":"SearchAction","target":{"@type":"EntryPoint","urlTemplate":"https:\/\/librosdelzorrorojo.com\/?s={search_term_string}"},"query-input":{"@type":"PropertyValueSpecification","valueRequired":true,"valueName":"search_term_string"}}],"inLanguage":"ca"}]}},"_links":{"self":[{"href":"https:\/\/librosdelzorrorojo.com\/ca\/wp-json\/wp\/v2\/product\/12302","targetHints":{"allow":["GET"]}}],"collection":[{"href":"https:\/\/librosdelzorrorojo.com\/ca\/wp-json\/wp\/v2\/product"}],"about":[{"href":"https:\/\/librosdelzorrorojo.com\/ca\/wp-json\/wp\/v2\/types\/product"}],"wp:featuredmedia":[{"embeddable":true,"href":"https:\/\/librosdelzorrorojo.com\/ca\/wp-json\/wp\/v2\/media\/11718"}],"wp:attachment":[{"href":"https:\/\/librosdelzorrorojo.com\/ca\/wp-json\/wp\/v2\/media?parent=12302"}],"wp:term":[{"taxonomy":"product_brand","embeddable":true,"href":"https:\/\/librosdelzorrorojo.com\/ca\/wp-json\/wp\/v2\/product_brand?post=12302"},{"taxonomy":"product_cat","embeddable":true,"href":"https:\/\/librosdelzorrorojo.com\/ca\/wp-json\/wp\/v2\/product_cat?post=12302"},{"taxonomy":"product_tag","embeddable":true,"href":"https:\/\/librosdelzorrorojo.com\/ca\/wp-json\/wp\/v2\/product_tag?post=12302"}],"curies":[{"name":"wp","href":"https:\/\/api.w.org\/{rel}","templated":true}]}}