{"id":12301,"date":"2023-02-21T11:00:42","date_gmt":"2023-02-21T10:00:42","guid":{"rendered":"https:\/\/librosdelzorrorojo.com\/catalogo\/el-senor-de-las-moscas\/"},"modified":"2024-12-13T11:06:33","modified_gmt":"2024-12-13T10:06:33","slug":"el-senor-de-las-moscas","status":"publish","type":"product","link":"https:\/\/librosdelzorrorojo.com\/ca\/cataleg\/el-senor-de-las-moscas\/","title":{"rendered":"El Se\u00f1or de las Moscas"},"content":{"rendered":"<p><span>Las novelas de William Golding, inquietantes f\u00e1bulas morales, exponen a los protagonistas a situaciones de aislamiento extremo, tanto f\u00edsico como psicol\u00f3gico y espiritual; as\u00ed se encontrar\u00e1n con los instintos m\u00e1s rec\u00f3nditos y oscuros y, como en El Se\u00f1or de las Moscas, con las leyes primordiales de la existencia y la convivencia, no pocas veces sustentadas en la aniquilaci\u00f3n del contrario. El Se\u00f1or de las Moscas, una alegor\u00eda aterradora, es su obra maestra. Las ilustraciones del virtuoso artista argentino Jorge Gonz\u00e1lez transitan desde el bucolismo dictado por la naturaleza a la pavorosa incertidumbre a que da lugar la inocencia.<\/span><\/p>\n<p><img decoding=\"async\" src=\"https:\/\/librosdelzorrorojo.com\/wp-content\/uploads\/2024\/10\/ICEC.jpg\" alt=\"\" width=\"380\" height=\"85\" class=\"alignnone size-full wp-image-29095\" \/><\/p>\n","protected":false},"excerpt":{"rendered":"<span>Las novelas de William Golding, inquietantes f\u00e1bulas morales, exponen a los protagonistas a situaciones de aislamiento extremo, tanto f\u00edsico como psicol\u00f3gico y espiritual; as\u00ed se encontrar\u00e1n con los instintos m\u00e1s rec\u00f3nditos y oscuros y, como en El Se\u00f1or de las Moscas, con las leyes primordiales de la existencia y la convivencia, no pocas veces sustentadas en la aniquilaci\u00f3n del contrario. El Se\u00f1or de las Moscas, una alegor\u00eda aterradora, es su obra maestra. Las ilustraciones del virtuoso artista argentino Jorge Gonz\u00e1lez transitan desde el bucolismo dictado por la naturaleza a la pavorosa incertidumbre a que da lugar la inocencia.<\/span>","protected":false},"featured_media":11716,"template":"","meta":{"_acf_changed":false},"product_brand":[],"product_cat":[844,3156,846],"product_tag":[],"class_list":{"0":"post-12301","1":"product","2":"type-product","3":"status-publish","4":"has-post-thumbnail","6":"product_cat-castella","7":"product_cat-juvenil-adult","8":"product_cat-novedades-ca","10":"first","11":"outofstock","12":"taxable","13":"shipping-taxable","14":"purchasable","15":"product-type-variable","16":"has-default-attributes"},"acf":[],"yoast_head":"<!-- This site is optimized with the Yoast SEO plugin v25.1 - https:\/\/yoast.com\/wordpress\/plugins\/seo\/ -->\n<title>El Se\u00f1or de las Moscas - Libros del Zorro Rojo<\/title>\n<meta name=\"description\" content=\"Las novelas de William Golding, inquietantes f\u00e1bulas morales, exponen a los protagonistas a situaciones de aislamiento extremo, tanto f\u00edsico como\" \/>\n<meta name=\"robots\" content=\"index, follow, max-snippet:-1, max-image-preview:large, max-video-preview:-1\" \/>\n<link rel=\"canonical\" href=\"https:\/\/librosdelzorrorojo.com\/ca\/cataleg\/el-senor-de-las-moscas\/\" \/>\n<meta property=\"og:locale\" content=\"ca_ES\" \/>\n<meta property=\"og:type\" content=\"article\" \/>\n<meta property=\"og:title\" content=\"El Se\u00f1or de las Moscas - Libros del Zorro Rojo\" \/>\n<meta property=\"og:description\" content=\"Las novelas de William Golding, inquietantes f\u00e1bulas morales, exponen a los protagonistas a situaciones de aislamiento extremo, tanto f\u00edsico como\" \/>\n<meta property=\"og:url\" content=\"https:\/\/librosdelzorrorojo.com\/ca\/cataleg\/el-senor-de-las-moscas\/\" \/>\n<meta property=\"og:site_name\" content=\"Libros del Zorro Rojo\" \/>\n<meta property=\"article:modified_time\" content=\"2024-12-13T10:06:33+00:00\" \/>\n<meta property=\"og:image\" content=\"https:\/\/librosdelzorrorojo.com\/wp-content\/uploads\/2000\/10\/Cover_Elsen\u0303ordelasmoscas.jpg\" \/>\n\t<meta property=\"og:image:width\" content=\"850\" \/>\n\t<meta property=\"og:image:height\" content=\"1275\" \/>\n\t<meta property=\"og:image:type\" content=\"image\/jpeg\" \/>\n<meta name=\"twitter:card\" content=\"summary_large_image\" \/>\n<meta name=\"twitter:label1\" content=\"Temps estimat de lectura\" \/>\n\t<meta name=\"twitter:data1\" content=\"1 minut\" \/>\n<script type=\"application\/ld+json\" class=\"yoast-schema-graph\">{\"@context\":\"https:\/\/schema.org\",\"@graph\":[{\"@type\":\"WebPage\",\"@id\":\"https:\/\/librosdelzorrorojo.com\/ca\/cataleg\/el-senor-de-las-moscas\/\",\"url\":\"https:\/\/librosdelzorrorojo.com\/ca\/cataleg\/el-senor-de-las-moscas\/\",\"name\":\"El Se\u00f1or de las Moscas - Libros del Zorro Rojo\",\"isPartOf\":{\"@id\":\"https:\/\/librosdelzorrorojo.com\/#website\"},\"primaryImageOfPage\":{\"@id\":\"https:\/\/librosdelzorrorojo.com\/ca\/cataleg\/el-senor-de-las-moscas\/#primaryimage\"},\"image\":{\"@id\":\"https:\/\/librosdelzorrorojo.com\/ca\/cataleg\/el-senor-de-las-moscas\/#primaryimage\"},\"thumbnailUrl\":\"https:\/\/librosdelzorrorojo.com\/wp-content\/uploads\/2000\/10\/Cover_Elsen\u0303ordelasmoscas.jpg\",\"datePublished\":\"2023-02-21T10:00:42+00:00\",\"dateModified\":\"2024-12-13T10:06:33+00:00\",\"description\":\"Las novelas de William Golding, inquietantes f\u00e1bulas morales, exponen a los protagonistas a situaciones de aislamiento extremo, tanto f\u00edsico como\",\"breadcrumb\":{\"@id\":\"https:\/\/librosdelzorrorojo.com\/ca\/cataleg\/el-senor-de-las-moscas\/#breadcrumb\"},\"inLanguage\":\"ca\",\"potentialAction\":[{\"@type\":\"ReadAction\",\"target\":[\"https:\/\/librosdelzorrorojo.com\/ca\/cataleg\/el-senor-de-las-moscas\/\"]}]},{\"@type\":\"ImageObject\",\"inLanguage\":\"ca\",\"@id\":\"https:\/\/librosdelzorrorojo.com\/ca\/cataleg\/el-senor-de-las-moscas\/#primaryimage\",\"url\":\"https:\/\/librosdelzorrorojo.com\/wp-content\/uploads\/2000\/10\/Cover_Elsen\u0303ordelasmoscas.jpg\",\"contentUrl\":\"https:\/\/librosdelzorrorojo.com\/wp-content\/uploads\/2000\/10\/Cover_Elsen\u0303ordelasmoscas.jpg\",\"width\":850,\"height\":1275,\"caption\":\"Cover Elsen\u0303ordelasmoscas\"},{\"@type\":\"BreadcrumbList\",\"@id\":\"https:\/\/librosdelzorrorojo.com\/ca\/cataleg\/el-senor-de-las-moscas\/#breadcrumb\",\"itemListElement\":[{\"@type\":\"ListItem\",\"position\":1,\"name\":\"Portada\",\"item\":\"https:\/\/librosdelzorrorojo.com\/ca\/\"},{\"@type\":\"ListItem\",\"position\":2,\"name\":\"Cat\u00e0leg\",\"item\":\"https:\/\/librosdelzorrorojo.com\/ca\/cataleg\/\"},{\"@type\":\"ListItem\",\"position\":3,\"name\":\"El Se\u00f1or de las Moscas\"}]},{\"@type\":\"WebSite\",\"@id\":\"https:\/\/librosdelzorrorojo.com\/#website\",\"url\":\"https:\/\/librosdelzorrorojo.com\/\",\"name\":\"Libros del Zorro Rojo\",\"description\":\"Libros ilustrados\",\"potentialAction\":[{\"@type\":\"SearchAction\",\"target\":{\"@type\":\"EntryPoint\",\"urlTemplate\":\"https:\/\/librosdelzorrorojo.com\/?s={search_term_string}\"},\"query-input\":{\"@type\":\"PropertyValueSpecification\",\"valueRequired\":true,\"valueName\":\"search_term_string\"}}],\"inLanguage\":\"ca\"}]}<\/script>\n<!-- \/ Yoast SEO plugin. -->","yoast_head_json":{"title":"El Se\u00f1or de las Moscas - Libros del Zorro Rojo","description":"Las novelas de William Golding, inquietantes f\u00e1bulas morales, exponen a los protagonistas a situaciones de aislamiento extremo, tanto f\u00edsico como","robots":{"index":"index","follow":"follow","max-snippet":"max-snippet:-1","max-image-preview":"max-image-preview:large","max-video-preview":"max-video-preview:-1"},"canonical":"https:\/\/librosdelzorrorojo.com\/ca\/cataleg\/el-senor-de-las-moscas\/","og_locale":"ca_ES","og_type":"article","og_title":"El Se\u00f1or de las Moscas - Libros del Zorro Rojo","og_description":"Las novelas de William Golding, inquietantes f\u00e1bulas morales, exponen a los protagonistas a situaciones de aislamiento extremo, tanto f\u00edsico como","og_url":"https:\/\/librosdelzorrorojo.com\/ca\/cataleg\/el-senor-de-las-moscas\/","og_site_name":"Libros del Zorro Rojo","article_modified_time":"2024-12-13T10:06:33+00:00","og_image":[{"width":850,"height":1275,"url":"https:\/\/librosdelzorrorojo.com\/wp-content\/uploads\/2000\/10\/Cover_Elsen\u0303ordelasmoscas.jpg","type":"image\/jpeg"}],"twitter_card":"summary_large_image","twitter_misc":{"Temps estimat de lectura":"1 minut"},"schema":{"@context":"https:\/\/schema.org","@graph":[{"@type":"WebPage","@id":"https:\/\/librosdelzorrorojo.com\/ca\/cataleg\/el-senor-de-las-moscas\/","url":"https:\/\/librosdelzorrorojo.com\/ca\/cataleg\/el-senor-de-las-moscas\/","name":"El Se\u00f1or de las Moscas - Libros del Zorro Rojo","isPartOf":{"@id":"https:\/\/librosdelzorrorojo.com\/#website"},"primaryImageOfPage":{"@id":"https:\/\/librosdelzorrorojo.com\/ca\/cataleg\/el-senor-de-las-moscas\/#primaryimage"},"image":{"@id":"https:\/\/librosdelzorrorojo.com\/ca\/cataleg\/el-senor-de-las-moscas\/#primaryimage"},"thumbnailUrl":"https:\/\/librosdelzorrorojo.com\/wp-content\/uploads\/2000\/10\/Cover_Elsen\u0303ordelasmoscas.jpg","datePublished":"2023-02-21T10:00:42+00:00","dateModified":"2024-12-13T10:06:33+00:00","description":"Las novelas de William Golding, inquietantes f\u00e1bulas morales, exponen a los protagonistas a situaciones de aislamiento extremo, tanto f\u00edsico como","breadcrumb":{"@id":"https:\/\/librosdelzorrorojo.com\/ca\/cataleg\/el-senor-de-las-moscas\/#breadcrumb"},"inLanguage":"ca","potentialAction":[{"@type":"ReadAction","target":["https:\/\/librosdelzorrorojo.com\/ca\/cataleg\/el-senor-de-las-moscas\/"]}]},{"@type":"ImageObject","inLanguage":"ca","@id":"https:\/\/librosdelzorrorojo.com\/ca\/cataleg\/el-senor-de-las-moscas\/#primaryimage","url":"https:\/\/librosdelzorrorojo.com\/wp-content\/uploads\/2000\/10\/Cover_Elsen\u0303ordelasmoscas.jpg","contentUrl":"https:\/\/librosdelzorrorojo.com\/wp-content\/uploads\/2000\/10\/Cover_Elsen\u0303ordelasmoscas.jpg","width":850,"height":1275,"caption":"Cover Elsen\u0303ordelasmoscas"},{"@type":"BreadcrumbList","@id":"https:\/\/librosdelzorrorojo.com\/ca\/cataleg\/el-senor-de-las-moscas\/#breadcrumb","itemListElement":[{"@type":"ListItem","position":1,"name":"Portada","item":"https:\/\/librosdelzorrorojo.com\/ca\/"},{"@type":"ListItem","position":2,"name":"Cat\u00e0leg","item":"https:\/\/librosdelzorrorojo.com\/ca\/cataleg\/"},{"@type":"ListItem","position":3,"name":"El Se\u00f1or de las Moscas"}]},{"@type":"WebSite","@id":"https:\/\/librosdelzorrorojo.com\/#website","url":"https:\/\/librosdelzorrorojo.com\/","name":"Libros del Zorro Rojo","description":"Libros ilustrados","potentialAction":[{"@type":"SearchAction","target":{"@type":"EntryPoint","urlTemplate":"https:\/\/librosdelzorrorojo.com\/?s={search_term_string}"},"query-input":{"@type":"PropertyValueSpecification","valueRequired":true,"valueName":"search_term_string"}}],"inLanguage":"ca"}]}},"_links":{"self":[{"href":"https:\/\/librosdelzorrorojo.com\/ca\/wp-json\/wp\/v2\/product\/12301","targetHints":{"allow":["GET"]}}],"collection":[{"href":"https:\/\/librosdelzorrorojo.com\/ca\/wp-json\/wp\/v2\/product"}],"about":[{"href":"https:\/\/librosdelzorrorojo.com\/ca\/wp-json\/wp\/v2\/types\/product"}],"wp:featuredmedia":[{"embeddable":true,"href":"https:\/\/librosdelzorrorojo.com\/ca\/wp-json\/wp\/v2\/media\/11716"}],"wp:attachment":[{"href":"https:\/\/librosdelzorrorojo.com\/ca\/wp-json\/wp\/v2\/media?parent=12301"}],"wp:term":[{"taxonomy":"product_brand","embeddable":true,"href":"https:\/\/librosdelzorrorojo.com\/ca\/wp-json\/wp\/v2\/product_brand?post=12301"},{"taxonomy":"product_cat","embeddable":true,"href":"https:\/\/librosdelzorrorojo.com\/ca\/wp-json\/wp\/v2\/product_cat?post=12301"},{"taxonomy":"product_tag","embeddable":true,"href":"https:\/\/librosdelzorrorojo.com\/ca\/wp-json\/wp\/v2\/product_tag?post=12301"}],"curies":[{"name":"wp","href":"https:\/\/api.w.org\/{rel}","templated":true}]}}