{"id":12282,"date":"2000-11-12T13:21:23","date_gmt":"2000-11-12T12:21:23","guid":{"rendered":"https:\/\/librosdelzorrorojo.com\/catalogo\/knock-out\/"},"modified":"2024-02-29T11:38:42","modified_gmt":"2024-02-29T10:38:42","slug":"knock-out","status":"publish","type":"product","link":"https:\/\/librosdelzorrorojo.com\/ca\/cataleg\/knock-out\/","title":{"rendered":"Knock Out"},"content":{"rendered":"<p><span>Libros del Zorro Rojo reedita, en un nuevo formato, esta magistral antolog\u00eda de relatos de Jack London sobre boxeo, ilustrada por Enrique Breccia. Las tres historias que integran el volumen son un reflejo del inter\u00e9s que profesaba el escritor norteamericano hacia el pugilismo, deporte del que fuera aficionado en su juventud y, ya en su madurez, cronista en la prensa gr\u00e1fica.<\/span><\/p>\n<p><span>\u00abEl combate\u00bb (\u00abThe Game\u00bb) fue publicado por entregas entre abril y mayo de 1905 en The Metropolitan Magazine. Esta novela breve recrea un suceso del que London fuera testigo: el fatal desenlace de un boxeador en el West Oakland Club.<\/span><\/p>\n<p><span>\u00abUn bistec\u00bb (\u00abA Piece of Steak\u00bb), escrito entre abril y mayo de 1909, cost\u00f3 500 US$ a The Saturday Evening Post y fue publicado en noviembre de ese mismo a\u00f1o. El relato narra la historia de Tom King, un veterano boxeador, cuya familia se encuentra azotada por el hambre. La noche del combate, su mujer ayuna y env\u00eda a los hijos a dormir sin cenar para que Tom pueda comer un plato de gachas y enfrentarse a Sandel, joven y ascendente luchador. \u00abUn bistec\u00bb est\u00e1 considerado entre los mejores relatos de boxeo que se hayan escrito.<\/span><\/p>\n<p><span>\u00abEl mexicano\u00bb (\u00abThe Mexican\u00bb) fue vendido por 750 US$ a The Saturday Evening Post y publicado en agosto de 1911. London escribi\u00f3 la historia durante el inicio de la Revoluci\u00f3n mexicana, inspir\u00e1ndose en la vida de Joe Rivers, pseud\u00f3nimo de Jos\u00e9 Ybarra, un boxeador en el exilio que destinaba lo recaudado en sus peleas a la causa revolucionaria.<\/span><\/p>\n<p><span>En estas historias, London desarrolla toda su capacidad para retratar con ejemplar claridad lo que sus personajes oyen, sienten y ven, intuyendo sus emociones y transmitiendo al lector, mediante una escritura sobria, la sensaci\u00f3n de ansiedad, peligro y desesperaci\u00f3n. La vez que fue interrogado sobre su estilo, London refiri\u00f3 que su m\u00e9todo consist\u00eda simplemente en \u00abdescubrir la aut\u00e9ntica maravilla de las cosas\u00bb. A lo largo de su obra, subyace una cr\u00edtica contundente, objetiva y profunda hacia la cultura occidental. El lector de Marx, Darwin y Nietzsche, el vagabundo de los muelles de Oakland, el boxeador aficionado, el buscador de oro en Alaska, supo entender que la sociedad no era menos dura y cruel que la naturaleza. Y en esa convicci\u00f3n fund\u00f3 su literatura\u00a0<\/span><\/p>\n","protected":false},"excerpt":{"rendered":"<span>Libros del Zorro Rojo reedita, en un nuevo formato, esta magistral antolog\u00eda de relatos de Jack London sobre boxeo, ilustrada por Enrique Breccia. Las tres historias que integran el volumen son un reflejo del inter\u00e9s que profesaba el escritor norteamericano hacia el pugilismo, deporte del que fuera aficionado en su juventud y, ya en su madurez, cronista en la prensa gr\u00e1fica.\u00a0<\/span>","protected":false},"featured_media":11744,"template":"","meta":{"_acf_changed":false},"product_brand":[],"product_cat":[844,3156],"product_tag":[],"class_list":{"0":"post-12282","1":"product","2":"type-product","3":"status-publish","4":"has-post-thumbnail","6":"product_cat-castella","7":"product_cat-juvenil-adult","9":"first","10":"instock","11":"taxable","12":"shipping-taxable","13":"purchasable","14":"product-type-variable"},"acf":[],"yoast_head":"<!-- This site is optimized with the Yoast SEO plugin v25.1 - https:\/\/yoast.com\/wordpress\/plugins\/seo\/ -->\n<title>Knock Out - Libros del Zorro Rojo<\/title>\n<meta name=\"description\" content=\"Libros del Zorro Rojo reedita, en un nuevo formato, esta magistral antolog\u00eda de relatos de Jack London sobre boxeo, ilustrada por Enrique Breccia.\" \/>\n<meta name=\"robots\" content=\"index, follow, max-snippet:-1, max-image-preview:large, max-video-preview:-1\" \/>\n<link rel=\"canonical\" href=\"https:\/\/librosdelzorrorojo.com\/ca\/cataleg\/knock-out\/\" \/>\n<meta property=\"og:locale\" content=\"ca_ES\" \/>\n<meta property=\"og:type\" content=\"article\" \/>\n<meta property=\"og:title\" content=\"Knock Out - Libros del Zorro Rojo\" \/>\n<meta property=\"og:description\" content=\"Libros del Zorro Rojo reedita, en un nuevo formato, esta magistral antolog\u00eda de relatos de Jack London sobre boxeo, ilustrada por Enrique Breccia.\" \/>\n<meta property=\"og:url\" content=\"https:\/\/librosdelzorrorojo.com\/ca\/cataleg\/knock-out\/\" \/>\n<meta property=\"og:site_name\" content=\"Libros del Zorro Rojo\" \/>\n<meta property=\"article:modified_time\" content=\"2024-02-29T10:38:42+00:00\" \/>\n<meta property=\"og:image\" content=\"https:\/\/librosdelzorrorojo.com\/wp-content\/uploads\/2000\/11\/Cover_Knock-Out-Web.gif\" \/>\n\t<meta property=\"og:image:width\" content=\"850\" \/>\n\t<meta property=\"og:image:height\" content=\"1248\" \/>\n\t<meta property=\"og:image:type\" content=\"image\/gif\" \/>\n<meta name=\"twitter:card\" content=\"summary_large_image\" \/>\n<meta name=\"twitter:label1\" content=\"Temps estimat de lectura\" \/>\n\t<meta name=\"twitter:data1\" content=\"2 minuts\" \/>\n<script type=\"application\/ld+json\" class=\"yoast-schema-graph\">{\"@context\":\"https:\/\/schema.org\",\"@graph\":[{\"@type\":\"WebPage\",\"@id\":\"https:\/\/librosdelzorrorojo.com\/ca\/cataleg\/knock-out\/\",\"url\":\"https:\/\/librosdelzorrorojo.com\/ca\/cataleg\/knock-out\/\",\"name\":\"Knock Out - Libros del Zorro Rojo\",\"isPartOf\":{\"@id\":\"https:\/\/librosdelzorrorojo.com\/#website\"},\"primaryImageOfPage\":{\"@id\":\"https:\/\/librosdelzorrorojo.com\/ca\/cataleg\/knock-out\/#primaryimage\"},\"image\":{\"@id\":\"https:\/\/librosdelzorrorojo.com\/ca\/cataleg\/knock-out\/#primaryimage\"},\"thumbnailUrl\":\"https:\/\/librosdelzorrorojo.com\/wp-content\/uploads\/2000\/11\/Cover_Knock-Out-Web.gif\",\"datePublished\":\"2000-11-12T12:21:23+00:00\",\"dateModified\":\"2024-02-29T10:38:42+00:00\",\"description\":\"Libros del Zorro Rojo reedita, en un nuevo formato, esta magistral antolog\u00eda de relatos de Jack London sobre boxeo, ilustrada por Enrique Breccia.\",\"breadcrumb\":{\"@id\":\"https:\/\/librosdelzorrorojo.com\/ca\/cataleg\/knock-out\/#breadcrumb\"},\"inLanguage\":\"ca\",\"potentialAction\":[{\"@type\":\"ReadAction\",\"target\":[\"https:\/\/librosdelzorrorojo.com\/ca\/cataleg\/knock-out\/\"]}]},{\"@type\":\"ImageObject\",\"inLanguage\":\"ca\",\"@id\":\"https:\/\/librosdelzorrorojo.com\/ca\/cataleg\/knock-out\/#primaryimage\",\"url\":\"https:\/\/librosdelzorrorojo.com\/wp-content\/uploads\/2000\/11\/Cover_Knock-Out-Web.gif\",\"contentUrl\":\"https:\/\/librosdelzorrorojo.com\/wp-content\/uploads\/2000\/11\/Cover_Knock-Out-Web.gif\",\"width\":850,\"height\":1248,\"caption\":\"Cover Knock Out Web\"},{\"@type\":\"BreadcrumbList\",\"@id\":\"https:\/\/librosdelzorrorojo.com\/ca\/cataleg\/knock-out\/#breadcrumb\",\"itemListElement\":[{\"@type\":\"ListItem\",\"position\":1,\"name\":\"Portada\",\"item\":\"https:\/\/librosdelzorrorojo.com\/ca\/\"},{\"@type\":\"ListItem\",\"position\":2,\"name\":\"Cat\u00e0leg\",\"item\":\"https:\/\/librosdelzorrorojo.com\/ca\/cataleg\/\"},{\"@type\":\"ListItem\",\"position\":3,\"name\":\"Knock Out\"}]},{\"@type\":\"WebSite\",\"@id\":\"https:\/\/librosdelzorrorojo.com\/#website\",\"url\":\"https:\/\/librosdelzorrorojo.com\/\",\"name\":\"Libros del Zorro Rojo\",\"description\":\"Libros ilustrados\",\"potentialAction\":[{\"@type\":\"SearchAction\",\"target\":{\"@type\":\"EntryPoint\",\"urlTemplate\":\"https:\/\/librosdelzorrorojo.com\/?s={search_term_string}\"},\"query-input\":{\"@type\":\"PropertyValueSpecification\",\"valueRequired\":true,\"valueName\":\"search_term_string\"}}],\"inLanguage\":\"ca\"}]}<\/script>\n<!-- \/ Yoast SEO plugin. -->","yoast_head_json":{"title":"Knock Out - Libros del Zorro Rojo","description":"Libros del Zorro Rojo reedita, en un nuevo formato, esta magistral antolog\u00eda de relatos de Jack London sobre boxeo, ilustrada por Enrique Breccia.","robots":{"index":"index","follow":"follow","max-snippet":"max-snippet:-1","max-image-preview":"max-image-preview:large","max-video-preview":"max-video-preview:-1"},"canonical":"https:\/\/librosdelzorrorojo.com\/ca\/cataleg\/knock-out\/","og_locale":"ca_ES","og_type":"article","og_title":"Knock Out - Libros del Zorro Rojo","og_description":"Libros del Zorro Rojo reedita, en un nuevo formato, esta magistral antolog\u00eda de relatos de Jack London sobre boxeo, ilustrada por Enrique Breccia.","og_url":"https:\/\/librosdelzorrorojo.com\/ca\/cataleg\/knock-out\/","og_site_name":"Libros del Zorro Rojo","article_modified_time":"2024-02-29T10:38:42+00:00","og_image":[{"width":850,"height":1248,"url":"https:\/\/librosdelzorrorojo.com\/wp-content\/uploads\/2000\/11\/Cover_Knock-Out-Web.gif","type":"image\/gif"}],"twitter_card":"summary_large_image","twitter_misc":{"Temps estimat de lectura":"2 minuts"},"schema":{"@context":"https:\/\/schema.org","@graph":[{"@type":"WebPage","@id":"https:\/\/librosdelzorrorojo.com\/ca\/cataleg\/knock-out\/","url":"https:\/\/librosdelzorrorojo.com\/ca\/cataleg\/knock-out\/","name":"Knock Out - Libros del Zorro Rojo","isPartOf":{"@id":"https:\/\/librosdelzorrorojo.com\/#website"},"primaryImageOfPage":{"@id":"https:\/\/librosdelzorrorojo.com\/ca\/cataleg\/knock-out\/#primaryimage"},"image":{"@id":"https:\/\/librosdelzorrorojo.com\/ca\/cataleg\/knock-out\/#primaryimage"},"thumbnailUrl":"https:\/\/librosdelzorrorojo.com\/wp-content\/uploads\/2000\/11\/Cover_Knock-Out-Web.gif","datePublished":"2000-11-12T12:21:23+00:00","dateModified":"2024-02-29T10:38:42+00:00","description":"Libros del Zorro Rojo reedita, en un nuevo formato, esta magistral antolog\u00eda de relatos de Jack London sobre boxeo, ilustrada por Enrique Breccia.","breadcrumb":{"@id":"https:\/\/librosdelzorrorojo.com\/ca\/cataleg\/knock-out\/#breadcrumb"},"inLanguage":"ca","potentialAction":[{"@type":"ReadAction","target":["https:\/\/librosdelzorrorojo.com\/ca\/cataleg\/knock-out\/"]}]},{"@type":"ImageObject","inLanguage":"ca","@id":"https:\/\/librosdelzorrorojo.com\/ca\/cataleg\/knock-out\/#primaryimage","url":"https:\/\/librosdelzorrorojo.com\/wp-content\/uploads\/2000\/11\/Cover_Knock-Out-Web.gif","contentUrl":"https:\/\/librosdelzorrorojo.com\/wp-content\/uploads\/2000\/11\/Cover_Knock-Out-Web.gif","width":850,"height":1248,"caption":"Cover Knock Out Web"},{"@type":"BreadcrumbList","@id":"https:\/\/librosdelzorrorojo.com\/ca\/cataleg\/knock-out\/#breadcrumb","itemListElement":[{"@type":"ListItem","position":1,"name":"Portada","item":"https:\/\/librosdelzorrorojo.com\/ca\/"},{"@type":"ListItem","position":2,"name":"Cat\u00e0leg","item":"https:\/\/librosdelzorrorojo.com\/ca\/cataleg\/"},{"@type":"ListItem","position":3,"name":"Knock Out"}]},{"@type":"WebSite","@id":"https:\/\/librosdelzorrorojo.com\/#website","url":"https:\/\/librosdelzorrorojo.com\/","name":"Libros del Zorro Rojo","description":"Libros ilustrados","potentialAction":[{"@type":"SearchAction","target":{"@type":"EntryPoint","urlTemplate":"https:\/\/librosdelzorrorojo.com\/?s={search_term_string}"},"query-input":{"@type":"PropertyValueSpecification","valueRequired":true,"valueName":"search_term_string"}}],"inLanguage":"ca"}]}},"_links":{"self":[{"href":"https:\/\/librosdelzorrorojo.com\/ca\/wp-json\/wp\/v2\/product\/12282","targetHints":{"allow":["GET"]}}],"collection":[{"href":"https:\/\/librosdelzorrorojo.com\/ca\/wp-json\/wp\/v2\/product"}],"about":[{"href":"https:\/\/librosdelzorrorojo.com\/ca\/wp-json\/wp\/v2\/types\/product"}],"wp:featuredmedia":[{"embeddable":true,"href":"https:\/\/librosdelzorrorojo.com\/ca\/wp-json\/wp\/v2\/media\/11744"}],"wp:attachment":[{"href":"https:\/\/librosdelzorrorojo.com\/ca\/wp-json\/wp\/v2\/media?parent=12282"}],"wp:term":[{"taxonomy":"product_brand","embeddable":true,"href":"https:\/\/librosdelzorrorojo.com\/ca\/wp-json\/wp\/v2\/product_brand?post=12282"},{"taxonomy":"product_cat","embeddable":true,"href":"https:\/\/librosdelzorrorojo.com\/ca\/wp-json\/wp\/v2\/product_cat?post=12282"},{"taxonomy":"product_tag","embeddable":true,"href":"https:\/\/librosdelzorrorojo.com\/ca\/wp-json\/wp\/v2\/product_tag?post=12282"}],"curies":[{"name":"wp","href":"https:\/\/api.w.org\/{rel}","templated":true}]}}