{"id":12279,"date":"2000-11-12T13:35:49","date_gmt":"2000-11-12T12:35:49","guid":{"rendered":"https:\/\/librosdelzorrorojo.com\/catalogo\/picasso-para-ninos\/"},"modified":"2024-03-01T09:20:45","modified_gmt":"2024-03-01T08:20:45","slug":"picasso-para-ninos","status":"publish","type":"product","link":"https:\/\/librosdelzorrorojo.com\/ca\/cataleg\/picasso-para-ninos\/","title":{"rendered":"Picasso para ni\u00f1os"},"content":{"rendered":"<p>Algunos de los m\u00e1s importantes artistas de la historia repasan en primera persona los diferentes per\u00edodos creativos de su vida y desvelan las peculiaridades de su pintura con un tono ameno y cercano. Libros concebidos para que los ni\u00f1os experimenten una aproximaci\u00f3n al arte no exenta de diversi\u00f3n.<\/p>\n<p>&nbsp;<\/p>\n","protected":false},"excerpt":{"rendered":"Algunos de los m\u00e1s importantes artistas de la historia repasan en primera persona los diferentes per\u00edodos creativos de su vida y desvelan las peculiaridades de su pintura con un tono ameno y cercano. Libros concebidos para que los ni\u00f1os experimenten una aproximaci\u00f3n al arte no exenta de diversi\u00f3n.","protected":false},"featured_media":11791,"template":"","meta":{"_acf_changed":false},"product_brand":[],"product_cat":[844,843],"product_tag":[],"class_list":{"0":"post-12279","1":"product","2":"type-product","3":"status-publish","4":"has-post-thumbnail","6":"product_cat-castella","7":"product_cat-infantiles-ca","9":"first","10":"outofstock","11":"taxable","12":"shipping-taxable","13":"purchasable","14":"product-type-simple"},"acf":[],"yoast_head":"<!-- This site is optimized with the Yoast SEO plugin v25.1 - https:\/\/yoast.com\/wordpress\/plugins\/seo\/ -->\n<title>Picasso para ni\u00f1os - Libros del Zorro Rojo<\/title>\n<meta name=\"description\" content=\"Algunos de los m\u00e1s importantes artistas de la historia repasan en primera persona los diferentes per\u00edodos creativos de su vida y desvelan las peculiaridades\" \/>\n<meta name=\"robots\" content=\"index, follow, max-snippet:-1, max-image-preview:large, max-video-preview:-1\" \/>\n<link rel=\"canonical\" href=\"https:\/\/librosdelzorrorojo.com\/ca\/cataleg\/picasso-para-ninos\/\" \/>\n<meta property=\"og:locale\" content=\"ca_ES\" \/>\n<meta property=\"og:type\" content=\"article\" \/>\n<meta property=\"og:title\" content=\"Picasso para ni\u00f1os - Libros del Zorro Rojo\" \/>\n<meta property=\"og:description\" content=\"Algunos de los m\u00e1s importantes artistas de la historia repasan en primera persona los diferentes per\u00edodos creativos de su vida y desvelan las peculiaridades\" \/>\n<meta property=\"og:url\" content=\"https:\/\/librosdelzorrorojo.com\/ca\/cataleg\/picasso-para-ninos\/\" \/>\n<meta property=\"og:site_name\" content=\"Libros del Zorro Rojo\" \/>\n<meta property=\"article:modified_time\" content=\"2024-03-01T08:20:45+00:00\" \/>\n<meta property=\"og:image\" content=\"https:\/\/librosdelzorrorojo.com\/wp-content\/uploads\/2000\/11\/Blog-T-Picasso.gif\" \/>\n\t<meta property=\"og:image:width\" content=\"850\" \/>\n\t<meta property=\"og:image:height\" content=\"1123\" \/>\n\t<meta property=\"og:image:type\" content=\"image\/gif\" \/>\n<meta name=\"twitter:card\" content=\"summary_large_image\" \/>\n<script type=\"application\/ld+json\" class=\"yoast-schema-graph\">{\"@context\":\"https:\/\/schema.org\",\"@graph\":[{\"@type\":\"WebPage\",\"@id\":\"https:\/\/librosdelzorrorojo.com\/ca\/cataleg\/picasso-para-ninos\/\",\"url\":\"https:\/\/librosdelzorrorojo.com\/ca\/cataleg\/picasso-para-ninos\/\",\"name\":\"Picasso para ni\u00f1os - Libros del Zorro Rojo\",\"isPartOf\":{\"@id\":\"https:\/\/librosdelzorrorojo.com\/#website\"},\"primaryImageOfPage\":{\"@id\":\"https:\/\/librosdelzorrorojo.com\/ca\/cataleg\/picasso-para-ninos\/#primaryimage\"},\"image\":{\"@id\":\"https:\/\/librosdelzorrorojo.com\/ca\/cataleg\/picasso-para-ninos\/#primaryimage\"},\"thumbnailUrl\":\"https:\/\/librosdelzorrorojo.com\/wp-content\/uploads\/2000\/11\/Blog-T-Picasso.gif\",\"datePublished\":\"2000-11-12T12:35:49+00:00\",\"dateModified\":\"2024-03-01T08:20:45+00:00\",\"description\":\"Algunos de los m\u00e1s importantes artistas de la historia repasan en primera persona los diferentes per\u00edodos creativos de su vida y desvelan las peculiaridades\",\"breadcrumb\":{\"@id\":\"https:\/\/librosdelzorrorojo.com\/ca\/cataleg\/picasso-para-ninos\/#breadcrumb\"},\"inLanguage\":\"ca\",\"potentialAction\":[{\"@type\":\"ReadAction\",\"target\":[\"https:\/\/librosdelzorrorojo.com\/ca\/cataleg\/picasso-para-ninos\/\"]}]},{\"@type\":\"ImageObject\",\"inLanguage\":\"ca\",\"@id\":\"https:\/\/librosdelzorrorojo.com\/ca\/cataleg\/picasso-para-ninos\/#primaryimage\",\"url\":\"https:\/\/librosdelzorrorojo.com\/wp-content\/uploads\/2000\/11\/Blog-T-Picasso.gif\",\"contentUrl\":\"https:\/\/librosdelzorrorojo.com\/wp-content\/uploads\/2000\/11\/Blog-T-Picasso.gif\",\"width\":850,\"height\":1123,\"caption\":\"Blog T Picasso\"},{\"@type\":\"BreadcrumbList\",\"@id\":\"https:\/\/librosdelzorrorojo.com\/ca\/cataleg\/picasso-para-ninos\/#breadcrumb\",\"itemListElement\":[{\"@type\":\"ListItem\",\"position\":1,\"name\":\"Portada\",\"item\":\"https:\/\/librosdelzorrorojo.com\/ca\/\"},{\"@type\":\"ListItem\",\"position\":2,\"name\":\"Cat\u00e0leg\",\"item\":\"https:\/\/librosdelzorrorojo.com\/ca\/cataleg\/\"},{\"@type\":\"ListItem\",\"position\":3,\"name\":\"Picasso para ni\u00f1os\"}]},{\"@type\":\"WebSite\",\"@id\":\"https:\/\/librosdelzorrorojo.com\/#website\",\"url\":\"https:\/\/librosdelzorrorojo.com\/\",\"name\":\"Libros del Zorro Rojo\",\"description\":\"Libros ilustrados\",\"potentialAction\":[{\"@type\":\"SearchAction\",\"target\":{\"@type\":\"EntryPoint\",\"urlTemplate\":\"https:\/\/librosdelzorrorojo.com\/?s={search_term_string}\"},\"query-input\":{\"@type\":\"PropertyValueSpecification\",\"valueRequired\":true,\"valueName\":\"search_term_string\"}}],\"inLanguage\":\"ca\"}]}<\/script>\n<!-- \/ Yoast SEO plugin. -->","yoast_head_json":{"title":"Picasso para ni\u00f1os - Libros del Zorro Rojo","description":"Algunos de los m\u00e1s importantes artistas de la historia repasan en primera persona los diferentes per\u00edodos creativos de su vida y desvelan las peculiaridades","robots":{"index":"index","follow":"follow","max-snippet":"max-snippet:-1","max-image-preview":"max-image-preview:large","max-video-preview":"max-video-preview:-1"},"canonical":"https:\/\/librosdelzorrorojo.com\/ca\/cataleg\/picasso-para-ninos\/","og_locale":"ca_ES","og_type":"article","og_title":"Picasso para ni\u00f1os - Libros del Zorro Rojo","og_description":"Algunos de los m\u00e1s importantes artistas de la historia repasan en primera persona los diferentes per\u00edodos creativos de su vida y desvelan las peculiaridades","og_url":"https:\/\/librosdelzorrorojo.com\/ca\/cataleg\/picasso-para-ninos\/","og_site_name":"Libros del Zorro Rojo","article_modified_time":"2024-03-01T08:20:45+00:00","og_image":[{"width":850,"height":1123,"url":"https:\/\/librosdelzorrorojo.com\/wp-content\/uploads\/2000\/11\/Blog-T-Picasso.gif","type":"image\/gif"}],"twitter_card":"summary_large_image","schema":{"@context":"https:\/\/schema.org","@graph":[{"@type":"WebPage","@id":"https:\/\/librosdelzorrorojo.com\/ca\/cataleg\/picasso-para-ninos\/","url":"https:\/\/librosdelzorrorojo.com\/ca\/cataleg\/picasso-para-ninos\/","name":"Picasso para ni\u00f1os - Libros del Zorro Rojo","isPartOf":{"@id":"https:\/\/librosdelzorrorojo.com\/#website"},"primaryImageOfPage":{"@id":"https:\/\/librosdelzorrorojo.com\/ca\/cataleg\/picasso-para-ninos\/#primaryimage"},"image":{"@id":"https:\/\/librosdelzorrorojo.com\/ca\/cataleg\/picasso-para-ninos\/#primaryimage"},"thumbnailUrl":"https:\/\/librosdelzorrorojo.com\/wp-content\/uploads\/2000\/11\/Blog-T-Picasso.gif","datePublished":"2000-11-12T12:35:49+00:00","dateModified":"2024-03-01T08:20:45+00:00","description":"Algunos de los m\u00e1s importantes artistas de la historia repasan en primera persona los diferentes per\u00edodos creativos de su vida y desvelan las peculiaridades","breadcrumb":{"@id":"https:\/\/librosdelzorrorojo.com\/ca\/cataleg\/picasso-para-ninos\/#breadcrumb"},"inLanguage":"ca","potentialAction":[{"@type":"ReadAction","target":["https:\/\/librosdelzorrorojo.com\/ca\/cataleg\/picasso-para-ninos\/"]}]},{"@type":"ImageObject","inLanguage":"ca","@id":"https:\/\/librosdelzorrorojo.com\/ca\/cataleg\/picasso-para-ninos\/#primaryimage","url":"https:\/\/librosdelzorrorojo.com\/wp-content\/uploads\/2000\/11\/Blog-T-Picasso.gif","contentUrl":"https:\/\/librosdelzorrorojo.com\/wp-content\/uploads\/2000\/11\/Blog-T-Picasso.gif","width":850,"height":1123,"caption":"Blog T Picasso"},{"@type":"BreadcrumbList","@id":"https:\/\/librosdelzorrorojo.com\/ca\/cataleg\/picasso-para-ninos\/#breadcrumb","itemListElement":[{"@type":"ListItem","position":1,"name":"Portada","item":"https:\/\/librosdelzorrorojo.com\/ca\/"},{"@type":"ListItem","position":2,"name":"Cat\u00e0leg","item":"https:\/\/librosdelzorrorojo.com\/ca\/cataleg\/"},{"@type":"ListItem","position":3,"name":"Picasso para ni\u00f1os"}]},{"@type":"WebSite","@id":"https:\/\/librosdelzorrorojo.com\/#website","url":"https:\/\/librosdelzorrorojo.com\/","name":"Libros del Zorro Rojo","description":"Libros ilustrados","potentialAction":[{"@type":"SearchAction","target":{"@type":"EntryPoint","urlTemplate":"https:\/\/librosdelzorrorojo.com\/?s={search_term_string}"},"query-input":{"@type":"PropertyValueSpecification","valueRequired":true,"valueName":"search_term_string"}}],"inLanguage":"ca"}]}},"_links":{"self":[{"href":"https:\/\/librosdelzorrorojo.com\/ca\/wp-json\/wp\/v2\/product\/12279","targetHints":{"allow":["GET"]}}],"collection":[{"href":"https:\/\/librosdelzorrorojo.com\/ca\/wp-json\/wp\/v2\/product"}],"about":[{"href":"https:\/\/librosdelzorrorojo.com\/ca\/wp-json\/wp\/v2\/types\/product"}],"wp:featuredmedia":[{"embeddable":true,"href":"https:\/\/librosdelzorrorojo.com\/ca\/wp-json\/wp\/v2\/media\/11791"}],"wp:attachment":[{"href":"https:\/\/librosdelzorrorojo.com\/ca\/wp-json\/wp\/v2\/media?parent=12279"}],"wp:term":[{"taxonomy":"product_brand","embeddable":true,"href":"https:\/\/librosdelzorrorojo.com\/ca\/wp-json\/wp\/v2\/product_brand?post=12279"},{"taxonomy":"product_cat","embeddable":true,"href":"https:\/\/librosdelzorrorojo.com\/ca\/wp-json\/wp\/v2\/product_cat?post=12279"},{"taxonomy":"product_tag","embeddable":true,"href":"https:\/\/librosdelzorrorojo.com\/ca\/wp-json\/wp\/v2\/product_tag?post=12279"}],"curies":[{"name":"wp","href":"https:\/\/api.w.org\/{rel}","templated":true}]}}