{"id":12268,"date":"2000-12-13T12:01:45","date_gmt":"2000-12-13T11:01:45","guid":{"rendered":"https:\/\/librosdelzorrorojo.com\/catalogo\/poe\/"},"modified":"2024-02-29T11:38:31","modified_gmt":"2024-02-29T10:38:31","slug":"poe","status":"publish","type":"product","link":"https:\/\/librosdelzorrorojo.com\/ca\/cataleg\/poe\/","title":{"rendered":"Poe"},"content":{"rendered":"<p><span>La vida de Edgar Allan Poe adquiere en estas p\u00e1ginas toda su dimensi\u00f3n humana, la del escritor cuyo genio debi\u00f3 lidiar con las adversidades. Los esc\u00e1ndalos, la miseria, la muerte, la demencia y, en su decurso, la forja de una obra sublime, atraviesan los d\u00edas y las noches de un creador visionario, marcado por la tragedia.<\/span><\/p>\n<p><span>Jordi Sierra i Fabra, Premio Nacional de Literatura Infantil y Juvenil 2007, ha sabido elaborar un v\u00edvido retrato de Poe y de su literatura, que Alberto V\u00e1zquez ha dotado con estampas de inquietante belleza.<\/span><\/p>\n","protected":false},"excerpt":{"rendered":"<span>La vida de Edgar Allan Poe adquiere en estas p\u00e1ginas toda su dimensi\u00f3n humana, la del escritor cuyo genio debi\u00f3 lidiar con las adversidades. Los esc\u00e1ndalos, la miseria, la muerte, la demencia y, en su decurso, la forja de una obra sublime, atraviesan los d\u00edas y las noches de un creador visionario, marcado por la tragedia.<\/span>\r\n\r\n<span>Jordi Sierra i Fabra, Premio Nacional de Literatura Infantil y Juvenil 2007, ha sabido elaborar un v\u00edvido retrato de Poe y de su literatura, que Alberto V\u00e1zquez ha dotado con estampas de inquietante belleza.<\/span>","protected":false},"featured_media":11899,"template":"","meta":{"_acf_changed":false},"product_brand":[],"product_cat":[844,3156],"product_tag":[],"class_list":{"0":"post-12268","1":"product","2":"type-product","3":"status-publish","4":"has-post-thumbnail","6":"product_cat-castella","7":"product_cat-juvenil-adult","8":"vinculo-poe","10":"first","11":"instock","12":"taxable","13":"shipping-taxable","14":"purchasable","15":"product-type-simple"},"acf":[],"yoast_head":"<!-- This site is optimized with the Yoast SEO plugin v25.1 - https:\/\/yoast.com\/wordpress\/plugins\/seo\/ -->\n<title>Poe - Libros del Zorro Rojo<\/title>\n<meta name=\"description\" content=\"La vida de Edgar Allan Poe adquiere en estas p\u00e1ginas toda su dimensi\u00f3n humana, la del escritor cuyo genio debi\u00f3 lidiar con las adversidades.\" \/>\n<meta name=\"robots\" content=\"index, follow, max-snippet:-1, max-image-preview:large, max-video-preview:-1\" \/>\n<link rel=\"canonical\" href=\"https:\/\/librosdelzorrorojo.com\/ca\/cataleg\/poe\/\" \/>\n<meta property=\"og:locale\" content=\"ca_ES\" \/>\n<meta property=\"og:type\" content=\"article\" \/>\n<meta property=\"og:title\" content=\"Poe - Libros del Zorro Rojo\" \/>\n<meta property=\"og:description\" content=\"La vida de Edgar Allan Poe adquiere en estas p\u00e1ginas toda su dimensi\u00f3n humana, la del escritor cuyo genio debi\u00f3 lidiar con las adversidades.\" \/>\n<meta property=\"og:url\" content=\"https:\/\/librosdelzorrorojo.com\/ca\/cataleg\/poe\/\" \/>\n<meta property=\"og:site_name\" content=\"Libros del Zorro Rojo\" \/>\n<meta property=\"article:modified_time\" content=\"2024-02-29T10:38:31+00:00\" \/>\n<meta property=\"og:image\" content=\"https:\/\/librosdelzorrorojo.com\/wp-content\/uploads\/2019\/05\/Blog-Poe-Jordi-Vazquez-4.gif\" \/>\n\t<meta property=\"og:image:width\" content=\"768\" \/>\n\t<meta property=\"og:image:height\" content=\"554\" \/>\n\t<meta property=\"og:image:type\" content=\"image\/gif\" \/>\n<meta name=\"twitter:card\" content=\"summary_large_image\" \/>\n<script type=\"application\/ld+json\" class=\"yoast-schema-graph\">{\"@context\":\"https:\/\/schema.org\",\"@graph\":[{\"@type\":\"WebPage\",\"@id\":\"https:\/\/librosdelzorrorojo.com\/ca\/cataleg\/poe\/\",\"url\":\"https:\/\/librosdelzorrorojo.com\/ca\/cataleg\/poe\/\",\"name\":\"Poe - Libros del Zorro Rojo\",\"isPartOf\":{\"@id\":\"https:\/\/librosdelzorrorojo.com\/#website\"},\"primaryImageOfPage\":{\"@id\":\"https:\/\/librosdelzorrorojo.com\/ca\/cataleg\/poe\/#primaryimage\"},\"image\":{\"@id\":\"https:\/\/librosdelzorrorojo.com\/ca\/cataleg\/poe\/#primaryimage\"},\"thumbnailUrl\":\"https:\/\/librosdelzorrorojo.com\/wp-content\/uploads\/2000\/12\/Cover_Poe.gif\",\"datePublished\":\"2000-12-13T11:01:45+00:00\",\"dateModified\":\"2024-02-29T10:38:31+00:00\",\"description\":\"La vida de Edgar Allan Poe adquiere en estas p\u00e1ginas toda su dimensi\u00f3n humana, la del escritor cuyo genio debi\u00f3 lidiar con las adversidades.\",\"breadcrumb\":{\"@id\":\"https:\/\/librosdelzorrorojo.com\/ca\/cataleg\/poe\/#breadcrumb\"},\"inLanguage\":\"ca\",\"potentialAction\":[{\"@type\":\"ReadAction\",\"target\":[\"https:\/\/librosdelzorrorojo.com\/ca\/cataleg\/poe\/\"]}]},{\"@type\":\"ImageObject\",\"inLanguage\":\"ca\",\"@id\":\"https:\/\/librosdelzorrorojo.com\/ca\/cataleg\/poe\/#primaryimage\",\"url\":\"https:\/\/librosdelzorrorojo.com\/wp-content\/uploads\/2000\/12\/Cover_Poe.gif\",\"contentUrl\":\"https:\/\/librosdelzorrorojo.com\/wp-content\/uploads\/2000\/12\/Cover_Poe.gif\",\"width\":850,\"height\":1196,\"caption\":\"Cover Poe\"},{\"@type\":\"BreadcrumbList\",\"@id\":\"https:\/\/librosdelzorrorojo.com\/ca\/cataleg\/poe\/#breadcrumb\",\"itemListElement\":[{\"@type\":\"ListItem\",\"position\":1,\"name\":\"Portada\",\"item\":\"https:\/\/librosdelzorrorojo.com\/ca\/\"},{\"@type\":\"ListItem\",\"position\":2,\"name\":\"Cat\u00e0leg\",\"item\":\"https:\/\/librosdelzorrorojo.com\/ca\/cataleg\/\"},{\"@type\":\"ListItem\",\"position\":3,\"name\":\"Poe\"}]},{\"@type\":\"WebSite\",\"@id\":\"https:\/\/librosdelzorrorojo.com\/#website\",\"url\":\"https:\/\/librosdelzorrorojo.com\/\",\"name\":\"Libros del Zorro Rojo\",\"description\":\"Libros ilustrados\",\"potentialAction\":[{\"@type\":\"SearchAction\",\"target\":{\"@type\":\"EntryPoint\",\"urlTemplate\":\"https:\/\/librosdelzorrorojo.com\/?s={search_term_string}\"},\"query-input\":{\"@type\":\"PropertyValueSpecification\",\"valueRequired\":true,\"valueName\":\"search_term_string\"}}],\"inLanguage\":\"ca\"}]}<\/script>\n<!-- \/ Yoast SEO plugin. -->","yoast_head_json":{"title":"Poe - Libros del Zorro Rojo","description":"La vida de Edgar Allan Poe adquiere en estas p\u00e1ginas toda su dimensi\u00f3n humana, la del escritor cuyo genio debi\u00f3 lidiar con las adversidades.","robots":{"index":"index","follow":"follow","max-snippet":"max-snippet:-1","max-image-preview":"max-image-preview:large","max-video-preview":"max-video-preview:-1"},"canonical":"https:\/\/librosdelzorrorojo.com\/ca\/cataleg\/poe\/","og_locale":"ca_ES","og_type":"article","og_title":"Poe - Libros del Zorro Rojo","og_description":"La vida de Edgar Allan Poe adquiere en estas p\u00e1ginas toda su dimensi\u00f3n humana, la del escritor cuyo genio debi\u00f3 lidiar con las adversidades.","og_url":"https:\/\/librosdelzorrorojo.com\/ca\/cataleg\/poe\/","og_site_name":"Libros del Zorro Rojo","article_modified_time":"2024-02-29T10:38:31+00:00","og_image":[{"width":768,"height":554,"url":"https:\/\/librosdelzorrorojo.com\/wp-content\/uploads\/2019\/05\/Blog-Poe-Jordi-Vazquez-4.gif","type":"image\/gif"}],"twitter_card":"summary_large_image","schema":{"@context":"https:\/\/schema.org","@graph":[{"@type":"WebPage","@id":"https:\/\/librosdelzorrorojo.com\/ca\/cataleg\/poe\/","url":"https:\/\/librosdelzorrorojo.com\/ca\/cataleg\/poe\/","name":"Poe - Libros del Zorro Rojo","isPartOf":{"@id":"https:\/\/librosdelzorrorojo.com\/#website"},"primaryImageOfPage":{"@id":"https:\/\/librosdelzorrorojo.com\/ca\/cataleg\/poe\/#primaryimage"},"image":{"@id":"https:\/\/librosdelzorrorojo.com\/ca\/cataleg\/poe\/#primaryimage"},"thumbnailUrl":"https:\/\/librosdelzorrorojo.com\/wp-content\/uploads\/2000\/12\/Cover_Poe.gif","datePublished":"2000-12-13T11:01:45+00:00","dateModified":"2024-02-29T10:38:31+00:00","description":"La vida de Edgar Allan Poe adquiere en estas p\u00e1ginas toda su dimensi\u00f3n humana, la del escritor cuyo genio debi\u00f3 lidiar con las adversidades.","breadcrumb":{"@id":"https:\/\/librosdelzorrorojo.com\/ca\/cataleg\/poe\/#breadcrumb"},"inLanguage":"ca","potentialAction":[{"@type":"ReadAction","target":["https:\/\/librosdelzorrorojo.com\/ca\/cataleg\/poe\/"]}]},{"@type":"ImageObject","inLanguage":"ca","@id":"https:\/\/librosdelzorrorojo.com\/ca\/cataleg\/poe\/#primaryimage","url":"https:\/\/librosdelzorrorojo.com\/wp-content\/uploads\/2000\/12\/Cover_Poe.gif","contentUrl":"https:\/\/librosdelzorrorojo.com\/wp-content\/uploads\/2000\/12\/Cover_Poe.gif","width":850,"height":1196,"caption":"Cover Poe"},{"@type":"BreadcrumbList","@id":"https:\/\/librosdelzorrorojo.com\/ca\/cataleg\/poe\/#breadcrumb","itemListElement":[{"@type":"ListItem","position":1,"name":"Portada","item":"https:\/\/librosdelzorrorojo.com\/ca\/"},{"@type":"ListItem","position":2,"name":"Cat\u00e0leg","item":"https:\/\/librosdelzorrorojo.com\/ca\/cataleg\/"},{"@type":"ListItem","position":3,"name":"Poe"}]},{"@type":"WebSite","@id":"https:\/\/librosdelzorrorojo.com\/#website","url":"https:\/\/librosdelzorrorojo.com\/","name":"Libros del Zorro Rojo","description":"Libros ilustrados","potentialAction":[{"@type":"SearchAction","target":{"@type":"EntryPoint","urlTemplate":"https:\/\/librosdelzorrorojo.com\/?s={search_term_string}"},"query-input":{"@type":"PropertyValueSpecification","valueRequired":true,"valueName":"search_term_string"}}],"inLanguage":"ca"}]}},"_links":{"self":[{"href":"https:\/\/librosdelzorrorojo.com\/ca\/wp-json\/wp\/v2\/product\/12268","targetHints":{"allow":["GET"]}}],"collection":[{"href":"https:\/\/librosdelzorrorojo.com\/ca\/wp-json\/wp\/v2\/product"}],"about":[{"href":"https:\/\/librosdelzorrorojo.com\/ca\/wp-json\/wp\/v2\/types\/product"}],"wp:featuredmedia":[{"embeddable":true,"href":"https:\/\/librosdelzorrorojo.com\/ca\/wp-json\/wp\/v2\/media\/11899"}],"wp:attachment":[{"href":"https:\/\/librosdelzorrorojo.com\/ca\/wp-json\/wp\/v2\/media?parent=12268"}],"wp:term":[{"taxonomy":"product_brand","embeddable":true,"href":"https:\/\/librosdelzorrorojo.com\/ca\/wp-json\/wp\/v2\/product_brand?post=12268"},{"taxonomy":"product_cat","embeddable":true,"href":"https:\/\/librosdelzorrorojo.com\/ca\/wp-json\/wp\/v2\/product_cat?post=12268"},{"taxonomy":"product_tag","embeddable":true,"href":"https:\/\/librosdelzorrorojo.com\/ca\/wp-json\/wp\/v2\/product_tag?post=12268"}],"curies":[{"name":"wp","href":"https:\/\/api.w.org\/{rel}","templated":true}]}}