{"id":12266,"date":"2000-12-13T12:14:46","date_gmt":"2000-12-13T11:14:46","guid":{"rendered":"https:\/\/librosdelzorrorojo.com\/catalogo\/linterna-magica\/"},"modified":"2024-02-29T11:38:30","modified_gmt":"2024-02-29T10:38:30","slug":"linterna-magica","status":"publish","type":"product","link":"https:\/\/librosdelzorrorojo.com\/ca\/cataleg\/linterna-magica\/","title":{"rendered":"Linterna m\u00e1gica"},"content":{"rendered":"<p><span>Hay algo m\u00e1gico en la oscuridad y hay que ser muy valiente para atreverse a explorar un bosque en mitad de la noche con la \u00fanica ayuda de una linterna. Este es el planteamiento de esta historia, cuyo protagonista abandona la comodidad de su tienda de campa\u00f1a y descubre en su paseo nocturno nuevos y curiosos amigos: b\u00fahos en los \u00e1rboles, murci\u00e9lagos sobre su cabeza y ratones bajo sus pies.\u00a0<\/span><br \/>\n<span><em>Linterna m\u00e1gica<\/em> es una aventura sin palabras en la que, sobre un fondo negro pintado con gouache, Lizi Boyd delinea el contorno del ni\u00f1o y los animales del bosque en un tenue color gris\u00e1ceo. Una obra en la que el uso del contraste y del color, que emerge en el haz de luz, nos revela toda la riqueza po\u00e9tica de la naturaleza.<\/span><\/p>\n","protected":false},"excerpt":{"rendered":"<span>Hay algo m\u00e1gico en la oscuridad y hay que ser muy valiente para atreverse a explorar un bosque en mitad de la noche con la \u00fanica ayuda de una linterna. Este es el planteamiento de esta historia, cuyo protagonista abandona la comodidad de su tienda de campa\u00f1a y descubre en su paseo nocturno nuevos y curiosos amigos: b\u00fahos en los \u00e1rboles, murci\u00e9lagos sobre su cabeza y ratones bajo sus pies.\u00a0<\/span>\r\n<span><em>Linterna m\u00e1gica<\/em> es una aventura sin palabras en la que, sobre un fondo negro pintado con gouache, Lizi Boyd delinea el contorno del ni\u00f1o y los animales del bosque en un tenue color gris\u00e1ceo. Una obra en la que el uso del contraste y del color, que emerge en el haz de luz, nos revela toda la riqueza po\u00e9tica de la naturaleza.<\/span>","protected":false},"featured_media":11877,"template":"","meta":{"_acf_changed":false},"product_brand":[],"product_cat":[844,843],"product_tag":[],"class_list":{"0":"post-12266","1":"product","2":"type-product","3":"status-publish","4":"has-post-thumbnail","6":"product_cat-castella","7":"product_cat-infantiles-ca","9":"first","10":"outofstock","11":"taxable","12":"shipping-taxable","13":"purchasable","14":"product-type-simple"},"acf":[],"yoast_head":"<!-- This site is optimized with the Yoast SEO plugin v25.1 - https:\/\/yoast.com\/wordpress\/plugins\/seo\/ -->\n<title>Linterna m\u00e1gica - Libros del Zorro Rojo<\/title>\n<meta name=\"description\" content=\"Hay algo m\u00e1gico en la oscuridad y hay que ser muy valiente para atreverse a explorar un bosque en mitad de la noche con la \u00fanica ayuda de una linterna.\" \/>\n<meta name=\"robots\" content=\"index, follow, max-snippet:-1, max-image-preview:large, max-video-preview:-1\" \/>\n<link rel=\"canonical\" href=\"https:\/\/librosdelzorrorojo.com\/ca\/cataleg\/linterna-magica\/\" \/>\n<meta property=\"og:locale\" content=\"ca_ES\" \/>\n<meta property=\"og:type\" content=\"article\" \/>\n<meta property=\"og:title\" content=\"Linterna m\u00e1gica - Libros del Zorro Rojo\" \/>\n<meta property=\"og:description\" content=\"Hay algo m\u00e1gico en la oscuridad y hay que ser muy valiente para atreverse a explorar un bosque en mitad de la noche con la \u00fanica ayuda de una linterna.\" \/>\n<meta property=\"og:url\" content=\"https:\/\/librosdelzorrorojo.com\/ca\/cataleg\/linterna-magica\/\" \/>\n<meta property=\"og:site_name\" content=\"Libros del Zorro Rojo\" \/>\n<meta property=\"article:modified_time\" content=\"2024-02-29T10:38:30+00:00\" \/>\n<meta property=\"og:image\" content=\"https:\/\/librosdelzorrorojo.com\/wp-content\/uploads\/2000\/12\/Cover_LinternaMa\u0301gica.jpg\" \/>\n\t<meta property=\"og:image:width\" content=\"850\" \/>\n\t<meta property=\"og:image:height\" content=\"897\" \/>\n\t<meta property=\"og:image:type\" content=\"image\/jpeg\" \/>\n<meta name=\"twitter:card\" content=\"summary_large_image\" \/>\n<meta name=\"twitter:label1\" content=\"Temps estimat de lectura\" \/>\n\t<meta name=\"twitter:data1\" content=\"1 minut\" \/>\n<script type=\"application\/ld+json\" class=\"yoast-schema-graph\">{\"@context\":\"https:\/\/schema.org\",\"@graph\":[{\"@type\":\"WebPage\",\"@id\":\"https:\/\/librosdelzorrorojo.com\/ca\/cataleg\/linterna-magica\/\",\"url\":\"https:\/\/librosdelzorrorojo.com\/ca\/cataleg\/linterna-magica\/\",\"name\":\"Linterna m\u00e1gica - Libros del Zorro Rojo\",\"isPartOf\":{\"@id\":\"https:\/\/librosdelzorrorojo.com\/#website\"},\"primaryImageOfPage\":{\"@id\":\"https:\/\/librosdelzorrorojo.com\/ca\/cataleg\/linterna-magica\/#primaryimage\"},\"image\":{\"@id\":\"https:\/\/librosdelzorrorojo.com\/ca\/cataleg\/linterna-magica\/#primaryimage\"},\"thumbnailUrl\":\"https:\/\/librosdelzorrorojo.com\/wp-content\/uploads\/2000\/12\/Cover_LinternaMa\u0301gica.jpg\",\"datePublished\":\"2000-12-13T11:14:46+00:00\",\"dateModified\":\"2024-02-29T10:38:30+00:00\",\"description\":\"Hay algo m\u00e1gico en la oscuridad y hay que ser muy valiente para atreverse a explorar un bosque en mitad de la noche con la \u00fanica ayuda de una linterna.\",\"breadcrumb\":{\"@id\":\"https:\/\/librosdelzorrorojo.com\/ca\/cataleg\/linterna-magica\/#breadcrumb\"},\"inLanguage\":\"ca\",\"potentialAction\":[{\"@type\":\"ReadAction\",\"target\":[\"https:\/\/librosdelzorrorojo.com\/ca\/cataleg\/linterna-magica\/\"]}]},{\"@type\":\"ImageObject\",\"inLanguage\":\"ca\",\"@id\":\"https:\/\/librosdelzorrorojo.com\/ca\/cataleg\/linterna-magica\/#primaryimage\",\"url\":\"https:\/\/librosdelzorrorojo.com\/wp-content\/uploads\/2000\/12\/Cover_LinternaMa\u0301gica.jpg\",\"contentUrl\":\"https:\/\/librosdelzorrorojo.com\/wp-content\/uploads\/2000\/12\/Cover_LinternaMa\u0301gica.jpg\",\"width\":850,\"height\":897,\"caption\":\"Cover LinternaMa\u0301gica\"},{\"@type\":\"BreadcrumbList\",\"@id\":\"https:\/\/librosdelzorrorojo.com\/ca\/cataleg\/linterna-magica\/#breadcrumb\",\"itemListElement\":[{\"@type\":\"ListItem\",\"position\":1,\"name\":\"Portada\",\"item\":\"https:\/\/librosdelzorrorojo.com\/ca\/\"},{\"@type\":\"ListItem\",\"position\":2,\"name\":\"Cat\u00e0leg\",\"item\":\"https:\/\/librosdelzorrorojo.com\/ca\/cataleg\/\"},{\"@type\":\"ListItem\",\"position\":3,\"name\":\"Linterna m\u00e1gica\"}]},{\"@type\":\"WebSite\",\"@id\":\"https:\/\/librosdelzorrorojo.com\/#website\",\"url\":\"https:\/\/librosdelzorrorojo.com\/\",\"name\":\"Libros del Zorro Rojo\",\"description\":\"Libros ilustrados\",\"potentialAction\":[{\"@type\":\"SearchAction\",\"target\":{\"@type\":\"EntryPoint\",\"urlTemplate\":\"https:\/\/librosdelzorrorojo.com\/?s={search_term_string}\"},\"query-input\":{\"@type\":\"PropertyValueSpecification\",\"valueRequired\":true,\"valueName\":\"search_term_string\"}}],\"inLanguage\":\"ca\"}]}<\/script>\n<!-- \/ Yoast SEO plugin. -->","yoast_head_json":{"title":"Linterna m\u00e1gica - Libros del Zorro Rojo","description":"Hay algo m\u00e1gico en la oscuridad y hay que ser muy valiente para atreverse a explorar un bosque en mitad de la noche con la \u00fanica ayuda de una linterna.","robots":{"index":"index","follow":"follow","max-snippet":"max-snippet:-1","max-image-preview":"max-image-preview:large","max-video-preview":"max-video-preview:-1"},"canonical":"https:\/\/librosdelzorrorojo.com\/ca\/cataleg\/linterna-magica\/","og_locale":"ca_ES","og_type":"article","og_title":"Linterna m\u00e1gica - Libros del Zorro Rojo","og_description":"Hay algo m\u00e1gico en la oscuridad y hay que ser muy valiente para atreverse a explorar un bosque en mitad de la noche con la \u00fanica ayuda de una linterna.","og_url":"https:\/\/librosdelzorrorojo.com\/ca\/cataleg\/linterna-magica\/","og_site_name":"Libros del Zorro Rojo","article_modified_time":"2024-02-29T10:38:30+00:00","og_image":[{"width":850,"height":897,"url":"https:\/\/librosdelzorrorojo.com\/wp-content\/uploads\/2000\/12\/Cover_LinternaMa\u0301gica.jpg","type":"image\/jpeg"}],"twitter_card":"summary_large_image","twitter_misc":{"Temps estimat de lectura":"1 minut"},"schema":{"@context":"https:\/\/schema.org","@graph":[{"@type":"WebPage","@id":"https:\/\/librosdelzorrorojo.com\/ca\/cataleg\/linterna-magica\/","url":"https:\/\/librosdelzorrorojo.com\/ca\/cataleg\/linterna-magica\/","name":"Linterna m\u00e1gica - Libros del Zorro Rojo","isPartOf":{"@id":"https:\/\/librosdelzorrorojo.com\/#website"},"primaryImageOfPage":{"@id":"https:\/\/librosdelzorrorojo.com\/ca\/cataleg\/linterna-magica\/#primaryimage"},"image":{"@id":"https:\/\/librosdelzorrorojo.com\/ca\/cataleg\/linterna-magica\/#primaryimage"},"thumbnailUrl":"https:\/\/librosdelzorrorojo.com\/wp-content\/uploads\/2000\/12\/Cover_LinternaMa\u0301gica.jpg","datePublished":"2000-12-13T11:14:46+00:00","dateModified":"2024-02-29T10:38:30+00:00","description":"Hay algo m\u00e1gico en la oscuridad y hay que ser muy valiente para atreverse a explorar un bosque en mitad de la noche con la \u00fanica ayuda de una linterna.","breadcrumb":{"@id":"https:\/\/librosdelzorrorojo.com\/ca\/cataleg\/linterna-magica\/#breadcrumb"},"inLanguage":"ca","potentialAction":[{"@type":"ReadAction","target":["https:\/\/librosdelzorrorojo.com\/ca\/cataleg\/linterna-magica\/"]}]},{"@type":"ImageObject","inLanguage":"ca","@id":"https:\/\/librosdelzorrorojo.com\/ca\/cataleg\/linterna-magica\/#primaryimage","url":"https:\/\/librosdelzorrorojo.com\/wp-content\/uploads\/2000\/12\/Cover_LinternaMa\u0301gica.jpg","contentUrl":"https:\/\/librosdelzorrorojo.com\/wp-content\/uploads\/2000\/12\/Cover_LinternaMa\u0301gica.jpg","width":850,"height":897,"caption":"Cover LinternaMa\u0301gica"},{"@type":"BreadcrumbList","@id":"https:\/\/librosdelzorrorojo.com\/ca\/cataleg\/linterna-magica\/#breadcrumb","itemListElement":[{"@type":"ListItem","position":1,"name":"Portada","item":"https:\/\/librosdelzorrorojo.com\/ca\/"},{"@type":"ListItem","position":2,"name":"Cat\u00e0leg","item":"https:\/\/librosdelzorrorojo.com\/ca\/cataleg\/"},{"@type":"ListItem","position":3,"name":"Linterna m\u00e1gica"}]},{"@type":"WebSite","@id":"https:\/\/librosdelzorrorojo.com\/#website","url":"https:\/\/librosdelzorrorojo.com\/","name":"Libros del Zorro Rojo","description":"Libros ilustrados","potentialAction":[{"@type":"SearchAction","target":{"@type":"EntryPoint","urlTemplate":"https:\/\/librosdelzorrorojo.com\/?s={search_term_string}"},"query-input":{"@type":"PropertyValueSpecification","valueRequired":true,"valueName":"search_term_string"}}],"inLanguage":"ca"}]}},"_links":{"self":[{"href":"https:\/\/librosdelzorrorojo.com\/ca\/wp-json\/wp\/v2\/product\/12266","targetHints":{"allow":["GET"]}}],"collection":[{"href":"https:\/\/librosdelzorrorojo.com\/ca\/wp-json\/wp\/v2\/product"}],"about":[{"href":"https:\/\/librosdelzorrorojo.com\/ca\/wp-json\/wp\/v2\/types\/product"}],"wp:featuredmedia":[{"embeddable":true,"href":"https:\/\/librosdelzorrorojo.com\/ca\/wp-json\/wp\/v2\/media\/11877"}],"wp:attachment":[{"href":"https:\/\/librosdelzorrorojo.com\/ca\/wp-json\/wp\/v2\/media?parent=12266"}],"wp:term":[{"taxonomy":"product_brand","embeddable":true,"href":"https:\/\/librosdelzorrorojo.com\/ca\/wp-json\/wp\/v2\/product_brand?post=12266"},{"taxonomy":"product_cat","embeddable":true,"href":"https:\/\/librosdelzorrorojo.com\/ca\/wp-json\/wp\/v2\/product_cat?post=12266"},{"taxonomy":"product_tag","embeddable":true,"href":"https:\/\/librosdelzorrorojo.com\/ca\/wp-json\/wp\/v2\/product_tag?post=12266"}],"curies":[{"name":"wp","href":"https:\/\/api.w.org\/{rel}","templated":true}]}}