{"id":12264,"date":"2000-12-13T12:30:40","date_gmt":"2000-12-13T11:30:40","guid":{"rendered":"https:\/\/librosdelzorrorojo.com\/catalogo\/tu-como-estas\/"},"modified":"2024-02-29T11:38:27","modified_gmt":"2024-02-29T10:38:27","slug":"tu-como-estas","status":"publish","type":"product","link":"https:\/\/librosdelzorrorojo.com\/ca\/cataleg\/tu-como-estas\/","title":{"rendered":"T\u00fa \u00bfc\u00f3mo est\u00e1s?"},"content":{"rendered":"<p><span>La felicidad de Marta, el temor de Isaac o la tristeza de Roc\u00edo llenan las p\u00e1ginas de este divertido \u00e1lbum que habla de los sentimientos. Un espejo en la \u00faltima p\u00e1gina reflejar\u00e1 la sorpresa de los m\u00e1s peque\u00f1os adem\u00e1s de convertirlos en los aut\u00e9nticos protagonistas del libro.<\/span><\/p>\n","protected":false},"excerpt":{"rendered":"<span>La felicidad de Marta, el temor de Isaac o la tristeza de Roc\u00edo llenan las p\u00e1ginas de este divertido \u00e1lbum que habla de los sentimientos. Un espejo en la \u00faltima p\u00e1gina reflejar\u00e1 la sorpresa de los m\u00e1s peque\u00f1os adem\u00e1s de convertirlos en los aut\u00e9nticos protagonistas del libro.<\/span>","protected":false},"featured_media":11895,"template":"","meta":{"_acf_changed":false},"product_brand":[],"product_cat":[844,843],"product_tag":[],"class_list":{"0":"post-12264","1":"product","2":"type-product","3":"status-publish","4":"has-post-thumbnail","6":"product_cat-castella","7":"product_cat-infantiles-ca","8":"vinculo-tu-como-estas","10":"first","11":"outofstock","12":"taxable","13":"shipping-taxable","14":"purchasable","15":"product-type-simple"},"acf":[],"yoast_head":"<!-- This site is optimized with the Yoast SEO plugin v25.1 - https:\/\/yoast.com\/wordpress\/plugins\/seo\/ -->\n<title>T\u00fa \u00bfc\u00f3mo est\u00e1s? - Libros del Zorro Rojo<\/title>\n<meta name=\"description\" content=\"La felicidad de Marta, el temor de Isaac o la tristeza de Roc\u00edo llenan las p\u00e1ginas de este divertido \u00e1lbum que habla de los sentimientos.\" \/>\n<meta name=\"robots\" content=\"index, follow, max-snippet:-1, max-image-preview:large, max-video-preview:-1\" \/>\n<link rel=\"canonical\" href=\"https:\/\/librosdelzorrorojo.com\/ca\/cataleg\/tu-como-estas\/\" \/>\n<meta property=\"og:locale\" content=\"ca_ES\" \/>\n<meta property=\"og:type\" content=\"article\" \/>\n<meta property=\"og:title\" content=\"T\u00fa \u00bfc\u00f3mo est\u00e1s? - Libros del Zorro Rojo\" \/>\n<meta property=\"og:description\" content=\"La felicidad de Marta, el temor de Isaac o la tristeza de Roc\u00edo llenan las p\u00e1ginas de este divertido \u00e1lbum que habla de los sentimientos.\" \/>\n<meta property=\"og:url\" content=\"https:\/\/librosdelzorrorojo.com\/ca\/cataleg\/tu-como-estas\/\" \/>\n<meta property=\"og:site_name\" content=\"Libros del Zorro Rojo\" \/>\n<meta property=\"article:modified_time\" content=\"2024-02-29T10:38:27+00:00\" \/>\n<meta property=\"og:image\" content=\"https:\/\/librosdelzorrorojo.com\/wp-content\/uploads\/2000\/12\/Blog-T-Tucomoestas.gif\" \/>\n\t<meta property=\"og:image:width\" content=\"357\" \/>\n\t<meta property=\"og:image:height\" content=\"459\" \/>\n\t<meta property=\"og:image:type\" content=\"image\/gif\" \/>\n<meta name=\"twitter:card\" content=\"summary_large_image\" \/>\n<script type=\"application\/ld+json\" class=\"yoast-schema-graph\">{\"@context\":\"https:\/\/schema.org\",\"@graph\":[{\"@type\":\"WebPage\",\"@id\":\"https:\/\/librosdelzorrorojo.com\/ca\/cataleg\/tu-como-estas\/\",\"url\":\"https:\/\/librosdelzorrorojo.com\/ca\/cataleg\/tu-como-estas\/\",\"name\":\"T\u00fa \u00bfc\u00f3mo est\u00e1s? - Libros del Zorro Rojo\",\"isPartOf\":{\"@id\":\"https:\/\/librosdelzorrorojo.com\/#website\"},\"primaryImageOfPage\":{\"@id\":\"https:\/\/librosdelzorrorojo.com\/ca\/cataleg\/tu-como-estas\/#primaryimage\"},\"image\":{\"@id\":\"https:\/\/librosdelzorrorojo.com\/ca\/cataleg\/tu-como-estas\/#primaryimage\"},\"thumbnailUrl\":\"https:\/\/librosdelzorrorojo.com\/wp-content\/uploads\/2000\/12\/Blog-T-Tucomoestas.gif\",\"datePublished\":\"2000-12-13T11:30:40+00:00\",\"dateModified\":\"2024-02-29T10:38:27+00:00\",\"description\":\"La felicidad de Marta, el temor de Isaac o la tristeza de Roc\u00edo llenan las p\u00e1ginas de este divertido \u00e1lbum que habla de los sentimientos.\",\"breadcrumb\":{\"@id\":\"https:\/\/librosdelzorrorojo.com\/ca\/cataleg\/tu-como-estas\/#breadcrumb\"},\"inLanguage\":\"ca\",\"potentialAction\":[{\"@type\":\"ReadAction\",\"target\":[\"https:\/\/librosdelzorrorojo.com\/ca\/cataleg\/tu-como-estas\/\"]}]},{\"@type\":\"ImageObject\",\"inLanguage\":\"ca\",\"@id\":\"https:\/\/librosdelzorrorojo.com\/ca\/cataleg\/tu-como-estas\/#primaryimage\",\"url\":\"https:\/\/librosdelzorrorojo.com\/wp-content\/uploads\/2000\/12\/Blog-T-Tucomoestas.gif\",\"contentUrl\":\"https:\/\/librosdelzorrorojo.com\/wp-content\/uploads\/2000\/12\/Blog-T-Tucomoestas.gif\",\"width\":357,\"height\":459,\"caption\":\"Blog T Tucomoestas\"},{\"@type\":\"BreadcrumbList\",\"@id\":\"https:\/\/librosdelzorrorojo.com\/ca\/cataleg\/tu-como-estas\/#breadcrumb\",\"itemListElement\":[{\"@type\":\"ListItem\",\"position\":1,\"name\":\"Portada\",\"item\":\"https:\/\/librosdelzorrorojo.com\/ca\/\"},{\"@type\":\"ListItem\",\"position\":2,\"name\":\"Cat\u00e0leg\",\"item\":\"https:\/\/librosdelzorrorojo.com\/ca\/cataleg\/\"},{\"@type\":\"ListItem\",\"position\":3,\"name\":\"T\u00fa \u00bfc\u00f3mo est\u00e1s?\"}]},{\"@type\":\"WebSite\",\"@id\":\"https:\/\/librosdelzorrorojo.com\/#website\",\"url\":\"https:\/\/librosdelzorrorojo.com\/\",\"name\":\"Libros del Zorro Rojo\",\"description\":\"Libros ilustrados\",\"potentialAction\":[{\"@type\":\"SearchAction\",\"target\":{\"@type\":\"EntryPoint\",\"urlTemplate\":\"https:\/\/librosdelzorrorojo.com\/?s={search_term_string}\"},\"query-input\":{\"@type\":\"PropertyValueSpecification\",\"valueRequired\":true,\"valueName\":\"search_term_string\"}}],\"inLanguage\":\"ca\"}]}<\/script>\n<!-- \/ Yoast SEO plugin. -->","yoast_head_json":{"title":"T\u00fa \u00bfc\u00f3mo est\u00e1s? - Libros del Zorro Rojo","description":"La felicidad de Marta, el temor de Isaac o la tristeza de Roc\u00edo llenan las p\u00e1ginas de este divertido \u00e1lbum que habla de los sentimientos.","robots":{"index":"index","follow":"follow","max-snippet":"max-snippet:-1","max-image-preview":"max-image-preview:large","max-video-preview":"max-video-preview:-1"},"canonical":"https:\/\/librosdelzorrorojo.com\/ca\/cataleg\/tu-como-estas\/","og_locale":"ca_ES","og_type":"article","og_title":"T\u00fa \u00bfc\u00f3mo est\u00e1s? - Libros del Zorro Rojo","og_description":"La felicidad de Marta, el temor de Isaac o la tristeza de Roc\u00edo llenan las p\u00e1ginas de este divertido \u00e1lbum que habla de los sentimientos.","og_url":"https:\/\/librosdelzorrorojo.com\/ca\/cataleg\/tu-como-estas\/","og_site_name":"Libros del Zorro Rojo","article_modified_time":"2024-02-29T10:38:27+00:00","og_image":[{"width":357,"height":459,"url":"https:\/\/librosdelzorrorojo.com\/wp-content\/uploads\/2000\/12\/Blog-T-Tucomoestas.gif","type":"image\/gif"}],"twitter_card":"summary_large_image","schema":{"@context":"https:\/\/schema.org","@graph":[{"@type":"WebPage","@id":"https:\/\/librosdelzorrorojo.com\/ca\/cataleg\/tu-como-estas\/","url":"https:\/\/librosdelzorrorojo.com\/ca\/cataleg\/tu-como-estas\/","name":"T\u00fa \u00bfc\u00f3mo est\u00e1s? - Libros del Zorro Rojo","isPartOf":{"@id":"https:\/\/librosdelzorrorojo.com\/#website"},"primaryImageOfPage":{"@id":"https:\/\/librosdelzorrorojo.com\/ca\/cataleg\/tu-como-estas\/#primaryimage"},"image":{"@id":"https:\/\/librosdelzorrorojo.com\/ca\/cataleg\/tu-como-estas\/#primaryimage"},"thumbnailUrl":"https:\/\/librosdelzorrorojo.com\/wp-content\/uploads\/2000\/12\/Blog-T-Tucomoestas.gif","datePublished":"2000-12-13T11:30:40+00:00","dateModified":"2024-02-29T10:38:27+00:00","description":"La felicidad de Marta, el temor de Isaac o la tristeza de Roc\u00edo llenan las p\u00e1ginas de este divertido \u00e1lbum que habla de los sentimientos.","breadcrumb":{"@id":"https:\/\/librosdelzorrorojo.com\/ca\/cataleg\/tu-como-estas\/#breadcrumb"},"inLanguage":"ca","potentialAction":[{"@type":"ReadAction","target":["https:\/\/librosdelzorrorojo.com\/ca\/cataleg\/tu-como-estas\/"]}]},{"@type":"ImageObject","inLanguage":"ca","@id":"https:\/\/librosdelzorrorojo.com\/ca\/cataleg\/tu-como-estas\/#primaryimage","url":"https:\/\/librosdelzorrorojo.com\/wp-content\/uploads\/2000\/12\/Blog-T-Tucomoestas.gif","contentUrl":"https:\/\/librosdelzorrorojo.com\/wp-content\/uploads\/2000\/12\/Blog-T-Tucomoestas.gif","width":357,"height":459,"caption":"Blog T Tucomoestas"},{"@type":"BreadcrumbList","@id":"https:\/\/librosdelzorrorojo.com\/ca\/cataleg\/tu-como-estas\/#breadcrumb","itemListElement":[{"@type":"ListItem","position":1,"name":"Portada","item":"https:\/\/librosdelzorrorojo.com\/ca\/"},{"@type":"ListItem","position":2,"name":"Cat\u00e0leg","item":"https:\/\/librosdelzorrorojo.com\/ca\/cataleg\/"},{"@type":"ListItem","position":3,"name":"T\u00fa \u00bfc\u00f3mo est\u00e1s?"}]},{"@type":"WebSite","@id":"https:\/\/librosdelzorrorojo.com\/#website","url":"https:\/\/librosdelzorrorojo.com\/","name":"Libros del Zorro Rojo","description":"Libros ilustrados","potentialAction":[{"@type":"SearchAction","target":{"@type":"EntryPoint","urlTemplate":"https:\/\/librosdelzorrorojo.com\/?s={search_term_string}"},"query-input":{"@type":"PropertyValueSpecification","valueRequired":true,"valueName":"search_term_string"}}],"inLanguage":"ca"}]}},"_links":{"self":[{"href":"https:\/\/librosdelzorrorojo.com\/ca\/wp-json\/wp\/v2\/product\/12264","targetHints":{"allow":["GET"]}}],"collection":[{"href":"https:\/\/librosdelzorrorojo.com\/ca\/wp-json\/wp\/v2\/product"}],"about":[{"href":"https:\/\/librosdelzorrorojo.com\/ca\/wp-json\/wp\/v2\/types\/product"}],"wp:featuredmedia":[{"embeddable":true,"href":"https:\/\/librosdelzorrorojo.com\/ca\/wp-json\/wp\/v2\/media\/11895"}],"wp:attachment":[{"href":"https:\/\/librosdelzorrorojo.com\/ca\/wp-json\/wp\/v2\/media?parent=12264"}],"wp:term":[{"taxonomy":"product_brand","embeddable":true,"href":"https:\/\/librosdelzorrorojo.com\/ca\/wp-json\/wp\/v2\/product_brand?post=12264"},{"taxonomy":"product_cat","embeddable":true,"href":"https:\/\/librosdelzorrorojo.com\/ca\/wp-json\/wp\/v2\/product_cat?post=12264"},{"taxonomy":"product_tag","embeddable":true,"href":"https:\/\/librosdelzorrorojo.com\/ca\/wp-json\/wp\/v2\/product_tag?post=12264"}],"curies":[{"name":"wp","href":"https:\/\/api.w.org\/{rel}","templated":true}]}}