{"id":12263,"date":"2007-01-01T17:29:59","date_gmt":"2007-01-01T16:29:59","guid":{"rendered":"https:\/\/librosdelzorrorojo.com\/catalogo\/dracula\/"},"modified":"2024-02-29T11:38:27","modified_gmt":"2024-02-29T10:38:27","slug":"dracula","status":"publish","type":"product","link":"https:\/\/librosdelzorrorojo.com\/ca\/cataleg\/dracula\/","title":{"rendered":"Dr\u00e1cula"},"content":{"rendered":"<p><span>Una incursi\u00f3n por parajes inh\u00f3spitos y habitaciones cerradas, donde la vida y la muerte se devoran salvajemente. A trav\u00e9s de un notable trabajo de ilustraci\u00f3n compuesto por m\u00e1s de 50 estampas, Luis Scafati rinde homenaje al m\u00edtico personaje y al vasto imaginario que, desde hace siglos, ha inspirado la literatura sobre vampiros.<\/span><\/p>\n","protected":false},"excerpt":{"rendered":"<span>Una incursi\u00f3n por parajes inh\u00f3spitos y habitaciones cerradas, donde la vida y la muerte se devoran salvajemente. A trav\u00e9s de un notable trabajo de ilustraci\u00f3n compuesto por m\u00e1s de 50 estampas, Luis Scafati rinde homenaje al m\u00edtico personaje y al vasto imaginario que, desde hace siglos, ha inspirado la literatura sobre vampiros.<\/span>","protected":false},"featured_media":11773,"template":"","meta":{"_acf_changed":false},"product_brand":[],"product_cat":[844,3156],"product_tag":[],"class_list":{"0":"post-12263","1":"product","2":"type-product","3":"status-publish","4":"has-post-thumbnail","6":"product_cat-castella","7":"product_cat-juvenil-adult","8":"vinculo-dracula","10":"first","11":"outofstock","12":"taxable","13":"shipping-taxable","14":"purchasable","15":"product-type-simple"},"acf":[],"yoast_head":"<!-- This site is optimized with the Yoast SEO plugin v25.1 - https:\/\/yoast.com\/wordpress\/plugins\/seo\/ -->\n<title>Dr\u00e1cula - Libros del Zorro Rojo<\/title>\n<meta name=\"description\" content=\"Una incursi\u00f3n por parajes inh\u00f3spitos y habitaciones cerradas, donde la vida y la muerte se devoran salvajemente. A trav\u00e9s de un notable\" \/>\n<meta name=\"robots\" content=\"index, follow, max-snippet:-1, max-image-preview:large, max-video-preview:-1\" \/>\n<link rel=\"canonical\" href=\"https:\/\/librosdelzorrorojo.com\/ca\/cataleg\/dracula\/\" \/>\n<meta property=\"og:locale\" content=\"ca_ES\" \/>\n<meta property=\"og:type\" content=\"article\" \/>\n<meta property=\"og:title\" content=\"Dr\u00e1cula - Libros del Zorro Rojo\" \/>\n<meta property=\"og:description\" content=\"Una incursi\u00f3n por parajes inh\u00f3spitos y habitaciones cerradas, donde la vida y la muerte se devoran salvajemente. A trav\u00e9s de un notable\" \/>\n<meta property=\"og:url\" content=\"https:\/\/librosdelzorrorojo.com\/ca\/cataleg\/dracula\/\" \/>\n<meta property=\"og:site_name\" content=\"Libros del Zorro Rojo\" \/>\n<meta property=\"article:modified_time\" content=\"2024-02-29T10:38:27+00:00\" \/>\n<meta property=\"og:image\" content=\"https:\/\/librosdelzorrorojo.com\/wp-content\/uploads\/2007\/01\/Cover_Dra\u0301cula.jpg\" \/>\n\t<meta property=\"og:image:width\" content=\"850\" \/>\n\t<meta property=\"og:image:height\" content=\"681\" \/>\n\t<meta property=\"og:image:type\" content=\"image\/jpeg\" \/>\n<meta name=\"twitter:card\" content=\"summary_large_image\" \/>\n<script type=\"application\/ld+json\" class=\"yoast-schema-graph\">{\"@context\":\"https:\/\/schema.org\",\"@graph\":[{\"@type\":\"WebPage\",\"@id\":\"https:\/\/librosdelzorrorojo.com\/ca\/cataleg\/dracula\/\",\"url\":\"https:\/\/librosdelzorrorojo.com\/ca\/cataleg\/dracula\/\",\"name\":\"Dr\u00e1cula - Libros del Zorro Rojo\",\"isPartOf\":{\"@id\":\"https:\/\/librosdelzorrorojo.com\/#website\"},\"primaryImageOfPage\":{\"@id\":\"https:\/\/librosdelzorrorojo.com\/ca\/cataleg\/dracula\/#primaryimage\"},\"image\":{\"@id\":\"https:\/\/librosdelzorrorojo.com\/ca\/cataleg\/dracula\/#primaryimage\"},\"thumbnailUrl\":\"https:\/\/librosdelzorrorojo.com\/wp-content\/uploads\/2007\/01\/Cover_Dra\u0301cula.jpg\",\"datePublished\":\"2007-01-01T16:29:59+00:00\",\"dateModified\":\"2024-02-29T10:38:27+00:00\",\"description\":\"Una incursi\u00f3n por parajes inh\u00f3spitos y habitaciones cerradas, donde la vida y la muerte se devoran salvajemente. A trav\u00e9s de un notable\",\"breadcrumb\":{\"@id\":\"https:\/\/librosdelzorrorojo.com\/ca\/cataleg\/dracula\/#breadcrumb\"},\"inLanguage\":\"ca\",\"potentialAction\":[{\"@type\":\"ReadAction\",\"target\":[\"https:\/\/librosdelzorrorojo.com\/ca\/cataleg\/dracula\/\"]}]},{\"@type\":\"ImageObject\",\"inLanguage\":\"ca\",\"@id\":\"https:\/\/librosdelzorrorojo.com\/ca\/cataleg\/dracula\/#primaryimage\",\"url\":\"https:\/\/librosdelzorrorojo.com\/wp-content\/uploads\/2007\/01\/Cover_Dra\u0301cula.jpg\",\"contentUrl\":\"https:\/\/librosdelzorrorojo.com\/wp-content\/uploads\/2007\/01\/Cover_Dra\u0301cula.jpg\",\"width\":850,\"height\":681,\"caption\":\"Cover Dra\u0301cula\"},{\"@type\":\"BreadcrumbList\",\"@id\":\"https:\/\/librosdelzorrorojo.com\/ca\/cataleg\/dracula\/#breadcrumb\",\"itemListElement\":[{\"@type\":\"ListItem\",\"position\":1,\"name\":\"Portada\",\"item\":\"https:\/\/librosdelzorrorojo.com\/ca\/\"},{\"@type\":\"ListItem\",\"position\":2,\"name\":\"Cat\u00e0leg\",\"item\":\"https:\/\/librosdelzorrorojo.com\/ca\/cataleg\/\"},{\"@type\":\"ListItem\",\"position\":3,\"name\":\"Dr\u00e1cula\"}]},{\"@type\":\"WebSite\",\"@id\":\"https:\/\/librosdelzorrorojo.com\/#website\",\"url\":\"https:\/\/librosdelzorrorojo.com\/\",\"name\":\"Libros del Zorro Rojo\",\"description\":\"Libros ilustrados\",\"potentialAction\":[{\"@type\":\"SearchAction\",\"target\":{\"@type\":\"EntryPoint\",\"urlTemplate\":\"https:\/\/librosdelzorrorojo.com\/?s={search_term_string}\"},\"query-input\":{\"@type\":\"PropertyValueSpecification\",\"valueRequired\":true,\"valueName\":\"search_term_string\"}}],\"inLanguage\":\"ca\"}]}<\/script>\n<!-- \/ Yoast SEO plugin. -->","yoast_head_json":{"title":"Dr\u00e1cula - Libros del Zorro Rojo","description":"Una incursi\u00f3n por parajes inh\u00f3spitos y habitaciones cerradas, donde la vida y la muerte se devoran salvajemente. A trav\u00e9s de un notable","robots":{"index":"index","follow":"follow","max-snippet":"max-snippet:-1","max-image-preview":"max-image-preview:large","max-video-preview":"max-video-preview:-1"},"canonical":"https:\/\/librosdelzorrorojo.com\/ca\/cataleg\/dracula\/","og_locale":"ca_ES","og_type":"article","og_title":"Dr\u00e1cula - Libros del Zorro Rojo","og_description":"Una incursi\u00f3n por parajes inh\u00f3spitos y habitaciones cerradas, donde la vida y la muerte se devoran salvajemente. A trav\u00e9s de un notable","og_url":"https:\/\/librosdelzorrorojo.com\/ca\/cataleg\/dracula\/","og_site_name":"Libros del Zorro Rojo","article_modified_time":"2024-02-29T10:38:27+00:00","og_image":[{"width":850,"height":681,"url":"https:\/\/librosdelzorrorojo.com\/wp-content\/uploads\/2007\/01\/Cover_Dra\u0301cula.jpg","type":"image\/jpeg"}],"twitter_card":"summary_large_image","schema":{"@context":"https:\/\/schema.org","@graph":[{"@type":"WebPage","@id":"https:\/\/librosdelzorrorojo.com\/ca\/cataleg\/dracula\/","url":"https:\/\/librosdelzorrorojo.com\/ca\/cataleg\/dracula\/","name":"Dr\u00e1cula - Libros del Zorro Rojo","isPartOf":{"@id":"https:\/\/librosdelzorrorojo.com\/#website"},"primaryImageOfPage":{"@id":"https:\/\/librosdelzorrorojo.com\/ca\/cataleg\/dracula\/#primaryimage"},"image":{"@id":"https:\/\/librosdelzorrorojo.com\/ca\/cataleg\/dracula\/#primaryimage"},"thumbnailUrl":"https:\/\/librosdelzorrorojo.com\/wp-content\/uploads\/2007\/01\/Cover_Dra\u0301cula.jpg","datePublished":"2007-01-01T16:29:59+00:00","dateModified":"2024-02-29T10:38:27+00:00","description":"Una incursi\u00f3n por parajes inh\u00f3spitos y habitaciones cerradas, donde la vida y la muerte se devoran salvajemente. A trav\u00e9s de un notable","breadcrumb":{"@id":"https:\/\/librosdelzorrorojo.com\/ca\/cataleg\/dracula\/#breadcrumb"},"inLanguage":"ca","potentialAction":[{"@type":"ReadAction","target":["https:\/\/librosdelzorrorojo.com\/ca\/cataleg\/dracula\/"]}]},{"@type":"ImageObject","inLanguage":"ca","@id":"https:\/\/librosdelzorrorojo.com\/ca\/cataleg\/dracula\/#primaryimage","url":"https:\/\/librosdelzorrorojo.com\/wp-content\/uploads\/2007\/01\/Cover_Dra\u0301cula.jpg","contentUrl":"https:\/\/librosdelzorrorojo.com\/wp-content\/uploads\/2007\/01\/Cover_Dra\u0301cula.jpg","width":850,"height":681,"caption":"Cover Dra\u0301cula"},{"@type":"BreadcrumbList","@id":"https:\/\/librosdelzorrorojo.com\/ca\/cataleg\/dracula\/#breadcrumb","itemListElement":[{"@type":"ListItem","position":1,"name":"Portada","item":"https:\/\/librosdelzorrorojo.com\/ca\/"},{"@type":"ListItem","position":2,"name":"Cat\u00e0leg","item":"https:\/\/librosdelzorrorojo.com\/ca\/cataleg\/"},{"@type":"ListItem","position":3,"name":"Dr\u00e1cula"}]},{"@type":"WebSite","@id":"https:\/\/librosdelzorrorojo.com\/#website","url":"https:\/\/librosdelzorrorojo.com\/","name":"Libros del Zorro Rojo","description":"Libros ilustrados","potentialAction":[{"@type":"SearchAction","target":{"@type":"EntryPoint","urlTemplate":"https:\/\/librosdelzorrorojo.com\/?s={search_term_string}"},"query-input":{"@type":"PropertyValueSpecification","valueRequired":true,"valueName":"search_term_string"}}],"inLanguage":"ca"}]}},"_links":{"self":[{"href":"https:\/\/librosdelzorrorojo.com\/ca\/wp-json\/wp\/v2\/product\/12263","targetHints":{"allow":["GET"]}}],"collection":[{"href":"https:\/\/librosdelzorrorojo.com\/ca\/wp-json\/wp\/v2\/product"}],"about":[{"href":"https:\/\/librosdelzorrorojo.com\/ca\/wp-json\/wp\/v2\/types\/product"}],"wp:featuredmedia":[{"embeddable":true,"href":"https:\/\/librosdelzorrorojo.com\/ca\/wp-json\/wp\/v2\/media\/11773"}],"wp:attachment":[{"href":"https:\/\/librosdelzorrorojo.com\/ca\/wp-json\/wp\/v2\/media?parent=12263"}],"wp:term":[{"taxonomy":"product_brand","embeddable":true,"href":"https:\/\/librosdelzorrorojo.com\/ca\/wp-json\/wp\/v2\/product_brand?post=12263"},{"taxonomy":"product_cat","embeddable":true,"href":"https:\/\/librosdelzorrorojo.com\/ca\/wp-json\/wp\/v2\/product_cat?post=12263"},{"taxonomy":"product_tag","embeddable":true,"href":"https:\/\/librosdelzorrorojo.com\/ca\/wp-json\/wp\/v2\/product_tag?post=12263"}],"curies":[{"name":"wp","href":"https:\/\/api.w.org\/{rel}","templated":true}]}}