{"id":12256,"date":"2019-02-01T17:39:53","date_gmt":"2019-02-01T16:39:53","guid":{"rendered":"https:\/\/librosdelzorrorojo.com\/catalogo\/la-metamorfosis\/"},"modified":"2024-02-29T11:38:32","modified_gmt":"2024-02-29T10:38:32","slug":"la-metamorfosis","status":"publish","type":"product","link":"https:\/\/librosdelzorrorojo.com\/ca\/cataleg\/la-metamorfosis\/","title":{"rendered":"La metamorfosis"},"content":{"rendered":"<p><span>\u00abUna ma\u00f1ana, al despertar de un sue\u00f1o intranquilo, Gregorio Samsa se encontr\u00f3 en la cama transformado en un insecto monstruoso. Estaba acostado sobre la espalda, que era dura, como acorazada, y levantando un poco la cabeza pudo ver su vientre convexo, color pardo, dividido por unos arcos r\u00edgidos; la manta hab\u00eda resbalado sobre esa superficie y solo una punta lo cubr\u00eda todav\u00eda. Sus patas numerosas, de una delgadez lamentable en relaci\u00f3n con el volumen del cuerpo, se agitaban frente a sus ojos.\u00bb\u00a0\u00a0<\/span><\/p>\n<p>As\u00ed comienza una de las ficciones m\u00e1s c\u00e9lebres de la literatura del siglo XX. Pieza clave dentro de su producci\u00f3n literaria, La metamorfosis es una vasta y v\u00edvida pesadilla donde gravita una intensidad ejemplar. Las ilustraciones del gran artista argentino Luis Scafati recrean admirablemente los peculiares ambientes y tortuosos personajes de este relato, invitando al lector a una aventura memorable.<\/p>\n<p>Con motivo del centenario de su publicaci\u00f3n, Libros del Zorro Rojo ofrece esta edici\u00f3n especial que, merced a su presentaci\u00f3n, a\u00f1ade un valor singular a la traducci\u00f3n de C\u00e9sar Aira y las ilustraciones de Luis Scafati. Su trabajo sobre este cl\u00e1sico ha sido objeto de varias exposiciones en Latinoam\u00e9rica y Europa que lo han reconocido como una de las mejores interpretaciones gr\u00e1ficas realizadas sobre la angustiosa historia de Gregor Samsa. Desde su aparici\u00f3n en Libros del Zorro Rojo, se ha traducido y publicado en numerosos pa\u00edses de Europa y Asia; ahora, con esta nueva edici\u00f3n, queremos rendir homenaje al escritor \u00abcuyo mundo \u2014en palabras del cr\u00edtico alem\u00e1n Walter Benjamin\u2014 es un teatro universal\u00bb.<\/p>\n<p><img decoding=\"async\" src=\"https:\/\/librosdelzorrorojo.com\/wp-content\/uploads\/2017\/09\/logo-generalitat2.jpg\" alt=\"\" width=\"200\" height=\"67\" class=\"alignnone size-full wp-image-11151\" \/><\/p>\n","protected":false},"excerpt":{"rendered":"\u00abUna ma\u00f1ana, al despertar de un sue\u00f1o intranquilo, Gregorio Samsa se encontr\u00f3 en la cama transformado en un insecto monstruoso. Estaba acostado sobre la espalda, que era dura, como acorazada, y levantando un poco la cabeza pudo ver su vientre convexo, color pardo, dividido por unos arcos r\u00edgidos; la manta hab\u00eda resbalado sobre esa superficie y solo una punta lo cubr\u00eda todav\u00eda. Sus patas numerosas, de una delgadez lamentable en relaci\u00f3n con el volumen del cuerpo, se agitaban frente a sus ojos\u00bb.","protected":false},"featured_media":12257,"template":"","meta":{"_acf_changed":false},"product_brand":[],"product_cat":[844,3156],"product_tag":[],"class_list":{"0":"post-12256","1":"product","2":"type-product","3":"status-publish","4":"has-post-thumbnail","6":"product_cat-castella","7":"product_cat-juvenil-adult","8":"vinculo-la-metamorfosis-ca-2","10":"first","11":"instock","12":"taxable","13":"shipping-taxable","14":"purchasable","15":"product-type-variable"},"acf":[],"yoast_head":"<!-- This site is optimized with the Yoast SEO plugin v25.1 - https:\/\/yoast.com\/wordpress\/plugins\/seo\/ -->\n<title>La metamorfosis - Libros del Zorro Rojo<\/title>\n<meta name=\"description\" content=\"\u00abUna ma\u00f1ana, al despertar de un sue\u00f1o intranquilo, Gregorio Samsa se encontr\u00f3 en la cama transformado en un insecto monstruoso. Estaba acostado sobre\" \/>\n<meta name=\"robots\" content=\"index, follow, max-snippet:-1, max-image-preview:large, max-video-preview:-1\" \/>\n<link rel=\"canonical\" href=\"https:\/\/librosdelzorrorojo.com\/ca\/cataleg\/la-metamorfosis\/\" \/>\n<meta property=\"og:locale\" content=\"ca_ES\" \/>\n<meta property=\"og:type\" content=\"article\" \/>\n<meta property=\"og:title\" content=\"La metamorfosis - Libros del Zorro Rojo\" \/>\n<meta property=\"og:description\" content=\"\u00abUna ma\u00f1ana, al despertar de un sue\u00f1o intranquilo, Gregorio Samsa se encontr\u00f3 en la cama transformado en un insecto monstruoso. Estaba acostado sobre\" \/>\n<meta property=\"og:url\" content=\"https:\/\/librosdelzorrorojo.com\/ca\/cataleg\/la-metamorfosis\/\" \/>\n<meta property=\"og:site_name\" content=\"Libros del Zorro Rojo\" \/>\n<meta property=\"article:modified_time\" content=\"2024-02-29T10:38:32+00:00\" \/>\n<meta property=\"og:image\" content=\"https:\/\/librosdelzorrorojo.com\/wp-content\/uploads\/2018\/05\/metam-espan\u0303ol.jpg\" \/>\n\t<meta property=\"og:image:width\" content=\"373\" \/>\n\t<meta property=\"og:image:height\" content=\"670\" \/>\n\t<meta property=\"og:image:type\" content=\"image\/jpeg\" \/>\n<meta name=\"twitter:card\" content=\"summary_large_image\" \/>\n<meta name=\"twitter:label1\" content=\"Temps estimat de lectura\" \/>\n\t<meta name=\"twitter:data1\" content=\"1 minut\" \/>\n<script type=\"application\/ld+json\" class=\"yoast-schema-graph\">{\"@context\":\"https:\/\/schema.org\",\"@graph\":[{\"@type\":\"WebPage\",\"@id\":\"https:\/\/librosdelzorrorojo.com\/ca\/cataleg\/la-metamorfosis\/\",\"url\":\"https:\/\/librosdelzorrorojo.com\/ca\/cataleg\/la-metamorfosis\/\",\"name\":\"La metamorfosis - Libros del Zorro Rojo\",\"isPartOf\":{\"@id\":\"https:\/\/librosdelzorrorojo.com\/#website\"},\"primaryImageOfPage\":{\"@id\":\"https:\/\/librosdelzorrorojo.com\/ca\/cataleg\/la-metamorfosis\/#primaryimage\"},\"image\":{\"@id\":\"https:\/\/librosdelzorrorojo.com\/ca\/cataleg\/la-metamorfosis\/#primaryimage\"},\"thumbnailUrl\":\"https:\/\/librosdelzorrorojo.com\/wp-content\/uploads\/2018\/05\/metam-espan\u0303ol.jpg\",\"datePublished\":\"2019-02-01T16:39:53+00:00\",\"dateModified\":\"2024-02-29T10:38:32+00:00\",\"description\":\"\u00abUna ma\u00f1ana, al despertar de un sue\u00f1o intranquilo, Gregorio Samsa se encontr\u00f3 en la cama transformado en un insecto monstruoso. Estaba acostado sobre\",\"breadcrumb\":{\"@id\":\"https:\/\/librosdelzorrorojo.com\/ca\/cataleg\/la-metamorfosis\/#breadcrumb\"},\"inLanguage\":\"ca\",\"potentialAction\":[{\"@type\":\"ReadAction\",\"target\":[\"https:\/\/librosdelzorrorojo.com\/ca\/cataleg\/la-metamorfosis\/\"]}]},{\"@type\":\"ImageObject\",\"inLanguage\":\"ca\",\"@id\":\"https:\/\/librosdelzorrorojo.com\/ca\/cataleg\/la-metamorfosis\/#primaryimage\",\"url\":\"https:\/\/librosdelzorrorojo.com\/wp-content\/uploads\/2018\/05\/metam-espan\u0303ol.jpg\",\"contentUrl\":\"https:\/\/librosdelzorrorojo.com\/wp-content\/uploads\/2018\/05\/metam-espan\u0303ol.jpg\",\"width\":373,\"height\":670,\"caption\":\"metam espan\u0303ol\"},{\"@type\":\"BreadcrumbList\",\"@id\":\"https:\/\/librosdelzorrorojo.com\/ca\/cataleg\/la-metamorfosis\/#breadcrumb\",\"itemListElement\":[{\"@type\":\"ListItem\",\"position\":1,\"name\":\"Portada\",\"item\":\"https:\/\/librosdelzorrorojo.com\/ca\/\"},{\"@type\":\"ListItem\",\"position\":2,\"name\":\"Cat\u00e0leg\",\"item\":\"https:\/\/librosdelzorrorojo.com\/ca\/cataleg\/\"},{\"@type\":\"ListItem\",\"position\":3,\"name\":\"La metamorfosis\"}]},{\"@type\":\"WebSite\",\"@id\":\"https:\/\/librosdelzorrorojo.com\/#website\",\"url\":\"https:\/\/librosdelzorrorojo.com\/\",\"name\":\"Libros del Zorro Rojo\",\"description\":\"Libros ilustrados\",\"potentialAction\":[{\"@type\":\"SearchAction\",\"target\":{\"@type\":\"EntryPoint\",\"urlTemplate\":\"https:\/\/librosdelzorrorojo.com\/?s={search_term_string}\"},\"query-input\":{\"@type\":\"PropertyValueSpecification\",\"valueRequired\":true,\"valueName\":\"search_term_string\"}}],\"inLanguage\":\"ca\"}]}<\/script>\n<!-- \/ Yoast SEO plugin. -->","yoast_head_json":{"title":"La metamorfosis - Libros del Zorro Rojo","description":"\u00abUna ma\u00f1ana, al despertar de un sue\u00f1o intranquilo, Gregorio Samsa se encontr\u00f3 en la cama transformado en un insecto monstruoso. Estaba acostado sobre","robots":{"index":"index","follow":"follow","max-snippet":"max-snippet:-1","max-image-preview":"max-image-preview:large","max-video-preview":"max-video-preview:-1"},"canonical":"https:\/\/librosdelzorrorojo.com\/ca\/cataleg\/la-metamorfosis\/","og_locale":"ca_ES","og_type":"article","og_title":"La metamorfosis - Libros del Zorro Rojo","og_description":"\u00abUna ma\u00f1ana, al despertar de un sue\u00f1o intranquilo, Gregorio Samsa se encontr\u00f3 en la cama transformado en un insecto monstruoso. Estaba acostado sobre","og_url":"https:\/\/librosdelzorrorojo.com\/ca\/cataleg\/la-metamorfosis\/","og_site_name":"Libros del Zorro Rojo","article_modified_time":"2024-02-29T10:38:32+00:00","og_image":[{"width":373,"height":670,"url":"https:\/\/librosdelzorrorojo.com\/wp-content\/uploads\/2018\/05\/metam-espan\u0303ol.jpg","type":"image\/jpeg"}],"twitter_card":"summary_large_image","twitter_misc":{"Temps estimat de lectura":"1 minut"},"schema":{"@context":"https:\/\/schema.org","@graph":[{"@type":"WebPage","@id":"https:\/\/librosdelzorrorojo.com\/ca\/cataleg\/la-metamorfosis\/","url":"https:\/\/librosdelzorrorojo.com\/ca\/cataleg\/la-metamorfosis\/","name":"La metamorfosis - Libros del Zorro Rojo","isPartOf":{"@id":"https:\/\/librosdelzorrorojo.com\/#website"},"primaryImageOfPage":{"@id":"https:\/\/librosdelzorrorojo.com\/ca\/cataleg\/la-metamorfosis\/#primaryimage"},"image":{"@id":"https:\/\/librosdelzorrorojo.com\/ca\/cataleg\/la-metamorfosis\/#primaryimage"},"thumbnailUrl":"https:\/\/librosdelzorrorojo.com\/wp-content\/uploads\/2018\/05\/metam-espan\u0303ol.jpg","datePublished":"2019-02-01T16:39:53+00:00","dateModified":"2024-02-29T10:38:32+00:00","description":"\u00abUna ma\u00f1ana, al despertar de un sue\u00f1o intranquilo, Gregorio Samsa se encontr\u00f3 en la cama transformado en un insecto monstruoso. Estaba acostado sobre","breadcrumb":{"@id":"https:\/\/librosdelzorrorojo.com\/ca\/cataleg\/la-metamorfosis\/#breadcrumb"},"inLanguage":"ca","potentialAction":[{"@type":"ReadAction","target":["https:\/\/librosdelzorrorojo.com\/ca\/cataleg\/la-metamorfosis\/"]}]},{"@type":"ImageObject","inLanguage":"ca","@id":"https:\/\/librosdelzorrorojo.com\/ca\/cataleg\/la-metamorfosis\/#primaryimage","url":"https:\/\/librosdelzorrorojo.com\/wp-content\/uploads\/2018\/05\/metam-espan\u0303ol.jpg","contentUrl":"https:\/\/librosdelzorrorojo.com\/wp-content\/uploads\/2018\/05\/metam-espan\u0303ol.jpg","width":373,"height":670,"caption":"metam espan\u0303ol"},{"@type":"BreadcrumbList","@id":"https:\/\/librosdelzorrorojo.com\/ca\/cataleg\/la-metamorfosis\/#breadcrumb","itemListElement":[{"@type":"ListItem","position":1,"name":"Portada","item":"https:\/\/librosdelzorrorojo.com\/ca\/"},{"@type":"ListItem","position":2,"name":"Cat\u00e0leg","item":"https:\/\/librosdelzorrorojo.com\/ca\/cataleg\/"},{"@type":"ListItem","position":3,"name":"La metamorfosis"}]},{"@type":"WebSite","@id":"https:\/\/librosdelzorrorojo.com\/#website","url":"https:\/\/librosdelzorrorojo.com\/","name":"Libros del Zorro Rojo","description":"Libros ilustrados","potentialAction":[{"@type":"SearchAction","target":{"@type":"EntryPoint","urlTemplate":"https:\/\/librosdelzorrorojo.com\/?s={search_term_string}"},"query-input":{"@type":"PropertyValueSpecification","valueRequired":true,"valueName":"search_term_string"}}],"inLanguage":"ca"}]}},"_links":{"self":[{"href":"https:\/\/librosdelzorrorojo.com\/ca\/wp-json\/wp\/v2\/product\/12256","targetHints":{"allow":["GET"]}}],"collection":[{"href":"https:\/\/librosdelzorrorojo.com\/ca\/wp-json\/wp\/v2\/product"}],"about":[{"href":"https:\/\/librosdelzorrorojo.com\/ca\/wp-json\/wp\/v2\/types\/product"}],"wp:featuredmedia":[{"embeddable":true,"href":"https:\/\/librosdelzorrorojo.com\/ca\/wp-json\/wp\/v2\/media\/12257"}],"wp:attachment":[{"href":"https:\/\/librosdelzorrorojo.com\/ca\/wp-json\/wp\/v2\/media?parent=12256"}],"wp:term":[{"taxonomy":"product_brand","embeddable":true,"href":"https:\/\/librosdelzorrorojo.com\/ca\/wp-json\/wp\/v2\/product_brand?post=12256"},{"taxonomy":"product_cat","embeddable":true,"href":"https:\/\/librosdelzorrorojo.com\/ca\/wp-json\/wp\/v2\/product_cat?post=12256"},{"taxonomy":"product_tag","embeddable":true,"href":"https:\/\/librosdelzorrorojo.com\/ca\/wp-json\/wp\/v2\/product_tag?post=12256"}],"curies":[{"name":"wp","href":"https:\/\/api.w.org\/{rel}","templated":true}]}}