{"id":12243,"date":"2010-10-01T12:00:39","date_gmt":"2010-10-01T10:00:39","guid":{"rendered":"https:\/\/librosdelzorrorojo.com\/catalogo\/los-pequenos-macabros\/"},"modified":"2026-04-21T15:59:33","modified_gmt":"2026-04-21T13:59:33","slug":"los-pequenos-macabros","status":"publish","type":"product","link":"https:\/\/librosdelzorrorojo.com\/ca\/cataleg\/los-pequenos-macabros\/","title":{"rendered":"Los peque\u00f1os macabros"},"content":{"rendered":"<p dir=\"ltr\"><span style=\"font-weight: 400;\">Asfixiados por alfombras, engullidos por el fango, atacados por osos o consumidos por las llamas, veintis\u00e9is ni\u00f1os inocentes descubren, sin tiempo para sorprenderse, el extremo riesgo de vivir. Celebrada como la obra maestra de Edward Gorey, <\/span><i><span style=\"font-weight: 400;\">Los peque\u00f1os macabros<\/span><\/i><span style=\"font-weight: 400;\">, muestrario alfab\u00e9tico de destinos tr\u00e1gicos, alumbra el lado m\u00e1s transgresor y visionario de un artista excepcional.<\/span><\/p>\n<p dir=\"ltr\"><img decoding=\"async\" src=\"https:\/\/librosdelzorrorojo.com\/wp-content\/uploads\/2021\/09\/DC-ICEC-horitzontal-cos12-bn-1-600x80.png\" alt=\"\" width=\"413\" height=\"55\" class=\"alignnone wp-image-23703\" srcset=\"https:\/\/librosdelzorrorojo.com\/wp-content\/uploads\/2021\/09\/DC-ICEC-horitzontal-cos12-bn-1-600x80.png 600w, https:\/\/librosdelzorrorojo.com\/wp-content\/uploads\/2021\/09\/DC-ICEC-horitzontal-cos12-bn-1-1024x137.png 1024w, https:\/\/librosdelzorrorojo.com\/wp-content\/uploads\/2021\/09\/DC-ICEC-horitzontal-cos12-bn-1-768x103.png 768w, https:\/\/librosdelzorrorojo.com\/wp-content\/uploads\/2021\/09\/DC-ICEC-horitzontal-cos12-bn-1-800x107.png 800w, https:\/\/librosdelzorrorojo.com\/wp-content\/uploads\/2021\/09\/DC-ICEC-horitzontal-cos12-bn-1.png 1482w\" sizes=\"(max-width: 413px) 100vw, 413px\" \/><\/p>\n","protected":false},"excerpt":{"rendered":"Asfixiados por alfombras, engullidos por el fango, atacados por osos o consumidos por las llamas, veintis\u00e9is ni\u00f1os inocentes descubren, sin tiempo para sorprenderse, el extremo riesgo de vivir. Celebrada como la obra maestra de Edward Gorey, <em>Los peque\u00f1os macabros<\/em>, muestrario alfab\u00e9tico de destinos tr\u00e1gicos, alumbra el lado m\u00e1s transgresor y visionario de un artista excepcional.","protected":false},"featured_media":8463,"template":"","meta":{"_acf_changed":false},"product_brand":[],"product_cat":[844,3156],"product_tag":[],"class_list":{"0":"post-12243","1":"product","2":"type-product","3":"status-publish","4":"has-post-thumbnail","6":"product_cat-castella","7":"product_cat-juvenil-adult","9":"first","10":"outofstock","11":"taxable","12":"shipping-taxable","13":"purchasable","14":"product-type-simple"},"acf":[],"yoast_head":"<!-- This site is optimized with the Yoast SEO plugin v25.1 - https:\/\/yoast.com\/wordpress\/plugins\/seo\/ -->\n<title>Los peque\u00f1os macabros<\/title>\n<meta name=\"description\" content=\"Asfixiados por alfombras, engullidos por el fango, atacados por osos o consumidos por las llamas, veintis\u00e9is ni\u00f1os inocentes\" \/>\n<meta name=\"robots\" content=\"index, follow, max-snippet:-1, max-image-preview:large, max-video-preview:-1\" \/>\n<link rel=\"canonical\" href=\"https:\/\/librosdelzorrorojo.com\/ca\/cataleg\/los-pequenos-macabros\/\" \/>\n<meta property=\"og:locale\" content=\"ca_ES\" \/>\n<meta property=\"og:type\" content=\"article\" \/>\n<meta property=\"og:title\" content=\"Los peque\u00f1os macabros\" \/>\n<meta property=\"og:description\" content=\"Asfixiados por alfombras, engullidos por el fango, atacados por osos o consumidos por las llamas, veintis\u00e9is ni\u00f1os inocentes\" \/>\n<meta property=\"og:url\" content=\"https:\/\/librosdelzorrorojo.com\/ca\/cataleg\/los-pequenos-macabros\/\" \/>\n<meta property=\"og:site_name\" content=\"Libros del Zorro Rojo\" \/>\n<meta property=\"article:modified_time\" content=\"2026-04-21T13:59:33+00:00\" \/>\n<meta property=\"og:image\" content=\"https:\/\/librosdelzorrorojo.com\/wp-content\/uploads\/2010\/10\/Cover-Pequen\u0303os-macabros-New.png\" \/>\n\t<meta property=\"og:image:width\" content=\"451\" \/>\n\t<meta property=\"og:image:height\" content=\"380\" \/>\n\t<meta property=\"og:image:type\" content=\"image\/png\" \/>\n<meta name=\"twitter:card\" content=\"summary_large_image\" \/>\n<script type=\"application\/ld+json\" class=\"yoast-schema-graph\">{\"@context\":\"https:\/\/schema.org\",\"@graph\":[{\"@type\":\"WebPage\",\"@id\":\"https:\/\/librosdelzorrorojo.com\/ca\/cataleg\/los-pequenos-macabros\/\",\"url\":\"https:\/\/librosdelzorrorojo.com\/ca\/cataleg\/los-pequenos-macabros\/\",\"name\":\"Los peque\u00f1os macabros\",\"isPartOf\":{\"@id\":\"https:\/\/librosdelzorrorojo.com\/#website\"},\"primaryImageOfPage\":{\"@id\":\"https:\/\/librosdelzorrorojo.com\/ca\/cataleg\/los-pequenos-macabros\/#primaryimage\"},\"image\":{\"@id\":\"https:\/\/librosdelzorrorojo.com\/ca\/cataleg\/los-pequenos-macabros\/#primaryimage\"},\"thumbnailUrl\":\"https:\/\/librosdelzorrorojo.com\/wp-content\/uploads\/2010\/10\/Cover-Pequen\u0303os-macabros-New.png\",\"datePublished\":\"2010-10-01T10:00:39+00:00\",\"dateModified\":\"2026-04-21T13:59:33+00:00\",\"description\":\"Asfixiados por alfombras, engullidos por el fango, atacados por osos o consumidos por las llamas, veintis\u00e9is ni\u00f1os inocentes\",\"breadcrumb\":{\"@id\":\"https:\/\/librosdelzorrorojo.com\/ca\/cataleg\/los-pequenos-macabros\/#breadcrumb\"},\"inLanguage\":\"ca\",\"potentialAction\":[{\"@type\":\"ReadAction\",\"target\":[\"https:\/\/librosdelzorrorojo.com\/ca\/cataleg\/los-pequenos-macabros\/\"]}]},{\"@type\":\"ImageObject\",\"inLanguage\":\"ca\",\"@id\":\"https:\/\/librosdelzorrorojo.com\/ca\/cataleg\/los-pequenos-macabros\/#primaryimage\",\"url\":\"https:\/\/librosdelzorrorojo.com\/wp-content\/uploads\/2010\/10\/Cover-Pequen\u0303os-macabros-New.png\",\"contentUrl\":\"https:\/\/librosdelzorrorojo.com\/wp-content\/uploads\/2010\/10\/Cover-Pequen\u0303os-macabros-New.png\",\"width\":451,\"height\":380,\"caption\":\"Cover Pequen\u0303os macabros New\"},{\"@type\":\"BreadcrumbList\",\"@id\":\"https:\/\/librosdelzorrorojo.com\/ca\/cataleg\/los-pequenos-macabros\/#breadcrumb\",\"itemListElement\":[{\"@type\":\"ListItem\",\"position\":1,\"name\":\"Portada\",\"item\":\"https:\/\/librosdelzorrorojo.com\/ca\/\"},{\"@type\":\"ListItem\",\"position\":2,\"name\":\"Cat\u00e0leg\",\"item\":\"https:\/\/librosdelzorrorojo.com\/ca\/cataleg\/\"},{\"@type\":\"ListItem\",\"position\":3,\"name\":\"Los peque\u00f1os macabros\"}]},{\"@type\":\"WebSite\",\"@id\":\"https:\/\/librosdelzorrorojo.com\/#website\",\"url\":\"https:\/\/librosdelzorrorojo.com\/\",\"name\":\"Libros del Zorro Rojo\",\"description\":\"Libros ilustrados\",\"potentialAction\":[{\"@type\":\"SearchAction\",\"target\":{\"@type\":\"EntryPoint\",\"urlTemplate\":\"https:\/\/librosdelzorrorojo.com\/?s={search_term_string}\"},\"query-input\":{\"@type\":\"PropertyValueSpecification\",\"valueRequired\":true,\"valueName\":\"search_term_string\"}}],\"inLanguage\":\"ca\"}]}<\/script>\n<!-- \/ Yoast SEO plugin. -->","yoast_head_json":{"title":"Los peque\u00f1os macabros","description":"Asfixiados por alfombras, engullidos por el fango, atacados por osos o consumidos por las llamas, veintis\u00e9is ni\u00f1os inocentes","robots":{"index":"index","follow":"follow","max-snippet":"max-snippet:-1","max-image-preview":"max-image-preview:large","max-video-preview":"max-video-preview:-1"},"canonical":"https:\/\/librosdelzorrorojo.com\/ca\/cataleg\/los-pequenos-macabros\/","og_locale":"ca_ES","og_type":"article","og_title":"Los peque\u00f1os macabros","og_description":"Asfixiados por alfombras, engullidos por el fango, atacados por osos o consumidos por las llamas, veintis\u00e9is ni\u00f1os inocentes","og_url":"https:\/\/librosdelzorrorojo.com\/ca\/cataleg\/los-pequenos-macabros\/","og_site_name":"Libros del Zorro Rojo","article_modified_time":"2026-04-21T13:59:33+00:00","og_image":[{"width":451,"height":380,"url":"https:\/\/librosdelzorrorojo.com\/wp-content\/uploads\/2010\/10\/Cover-Pequen\u0303os-macabros-New.png","type":"image\/png"}],"twitter_card":"summary_large_image","schema":{"@context":"https:\/\/schema.org","@graph":[{"@type":"WebPage","@id":"https:\/\/librosdelzorrorojo.com\/ca\/cataleg\/los-pequenos-macabros\/","url":"https:\/\/librosdelzorrorojo.com\/ca\/cataleg\/los-pequenos-macabros\/","name":"Los peque\u00f1os macabros","isPartOf":{"@id":"https:\/\/librosdelzorrorojo.com\/#website"},"primaryImageOfPage":{"@id":"https:\/\/librosdelzorrorojo.com\/ca\/cataleg\/los-pequenos-macabros\/#primaryimage"},"image":{"@id":"https:\/\/librosdelzorrorojo.com\/ca\/cataleg\/los-pequenos-macabros\/#primaryimage"},"thumbnailUrl":"https:\/\/librosdelzorrorojo.com\/wp-content\/uploads\/2010\/10\/Cover-Pequen\u0303os-macabros-New.png","datePublished":"2010-10-01T10:00:39+00:00","dateModified":"2026-04-21T13:59:33+00:00","description":"Asfixiados por alfombras, engullidos por el fango, atacados por osos o consumidos por las llamas, veintis\u00e9is ni\u00f1os inocentes","breadcrumb":{"@id":"https:\/\/librosdelzorrorojo.com\/ca\/cataleg\/los-pequenos-macabros\/#breadcrumb"},"inLanguage":"ca","potentialAction":[{"@type":"ReadAction","target":["https:\/\/librosdelzorrorojo.com\/ca\/cataleg\/los-pequenos-macabros\/"]}]},{"@type":"ImageObject","inLanguage":"ca","@id":"https:\/\/librosdelzorrorojo.com\/ca\/cataleg\/los-pequenos-macabros\/#primaryimage","url":"https:\/\/librosdelzorrorojo.com\/wp-content\/uploads\/2010\/10\/Cover-Pequen\u0303os-macabros-New.png","contentUrl":"https:\/\/librosdelzorrorojo.com\/wp-content\/uploads\/2010\/10\/Cover-Pequen\u0303os-macabros-New.png","width":451,"height":380,"caption":"Cover Pequen\u0303os macabros New"},{"@type":"BreadcrumbList","@id":"https:\/\/librosdelzorrorojo.com\/ca\/cataleg\/los-pequenos-macabros\/#breadcrumb","itemListElement":[{"@type":"ListItem","position":1,"name":"Portada","item":"https:\/\/librosdelzorrorojo.com\/ca\/"},{"@type":"ListItem","position":2,"name":"Cat\u00e0leg","item":"https:\/\/librosdelzorrorojo.com\/ca\/cataleg\/"},{"@type":"ListItem","position":3,"name":"Los peque\u00f1os macabros"}]},{"@type":"WebSite","@id":"https:\/\/librosdelzorrorojo.com\/#website","url":"https:\/\/librosdelzorrorojo.com\/","name":"Libros del Zorro Rojo","description":"Libros ilustrados","potentialAction":[{"@type":"SearchAction","target":{"@type":"EntryPoint","urlTemplate":"https:\/\/librosdelzorrorojo.com\/?s={search_term_string}"},"query-input":{"@type":"PropertyValueSpecification","valueRequired":true,"valueName":"search_term_string"}}],"inLanguage":"ca"}]}},"_links":{"self":[{"href":"https:\/\/librosdelzorrorojo.com\/ca\/wp-json\/wp\/v2\/product\/12243","targetHints":{"allow":["GET"]}}],"collection":[{"href":"https:\/\/librosdelzorrorojo.com\/ca\/wp-json\/wp\/v2\/product"}],"about":[{"href":"https:\/\/librosdelzorrorojo.com\/ca\/wp-json\/wp\/v2\/types\/product"}],"wp:featuredmedia":[{"embeddable":true,"href":"https:\/\/librosdelzorrorojo.com\/ca\/wp-json\/wp\/v2\/media\/8463"}],"wp:attachment":[{"href":"https:\/\/librosdelzorrorojo.com\/ca\/wp-json\/wp\/v2\/media?parent=12243"}],"wp:term":[{"taxonomy":"product_brand","embeddable":true,"href":"https:\/\/librosdelzorrorojo.com\/ca\/wp-json\/wp\/v2\/product_brand?post=12243"},{"taxonomy":"product_cat","embeddable":true,"href":"https:\/\/librosdelzorrorojo.com\/ca\/wp-json\/wp\/v2\/product_cat?post=12243"},{"taxonomy":"product_tag","embeddable":true,"href":"https:\/\/librosdelzorrorojo.com\/ca\/wp-json\/wp\/v2\/product_tag?post=12243"}],"curies":[{"name":"wp","href":"https:\/\/api.w.org\/{rel}","templated":true}]}}