{"id":12227,"date":"2012-09-27T12:00:32","date_gmt":"2012-09-27T10:00:32","guid":{"rendered":"https:\/\/librosdelzorrorojo.com\/catalogo\/las-flores-del-mal\/"},"modified":"2024-02-29T11:38:23","modified_gmt":"2024-02-29T10:38:23","slug":"las-flores-del-mal","status":"publish","type":"product","link":"https:\/\/librosdelzorrorojo.com\/ca\/cataleg\/las-flores-del-mal\/","title":{"rendered":"Las flores del mal"},"content":{"rendered":"<p dir=\"ltr\"><span style=\"font-weight: 400;\">Prohibidos en Francia por ofensa a la moral y a las buenas costumbres, los poemas reunidos en este volumen debieron aguardar noventa y dos a\u00f1os hasta su reivindicaci\u00f3n p\u00fablica. En 2007, al cumplirse un siglo y medio de la publicaci\u00f3n de <\/span><i><span style=\"font-weight: 400;\">Las flores del mal<\/span><\/i><span style=\"font-weight: 400;\">, Pat Andrea, figura clave del arte contempor\u00e1neo, se aventur\u00f3 en una de las recreaciones m\u00e1s deslumbrantes que se hayan realizado sobre el universo de Baudelaire. La edici\u00f3n bilingu\u0308e cont\u00f3 con la admirable versi\u00f3n en castellano del poeta Jaime Siles.<\/span><\/p>\n<p dir=\"ltr\"><span style=\"font-weight: 400;\">En 2017, Libros del Zorro Rojo vuelve a publicar este trabajo al cumplirse ciento cincuenta a\u00f1os de la muerte de Baudelaire, \u00abel primer vidente, el rey de los poetas, el verdadero dios\u00bb, como escribi\u00f3 Rimbaud.<\/span><\/p>\n<p dir=\"ltr\"><i><span style=\"font-weight: 400;\">La sentencia<\/span><\/i><span style=\"font-weight: 400;\"> (fragmento)<\/span><\/p>\n<p dir=\"ltr\"><span style=\"font-weight: 400;\">\u00abTeniendo en cuenta el error del poeta, en el objetivo que quer\u00eda alcanzar y en el camino que sigui\u00f3, cualquiera que fuera el esfuerzo de estilo que pudiera haber hecho, cualquiera que fuera la censura que precediera o que siguiera a sus descripciones, no puede destruir el funesto efecto de los cuadros que presenta al lector, y el que las piezas incriminadas conducen necesariamente a la excitaci\u00f3n de los sentidos mediante un realismo grosero y ofensivo para el pudor. Teniendo en cuenta que Baudelaire, Poulet-Malassis y De Broise cometieron delito de ultraje a la moral p\u00fablica y a las buenas costumbres, a saber: Baudelaire, por publicar; Poulet-Malassis y De Broise, por publicar, vender y poner a la venta, en Par\u00eds y en Alen\u00e7on, la obra titulada: <\/span><i><span style=\"font-weight: 400;\">Las flores del mal<\/span><\/i><span style=\"font-weight: 400;\"><em>,<\/em> la cual contiene pasajes o expresiones obscenas e inmorales. [\u2026] Se condena a Baudelaire a 300 francos de multa, a Poulet- Malassis y a De Broise a 100 francos de multa cada uno. Se ordena la supresi\u00f3n de las piezas que llevan los n\u00fameros 20, 30, 39, 80, 81 y 87 de la recopilaci\u00f3n. Y se condena a los acusados a correr con los gastos.\u00bb<\/span><\/p>\n<p dir=\"ltr\"><i><span style=\"font-weight: 400;\">Gazette des Tribunaux, 21 de agosto de 1857<\/span><\/i><\/p>\n<p><span>Hojea el libro\u00a0<a href=\"https:\/\/issuu.com\/librosdelzorrorojo\/docs\/zr-las_flores_del_mal\"><span style=\"color: #ff0000;\">aqu\u00ed<\/span><\/a><\/span><\/p>\n<p><img decoding=\"async\" src=\"https:\/\/librosdelzorrorojo.com\/wp-content\/uploads\/2018\/04\/ICEC_BN-WEB-02.png\" alt=\"\" width=\"200\" height=\"48\" class=\"alignleft wp-image-15980 size-full\" \/><\/p>\n","protected":false},"excerpt":{"rendered":"<span style=\"font-weight: 400;\">Prohibidos en Francia por ofensa a la moral y a las buenas costumbres, los poemas reunidos en este volumen debieron aguardar noventa y dos a\u00f1os hasta su reivindicaci\u00f3n p\u00fablica. En 2007, al cumplirse un siglo y medio de la publicaci\u00f3n de <\/span><i><span style=\"font-weight: 400;\">Las flores del mal<\/span><\/i><span style=\"font-weight: 400;\">, Pat Andrea, figura clave del arte contempor\u00e1neo, se aventur\u00f3 en una de las recreaciones m\u00e1s deslumbrantes que se hayan realizado sobre el universo de Baudelaire. La edici\u00f3n bilingu\u0308e cont\u00f3 con la admirable versi\u00f3n en castellano del poeta Jaime Siles.<\/span>","protected":false},"featured_media":8365,"template":"","meta":{"_acf_changed":false},"product_brand":[],"product_cat":[844,3156],"product_tag":[],"class_list":{"0":"post-12227","1":"product","2":"type-product","3":"status-publish","4":"has-post-thumbnail","6":"product_cat-castella","7":"product_cat-juvenil-adult","9":"first","10":"instock","11":"taxable","12":"shipping-taxable","13":"purchasable","14":"product-type-variable"},"acf":[],"yoast_head":"<!-- This site is optimized with the Yoast SEO plugin v25.1 - https:\/\/yoast.com\/wordpress\/plugins\/seo\/ -->\n<title>Las flores del mal, los poemas prohibidos, pocket<\/title>\n<meta name=\"description\" content=\"Prohibidos por ofensa a la moral y a las buenas costumbres, los poemas reunidos aqu\u00ed debieron aguardar noventa y dos a\u00f1os hasta su reivindicaci\u00f3n p\u00fablica\" \/>\n<meta name=\"robots\" content=\"index, follow, max-snippet:-1, max-image-preview:large, max-video-preview:-1\" \/>\n<link rel=\"canonical\" href=\"https:\/\/librosdelzorrorojo.com\/ca\/cataleg\/las-flores-del-mal\/\" \/>\n<meta property=\"og:locale\" content=\"ca_ES\" \/>\n<meta property=\"og:type\" content=\"article\" \/>\n<meta property=\"og:title\" content=\"Las flores del mal, los poemas prohibidos, pocket\" \/>\n<meta property=\"og:description\" content=\"Prohibidos por ofensa a la moral y a las buenas costumbres, los poemas reunidos aqu\u00ed debieron aguardar noventa y dos a\u00f1os hasta su reivindicaci\u00f3n p\u00fablica\" \/>\n<meta property=\"og:url\" content=\"https:\/\/librosdelzorrorojo.com\/ca\/cataleg\/las-flores-del-mal\/\" \/>\n<meta property=\"og:site_name\" content=\"Libros del Zorro Rojo\" \/>\n<meta property=\"article:modified_time\" content=\"2024-02-29T10:38:23+00:00\" \/>\n<meta property=\"og:image\" content=\"https:\/\/librosdelzorrorojo.com\/wp-content\/uploads\/2012\/09\/978-84-945950-6-6.jpg\" \/>\n\t<meta property=\"og:image:width\" content=\"833\" \/>\n\t<meta property=\"og:image:height\" content=\"1200\" \/>\n\t<meta property=\"og:image:type\" content=\"image\/jpeg\" \/>\n<meta name=\"twitter:card\" content=\"summary_large_image\" \/>\n<meta name=\"twitter:label1\" content=\"Temps estimat de lectura\" \/>\n\t<meta name=\"twitter:data1\" content=\"2 minuts\" \/>\n<script type=\"application\/ld+json\" class=\"yoast-schema-graph\">{\"@context\":\"https:\/\/schema.org\",\"@graph\":[{\"@type\":\"WebPage\",\"@id\":\"https:\/\/librosdelzorrorojo.com\/ca\/cataleg\/las-flores-del-mal\/\",\"url\":\"https:\/\/librosdelzorrorojo.com\/ca\/cataleg\/las-flores-del-mal\/\",\"name\":\"Las flores del mal, los poemas prohibidos, pocket\",\"isPartOf\":{\"@id\":\"https:\/\/librosdelzorrorojo.com\/#website\"},\"primaryImageOfPage\":{\"@id\":\"https:\/\/librosdelzorrorojo.com\/ca\/cataleg\/las-flores-del-mal\/#primaryimage\"},\"image\":{\"@id\":\"https:\/\/librosdelzorrorojo.com\/ca\/cataleg\/las-flores-del-mal\/#primaryimage\"},\"thumbnailUrl\":\"https:\/\/librosdelzorrorojo.com\/wp-content\/uploads\/2012\/09\/978-84-945950-6-6.jpg\",\"datePublished\":\"2012-09-27T10:00:32+00:00\",\"dateModified\":\"2024-02-29T10:38:23+00:00\",\"description\":\"Prohibidos por ofensa a la moral y a las buenas costumbres, los poemas reunidos aqu\u00ed debieron aguardar noventa y dos a\u00f1os hasta su reivindicaci\u00f3n p\u00fablica\",\"breadcrumb\":{\"@id\":\"https:\/\/librosdelzorrorojo.com\/ca\/cataleg\/las-flores-del-mal\/#breadcrumb\"},\"inLanguage\":\"ca\",\"potentialAction\":[{\"@type\":\"ReadAction\",\"target\":[\"https:\/\/librosdelzorrorojo.com\/ca\/cataleg\/las-flores-del-mal\/\"]}]},{\"@type\":\"ImageObject\",\"inLanguage\":\"ca\",\"@id\":\"https:\/\/librosdelzorrorojo.com\/ca\/cataleg\/las-flores-del-mal\/#primaryimage\",\"url\":\"https:\/\/librosdelzorrorojo.com\/wp-content\/uploads\/2012\/09\/978-84-945950-6-6.jpg\",\"contentUrl\":\"https:\/\/librosdelzorrorojo.com\/wp-content\/uploads\/2012\/09\/978-84-945950-6-6.jpg\",\"width\":833,\"height\":1200,\"caption\":\"978 84 945950 6 6\"},{\"@type\":\"BreadcrumbList\",\"@id\":\"https:\/\/librosdelzorrorojo.com\/ca\/cataleg\/las-flores-del-mal\/#breadcrumb\",\"itemListElement\":[{\"@type\":\"ListItem\",\"position\":1,\"name\":\"Portada\",\"item\":\"https:\/\/librosdelzorrorojo.com\/ca\/\"},{\"@type\":\"ListItem\",\"position\":2,\"name\":\"Cat\u00e0leg\",\"item\":\"https:\/\/librosdelzorrorojo.com\/ca\/cataleg\/\"},{\"@type\":\"ListItem\",\"position\":3,\"name\":\"Las flores del mal\"}]},{\"@type\":\"WebSite\",\"@id\":\"https:\/\/librosdelzorrorojo.com\/#website\",\"url\":\"https:\/\/librosdelzorrorojo.com\/\",\"name\":\"Libros del Zorro Rojo\",\"description\":\"Libros ilustrados\",\"potentialAction\":[{\"@type\":\"SearchAction\",\"target\":{\"@type\":\"EntryPoint\",\"urlTemplate\":\"https:\/\/librosdelzorrorojo.com\/?s={search_term_string}\"},\"query-input\":{\"@type\":\"PropertyValueSpecification\",\"valueRequired\":true,\"valueName\":\"search_term_string\"}}],\"inLanguage\":\"ca\"}]}<\/script>\n<!-- \/ Yoast SEO plugin. -->","yoast_head_json":{"title":"Las flores del mal, los poemas prohibidos, pocket","description":"Prohibidos por ofensa a la moral y a las buenas costumbres, los poemas reunidos aqu\u00ed debieron aguardar noventa y dos a\u00f1os hasta su reivindicaci\u00f3n p\u00fablica","robots":{"index":"index","follow":"follow","max-snippet":"max-snippet:-1","max-image-preview":"max-image-preview:large","max-video-preview":"max-video-preview:-1"},"canonical":"https:\/\/librosdelzorrorojo.com\/ca\/cataleg\/las-flores-del-mal\/","og_locale":"ca_ES","og_type":"article","og_title":"Las flores del mal, los poemas prohibidos, pocket","og_description":"Prohibidos por ofensa a la moral y a las buenas costumbres, los poemas reunidos aqu\u00ed debieron aguardar noventa y dos a\u00f1os hasta su reivindicaci\u00f3n p\u00fablica","og_url":"https:\/\/librosdelzorrorojo.com\/ca\/cataleg\/las-flores-del-mal\/","og_site_name":"Libros del Zorro Rojo","article_modified_time":"2024-02-29T10:38:23+00:00","og_image":[{"width":833,"height":1200,"url":"https:\/\/librosdelzorrorojo.com\/wp-content\/uploads\/2012\/09\/978-84-945950-6-6.jpg","type":"image\/jpeg"}],"twitter_card":"summary_large_image","twitter_misc":{"Temps estimat de lectura":"2 minuts"},"schema":{"@context":"https:\/\/schema.org","@graph":[{"@type":"WebPage","@id":"https:\/\/librosdelzorrorojo.com\/ca\/cataleg\/las-flores-del-mal\/","url":"https:\/\/librosdelzorrorojo.com\/ca\/cataleg\/las-flores-del-mal\/","name":"Las flores del mal, los poemas prohibidos, pocket","isPartOf":{"@id":"https:\/\/librosdelzorrorojo.com\/#website"},"primaryImageOfPage":{"@id":"https:\/\/librosdelzorrorojo.com\/ca\/cataleg\/las-flores-del-mal\/#primaryimage"},"image":{"@id":"https:\/\/librosdelzorrorojo.com\/ca\/cataleg\/las-flores-del-mal\/#primaryimage"},"thumbnailUrl":"https:\/\/librosdelzorrorojo.com\/wp-content\/uploads\/2012\/09\/978-84-945950-6-6.jpg","datePublished":"2012-09-27T10:00:32+00:00","dateModified":"2024-02-29T10:38:23+00:00","description":"Prohibidos por ofensa a la moral y a las buenas costumbres, los poemas reunidos aqu\u00ed debieron aguardar noventa y dos a\u00f1os hasta su reivindicaci\u00f3n p\u00fablica","breadcrumb":{"@id":"https:\/\/librosdelzorrorojo.com\/ca\/cataleg\/las-flores-del-mal\/#breadcrumb"},"inLanguage":"ca","potentialAction":[{"@type":"ReadAction","target":["https:\/\/librosdelzorrorojo.com\/ca\/cataleg\/las-flores-del-mal\/"]}]},{"@type":"ImageObject","inLanguage":"ca","@id":"https:\/\/librosdelzorrorojo.com\/ca\/cataleg\/las-flores-del-mal\/#primaryimage","url":"https:\/\/librosdelzorrorojo.com\/wp-content\/uploads\/2012\/09\/978-84-945950-6-6.jpg","contentUrl":"https:\/\/librosdelzorrorojo.com\/wp-content\/uploads\/2012\/09\/978-84-945950-6-6.jpg","width":833,"height":1200,"caption":"978 84 945950 6 6"},{"@type":"BreadcrumbList","@id":"https:\/\/librosdelzorrorojo.com\/ca\/cataleg\/las-flores-del-mal\/#breadcrumb","itemListElement":[{"@type":"ListItem","position":1,"name":"Portada","item":"https:\/\/librosdelzorrorojo.com\/ca\/"},{"@type":"ListItem","position":2,"name":"Cat\u00e0leg","item":"https:\/\/librosdelzorrorojo.com\/ca\/cataleg\/"},{"@type":"ListItem","position":3,"name":"Las flores del mal"}]},{"@type":"WebSite","@id":"https:\/\/librosdelzorrorojo.com\/#website","url":"https:\/\/librosdelzorrorojo.com\/","name":"Libros del Zorro Rojo","description":"Libros ilustrados","potentialAction":[{"@type":"SearchAction","target":{"@type":"EntryPoint","urlTemplate":"https:\/\/librosdelzorrorojo.com\/?s={search_term_string}"},"query-input":{"@type":"PropertyValueSpecification","valueRequired":true,"valueName":"search_term_string"}}],"inLanguage":"ca"}]}},"_links":{"self":[{"href":"https:\/\/librosdelzorrorojo.com\/ca\/wp-json\/wp\/v2\/product\/12227","targetHints":{"allow":["GET"]}}],"collection":[{"href":"https:\/\/librosdelzorrorojo.com\/ca\/wp-json\/wp\/v2\/product"}],"about":[{"href":"https:\/\/librosdelzorrorojo.com\/ca\/wp-json\/wp\/v2\/types\/product"}],"wp:featuredmedia":[{"embeddable":true,"href":"https:\/\/librosdelzorrorojo.com\/ca\/wp-json\/wp\/v2\/media\/8365"}],"wp:attachment":[{"href":"https:\/\/librosdelzorrorojo.com\/ca\/wp-json\/wp\/v2\/media?parent=12227"}],"wp:term":[{"taxonomy":"product_brand","embeddable":true,"href":"https:\/\/librosdelzorrorojo.com\/ca\/wp-json\/wp\/v2\/product_brand?post=12227"},{"taxonomy":"product_cat","embeddable":true,"href":"https:\/\/librosdelzorrorojo.com\/ca\/wp-json\/wp\/v2\/product_cat?post=12227"},{"taxonomy":"product_tag","embeddable":true,"href":"https:\/\/librosdelzorrorojo.com\/ca\/wp-json\/wp\/v2\/product_tag?post=12227"}],"curies":[{"name":"wp","href":"https:\/\/api.w.org\/{rel}","templated":true}]}}