{"id":12207,"date":"2013-11-06T12:00:43","date_gmt":"2013-11-06T11:00:43","guid":{"rendered":"https:\/\/librosdelzorrorojo.com\/catalogo\/sueno\/"},"modified":"2026-04-02T13:36:11","modified_gmt":"2026-04-02T11:36:11","slug":"sueno","status":"publish","type":"product","link":"https:\/\/librosdelzorrorojo.com\/ca\/cataleg\/sueno\/","title":{"rendered":"Sue\u00f1o"},"content":{"rendered":"<p dir=\"ltr\"><span style=\"font-weight: 400;\">La protagonista de esta historia cuenta en primera persona que lleva diecisiete d\u00edas y diecisiete noches sin dormir. Ni siquiera siente sopor. Su mente se mantiene muy clara, incluso m\u00e1s despejada que de costumbre. Tiene apetito, su cuerpo funciona bien y no nota ning\u00fan cansancio.<\/span><\/p>\n<p dir=\"ltr\"><span style=\"font-weight: 400;\">Pero ni su marido ni su hijo se dan cuenta de lo que pasa y ella no les cuenta nada para que no la obliguen a ir a un hospital. Durante el d\u00eda finge normalidad, y dedica las noches, mientras ellos duermen pl\u00e1cidamente, a leer con voracidad o a dar vueltas con el coche por la ciudad sin rumbo fijo. No encuentra sentido a lo que le pasa, ni explicaci\u00f3n a las sombras que en alg\u00fan momento empiezan a rodearla.<\/span><\/p>\n<p><span>Mira el\u00a0<\/span><a href=\"https:\/\/www.youtube.com\/watch?v=TUbbK0sFCTs&amp;t=2s\"><span style=\"color: #ff0000;\">booktrailer<\/span><\/a><\/p>\n<p>&nbsp;<\/p>\n","protected":false},"excerpt":{"rendered":"La protagonista de esta historia cuenta en primera persona que lleva diecisiete d\u00edas y diecisiete noches sin dormir. Ni siquiera siente sopor. Su mente se mantiene muy clara, incluso m\u00e1s despejada que de costumbre. Tiene apetito, su cuerpo funciona bien y no nota ning\u00fan cansancio.","protected":false},"featured_media":8347,"template":"","meta":{"_acf_changed":false},"product_brand":[],"product_cat":[844,3156],"product_tag":[],"class_list":{"0":"post-12207","1":"product","2":"type-product","3":"status-publish","4":"has-post-thumbnail","6":"product_cat-castella","7":"product_cat-juvenil-adult","9":"first","10":"outofstock","11":"taxable","12":"shipping-taxable","13":"purchasable","14":"product-type-simple"},"acf":[],"yoast_head":"<!-- This site is optimized with the Yoast SEO plugin v25.1 - https:\/\/yoast.com\/wordpress\/plugins\/seo\/ -->\n<title>Sue\u00f1o<\/title>\n<meta name=\"description\" content=\"La protagonista de esta historia cuenta en primera persona que lleva diecisiete d\u00edas y diecisiete noches sin dormir. Ni siquiera siente sopor.\" \/>\n<meta name=\"robots\" content=\"index, follow, max-snippet:-1, max-image-preview:large, max-video-preview:-1\" \/>\n<link rel=\"canonical\" href=\"https:\/\/librosdelzorrorojo.com\/ca\/cataleg\/sueno\/\" \/>\n<meta property=\"og:locale\" content=\"ca_ES\" \/>\n<meta property=\"og:type\" content=\"article\" \/>\n<meta property=\"og:title\" content=\"Sue\u00f1o\" \/>\n<meta property=\"og:description\" content=\"La protagonista de esta historia cuenta en primera persona que lleva diecisiete d\u00edas y diecisiete noches sin dormir. Ni siquiera siente sopor.\" \/>\n<meta property=\"og:url\" content=\"https:\/\/librosdelzorrorojo.com\/ca\/cataleg\/sueno\/\" \/>\n<meta property=\"og:site_name\" content=\"Libros del Zorro Rojo\" \/>\n<meta property=\"article:modified_time\" content=\"2026-04-02T11:36:11+00:00\" \/>\n<meta property=\"og:image\" content=\"https:\/\/librosdelzorrorojo.com\/wp-content\/uploads\/2013\/11\/Cover_Suen\u0303o.jpg\" \/>\n\t<meta property=\"og:image:width\" content=\"1020\" \/>\n\t<meta property=\"og:image:height\" content=\"1488\" \/>\n\t<meta property=\"og:image:type\" content=\"image\/jpeg\" \/>\n<meta name=\"twitter:card\" content=\"summary_large_image\" \/>\n<meta name=\"twitter:label1\" content=\"Temps estimat de lectura\" \/>\n\t<meta name=\"twitter:data1\" content=\"1 minut\" \/>\n<script type=\"application\/ld+json\" class=\"yoast-schema-graph\">{\"@context\":\"https:\/\/schema.org\",\"@graph\":[{\"@type\":\"WebPage\",\"@id\":\"https:\/\/librosdelzorrorojo.com\/ca\/cataleg\/sueno\/\",\"url\":\"https:\/\/librosdelzorrorojo.com\/ca\/cataleg\/sueno\/\",\"name\":\"Sue\u00f1o\",\"isPartOf\":{\"@id\":\"https:\/\/librosdelzorrorojo.com\/#website\"},\"primaryImageOfPage\":{\"@id\":\"https:\/\/librosdelzorrorojo.com\/ca\/cataleg\/sueno\/#primaryimage\"},\"image\":{\"@id\":\"https:\/\/librosdelzorrorojo.com\/ca\/cataleg\/sueno\/#primaryimage\"},\"thumbnailUrl\":\"https:\/\/librosdelzorrorojo.com\/wp-content\/uploads\/2013\/11\/Cover_Suen\u0303o.jpg\",\"datePublished\":\"2013-11-06T11:00:43+00:00\",\"dateModified\":\"2026-04-02T11:36:11+00:00\",\"description\":\"La protagonista de esta historia cuenta en primera persona que lleva diecisiete d\u00edas y diecisiete noches sin dormir. Ni siquiera siente sopor.\",\"breadcrumb\":{\"@id\":\"https:\/\/librosdelzorrorojo.com\/ca\/cataleg\/sueno\/#breadcrumb\"},\"inLanguage\":\"ca\",\"potentialAction\":[{\"@type\":\"ReadAction\",\"target\":[\"https:\/\/librosdelzorrorojo.com\/ca\/cataleg\/sueno\/\"]}]},{\"@type\":\"ImageObject\",\"inLanguage\":\"ca\",\"@id\":\"https:\/\/librosdelzorrorojo.com\/ca\/cataleg\/sueno\/#primaryimage\",\"url\":\"https:\/\/librosdelzorrorojo.com\/wp-content\/uploads\/2013\/11\/Cover_Suen\u0303o.jpg\",\"contentUrl\":\"https:\/\/librosdelzorrorojo.com\/wp-content\/uploads\/2013\/11\/Cover_Suen\u0303o.jpg\",\"width\":1020,\"height\":1488,\"caption\":\"Cover Suen\u0303o\"},{\"@type\":\"BreadcrumbList\",\"@id\":\"https:\/\/librosdelzorrorojo.com\/ca\/cataleg\/sueno\/#breadcrumb\",\"itemListElement\":[{\"@type\":\"ListItem\",\"position\":1,\"name\":\"Portada\",\"item\":\"https:\/\/librosdelzorrorojo.com\/ca\/\"},{\"@type\":\"ListItem\",\"position\":2,\"name\":\"Cat\u00e0leg\",\"item\":\"https:\/\/librosdelzorrorojo.com\/ca\/cataleg\/\"},{\"@type\":\"ListItem\",\"position\":3,\"name\":\"Sue\u00f1o\"}]},{\"@type\":\"WebSite\",\"@id\":\"https:\/\/librosdelzorrorojo.com\/#website\",\"url\":\"https:\/\/librosdelzorrorojo.com\/\",\"name\":\"Libros del Zorro Rojo\",\"description\":\"Libros ilustrados\",\"potentialAction\":[{\"@type\":\"SearchAction\",\"target\":{\"@type\":\"EntryPoint\",\"urlTemplate\":\"https:\/\/librosdelzorrorojo.com\/?s={search_term_string}\"},\"query-input\":{\"@type\":\"PropertyValueSpecification\",\"valueRequired\":true,\"valueName\":\"search_term_string\"}}],\"inLanguage\":\"ca\"}]}<\/script>\n<!-- \/ Yoast SEO plugin. -->","yoast_head_json":{"title":"Sue\u00f1o","description":"La protagonista de esta historia cuenta en primera persona que lleva diecisiete d\u00edas y diecisiete noches sin dormir. Ni siquiera siente sopor.","robots":{"index":"index","follow":"follow","max-snippet":"max-snippet:-1","max-image-preview":"max-image-preview:large","max-video-preview":"max-video-preview:-1"},"canonical":"https:\/\/librosdelzorrorojo.com\/ca\/cataleg\/sueno\/","og_locale":"ca_ES","og_type":"article","og_title":"Sue\u00f1o","og_description":"La protagonista de esta historia cuenta en primera persona que lleva diecisiete d\u00edas y diecisiete noches sin dormir. Ni siquiera siente sopor.","og_url":"https:\/\/librosdelzorrorojo.com\/ca\/cataleg\/sueno\/","og_site_name":"Libros del Zorro Rojo","article_modified_time":"2026-04-02T11:36:11+00:00","og_image":[{"width":1020,"height":1488,"url":"https:\/\/librosdelzorrorojo.com\/wp-content\/uploads\/2013\/11\/Cover_Suen\u0303o.jpg","type":"image\/jpeg"}],"twitter_card":"summary_large_image","twitter_misc":{"Temps estimat de lectura":"1 minut"},"schema":{"@context":"https:\/\/schema.org","@graph":[{"@type":"WebPage","@id":"https:\/\/librosdelzorrorojo.com\/ca\/cataleg\/sueno\/","url":"https:\/\/librosdelzorrorojo.com\/ca\/cataleg\/sueno\/","name":"Sue\u00f1o","isPartOf":{"@id":"https:\/\/librosdelzorrorojo.com\/#website"},"primaryImageOfPage":{"@id":"https:\/\/librosdelzorrorojo.com\/ca\/cataleg\/sueno\/#primaryimage"},"image":{"@id":"https:\/\/librosdelzorrorojo.com\/ca\/cataleg\/sueno\/#primaryimage"},"thumbnailUrl":"https:\/\/librosdelzorrorojo.com\/wp-content\/uploads\/2013\/11\/Cover_Suen\u0303o.jpg","datePublished":"2013-11-06T11:00:43+00:00","dateModified":"2026-04-02T11:36:11+00:00","description":"La protagonista de esta historia cuenta en primera persona que lleva diecisiete d\u00edas y diecisiete noches sin dormir. Ni siquiera siente sopor.","breadcrumb":{"@id":"https:\/\/librosdelzorrorojo.com\/ca\/cataleg\/sueno\/#breadcrumb"},"inLanguage":"ca","potentialAction":[{"@type":"ReadAction","target":["https:\/\/librosdelzorrorojo.com\/ca\/cataleg\/sueno\/"]}]},{"@type":"ImageObject","inLanguage":"ca","@id":"https:\/\/librosdelzorrorojo.com\/ca\/cataleg\/sueno\/#primaryimage","url":"https:\/\/librosdelzorrorojo.com\/wp-content\/uploads\/2013\/11\/Cover_Suen\u0303o.jpg","contentUrl":"https:\/\/librosdelzorrorojo.com\/wp-content\/uploads\/2013\/11\/Cover_Suen\u0303o.jpg","width":1020,"height":1488,"caption":"Cover Suen\u0303o"},{"@type":"BreadcrumbList","@id":"https:\/\/librosdelzorrorojo.com\/ca\/cataleg\/sueno\/#breadcrumb","itemListElement":[{"@type":"ListItem","position":1,"name":"Portada","item":"https:\/\/librosdelzorrorojo.com\/ca\/"},{"@type":"ListItem","position":2,"name":"Cat\u00e0leg","item":"https:\/\/librosdelzorrorojo.com\/ca\/cataleg\/"},{"@type":"ListItem","position":3,"name":"Sue\u00f1o"}]},{"@type":"WebSite","@id":"https:\/\/librosdelzorrorojo.com\/#website","url":"https:\/\/librosdelzorrorojo.com\/","name":"Libros del Zorro Rojo","description":"Libros ilustrados","potentialAction":[{"@type":"SearchAction","target":{"@type":"EntryPoint","urlTemplate":"https:\/\/librosdelzorrorojo.com\/?s={search_term_string}"},"query-input":{"@type":"PropertyValueSpecification","valueRequired":true,"valueName":"search_term_string"}}],"inLanguage":"ca"}]}},"_links":{"self":[{"href":"https:\/\/librosdelzorrorojo.com\/ca\/wp-json\/wp\/v2\/product\/12207","targetHints":{"allow":["GET"]}}],"collection":[{"href":"https:\/\/librosdelzorrorojo.com\/ca\/wp-json\/wp\/v2\/product"}],"about":[{"href":"https:\/\/librosdelzorrorojo.com\/ca\/wp-json\/wp\/v2\/types\/product"}],"wp:featuredmedia":[{"embeddable":true,"href":"https:\/\/librosdelzorrorojo.com\/ca\/wp-json\/wp\/v2\/media\/8347"}],"wp:attachment":[{"href":"https:\/\/librosdelzorrorojo.com\/ca\/wp-json\/wp\/v2\/media?parent=12207"}],"wp:term":[{"taxonomy":"product_brand","embeddable":true,"href":"https:\/\/librosdelzorrorojo.com\/ca\/wp-json\/wp\/v2\/product_brand?post=12207"},{"taxonomy":"product_cat","embeddable":true,"href":"https:\/\/librosdelzorrorojo.com\/ca\/wp-json\/wp\/v2\/product_cat?post=12207"},{"taxonomy":"product_tag","embeddable":true,"href":"https:\/\/librosdelzorrorojo.com\/ca\/wp-json\/wp\/v2\/product_tag?post=12207"}],"curies":[{"name":"wp","href":"https:\/\/api.w.org\/{rel}","templated":true}]}}