{"id":12203,"date":"2022-03-02T12:00:29","date_gmt":"2014-02-02T11:00:29","guid":{"rendered":"https:\/\/librosdelzorrorojo.com\/catalogo\/la-condesa-sangrienta-2\/"},"modified":"2024-02-29T11:43:22","modified_gmt":"2024-02-29T10:43:22","slug":"la-condesa-sangrienta-2","status":"publish","type":"product","link":"https:\/\/librosdelzorrorojo.com\/ca\/cataleg\/la-condesa-sangrienta-2\/","title":{"rendered":"La condesa sangrienta"},"content":{"rendered":"<p>Acusada del asesinato de seiscientas cincuenta j\u00f3venes, Erzseb\u00e9t Bathory es una de las criminales m\u00e1s siniestras de la historia. En su castillo de los C\u00e1rpatos, a finales de siglo XVII, la condesa se cierne sobre sus v\u00edctimas para desangrarlas y conservar su juventud. Su leyenda maldita y fascinante pervive en el tiempo.<\/p>\n<p dir=\"ltr\"><i>La condesa sangrienta<\/i> es una de las composiciones clave de Alejandra Pizarnik, sus p\u00e1ginas construyen un retrato perturbador del sadismo y la locura, que las estampas del artista Santiago Caruso recrean con admirable maestr\u00eda.<\/p>\n<p dir=\"ltr\">&#8211;<\/p>\n<p dir=\"ltr\">Lee las primeras p\u00e1ginas <span style=\"color: #ff0000;\"><a href=\"https:\/\/drive.google.com\/open?id=16ppOD2UfwwtIQK9dfd3q1T73nmWexsJo\" style=\"color: #ff0000;\">aqu\u00ed.<\/a><\/span><\/p>\n","protected":false},"excerpt":{"rendered":"Acusada del asesinato de seiscientas cincuenta j\u00f3venes, Erzseb\u00e9t Bathory es una de las criminales m\u00e1s siniestras de la Historia. En su castillo de los C\u00e1rpatos, a finales de siglo xvii, la condesa se cierne sobre sus v\u00edctimas para desangrarlas y conservar su juventud. Su leyenda maldita y fascinante pervive en el tiempo.\r\n\r\n&nbsp;","protected":false},"featured_media":12204,"template":"","meta":{"_acf_changed":false},"product_brand":[],"product_cat":[844,3156,846],"product_tag":[],"class_list":{"0":"post-12203","1":"product","2":"type-product","3":"status-publish","4":"has-post-thumbnail","6":"product_cat-castella","7":"product_cat-juvenil-adult","8":"product_cat-novedades-ca","10":"first","11":"outofstock","12":"taxable","13":"shipping-taxable","14":"purchasable","15":"product-type-variable"},"acf":[],"yoast_head":"<!-- This site is optimized with the Yoast SEO plugin v25.1 - https:\/\/yoast.com\/wordpress\/plugins\/seo\/ -->\n<title>La condesa sangrienta, pocket<\/title>\n<meta name=\"description\" content=\"Acusada del asesinato de seiscientas cincuenta j\u00f3venes, Erzseb\u00e9t Bathory es una de las criminales m\u00e1s siniestras de la historia.\" \/>\n<meta name=\"robots\" content=\"index, follow, max-snippet:-1, max-image-preview:large, max-video-preview:-1\" \/>\n<link rel=\"canonical\" href=\"https:\/\/librosdelzorrorojo.com\/ca\/cataleg\/la-condesa-sangrienta-2\/\" \/>\n<meta property=\"og:locale\" content=\"ca_ES\" \/>\n<meta property=\"og:type\" content=\"article\" \/>\n<meta property=\"og:title\" content=\"La condesa sangrienta, pocket\" \/>\n<meta property=\"og:description\" content=\"Acusada del asesinato de seiscientas cincuenta j\u00f3venes, Erzseb\u00e9t Bathory es una de las criminales m\u00e1s siniestras de la historia.\" \/>\n<meta property=\"og:url\" content=\"https:\/\/librosdelzorrorojo.com\/ca\/cataleg\/la-condesa-sangrienta-2\/\" \/>\n<meta property=\"og:site_name\" content=\"Libros del Zorro Rojo\" \/>\n<meta property=\"article:modified_time\" content=\"2024-02-29T10:43:22+00:00\" \/>\n<meta property=\"og:image\" content=\"https:\/\/librosdelzorrorojo.com\/wp-content\/uploads\/2009\/03\/LaCondesaSangrienta_1200x1200-768x768.png\" \/>\n\t<meta property=\"og:image:width\" content=\"768\" \/>\n\t<meta property=\"og:image:height\" content=\"768\" \/>\n\t<meta property=\"og:image:type\" content=\"image\/png\" \/>\n<meta name=\"twitter:card\" content=\"summary_large_image\" \/>\n<meta name=\"twitter:label1\" content=\"Temps estimat de lectura\" \/>\n\t<meta name=\"twitter:data1\" content=\"1 minut\" \/>\n<script type=\"application\/ld+json\" class=\"yoast-schema-graph\">{\"@context\":\"https:\/\/schema.org\",\"@graph\":[{\"@type\":\"WebPage\",\"@id\":\"https:\/\/librosdelzorrorojo.com\/ca\/cataleg\/la-condesa-sangrienta-2\/\",\"url\":\"https:\/\/librosdelzorrorojo.com\/ca\/cataleg\/la-condesa-sangrienta-2\/\",\"name\":\"La condesa sangrienta, pocket\",\"isPartOf\":{\"@id\":\"https:\/\/librosdelzorrorojo.com\/#website\"},\"primaryImageOfPage\":{\"@id\":\"https:\/\/librosdelzorrorojo.com\/ca\/cataleg\/la-condesa-sangrienta-2\/#primaryimage\"},\"image\":{\"@id\":\"https:\/\/librosdelzorrorojo.com\/ca\/cataleg\/la-condesa-sangrienta-2\/#primaryimage\"},\"thumbnailUrl\":\"https:\/\/librosdelzorrorojo.com\/wp-content\/uploads\/2014\/02\/Cover-Condesa-e1525447032136.jpg\",\"datePublished\":\"2014-02-02T11:00:29+00:00\",\"dateModified\":\"2024-02-29T10:43:22+00:00\",\"description\":\"Acusada del asesinato de seiscientas cincuenta j\u00f3venes, Erzseb\u00e9t Bathory es una de las criminales m\u00e1s siniestras de la historia.\",\"breadcrumb\":{\"@id\":\"https:\/\/librosdelzorrorojo.com\/ca\/cataleg\/la-condesa-sangrienta-2\/#breadcrumb\"},\"inLanguage\":\"ca\",\"potentialAction\":[{\"@type\":\"ReadAction\",\"target\":[\"https:\/\/librosdelzorrorojo.com\/ca\/cataleg\/la-condesa-sangrienta-2\/\"]}]},{\"@type\":\"ImageObject\",\"inLanguage\":\"ca\",\"@id\":\"https:\/\/librosdelzorrorojo.com\/ca\/cataleg\/la-condesa-sangrienta-2\/#primaryimage\",\"url\":\"https:\/\/librosdelzorrorojo.com\/wp-content\/uploads\/2014\/02\/Cover-Condesa-e1525447032136.jpg\",\"contentUrl\":\"https:\/\/librosdelzorrorojo.com\/wp-content\/uploads\/2014\/02\/Cover-Condesa-e1525447032136.jpg\",\"width\":850,\"height\":1210,\"caption\":\"Cover Condesa e1525447032136\"},{\"@type\":\"BreadcrumbList\",\"@id\":\"https:\/\/librosdelzorrorojo.com\/ca\/cataleg\/la-condesa-sangrienta-2\/#breadcrumb\",\"itemListElement\":[{\"@type\":\"ListItem\",\"position\":1,\"name\":\"Portada\",\"item\":\"https:\/\/librosdelzorrorojo.com\/ca\/\"},{\"@type\":\"ListItem\",\"position\":2,\"name\":\"Cat\u00e0leg\",\"item\":\"https:\/\/librosdelzorrorojo.com\/ca\/cataleg\/\"},{\"@type\":\"ListItem\",\"position\":3,\"name\":\"La condesa sangrienta\"}]},{\"@type\":\"WebSite\",\"@id\":\"https:\/\/librosdelzorrorojo.com\/#website\",\"url\":\"https:\/\/librosdelzorrorojo.com\/\",\"name\":\"Libros del Zorro Rojo\",\"description\":\"Libros ilustrados\",\"potentialAction\":[{\"@type\":\"SearchAction\",\"target\":{\"@type\":\"EntryPoint\",\"urlTemplate\":\"https:\/\/librosdelzorrorojo.com\/?s={search_term_string}\"},\"query-input\":{\"@type\":\"PropertyValueSpecification\",\"valueRequired\":true,\"valueName\":\"search_term_string\"}}],\"inLanguage\":\"ca\"}]}<\/script>\n<!-- \/ Yoast SEO plugin. -->","yoast_head_json":{"title":"La condesa sangrienta, pocket","description":"Acusada del asesinato de seiscientas cincuenta j\u00f3venes, Erzseb\u00e9t Bathory es una de las criminales m\u00e1s siniestras de la historia.","robots":{"index":"index","follow":"follow","max-snippet":"max-snippet:-1","max-image-preview":"max-image-preview:large","max-video-preview":"max-video-preview:-1"},"canonical":"https:\/\/librosdelzorrorojo.com\/ca\/cataleg\/la-condesa-sangrienta-2\/","og_locale":"ca_ES","og_type":"article","og_title":"La condesa sangrienta, pocket","og_description":"Acusada del asesinato de seiscientas cincuenta j\u00f3venes, Erzseb\u00e9t Bathory es una de las criminales m\u00e1s siniestras de la historia.","og_url":"https:\/\/librosdelzorrorojo.com\/ca\/cataleg\/la-condesa-sangrienta-2\/","og_site_name":"Libros del Zorro Rojo","article_modified_time":"2024-02-29T10:43:22+00:00","og_image":[{"width":768,"height":768,"url":"https:\/\/librosdelzorrorojo.com\/wp-content\/uploads\/2009\/03\/LaCondesaSangrienta_1200x1200-768x768.png","type":"image\/png"}],"twitter_card":"summary_large_image","twitter_misc":{"Temps estimat de lectura":"1 minut"},"schema":{"@context":"https:\/\/schema.org","@graph":[{"@type":"WebPage","@id":"https:\/\/librosdelzorrorojo.com\/ca\/cataleg\/la-condesa-sangrienta-2\/","url":"https:\/\/librosdelzorrorojo.com\/ca\/cataleg\/la-condesa-sangrienta-2\/","name":"La condesa sangrienta, pocket","isPartOf":{"@id":"https:\/\/librosdelzorrorojo.com\/#website"},"primaryImageOfPage":{"@id":"https:\/\/librosdelzorrorojo.com\/ca\/cataleg\/la-condesa-sangrienta-2\/#primaryimage"},"image":{"@id":"https:\/\/librosdelzorrorojo.com\/ca\/cataleg\/la-condesa-sangrienta-2\/#primaryimage"},"thumbnailUrl":"https:\/\/librosdelzorrorojo.com\/wp-content\/uploads\/2014\/02\/Cover-Condesa-e1525447032136.jpg","datePublished":"2014-02-02T11:00:29+00:00","dateModified":"2024-02-29T10:43:22+00:00","description":"Acusada del asesinato de seiscientas cincuenta j\u00f3venes, Erzseb\u00e9t Bathory es una de las criminales m\u00e1s siniestras de la historia.","breadcrumb":{"@id":"https:\/\/librosdelzorrorojo.com\/ca\/cataleg\/la-condesa-sangrienta-2\/#breadcrumb"},"inLanguage":"ca","potentialAction":[{"@type":"ReadAction","target":["https:\/\/librosdelzorrorojo.com\/ca\/cataleg\/la-condesa-sangrienta-2\/"]}]},{"@type":"ImageObject","inLanguage":"ca","@id":"https:\/\/librosdelzorrorojo.com\/ca\/cataleg\/la-condesa-sangrienta-2\/#primaryimage","url":"https:\/\/librosdelzorrorojo.com\/wp-content\/uploads\/2014\/02\/Cover-Condesa-e1525447032136.jpg","contentUrl":"https:\/\/librosdelzorrorojo.com\/wp-content\/uploads\/2014\/02\/Cover-Condesa-e1525447032136.jpg","width":850,"height":1210,"caption":"Cover Condesa e1525447032136"},{"@type":"BreadcrumbList","@id":"https:\/\/librosdelzorrorojo.com\/ca\/cataleg\/la-condesa-sangrienta-2\/#breadcrumb","itemListElement":[{"@type":"ListItem","position":1,"name":"Portada","item":"https:\/\/librosdelzorrorojo.com\/ca\/"},{"@type":"ListItem","position":2,"name":"Cat\u00e0leg","item":"https:\/\/librosdelzorrorojo.com\/ca\/cataleg\/"},{"@type":"ListItem","position":3,"name":"La condesa sangrienta"}]},{"@type":"WebSite","@id":"https:\/\/librosdelzorrorojo.com\/#website","url":"https:\/\/librosdelzorrorojo.com\/","name":"Libros del Zorro Rojo","description":"Libros ilustrados","potentialAction":[{"@type":"SearchAction","target":{"@type":"EntryPoint","urlTemplate":"https:\/\/librosdelzorrorojo.com\/?s={search_term_string}"},"query-input":{"@type":"PropertyValueSpecification","valueRequired":true,"valueName":"search_term_string"}}],"inLanguage":"ca"}]}},"_links":{"self":[{"href":"https:\/\/librosdelzorrorojo.com\/ca\/wp-json\/wp\/v2\/product\/12203","targetHints":{"allow":["GET"]}}],"collection":[{"href":"https:\/\/librosdelzorrorojo.com\/ca\/wp-json\/wp\/v2\/product"}],"about":[{"href":"https:\/\/librosdelzorrorojo.com\/ca\/wp-json\/wp\/v2\/types\/product"}],"wp:featuredmedia":[{"embeddable":true,"href":"https:\/\/librosdelzorrorojo.com\/ca\/wp-json\/wp\/v2\/media\/12204"}],"wp:attachment":[{"href":"https:\/\/librosdelzorrorojo.com\/ca\/wp-json\/wp\/v2\/media?parent=12203"}],"wp:term":[{"taxonomy":"product_brand","embeddable":true,"href":"https:\/\/librosdelzorrorojo.com\/ca\/wp-json\/wp\/v2\/product_brand?post=12203"},{"taxonomy":"product_cat","embeddable":true,"href":"https:\/\/librosdelzorrorojo.com\/ca\/wp-json\/wp\/v2\/product_cat?post=12203"},{"taxonomy":"product_tag","embeddable":true,"href":"https:\/\/librosdelzorrorojo.com\/ca\/wp-json\/wp\/v2\/product_tag?post=12203"}],"curies":[{"name":"wp","href":"https:\/\/api.w.org\/{rel}","templated":true}]}}