{"id":12202,"date":"2014-02-26T17:05:14","date_gmt":"2014-02-26T16:05:14","guid":{"rendered":"https:\/\/librosdelzorrorojo.com\/catalogo\/una-casa-para-el-abuelo\/"},"modified":"2024-03-01T09:17:15","modified_gmt":"2024-03-01T08:17:15","slug":"una-casa-para-el-abuelo","status":"publish","type":"product","link":"https:\/\/librosdelzorrorojo.com\/ca\/cataleg\/una-casa-para-el-abuelo\/","title":{"rendered":"Una casa para el abuelo"},"content":{"rendered":"<p><span>Una familia sale de paseo en busca de un lugar para enterrar al abuelo. El lugar perfecto est\u00e1 entre los girasoles. All\u00ed le dar\u00e1n sepultura, pero tambi\u00e9n construir\u00e1n una nueva casa donde \u00abtodo\u00bb continuar\u00e1 viviendo. Una historia simb\u00f3lica y sutil sobre los recuerdos y los seres queridos que permanecen en nuestras vidas. Isidro Ferrer utiliza personajes afables para representar el ciclo de la vida, donde el pasado es el motor para el futuro.<\/span><\/p>\n","protected":false},"excerpt":{"rendered":"<span>Una familia sale de paseo en busca de un lugar para enterrar al abuelo. El lugar perfecto est\u00e1 entre los girasoles. All\u00ed le dar\u00e1n sepultura, pero tambi\u00e9n construir\u00e1n una nueva casa donde \u00abtodo\u00bb continuar\u00e1 viviendo. Una historia simb\u00f3lica y sutil sobre los recuerdos y los seres queridos que permanecen en nuestras vidas. Isidro Ferrer utiliza personajes afables para representar el ciclo de la vida, donde el pasado es el motor para el futuro.<\/span>","protected":false},"featured_media":11819,"template":"","meta":{"_acf_changed":false},"product_brand":[],"product_cat":[844,843],"product_tag":[],"class_list":{"0":"post-12202","1":"product","2":"type-product","3":"status-publish","4":"has-post-thumbnail","6":"product_cat-castella","7":"product_cat-infantiles-ca","9":"first","10":"outofstock","11":"taxable","12":"shipping-taxable","13":"purchasable","14":"product-type-simple"},"acf":[],"yoast_head":"<!-- This site is optimized with the Yoast SEO plugin v25.1 - https:\/\/yoast.com\/wordpress\/plugins\/seo\/ -->\n<title>Una casa para el abuelo - Libros del Zorro Rojo<\/title>\n<meta name=\"description\" content=\"Una familia sale de paseo en busca de un lugar para enterrar al abuelo. El lugar perfecto est\u00e1 entre los girasoles. all\u00ed continuar\u00e1 viviendo\" \/>\n<meta name=\"robots\" content=\"index, follow, max-snippet:-1, max-image-preview:large, max-video-preview:-1\" \/>\n<link rel=\"canonical\" href=\"https:\/\/librosdelzorrorojo.com\/ca\/cataleg\/una-casa-para-el-abuelo\/\" \/>\n<meta property=\"og:locale\" content=\"ca_ES\" \/>\n<meta property=\"og:type\" content=\"article\" \/>\n<meta property=\"og:title\" content=\"Una casa para el abuelo - Libros del Zorro Rojo\" \/>\n<meta property=\"og:description\" content=\"Una familia sale de paseo en busca de un lugar para enterrar al abuelo. El lugar perfecto est\u00e1 entre los girasoles. all\u00ed continuar\u00e1 viviendo\" \/>\n<meta property=\"og:url\" content=\"https:\/\/librosdelzorrorojo.com\/ca\/cataleg\/una-casa-para-el-abuelo\/\" \/>\n<meta property=\"og:site_name\" content=\"Libros del Zorro Rojo\" \/>\n<meta property=\"article:modified_time\" content=\"2024-03-01T08:17:15+00:00\" \/>\n<meta property=\"og:image\" content=\"https:\/\/librosdelzorrorojo.com\/wp-content\/uploads\/2014\/02\/Una-casa-para-el-abuelo_cover.png\" \/>\n\t<meta property=\"og:image:width\" content=\"850\" \/>\n\t<meta property=\"og:image:height\" content=\"921\" \/>\n\t<meta property=\"og:image:type\" content=\"image\/png\" \/>\n<meta name=\"twitter:card\" content=\"summary_large_image\" \/>\n<script type=\"application\/ld+json\" class=\"yoast-schema-graph\">{\"@context\":\"https:\/\/schema.org\",\"@graph\":[{\"@type\":\"WebPage\",\"@id\":\"https:\/\/librosdelzorrorojo.com\/ca\/cataleg\/una-casa-para-el-abuelo\/\",\"url\":\"https:\/\/librosdelzorrorojo.com\/ca\/cataleg\/una-casa-para-el-abuelo\/\",\"name\":\"Una casa para el abuelo - Libros del Zorro Rojo\",\"isPartOf\":{\"@id\":\"https:\/\/librosdelzorrorojo.com\/#website\"},\"primaryImageOfPage\":{\"@id\":\"https:\/\/librosdelzorrorojo.com\/ca\/cataleg\/una-casa-para-el-abuelo\/#primaryimage\"},\"image\":{\"@id\":\"https:\/\/librosdelzorrorojo.com\/ca\/cataleg\/una-casa-para-el-abuelo\/#primaryimage\"},\"thumbnailUrl\":\"https:\/\/librosdelzorrorojo.com\/wp-content\/uploads\/2014\/02\/Una-casa-para-el-abuelo_cover.png\",\"datePublished\":\"2014-02-26T16:05:14+00:00\",\"dateModified\":\"2024-03-01T08:17:15+00:00\",\"description\":\"Una familia sale de paseo en busca de un lugar para enterrar al abuelo. El lugar perfecto est\u00e1 entre los girasoles. all\u00ed continuar\u00e1 viviendo\",\"breadcrumb\":{\"@id\":\"https:\/\/librosdelzorrorojo.com\/ca\/cataleg\/una-casa-para-el-abuelo\/#breadcrumb\"},\"inLanguage\":\"ca\",\"potentialAction\":[{\"@type\":\"ReadAction\",\"target\":[\"https:\/\/librosdelzorrorojo.com\/ca\/cataleg\/una-casa-para-el-abuelo\/\"]}]},{\"@type\":\"ImageObject\",\"inLanguage\":\"ca\",\"@id\":\"https:\/\/librosdelzorrorojo.com\/ca\/cataleg\/una-casa-para-el-abuelo\/#primaryimage\",\"url\":\"https:\/\/librosdelzorrorojo.com\/wp-content\/uploads\/2014\/02\/Una-casa-para-el-abuelo_cover.png\",\"contentUrl\":\"https:\/\/librosdelzorrorojo.com\/wp-content\/uploads\/2014\/02\/Una-casa-para-el-abuelo_cover.png\",\"width\":850,\"height\":921,\"caption\":\"Una casa para el abuelo cover\"},{\"@type\":\"BreadcrumbList\",\"@id\":\"https:\/\/librosdelzorrorojo.com\/ca\/cataleg\/una-casa-para-el-abuelo\/#breadcrumb\",\"itemListElement\":[{\"@type\":\"ListItem\",\"position\":1,\"name\":\"Portada\",\"item\":\"https:\/\/librosdelzorrorojo.com\/ca\/\"},{\"@type\":\"ListItem\",\"position\":2,\"name\":\"Cat\u00e0leg\",\"item\":\"https:\/\/librosdelzorrorojo.com\/ca\/cataleg\/\"},{\"@type\":\"ListItem\",\"position\":3,\"name\":\"Una casa para el abuelo\"}]},{\"@type\":\"WebSite\",\"@id\":\"https:\/\/librosdelzorrorojo.com\/#website\",\"url\":\"https:\/\/librosdelzorrorojo.com\/\",\"name\":\"Libros del Zorro Rojo\",\"description\":\"Libros ilustrados\",\"potentialAction\":[{\"@type\":\"SearchAction\",\"target\":{\"@type\":\"EntryPoint\",\"urlTemplate\":\"https:\/\/librosdelzorrorojo.com\/?s={search_term_string}\"},\"query-input\":{\"@type\":\"PropertyValueSpecification\",\"valueRequired\":true,\"valueName\":\"search_term_string\"}}],\"inLanguage\":\"ca\"}]}<\/script>\n<!-- \/ Yoast SEO plugin. -->","yoast_head_json":{"title":"Una casa para el abuelo - Libros del Zorro Rojo","description":"Una familia sale de paseo en busca de un lugar para enterrar al abuelo. El lugar perfecto est\u00e1 entre los girasoles. all\u00ed continuar\u00e1 viviendo","robots":{"index":"index","follow":"follow","max-snippet":"max-snippet:-1","max-image-preview":"max-image-preview:large","max-video-preview":"max-video-preview:-1"},"canonical":"https:\/\/librosdelzorrorojo.com\/ca\/cataleg\/una-casa-para-el-abuelo\/","og_locale":"ca_ES","og_type":"article","og_title":"Una casa para el abuelo - Libros del Zorro Rojo","og_description":"Una familia sale de paseo en busca de un lugar para enterrar al abuelo. El lugar perfecto est\u00e1 entre los girasoles. all\u00ed continuar\u00e1 viviendo","og_url":"https:\/\/librosdelzorrorojo.com\/ca\/cataleg\/una-casa-para-el-abuelo\/","og_site_name":"Libros del Zorro Rojo","article_modified_time":"2024-03-01T08:17:15+00:00","og_image":[{"width":850,"height":921,"url":"https:\/\/librosdelzorrorojo.com\/wp-content\/uploads\/2014\/02\/Una-casa-para-el-abuelo_cover.png","type":"image\/png"}],"twitter_card":"summary_large_image","schema":{"@context":"https:\/\/schema.org","@graph":[{"@type":"WebPage","@id":"https:\/\/librosdelzorrorojo.com\/ca\/cataleg\/una-casa-para-el-abuelo\/","url":"https:\/\/librosdelzorrorojo.com\/ca\/cataleg\/una-casa-para-el-abuelo\/","name":"Una casa para el abuelo - Libros del Zorro Rojo","isPartOf":{"@id":"https:\/\/librosdelzorrorojo.com\/#website"},"primaryImageOfPage":{"@id":"https:\/\/librosdelzorrorojo.com\/ca\/cataleg\/una-casa-para-el-abuelo\/#primaryimage"},"image":{"@id":"https:\/\/librosdelzorrorojo.com\/ca\/cataleg\/una-casa-para-el-abuelo\/#primaryimage"},"thumbnailUrl":"https:\/\/librosdelzorrorojo.com\/wp-content\/uploads\/2014\/02\/Una-casa-para-el-abuelo_cover.png","datePublished":"2014-02-26T16:05:14+00:00","dateModified":"2024-03-01T08:17:15+00:00","description":"Una familia sale de paseo en busca de un lugar para enterrar al abuelo. El lugar perfecto est\u00e1 entre los girasoles. all\u00ed continuar\u00e1 viviendo","breadcrumb":{"@id":"https:\/\/librosdelzorrorojo.com\/ca\/cataleg\/una-casa-para-el-abuelo\/#breadcrumb"},"inLanguage":"ca","potentialAction":[{"@type":"ReadAction","target":["https:\/\/librosdelzorrorojo.com\/ca\/cataleg\/una-casa-para-el-abuelo\/"]}]},{"@type":"ImageObject","inLanguage":"ca","@id":"https:\/\/librosdelzorrorojo.com\/ca\/cataleg\/una-casa-para-el-abuelo\/#primaryimage","url":"https:\/\/librosdelzorrorojo.com\/wp-content\/uploads\/2014\/02\/Una-casa-para-el-abuelo_cover.png","contentUrl":"https:\/\/librosdelzorrorojo.com\/wp-content\/uploads\/2014\/02\/Una-casa-para-el-abuelo_cover.png","width":850,"height":921,"caption":"Una casa para el abuelo cover"},{"@type":"BreadcrumbList","@id":"https:\/\/librosdelzorrorojo.com\/ca\/cataleg\/una-casa-para-el-abuelo\/#breadcrumb","itemListElement":[{"@type":"ListItem","position":1,"name":"Portada","item":"https:\/\/librosdelzorrorojo.com\/ca\/"},{"@type":"ListItem","position":2,"name":"Cat\u00e0leg","item":"https:\/\/librosdelzorrorojo.com\/ca\/cataleg\/"},{"@type":"ListItem","position":3,"name":"Una casa para el abuelo"}]},{"@type":"WebSite","@id":"https:\/\/librosdelzorrorojo.com\/#website","url":"https:\/\/librosdelzorrorojo.com\/","name":"Libros del Zorro Rojo","description":"Libros ilustrados","potentialAction":[{"@type":"SearchAction","target":{"@type":"EntryPoint","urlTemplate":"https:\/\/librosdelzorrorojo.com\/?s={search_term_string}"},"query-input":{"@type":"PropertyValueSpecification","valueRequired":true,"valueName":"search_term_string"}}],"inLanguage":"ca"}]}},"_links":{"self":[{"href":"https:\/\/librosdelzorrorojo.com\/ca\/wp-json\/wp\/v2\/product\/12202","targetHints":{"allow":["GET"]}}],"collection":[{"href":"https:\/\/librosdelzorrorojo.com\/ca\/wp-json\/wp\/v2\/product"}],"about":[{"href":"https:\/\/librosdelzorrorojo.com\/ca\/wp-json\/wp\/v2\/types\/product"}],"wp:featuredmedia":[{"embeddable":true,"href":"https:\/\/librosdelzorrorojo.com\/ca\/wp-json\/wp\/v2\/media\/11819"}],"wp:attachment":[{"href":"https:\/\/librosdelzorrorojo.com\/ca\/wp-json\/wp\/v2\/media?parent=12202"}],"wp:term":[{"taxonomy":"product_brand","embeddable":true,"href":"https:\/\/librosdelzorrorojo.com\/ca\/wp-json\/wp\/v2\/product_brand?post=12202"},{"taxonomy":"product_cat","embeddable":true,"href":"https:\/\/librosdelzorrorojo.com\/ca\/wp-json\/wp\/v2\/product_cat?post=12202"},{"taxonomy":"product_tag","embeddable":true,"href":"https:\/\/librosdelzorrorojo.com\/ca\/wp-json\/wp\/v2\/product_tag?post=12202"}],"curies":[{"name":"wp","href":"https:\/\/api.w.org\/{rel}","templated":true}]}}