{"id":12201,"date":"2014-03-01T16:40:42","date_gmt":"2014-03-01T15:40:42","guid":{"rendered":"https:\/\/librosdelzorrorojo.com\/catalogo\/dos-ojos\/"},"modified":"2024-03-01T09:18:08","modified_gmt":"2024-03-01T08:18:08","slug":"dos-ojos","status":"publish","type":"product","link":"https:\/\/librosdelzorrorojo.com\/ca\/cataleg\/dos-ojos\/","title":{"rendered":"\u00bfDos ojos?"},"content":{"rendered":"<p><span><em>\u00bfDos ojos?<\/em> es un \u00e1lbum que, con maestr\u00eda, propone un juego de formas y colores para contar una sencilla y atractiva historia a los m\u00e1s peque\u00f1os. Un libro troquelado en el que, como por arte de magia, las figuras geom\u00e9tricas primarias se convierten en im\u00e1genes que recrean un po\u00e9tico paseo visual.\u00a0<\/span><\/p>\n","protected":false},"excerpt":{"rendered":"<span><em>\u00bfDos ojos?<\/em> es un \u00e1lbum que, con maestr\u00eda, propone un juego de formas y colores para contar una sencilla y atractiva historia a los m\u00e1s peque\u00f1os. Un libro troquelado en el que, como por arte de magia, las figuras geom\u00e9tricas primarias se convierten en im\u00e1genes que recrean un po\u00e9tico paseo visual.\u00a0<\/span>","protected":false},"featured_media":11825,"template":"","meta":{"_acf_changed":false},"product_brand":[],"product_cat":[844,843],"product_tag":[],"class_list":{"0":"post-12201","1":"product","2":"type-product","3":"status-publish","4":"has-post-thumbnail","6":"product_cat-castella","7":"product_cat-infantiles-ca","9":"first","10":"outofstock","11":"taxable","12":"shipping-taxable","13":"purchasable","14":"product-type-simple"},"acf":[],"yoast_head":"<!-- This site is optimized with the Yoast SEO plugin v25.1 - https:\/\/yoast.com\/wordpress\/plugins\/seo\/ -->\n<title>\u00bfDos ojos? - Libros del Zorro Rojo<\/title>\n<meta name=\"description\" content=\"\u00e1lbum que, con maestr\u00eda, propone un juego de formas y colores para contar una sencilla y atractiva historia a los m\u00e1s peque\u00f1os.\" \/>\n<meta name=\"robots\" content=\"index, follow, max-snippet:-1, max-image-preview:large, max-video-preview:-1\" \/>\n<link rel=\"canonical\" href=\"https:\/\/librosdelzorrorojo.com\/ca\/cataleg\/dos-ojos\/\" \/>\n<meta property=\"og:locale\" content=\"ca_ES\" \/>\n<meta property=\"og:type\" content=\"article\" \/>\n<meta property=\"og:title\" content=\"\u00bfDos ojos? - Libros del Zorro Rojo\" \/>\n<meta property=\"og:description\" content=\"\u00e1lbum que, con maestr\u00eda, propone un juego de formas y colores para contar una sencilla y atractiva historia a los m\u00e1s peque\u00f1os.\" \/>\n<meta property=\"og:url\" content=\"https:\/\/librosdelzorrorojo.com\/ca\/cataleg\/dos-ojos\/\" \/>\n<meta property=\"og:site_name\" content=\"Libros del Zorro Rojo\" \/>\n<meta property=\"article:modified_time\" content=\"2024-03-01T08:18:08+00:00\" \/>\n<meta property=\"og:image\" content=\"https:\/\/librosdelzorrorojo.com\/wp-content\/uploads\/2014\/03\/Cover_DosOjos-WEB.png\" \/>\n\t<meta property=\"og:image:width\" content=\"472\" \/>\n\t<meta property=\"og:image:height\" content=\"632\" \/>\n\t<meta property=\"og:image:type\" content=\"image\/png\" \/>\n<meta name=\"twitter:card\" content=\"summary_large_image\" \/>\n<script type=\"application\/ld+json\" class=\"yoast-schema-graph\">{\"@context\":\"https:\/\/schema.org\",\"@graph\":[{\"@type\":\"WebPage\",\"@id\":\"https:\/\/librosdelzorrorojo.com\/ca\/cataleg\/dos-ojos\/\",\"url\":\"https:\/\/librosdelzorrorojo.com\/ca\/cataleg\/dos-ojos\/\",\"name\":\"\u00bfDos ojos? - Libros del Zorro Rojo\",\"isPartOf\":{\"@id\":\"https:\/\/librosdelzorrorojo.com\/#website\"},\"primaryImageOfPage\":{\"@id\":\"https:\/\/librosdelzorrorojo.com\/ca\/cataleg\/dos-ojos\/#primaryimage\"},\"image\":{\"@id\":\"https:\/\/librosdelzorrorojo.com\/ca\/cataleg\/dos-ojos\/#primaryimage\"},\"thumbnailUrl\":\"https:\/\/librosdelzorrorojo.com\/wp-content\/uploads\/2014\/03\/Cover_DosOjos-WEB.png\",\"datePublished\":\"2014-03-01T15:40:42+00:00\",\"dateModified\":\"2024-03-01T08:18:08+00:00\",\"description\":\"\u00e1lbum que, con maestr\u00eda, propone un juego de formas y colores para contar una sencilla y atractiva historia a los m\u00e1s peque\u00f1os.\",\"breadcrumb\":{\"@id\":\"https:\/\/librosdelzorrorojo.com\/ca\/cataleg\/dos-ojos\/#breadcrumb\"},\"inLanguage\":\"ca\",\"potentialAction\":[{\"@type\":\"ReadAction\",\"target\":[\"https:\/\/librosdelzorrorojo.com\/ca\/cataleg\/dos-ojos\/\"]}]},{\"@type\":\"ImageObject\",\"inLanguage\":\"ca\",\"@id\":\"https:\/\/librosdelzorrorojo.com\/ca\/cataleg\/dos-ojos\/#primaryimage\",\"url\":\"https:\/\/librosdelzorrorojo.com\/wp-content\/uploads\/2014\/03\/Cover_DosOjos-WEB.png\",\"contentUrl\":\"https:\/\/librosdelzorrorojo.com\/wp-content\/uploads\/2014\/03\/Cover_DosOjos-WEB.png\",\"width\":472,\"height\":632,\"caption\":\"Cover DosOjos WEB\"},{\"@type\":\"BreadcrumbList\",\"@id\":\"https:\/\/librosdelzorrorojo.com\/ca\/cataleg\/dos-ojos\/#breadcrumb\",\"itemListElement\":[{\"@type\":\"ListItem\",\"position\":1,\"name\":\"Portada\",\"item\":\"https:\/\/librosdelzorrorojo.com\/ca\/\"},{\"@type\":\"ListItem\",\"position\":2,\"name\":\"Cat\u00e0leg\",\"item\":\"https:\/\/librosdelzorrorojo.com\/ca\/cataleg\/\"},{\"@type\":\"ListItem\",\"position\":3,\"name\":\"\u00bfDos ojos?\"}]},{\"@type\":\"WebSite\",\"@id\":\"https:\/\/librosdelzorrorojo.com\/#website\",\"url\":\"https:\/\/librosdelzorrorojo.com\/\",\"name\":\"Libros del Zorro Rojo\",\"description\":\"Libros ilustrados\",\"potentialAction\":[{\"@type\":\"SearchAction\",\"target\":{\"@type\":\"EntryPoint\",\"urlTemplate\":\"https:\/\/librosdelzorrorojo.com\/?s={search_term_string}\"},\"query-input\":{\"@type\":\"PropertyValueSpecification\",\"valueRequired\":true,\"valueName\":\"search_term_string\"}}],\"inLanguage\":\"ca\"}]}<\/script>\n<!-- \/ Yoast SEO plugin. -->","yoast_head_json":{"title":"\u00bfDos ojos? - Libros del Zorro Rojo","description":"\u00e1lbum que, con maestr\u00eda, propone un juego de formas y colores para contar una sencilla y atractiva historia a los m\u00e1s peque\u00f1os.","robots":{"index":"index","follow":"follow","max-snippet":"max-snippet:-1","max-image-preview":"max-image-preview:large","max-video-preview":"max-video-preview:-1"},"canonical":"https:\/\/librosdelzorrorojo.com\/ca\/cataleg\/dos-ojos\/","og_locale":"ca_ES","og_type":"article","og_title":"\u00bfDos ojos? - Libros del Zorro Rojo","og_description":"\u00e1lbum que, con maestr\u00eda, propone un juego de formas y colores para contar una sencilla y atractiva historia a los m\u00e1s peque\u00f1os.","og_url":"https:\/\/librosdelzorrorojo.com\/ca\/cataleg\/dos-ojos\/","og_site_name":"Libros del Zorro Rojo","article_modified_time":"2024-03-01T08:18:08+00:00","og_image":[{"width":472,"height":632,"url":"https:\/\/librosdelzorrorojo.com\/wp-content\/uploads\/2014\/03\/Cover_DosOjos-WEB.png","type":"image\/png"}],"twitter_card":"summary_large_image","schema":{"@context":"https:\/\/schema.org","@graph":[{"@type":"WebPage","@id":"https:\/\/librosdelzorrorojo.com\/ca\/cataleg\/dos-ojos\/","url":"https:\/\/librosdelzorrorojo.com\/ca\/cataleg\/dos-ojos\/","name":"\u00bfDos ojos? - Libros del Zorro Rojo","isPartOf":{"@id":"https:\/\/librosdelzorrorojo.com\/#website"},"primaryImageOfPage":{"@id":"https:\/\/librosdelzorrorojo.com\/ca\/cataleg\/dos-ojos\/#primaryimage"},"image":{"@id":"https:\/\/librosdelzorrorojo.com\/ca\/cataleg\/dos-ojos\/#primaryimage"},"thumbnailUrl":"https:\/\/librosdelzorrorojo.com\/wp-content\/uploads\/2014\/03\/Cover_DosOjos-WEB.png","datePublished":"2014-03-01T15:40:42+00:00","dateModified":"2024-03-01T08:18:08+00:00","description":"\u00e1lbum que, con maestr\u00eda, propone un juego de formas y colores para contar una sencilla y atractiva historia a los m\u00e1s peque\u00f1os.","breadcrumb":{"@id":"https:\/\/librosdelzorrorojo.com\/ca\/cataleg\/dos-ojos\/#breadcrumb"},"inLanguage":"ca","potentialAction":[{"@type":"ReadAction","target":["https:\/\/librosdelzorrorojo.com\/ca\/cataleg\/dos-ojos\/"]}]},{"@type":"ImageObject","inLanguage":"ca","@id":"https:\/\/librosdelzorrorojo.com\/ca\/cataleg\/dos-ojos\/#primaryimage","url":"https:\/\/librosdelzorrorojo.com\/wp-content\/uploads\/2014\/03\/Cover_DosOjos-WEB.png","contentUrl":"https:\/\/librosdelzorrorojo.com\/wp-content\/uploads\/2014\/03\/Cover_DosOjos-WEB.png","width":472,"height":632,"caption":"Cover DosOjos WEB"},{"@type":"BreadcrumbList","@id":"https:\/\/librosdelzorrorojo.com\/ca\/cataleg\/dos-ojos\/#breadcrumb","itemListElement":[{"@type":"ListItem","position":1,"name":"Portada","item":"https:\/\/librosdelzorrorojo.com\/ca\/"},{"@type":"ListItem","position":2,"name":"Cat\u00e0leg","item":"https:\/\/librosdelzorrorojo.com\/ca\/cataleg\/"},{"@type":"ListItem","position":3,"name":"\u00bfDos ojos?"}]},{"@type":"WebSite","@id":"https:\/\/librosdelzorrorojo.com\/#website","url":"https:\/\/librosdelzorrorojo.com\/","name":"Libros del Zorro Rojo","description":"Libros ilustrados","potentialAction":[{"@type":"SearchAction","target":{"@type":"EntryPoint","urlTemplate":"https:\/\/librosdelzorrorojo.com\/?s={search_term_string}"},"query-input":{"@type":"PropertyValueSpecification","valueRequired":true,"valueName":"search_term_string"}}],"inLanguage":"ca"}]}},"_links":{"self":[{"href":"https:\/\/librosdelzorrorojo.com\/ca\/wp-json\/wp\/v2\/product\/12201","targetHints":{"allow":["GET"]}}],"collection":[{"href":"https:\/\/librosdelzorrorojo.com\/ca\/wp-json\/wp\/v2\/product"}],"about":[{"href":"https:\/\/librosdelzorrorojo.com\/ca\/wp-json\/wp\/v2\/types\/product"}],"wp:featuredmedia":[{"embeddable":true,"href":"https:\/\/librosdelzorrorojo.com\/ca\/wp-json\/wp\/v2\/media\/11825"}],"wp:attachment":[{"href":"https:\/\/librosdelzorrorojo.com\/ca\/wp-json\/wp\/v2\/media?parent=12201"}],"wp:term":[{"taxonomy":"product_brand","embeddable":true,"href":"https:\/\/librosdelzorrorojo.com\/ca\/wp-json\/wp\/v2\/product_brand?post=12201"},{"taxonomy":"product_cat","embeddable":true,"href":"https:\/\/librosdelzorrorojo.com\/ca\/wp-json\/wp\/v2\/product_cat?post=12201"},{"taxonomy":"product_tag","embeddable":true,"href":"https:\/\/librosdelzorrorojo.com\/ca\/wp-json\/wp\/v2\/product_tag?post=12201"}],"curies":[{"name":"wp","href":"https:\/\/api.w.org\/{rel}","templated":true}]}}