{"id":12200,"date":"2014-03-26T12:00:58","date_gmt":"2014-03-26T11:00:58","guid":{"rendered":"https:\/\/librosdelzorrorojo.com\/catalogo\/el-murcielago-dorado\/"},"modified":"2025-05-19T13:18:16","modified_gmt":"2025-05-19T11:18:16","slug":"el-murcielago-dorado","status":"publish","type":"product","link":"https:\/\/librosdelzorrorojo.com\/ca\/cataleg\/el-murcielago-dorado\/","title":{"rendered":"El murci\u00e9lago dorado"},"content":{"rendered":"<p><span>El murci\u00e9lago dorado, uno de los libros m\u00e1s justamente famosos de Edward Gorey, sigue la breve y tr\u00e1gica vida de Maudie Splaytoe, descubierta con cinco a\u00f1os por madame Trepidovska, forjada con cien mil pli\u00e9s en la barra, pulida en las provincias, aclamada en todas las capitales de Europa, colmada de lujos por un bar\u00f3n pero devota casi religiosa de la Danza, que alcanza la apoteosis con su inmortal papel en <em>La chauve-souris dor\u00e9e<\/em>. Con ilustraciones de exquisita precisi\u00f3n, Edward Gorey recrea el ambiente del ballet en los a\u00f1os veinte, los salones elegantes de los empresarios y las habitaciones inh\u00f3spitas de los artistas, las rivalidades y la gloria.<\/span><\/p>\n","protected":false},"excerpt":{"rendered":"<span>El murci\u00e9lago dorado, uno de los libros m\u00e1s justamente famosos de Edward Gorey, sigue la breve y tr\u00e1gica vida de Maudie Splaytoe, descubierta con cinco a\u00f1os por madame Trepidovska, forjada con cien mil pli\u00e9s en la barra, pulida en las provincias, aclamada en todas las capitales de Europa, colmada de lujos por un bar\u00f3n pero devota casi religiosa de la Danza, que alcanza la apoteosis con su inmortal papel en <em>La chauve-souris dor\u00e9e<\/em>. <\/span>","protected":false},"featured_media":7918,"template":"","meta":{"_acf_changed":false},"product_brand":[],"product_cat":[844,3156],"product_tag":[],"class_list":{"0":"post-12200","1":"product","2":"type-product","3":"status-publish","4":"has-post-thumbnail","6":"product_cat-castella","7":"product_cat-juvenil-adult","9":"first","10":"outofstock","11":"taxable","12":"shipping-taxable","13":"purchasable","14":"product-type-simple"},"acf":[],"yoast_head":"<!-- This site is optimized with the Yoast SEO plugin v25.1 - https:\/\/yoast.com\/wordpress\/plugins\/seo\/ -->\n<title>El murci\u00e9lago dorado - Libros del Zorro Rojo<\/title>\n<meta name=\"description\" content=\"El murci\u00e9lago dorado, uno de los libros m\u00e1s justamente famosos de Edward Gorey, sigue la breve y tr\u00e1gica vida de Maudie Splaytoe\" \/>\n<meta name=\"robots\" content=\"index, follow, max-snippet:-1, max-image-preview:large, max-video-preview:-1\" \/>\n<link rel=\"canonical\" href=\"https:\/\/librosdelzorrorojo.com\/ca\/cataleg\/el-murcielago-dorado\/\" \/>\n<meta property=\"og:locale\" content=\"ca_ES\" \/>\n<meta property=\"og:type\" content=\"article\" \/>\n<meta property=\"og:title\" content=\"El murci\u00e9lago dorado - Libros del Zorro Rojo\" \/>\n<meta property=\"og:description\" content=\"El murci\u00e9lago dorado, uno de los libros m\u00e1s justamente famosos de Edward Gorey, sigue la breve y tr\u00e1gica vida de Maudie Splaytoe\" \/>\n<meta property=\"og:url\" content=\"https:\/\/librosdelzorrorojo.com\/ca\/cataleg\/el-murcielago-dorado\/\" \/>\n<meta property=\"og:site_name\" content=\"Libros del Zorro Rojo\" \/>\n<meta property=\"article:modified_time\" content=\"2025-05-19T11:18:16+00:00\" \/>\n<meta property=\"og:image\" content=\"https:\/\/librosdelzorrorojo.com\/wp-content\/uploads\/2014\/03\/Cover_El-murcielago-dorado.jpg\" \/>\n\t<meta property=\"og:image:width\" content=\"940\" \/>\n\t<meta property=\"og:image:height\" content=\"792\" \/>\n\t<meta property=\"og:image:type\" content=\"image\/jpeg\" \/>\n<meta name=\"twitter:card\" content=\"summary_large_image\" \/>\n<meta name=\"twitter:label1\" content=\"Temps estimat de lectura\" \/>\n\t<meta name=\"twitter:data1\" content=\"1 minut\" \/>\n<script type=\"application\/ld+json\" class=\"yoast-schema-graph\">{\"@context\":\"https:\/\/schema.org\",\"@graph\":[{\"@type\":\"WebPage\",\"@id\":\"https:\/\/librosdelzorrorojo.com\/ca\/cataleg\/el-murcielago-dorado\/\",\"url\":\"https:\/\/librosdelzorrorojo.com\/ca\/cataleg\/el-murcielago-dorado\/\",\"name\":\"El murci\u00e9lago dorado - Libros del Zorro Rojo\",\"isPartOf\":{\"@id\":\"https:\/\/librosdelzorrorojo.com\/#website\"},\"primaryImageOfPage\":{\"@id\":\"https:\/\/librosdelzorrorojo.com\/ca\/cataleg\/el-murcielago-dorado\/#primaryimage\"},\"image\":{\"@id\":\"https:\/\/librosdelzorrorojo.com\/ca\/cataleg\/el-murcielago-dorado\/#primaryimage\"},\"thumbnailUrl\":\"https:\/\/librosdelzorrorojo.com\/wp-content\/uploads\/2014\/03\/Cover_El-murcielago-dorado.jpg\",\"datePublished\":\"2014-03-26T11:00:58+00:00\",\"dateModified\":\"2025-05-19T11:18:16+00:00\",\"description\":\"El murci\u00e9lago dorado, uno de los libros m\u00e1s justamente famosos de Edward Gorey, sigue la breve y tr\u00e1gica vida de Maudie Splaytoe\",\"breadcrumb\":{\"@id\":\"https:\/\/librosdelzorrorojo.com\/ca\/cataleg\/el-murcielago-dorado\/#breadcrumb\"},\"inLanguage\":\"ca\",\"potentialAction\":[{\"@type\":\"ReadAction\",\"target\":[\"https:\/\/librosdelzorrorojo.com\/ca\/cataleg\/el-murcielago-dorado\/\"]}]},{\"@type\":\"ImageObject\",\"inLanguage\":\"ca\",\"@id\":\"https:\/\/librosdelzorrorojo.com\/ca\/cataleg\/el-murcielago-dorado\/#primaryimage\",\"url\":\"https:\/\/librosdelzorrorojo.com\/wp-content\/uploads\/2014\/03\/Cover_El-murcielago-dorado.jpg\",\"contentUrl\":\"https:\/\/librosdelzorrorojo.com\/wp-content\/uploads\/2014\/03\/Cover_El-murcielago-dorado.jpg\",\"width\":940,\"height\":792,\"caption\":\"Cover El murcielago dorado\"},{\"@type\":\"BreadcrumbList\",\"@id\":\"https:\/\/librosdelzorrorojo.com\/ca\/cataleg\/el-murcielago-dorado\/#breadcrumb\",\"itemListElement\":[{\"@type\":\"ListItem\",\"position\":1,\"name\":\"Portada\",\"item\":\"https:\/\/librosdelzorrorojo.com\/ca\/\"},{\"@type\":\"ListItem\",\"position\":2,\"name\":\"Cat\u00e0leg\",\"item\":\"https:\/\/librosdelzorrorojo.com\/ca\/cataleg\/\"},{\"@type\":\"ListItem\",\"position\":3,\"name\":\"El murci\u00e9lago dorado\"}]},{\"@type\":\"WebSite\",\"@id\":\"https:\/\/librosdelzorrorojo.com\/#website\",\"url\":\"https:\/\/librosdelzorrorojo.com\/\",\"name\":\"Libros del Zorro Rojo\",\"description\":\"Libros ilustrados\",\"potentialAction\":[{\"@type\":\"SearchAction\",\"target\":{\"@type\":\"EntryPoint\",\"urlTemplate\":\"https:\/\/librosdelzorrorojo.com\/?s={search_term_string}\"},\"query-input\":{\"@type\":\"PropertyValueSpecification\",\"valueRequired\":true,\"valueName\":\"search_term_string\"}}],\"inLanguage\":\"ca\"}]}<\/script>\n<!-- \/ Yoast SEO plugin. -->","yoast_head_json":{"title":"El murci\u00e9lago dorado - Libros del Zorro Rojo","description":"El murci\u00e9lago dorado, uno de los libros m\u00e1s justamente famosos de Edward Gorey, sigue la breve y tr\u00e1gica vida de Maudie Splaytoe","robots":{"index":"index","follow":"follow","max-snippet":"max-snippet:-1","max-image-preview":"max-image-preview:large","max-video-preview":"max-video-preview:-1"},"canonical":"https:\/\/librosdelzorrorojo.com\/ca\/cataleg\/el-murcielago-dorado\/","og_locale":"ca_ES","og_type":"article","og_title":"El murci\u00e9lago dorado - Libros del Zorro Rojo","og_description":"El murci\u00e9lago dorado, uno de los libros m\u00e1s justamente famosos de Edward Gorey, sigue la breve y tr\u00e1gica vida de Maudie Splaytoe","og_url":"https:\/\/librosdelzorrorojo.com\/ca\/cataleg\/el-murcielago-dorado\/","og_site_name":"Libros del Zorro Rojo","article_modified_time":"2025-05-19T11:18:16+00:00","og_image":[{"width":940,"height":792,"url":"https:\/\/librosdelzorrorojo.com\/wp-content\/uploads\/2014\/03\/Cover_El-murcielago-dorado.jpg","type":"image\/jpeg"}],"twitter_card":"summary_large_image","twitter_misc":{"Temps estimat de lectura":"1 minut"},"schema":{"@context":"https:\/\/schema.org","@graph":[{"@type":"WebPage","@id":"https:\/\/librosdelzorrorojo.com\/ca\/cataleg\/el-murcielago-dorado\/","url":"https:\/\/librosdelzorrorojo.com\/ca\/cataleg\/el-murcielago-dorado\/","name":"El murci\u00e9lago dorado - Libros del Zorro Rojo","isPartOf":{"@id":"https:\/\/librosdelzorrorojo.com\/#website"},"primaryImageOfPage":{"@id":"https:\/\/librosdelzorrorojo.com\/ca\/cataleg\/el-murcielago-dorado\/#primaryimage"},"image":{"@id":"https:\/\/librosdelzorrorojo.com\/ca\/cataleg\/el-murcielago-dorado\/#primaryimage"},"thumbnailUrl":"https:\/\/librosdelzorrorojo.com\/wp-content\/uploads\/2014\/03\/Cover_El-murcielago-dorado.jpg","datePublished":"2014-03-26T11:00:58+00:00","dateModified":"2025-05-19T11:18:16+00:00","description":"El murci\u00e9lago dorado, uno de los libros m\u00e1s justamente famosos de Edward Gorey, sigue la breve y tr\u00e1gica vida de Maudie Splaytoe","breadcrumb":{"@id":"https:\/\/librosdelzorrorojo.com\/ca\/cataleg\/el-murcielago-dorado\/#breadcrumb"},"inLanguage":"ca","potentialAction":[{"@type":"ReadAction","target":["https:\/\/librosdelzorrorojo.com\/ca\/cataleg\/el-murcielago-dorado\/"]}]},{"@type":"ImageObject","inLanguage":"ca","@id":"https:\/\/librosdelzorrorojo.com\/ca\/cataleg\/el-murcielago-dorado\/#primaryimage","url":"https:\/\/librosdelzorrorojo.com\/wp-content\/uploads\/2014\/03\/Cover_El-murcielago-dorado.jpg","contentUrl":"https:\/\/librosdelzorrorojo.com\/wp-content\/uploads\/2014\/03\/Cover_El-murcielago-dorado.jpg","width":940,"height":792,"caption":"Cover El murcielago dorado"},{"@type":"BreadcrumbList","@id":"https:\/\/librosdelzorrorojo.com\/ca\/cataleg\/el-murcielago-dorado\/#breadcrumb","itemListElement":[{"@type":"ListItem","position":1,"name":"Portada","item":"https:\/\/librosdelzorrorojo.com\/ca\/"},{"@type":"ListItem","position":2,"name":"Cat\u00e0leg","item":"https:\/\/librosdelzorrorojo.com\/ca\/cataleg\/"},{"@type":"ListItem","position":3,"name":"El murci\u00e9lago dorado"}]},{"@type":"WebSite","@id":"https:\/\/librosdelzorrorojo.com\/#website","url":"https:\/\/librosdelzorrorojo.com\/","name":"Libros del Zorro Rojo","description":"Libros ilustrados","potentialAction":[{"@type":"SearchAction","target":{"@type":"EntryPoint","urlTemplate":"https:\/\/librosdelzorrorojo.com\/?s={search_term_string}"},"query-input":{"@type":"PropertyValueSpecification","valueRequired":true,"valueName":"search_term_string"}}],"inLanguage":"ca"}]}},"_links":{"self":[{"href":"https:\/\/librosdelzorrorojo.com\/ca\/wp-json\/wp\/v2\/product\/12200","targetHints":{"allow":["GET"]}}],"collection":[{"href":"https:\/\/librosdelzorrorojo.com\/ca\/wp-json\/wp\/v2\/product"}],"about":[{"href":"https:\/\/librosdelzorrorojo.com\/ca\/wp-json\/wp\/v2\/types\/product"}],"wp:featuredmedia":[{"embeddable":true,"href":"https:\/\/librosdelzorrorojo.com\/ca\/wp-json\/wp\/v2\/media\/7918"}],"wp:attachment":[{"href":"https:\/\/librosdelzorrorojo.com\/ca\/wp-json\/wp\/v2\/media?parent=12200"}],"wp:term":[{"taxonomy":"product_brand","embeddable":true,"href":"https:\/\/librosdelzorrorojo.com\/ca\/wp-json\/wp\/v2\/product_brand?post=12200"},{"taxonomy":"product_cat","embeddable":true,"href":"https:\/\/librosdelzorrorojo.com\/ca\/wp-json\/wp\/v2\/product_cat?post=12200"},{"taxonomy":"product_tag","embeddable":true,"href":"https:\/\/librosdelzorrorojo.com\/ca\/wp-json\/wp\/v2\/product_tag?post=12200"}],"curies":[{"name":"wp","href":"https:\/\/api.w.org\/{rel}","templated":true}]}}