{"id":12190,"date":"2014-11-05T12:00:28","date_gmt":"2014-11-05T11:00:28","guid":{"rendered":"https:\/\/librosdelzorrorojo.com\/catalogo\/la-biblioteca-secreta\/"},"modified":"2024-03-01T09:16:55","modified_gmt":"2024-03-01T08:16:55","slug":"la-biblioteca-secreta","status":"publish","type":"product","link":"https:\/\/librosdelzorrorojo.com\/ca\/cataleg\/la-biblioteca-secreta\/","title":{"rendered":"La biblioteca secreta"},"content":{"rendered":"<p dir=\"ltr\"><span style=\"font-weight: 400\">El muchacho, en apariencia, solo quiere devolver dos libros y rebuscar un poco entre las estanter\u00edas. Pero en la sala de lectura se topa con el extra\u00f1o bibliotecario, un anciano furibundo que lo introduce en el laberinto de la biblioteca, donde lo encierra. En la mazmorra de papel recibe deliciosos manjares, servidos por un misterioso hombre-oveja y una bella muchacha muda. Poco a poco percibe que los l\u00edmites entre los objetos, las personas y los espacios son cada vez m\u00e1s difusos. <\/span><i><span style=\"font-weight: 400\">La biblioteca secreta<\/span><\/i><span style=\"font-weight: 400\"> es una pesadilla kafkiana y al mismo tiempo una sensible historia sobre la p\u00e9rdida y la soledad. Murakami construye a trav\u00e9s de su habitual estilo, cargado de s\u00edmbolos tan familiares como herm\u00e9ticos, una historia sutil acompa\u00f1ada por las turbadoras ilustraciones de Kat Menschik.<\/span><\/p>\n<p dir=\"ltr\"><i><span style=\"font-weight: 400\">La biblioteca secreta<\/span><\/i><span style=\"font-weight: 400\"> es tambi\u00e9n el l\u00fagubre escenario en el que un joven adolescente habr\u00e1 de enfrentarse solo al mundo adulto, que se burla de sus temores infantiles y que le obligar\u00e1 a asumir la madurez sin transiciones. Un escenario en el que fantas\u00eda y realidad se confunden para recrear el complicado proceso de abandono de la ni\u00f1ez y sus monstruos, y el paso a una dimensi\u00f3n nueva y desconocida.<\/span><\/p>\n<p><span style=\"font-weight: 400\">\u00abLectores sin capacidad de fantas\u00eda, con dificultades para conectar con los miedos de su propia infancia, deber\u00edan alejarse de esta obra\u00bb, sostiene Arno Widmann, del <\/span><i><span style=\"font-weight: 400\">Frankfurter Rundschau<\/span><\/i><span style=\"font-weight: 400\">. A todos los dem\u00e1s, el prestigioso cr\u00edtico alem\u00e1n no vacila en recomendarles fervorosamente este maravilloso cuento.<\/span><\/p>\n<p><span>Mira el\u00a0<\/span><a href=\"https:\/\/www.youtube.com\/watch?v=6xQ4Xd8V8cc&amp;t=3s\"><span style=\"color: #ff0000\">booktrailer<\/span><\/a><\/p>\n<p>Lee las primeras p\u00e1ginas <span style=\"color: #ff0000\"><a href=\"https:\/\/drive.google.com\/open?id=1L_Eoi4EUX77ZhjoOg40l9w8ibg0vTzOV\" style=\"color: #ff0000\">aqu\u00ed.<\/a><\/span><\/p>\n<p>&nbsp;<\/p>\n","protected":false},"excerpt":{"rendered":"El muchacho, en apariencia, solo quiere devolver dos libros y rebuscar un poco entre las estanter\u00edas. Pero en la sala de lectura se topa con el extra\u00f1o bibliotecario, un anciano furibundo que lo introduce en el laberinto de la biblioteca y all\u00ed, lo encierra. En la mazmorra de papel recibe deliciosos manjares, servidos por un misterioso hombre-oveja y una bella muchacha muda. Poco a poco percibe que los l\u00edmites entre los objetos, las personas y los espacios son cada vez m\u00e1s difusos. <em>La biblioteca secreta<\/em> es una pesadilla kafkiana y al mismo tiempo una sensible historia sobre la p\u00e9rdida y la soledad. Murakami construye a trav\u00e9s de su habitual estilo, cargado de s\u00edmbolos tan familiares como herm\u00e9ticos, una historia sutil acompa\u00f1ada por las turbadoras ilustraciones de Kat Menschik.","protected":false},"featured_media":12191,"template":"","meta":{"_acf_changed":false},"product_brand":[],"product_cat":[844,3156],"product_tag":[],"class_list":{"0":"post-12190","1":"product","2":"type-product","3":"status-publish","4":"has-post-thumbnail","6":"product_cat-castella","7":"product_cat-juvenil-adult","9":"first","10":"outofstock","11":"taxable","12":"shipping-taxable","13":"purchasable","14":"product-type-simple"},"acf":[],"yoast_head":"<!-- This site is optimized with the Yoast SEO plugin v25.1 - https:\/\/yoast.com\/wordpress\/plugins\/seo\/ -->\n<title>La biblioteca secreta<\/title>\n<meta name=\"description\" content=\"La biblioteca secreta es tambi\u00e9n el l\u00fagubre escenario en el que un joven adolescente habr\u00e1 de enfrentarse solo al mundo adulto\" \/>\n<meta name=\"robots\" content=\"index, follow, max-snippet:-1, max-image-preview:large, max-video-preview:-1\" \/>\n<link rel=\"canonical\" href=\"https:\/\/librosdelzorrorojo.com\/ca\/cataleg\/la-biblioteca-secreta\/\" \/>\n<meta property=\"og:locale\" content=\"ca_ES\" \/>\n<meta property=\"og:type\" content=\"article\" \/>\n<meta property=\"og:title\" content=\"La biblioteca secreta\" \/>\n<meta property=\"og:description\" content=\"La biblioteca secreta es tambi\u00e9n el l\u00fagubre escenario en el que un joven adolescente habr\u00e1 de enfrentarse solo al mundo adulto\" \/>\n<meta property=\"og:url\" content=\"https:\/\/librosdelzorrorojo.com\/ca\/cataleg\/la-biblioteca-secreta\/\" \/>\n<meta property=\"og:site_name\" content=\"Libros del Zorro Rojo\" \/>\n<meta property=\"article:modified_time\" content=\"2024-03-01T08:16:55+00:00\" \/>\n<meta property=\"og:image\" content=\"https:\/\/librosdelzorrorojo.com\/wp-content\/uploads\/2014\/11\/Cover_LaBibliotecaSecreta-e1527609123582.jpg\" \/>\n\t<meta property=\"og:image:width\" content=\"850\" \/>\n\t<meta property=\"og:image:height\" content=\"1198\" \/>\n\t<meta property=\"og:image:type\" content=\"image\/jpeg\" \/>\n<meta name=\"twitter:card\" content=\"summary_large_image\" \/>\n<meta name=\"twitter:label1\" content=\"Temps estimat de lectura\" \/>\n\t<meta name=\"twitter:data1\" content=\"1 minut\" \/>\n<script type=\"application\/ld+json\" class=\"yoast-schema-graph\">{\"@context\":\"https:\/\/schema.org\",\"@graph\":[{\"@type\":\"WebPage\",\"@id\":\"https:\/\/librosdelzorrorojo.com\/ca\/cataleg\/la-biblioteca-secreta\/\",\"url\":\"https:\/\/librosdelzorrorojo.com\/ca\/cataleg\/la-biblioteca-secreta\/\",\"name\":\"La biblioteca secreta\",\"isPartOf\":{\"@id\":\"https:\/\/librosdelzorrorojo.com\/#website\"},\"primaryImageOfPage\":{\"@id\":\"https:\/\/librosdelzorrorojo.com\/ca\/cataleg\/la-biblioteca-secreta\/#primaryimage\"},\"image\":{\"@id\":\"https:\/\/librosdelzorrorojo.com\/ca\/cataleg\/la-biblioteca-secreta\/#primaryimage\"},\"thumbnailUrl\":\"https:\/\/librosdelzorrorojo.com\/wp-content\/uploads\/2014\/11\/Cover_LaBibliotecaSecreta-e1527609123582.jpg\",\"datePublished\":\"2014-11-05T11:00:28+00:00\",\"dateModified\":\"2024-03-01T08:16:55+00:00\",\"description\":\"La biblioteca secreta es tambi\u00e9n el l\u00fagubre escenario en el que un joven adolescente habr\u00e1 de enfrentarse solo al mundo adulto\",\"breadcrumb\":{\"@id\":\"https:\/\/librosdelzorrorojo.com\/ca\/cataleg\/la-biblioteca-secreta\/#breadcrumb\"},\"inLanguage\":\"ca\",\"potentialAction\":[{\"@type\":\"ReadAction\",\"target\":[\"https:\/\/librosdelzorrorojo.com\/ca\/cataleg\/la-biblioteca-secreta\/\"]}]},{\"@type\":\"ImageObject\",\"inLanguage\":\"ca\",\"@id\":\"https:\/\/librosdelzorrorojo.com\/ca\/cataleg\/la-biblioteca-secreta\/#primaryimage\",\"url\":\"https:\/\/librosdelzorrorojo.com\/wp-content\/uploads\/2014\/11\/Cover_LaBibliotecaSecreta-e1527609123582.jpg\",\"contentUrl\":\"https:\/\/librosdelzorrorojo.com\/wp-content\/uploads\/2014\/11\/Cover_LaBibliotecaSecreta-e1527609123582.jpg\",\"width\":850,\"height\":1198,\"caption\":\"Cover LaBibliotecaSecreta e1527609123582\"},{\"@type\":\"BreadcrumbList\",\"@id\":\"https:\/\/librosdelzorrorojo.com\/ca\/cataleg\/la-biblioteca-secreta\/#breadcrumb\",\"itemListElement\":[{\"@type\":\"ListItem\",\"position\":1,\"name\":\"Portada\",\"item\":\"https:\/\/librosdelzorrorojo.com\/ca\/\"},{\"@type\":\"ListItem\",\"position\":2,\"name\":\"Cat\u00e0leg\",\"item\":\"https:\/\/librosdelzorrorojo.com\/ca\/cataleg\/\"},{\"@type\":\"ListItem\",\"position\":3,\"name\":\"La biblioteca secreta\"}]},{\"@type\":\"WebSite\",\"@id\":\"https:\/\/librosdelzorrorojo.com\/#website\",\"url\":\"https:\/\/librosdelzorrorojo.com\/\",\"name\":\"Libros del Zorro Rojo\",\"description\":\"Libros ilustrados\",\"potentialAction\":[{\"@type\":\"SearchAction\",\"target\":{\"@type\":\"EntryPoint\",\"urlTemplate\":\"https:\/\/librosdelzorrorojo.com\/?s={search_term_string}\"},\"query-input\":{\"@type\":\"PropertyValueSpecification\",\"valueRequired\":true,\"valueName\":\"search_term_string\"}}],\"inLanguage\":\"ca\"}]}<\/script>\n<!-- \/ Yoast SEO plugin. -->","yoast_head_json":{"title":"La biblioteca secreta","description":"La biblioteca secreta es tambi\u00e9n el l\u00fagubre escenario en el que un joven adolescente habr\u00e1 de enfrentarse solo al mundo adulto","robots":{"index":"index","follow":"follow","max-snippet":"max-snippet:-1","max-image-preview":"max-image-preview:large","max-video-preview":"max-video-preview:-1"},"canonical":"https:\/\/librosdelzorrorojo.com\/ca\/cataleg\/la-biblioteca-secreta\/","og_locale":"ca_ES","og_type":"article","og_title":"La biblioteca secreta","og_description":"La biblioteca secreta es tambi\u00e9n el l\u00fagubre escenario en el que un joven adolescente habr\u00e1 de enfrentarse solo al mundo adulto","og_url":"https:\/\/librosdelzorrorojo.com\/ca\/cataleg\/la-biblioteca-secreta\/","og_site_name":"Libros del Zorro Rojo","article_modified_time":"2024-03-01T08:16:55+00:00","og_image":[{"width":850,"height":1198,"url":"https:\/\/librosdelzorrorojo.com\/wp-content\/uploads\/2014\/11\/Cover_LaBibliotecaSecreta-e1527609123582.jpg","type":"image\/jpeg"}],"twitter_card":"summary_large_image","twitter_misc":{"Temps estimat de lectura":"1 minut"},"schema":{"@context":"https:\/\/schema.org","@graph":[{"@type":"WebPage","@id":"https:\/\/librosdelzorrorojo.com\/ca\/cataleg\/la-biblioteca-secreta\/","url":"https:\/\/librosdelzorrorojo.com\/ca\/cataleg\/la-biblioteca-secreta\/","name":"La biblioteca secreta","isPartOf":{"@id":"https:\/\/librosdelzorrorojo.com\/#website"},"primaryImageOfPage":{"@id":"https:\/\/librosdelzorrorojo.com\/ca\/cataleg\/la-biblioteca-secreta\/#primaryimage"},"image":{"@id":"https:\/\/librosdelzorrorojo.com\/ca\/cataleg\/la-biblioteca-secreta\/#primaryimage"},"thumbnailUrl":"https:\/\/librosdelzorrorojo.com\/wp-content\/uploads\/2014\/11\/Cover_LaBibliotecaSecreta-e1527609123582.jpg","datePublished":"2014-11-05T11:00:28+00:00","dateModified":"2024-03-01T08:16:55+00:00","description":"La biblioteca secreta es tambi\u00e9n el l\u00fagubre escenario en el que un joven adolescente habr\u00e1 de enfrentarse solo al mundo adulto","breadcrumb":{"@id":"https:\/\/librosdelzorrorojo.com\/ca\/cataleg\/la-biblioteca-secreta\/#breadcrumb"},"inLanguage":"ca","potentialAction":[{"@type":"ReadAction","target":["https:\/\/librosdelzorrorojo.com\/ca\/cataleg\/la-biblioteca-secreta\/"]}]},{"@type":"ImageObject","inLanguage":"ca","@id":"https:\/\/librosdelzorrorojo.com\/ca\/cataleg\/la-biblioteca-secreta\/#primaryimage","url":"https:\/\/librosdelzorrorojo.com\/wp-content\/uploads\/2014\/11\/Cover_LaBibliotecaSecreta-e1527609123582.jpg","contentUrl":"https:\/\/librosdelzorrorojo.com\/wp-content\/uploads\/2014\/11\/Cover_LaBibliotecaSecreta-e1527609123582.jpg","width":850,"height":1198,"caption":"Cover LaBibliotecaSecreta e1527609123582"},{"@type":"BreadcrumbList","@id":"https:\/\/librosdelzorrorojo.com\/ca\/cataleg\/la-biblioteca-secreta\/#breadcrumb","itemListElement":[{"@type":"ListItem","position":1,"name":"Portada","item":"https:\/\/librosdelzorrorojo.com\/ca\/"},{"@type":"ListItem","position":2,"name":"Cat\u00e0leg","item":"https:\/\/librosdelzorrorojo.com\/ca\/cataleg\/"},{"@type":"ListItem","position":3,"name":"La biblioteca secreta"}]},{"@type":"WebSite","@id":"https:\/\/librosdelzorrorojo.com\/#website","url":"https:\/\/librosdelzorrorojo.com\/","name":"Libros del Zorro Rojo","description":"Libros ilustrados","potentialAction":[{"@type":"SearchAction","target":{"@type":"EntryPoint","urlTemplate":"https:\/\/librosdelzorrorojo.com\/?s={search_term_string}"},"query-input":{"@type":"PropertyValueSpecification","valueRequired":true,"valueName":"search_term_string"}}],"inLanguage":"ca"}]}},"_links":{"self":[{"href":"https:\/\/librosdelzorrorojo.com\/ca\/wp-json\/wp\/v2\/product\/12190","targetHints":{"allow":["GET"]}}],"collection":[{"href":"https:\/\/librosdelzorrorojo.com\/ca\/wp-json\/wp\/v2\/product"}],"about":[{"href":"https:\/\/librosdelzorrorojo.com\/ca\/wp-json\/wp\/v2\/types\/product"}],"wp:featuredmedia":[{"embeddable":true,"href":"https:\/\/librosdelzorrorojo.com\/ca\/wp-json\/wp\/v2\/media\/12191"}],"wp:attachment":[{"href":"https:\/\/librosdelzorrorojo.com\/ca\/wp-json\/wp\/v2\/media?parent=12190"}],"wp:term":[{"taxonomy":"product_brand","embeddable":true,"href":"https:\/\/librosdelzorrorojo.com\/ca\/wp-json\/wp\/v2\/product_brand?post=12190"},{"taxonomy":"product_cat","embeddable":true,"href":"https:\/\/librosdelzorrorojo.com\/ca\/wp-json\/wp\/v2\/product_cat?post=12190"},{"taxonomy":"product_tag","embeddable":true,"href":"https:\/\/librosdelzorrorojo.com\/ca\/wp-json\/wp\/v2\/product_tag?post=12190"}],"curies":[{"name":"wp","href":"https:\/\/api.w.org\/{rel}","templated":true}]}}