{"id":12177,"date":"2024-05-08T10:00:30","date_gmt":"2024-05-08T08:00:30","guid":{"rendered":"https:\/\/librosdelzorrorojo.com\/catalogo\/cuentos-de-hadas\/"},"modified":"2025-07-24T12:11:06","modified_gmt":"2025-07-24T10:11:06","slug":"cuentos-de-hadas","status":"publish","type":"product","link":"https:\/\/librosdelzorrorojo.com\/ca\/cataleg\/cuentos-de-hadas\/","title":{"rendered":"Cuentos de hadas"},"content":{"rendered":"<p dir=\"ltr\"><span style=\"font-weight: 400;\">\u00abLa vida en s\u00ed es el mejor cuento de hadas\u00bb, dijo una vez Hans Christian Andersen, el hombre capaz de reconocer la magia en cuantas historias posaba los ojos. Bajo esta premisa relat\u00f3 por escrito m\u00e1s de ciento cincuenta vidas, erigi\u00e9ndose como uno de los mejores contadores de cuentos de todos los tiempos y, durante generaciones, alimentando la tradici\u00f3n oral con narraciones vivaces y llenas de encantamientos.<\/span><\/p>\n<p dir=\"ltr\"><span style=\"font-weight: 400;\">En 1916 la editorial inglesa George G. Harrap &amp; Co. reuni\u00f3 algunos de los cuentos de Andersen y encarg\u00f3 su ilustraci\u00f3n a Harry Clarke, un joven de veintisiete a\u00f1os que ya despuntaba en el panorama art\u00edstico gracias a su magistral t\u00e9cnica en el vitral. <\/span><i><span style=\"font-weight: 400;\">Cuentos de hadas<\/span><\/i><span style=\"font-weight: 400;\"> vio la luz con una extraordinaria primera edici\u00f3n de tan solo ciento veinticinco ejemplares, numerados y firmados por el artista, que le vali\u00f3 el reconocimiento mundial en el \u00e1mbito editorial. As\u00ed, tan solo un a\u00f1o despu\u00e9s, ilustrar\u00eda <\/span><i><span style=\"font-weight: 400;\">Cuentos de imaginaci\u00f3n y misterio<\/span><\/i><span style=\"font-weight: 400;\"> de Edgar Allan Poe (Libros del Zorro Rojo, 2009), considerada una de las joyas bibliogr\u00e1ficas de la \u00e9poca, y en 1925 le llegar\u00eda el turno al <\/span><i><span style=\"font-weight: 400;\">Fausto<\/span><\/i><span style=\"font-weight: 400;\"> de Johann Wolfgang von Goethe (LZR, 2012).<\/span><\/p>\n<p dir=\"ltr\"><span style=\"font-weight: 400;\">Estos cl\u00e1sicos cobraron vida a trav\u00e9s de su pluma, en l\u00e1minas que pasaron a la posteridad gracias a su estilo vanguardista, oscuro y repleto de detalles. Recuperamos, para deleite de grandes y peque\u00f1os lectores, esta hist\u00f3rica edici\u00f3n de <\/span><i><span style=\"font-weight: 400;\">Cuentos de hadas<\/span><\/i><span style=\"font-weight: 400;\">, nunca antes publicada en castellano, con la galardonada traducci\u00f3n de Enrique Bern\u00e1rdez. En ella se pueden encontrar cuentos tan c\u00e9lebres como \u00abEl patito feo\u00bb, \u00abLa vendedora de cerillas\u00bb, \u00abPulgarcita\u00bb o \u00abLa sirenita\u00bb, narrados siempre con esa mezcla de realismo y fantas\u00eda tan caracter\u00edstica del escritor dan\u00e9s.<\/span><\/p>\n<p dir=\"ltr\"><span style=\"font-weight: 400;\">La tristeza, la soledad, el amor, la ambici\u00f3n y la valent\u00eda confluyen en los cuentos de Andersen como juegos de luces y sombras que desfilan ante el lector, desplegando una sensibilidad propia de las historias para ni\u00f1os y susceptibles de encandilar tambi\u00e9n a los adultos encargados de leerlas.<\/span><\/p>\n<p dir=\"ltr\"><img decoding=\"async\" src=\"https:\/\/librosdelzorrorojo.com\/wp-content\/uploads\/2018\/04\/ICEC_BN-WEB-02.png\" alt=\"\" width=\"200\" height=\"48\" class=\"alignleft wp-image-15980 size-full\" \/><\/p>\n","protected":false},"excerpt":{"rendered":"\u00abLa vida en s\u00ed es el mejor cuento de hadas\u00bb, dijo una vez Hans Christian Andersen, el hombre capaz de reconocer la magia en cuantas historias posaba los ojos. Bajo esta premisa relat\u00f3 por escrito m\u00e1s de ciento cincuenta vidas, erigi\u00e9ndose como uno de los mejores contadores de cuentos de todos los tiempos y, durante generaciones, alimentando la tradici\u00f3n oral con narraciones vivaces y llenas de encantamientos.\r\n\r\nEn 1916 la editorial inglesa George G. Harrap &amp; Co. reuni\u00f3 algunos de los cuentos de Andersen y encarg\u00f3 su ilustraci\u00f3n a Harry Clarke, un joven de 27 a\u00f1os que ya despuntaba en el panorama art\u00edstico gracias a su magistral t\u00e9cnica en el vitral.","protected":false},"featured_media":27958,"template":"","meta":{"_acf_changed":false},"product_brand":[],"product_cat":[844,3156,846],"product_tag":[],"class_list":{"0":"post-12177","1":"product","2":"type-product","3":"status-publish","4":"has-post-thumbnail","6":"product_cat-castella","7":"product_cat-juvenil-adult","8":"product_cat-novedades-ca","10":"first","11":"instock","12":"taxable","13":"shipping-taxable","14":"purchasable","15":"product-type-variable","16":"has-default-attributes"},"acf":[],"yoast_head":"<!-- This site is optimized with the Yoast SEO plugin v25.1 - https:\/\/yoast.com\/wordpress\/plugins\/seo\/ -->\n<title>Libros del Zorro Rojo Cuentos de hadas -<\/title>\n<meta name=\"description\" content=\"La tristeza, la soledad, el amor, la ambici\u00f3n y la valent\u00eda confluyen en los cuentos de Andersen como juegos de luces y sombras\" \/>\n<meta name=\"robots\" content=\"index, follow, max-snippet:-1, max-image-preview:large, max-video-preview:-1\" \/>\n<link rel=\"canonical\" href=\"https:\/\/librosdelzorrorojo.com\/ca\/cataleg\/cuentos-de-hadas\/\" \/>\n<meta property=\"og:locale\" content=\"ca_ES\" \/>\n<meta property=\"og:type\" content=\"article\" \/>\n<meta property=\"og:title\" content=\"Libros del Zorro Rojo Cuentos de hadas -\" \/>\n<meta property=\"og:description\" content=\"La tristeza, la soledad, el amor, la ambici\u00f3n y la valent\u00eda confluyen en los cuentos de Andersen como juegos de luces y sombras\" \/>\n<meta property=\"og:url\" content=\"https:\/\/librosdelzorrorojo.com\/ca\/cataleg\/cuentos-de-hadas\/\" \/>\n<meta property=\"og:site_name\" content=\"Libros del Zorro Rojo\" \/>\n<meta property=\"article:modified_time\" content=\"2025-07-24T10:11:06+00:00\" \/>\n<meta property=\"og:image\" content=\"https:\/\/librosdelzorrorojo.com\/wp-content\/uploads\/2015\/03\/Cover_CuentoDeHadas-e1527519231780.jpg\" \/>\n\t<meta property=\"og:image:width\" content=\"850\" \/>\n\t<meta property=\"og:image:height\" content=\"1256\" \/>\n\t<meta property=\"og:image:type\" content=\"image\/jpeg\" \/>\n<meta name=\"twitter:card\" content=\"summary_large_image\" \/>\n<meta name=\"twitter:label1\" content=\"Temps estimat de lectura\" \/>\n\t<meta name=\"twitter:data1\" content=\"2 minuts\" \/>\n<script type=\"application\/ld+json\" class=\"yoast-schema-graph\">{\"@context\":\"https:\/\/schema.org\",\"@graph\":[{\"@type\":\"WebPage\",\"@id\":\"https:\/\/librosdelzorrorojo.com\/ca\/cataleg\/cuentos-de-hadas\/\",\"url\":\"https:\/\/librosdelzorrorojo.com\/ca\/cataleg\/cuentos-de-hadas\/\",\"name\":\"Libros del Zorro Rojo Cuentos de hadas -\",\"isPartOf\":{\"@id\":\"https:\/\/librosdelzorrorojo.com\/#website\"},\"primaryImageOfPage\":{\"@id\":\"https:\/\/librosdelzorrorojo.com\/ca\/cataleg\/cuentos-de-hadas\/#primaryimage\"},\"image\":{\"@id\":\"https:\/\/librosdelzorrorojo.com\/ca\/cataleg\/cuentos-de-hadas\/#primaryimage\"},\"thumbnailUrl\":\"https:\/\/librosdelzorrorojo.com\/wp-content\/uploads\/2019\/10\/Cuentos-de-Hadas-Nueva-ED.jpg\",\"datePublished\":\"2024-05-08T08:00:30+00:00\",\"dateModified\":\"2025-07-24T10:11:06+00:00\",\"description\":\"La tristeza, la soledad, el amor, la ambici\u00f3n y la valent\u00eda confluyen en los cuentos de Andersen como juegos de luces y sombras\",\"breadcrumb\":{\"@id\":\"https:\/\/librosdelzorrorojo.com\/ca\/cataleg\/cuentos-de-hadas\/#breadcrumb\"},\"inLanguage\":\"ca\",\"potentialAction\":[{\"@type\":\"ReadAction\",\"target\":[\"https:\/\/librosdelzorrorojo.com\/ca\/cataleg\/cuentos-de-hadas\/\"]}]},{\"@type\":\"ImageObject\",\"inLanguage\":\"ca\",\"@id\":\"https:\/\/librosdelzorrorojo.com\/ca\/cataleg\/cuentos-de-hadas\/#primaryimage\",\"url\":\"https:\/\/librosdelzorrorojo.com\/wp-content\/uploads\/2019\/10\/Cuentos-de-Hadas-Nueva-ED.jpg\",\"contentUrl\":\"https:\/\/librosdelzorrorojo.com\/wp-content\/uploads\/2019\/10\/Cuentos-de-Hadas-Nueva-ED.jpg\",\"width\":493,\"height\":693,\"caption\":\"Cuentos de Hadas Nueva ED\"},{\"@type\":\"BreadcrumbList\",\"@id\":\"https:\/\/librosdelzorrorojo.com\/ca\/cataleg\/cuentos-de-hadas\/#breadcrumb\",\"itemListElement\":[{\"@type\":\"ListItem\",\"position\":1,\"name\":\"Portada\",\"item\":\"https:\/\/librosdelzorrorojo.com\/ca\/\"},{\"@type\":\"ListItem\",\"position\":2,\"name\":\"Cat\u00e0leg\",\"item\":\"https:\/\/librosdelzorrorojo.com\/ca\/cataleg\/\"},{\"@type\":\"ListItem\",\"position\":3,\"name\":\"Cuentos de hadas\"}]},{\"@type\":\"WebSite\",\"@id\":\"https:\/\/librosdelzorrorojo.com\/#website\",\"url\":\"https:\/\/librosdelzorrorojo.com\/\",\"name\":\"Libros del Zorro Rojo\",\"description\":\"Libros ilustrados\",\"potentialAction\":[{\"@type\":\"SearchAction\",\"target\":{\"@type\":\"EntryPoint\",\"urlTemplate\":\"https:\/\/librosdelzorrorojo.com\/?s={search_term_string}\"},\"query-input\":{\"@type\":\"PropertyValueSpecification\",\"valueRequired\":true,\"valueName\":\"search_term_string\"}}],\"inLanguage\":\"ca\"}]}<\/script>\n<!-- \/ Yoast SEO plugin. -->","yoast_head_json":{"title":"Libros del Zorro Rojo Cuentos de hadas -","description":"La tristeza, la soledad, el amor, la ambici\u00f3n y la valent\u00eda confluyen en los cuentos de Andersen como juegos de luces y sombras","robots":{"index":"index","follow":"follow","max-snippet":"max-snippet:-1","max-image-preview":"max-image-preview:large","max-video-preview":"max-video-preview:-1"},"canonical":"https:\/\/librosdelzorrorojo.com\/ca\/cataleg\/cuentos-de-hadas\/","og_locale":"ca_ES","og_type":"article","og_title":"Libros del Zorro Rojo Cuentos de hadas -","og_description":"La tristeza, la soledad, el amor, la ambici\u00f3n y la valent\u00eda confluyen en los cuentos de Andersen como juegos de luces y sombras","og_url":"https:\/\/librosdelzorrorojo.com\/ca\/cataleg\/cuentos-de-hadas\/","og_site_name":"Libros del Zorro Rojo","article_modified_time":"2025-07-24T10:11:06+00:00","og_image":[{"width":850,"height":1256,"url":"https:\/\/librosdelzorrorojo.com\/wp-content\/uploads\/2015\/03\/Cover_CuentoDeHadas-e1527519231780.jpg","type":"image\/jpeg"}],"twitter_card":"summary_large_image","twitter_misc":{"Temps estimat de lectura":"2 minuts"},"schema":{"@context":"https:\/\/schema.org","@graph":[{"@type":"WebPage","@id":"https:\/\/librosdelzorrorojo.com\/ca\/cataleg\/cuentos-de-hadas\/","url":"https:\/\/librosdelzorrorojo.com\/ca\/cataleg\/cuentos-de-hadas\/","name":"Libros del Zorro Rojo Cuentos de hadas -","isPartOf":{"@id":"https:\/\/librosdelzorrorojo.com\/#website"},"primaryImageOfPage":{"@id":"https:\/\/librosdelzorrorojo.com\/ca\/cataleg\/cuentos-de-hadas\/#primaryimage"},"image":{"@id":"https:\/\/librosdelzorrorojo.com\/ca\/cataleg\/cuentos-de-hadas\/#primaryimage"},"thumbnailUrl":"https:\/\/librosdelzorrorojo.com\/wp-content\/uploads\/2019\/10\/Cuentos-de-Hadas-Nueva-ED.jpg","datePublished":"2024-05-08T08:00:30+00:00","dateModified":"2025-07-24T10:11:06+00:00","description":"La tristeza, la soledad, el amor, la ambici\u00f3n y la valent\u00eda confluyen en los cuentos de Andersen como juegos de luces y sombras","breadcrumb":{"@id":"https:\/\/librosdelzorrorojo.com\/ca\/cataleg\/cuentos-de-hadas\/#breadcrumb"},"inLanguage":"ca","potentialAction":[{"@type":"ReadAction","target":["https:\/\/librosdelzorrorojo.com\/ca\/cataleg\/cuentos-de-hadas\/"]}]},{"@type":"ImageObject","inLanguage":"ca","@id":"https:\/\/librosdelzorrorojo.com\/ca\/cataleg\/cuentos-de-hadas\/#primaryimage","url":"https:\/\/librosdelzorrorojo.com\/wp-content\/uploads\/2019\/10\/Cuentos-de-Hadas-Nueva-ED.jpg","contentUrl":"https:\/\/librosdelzorrorojo.com\/wp-content\/uploads\/2019\/10\/Cuentos-de-Hadas-Nueva-ED.jpg","width":493,"height":693,"caption":"Cuentos de Hadas Nueva ED"},{"@type":"BreadcrumbList","@id":"https:\/\/librosdelzorrorojo.com\/ca\/cataleg\/cuentos-de-hadas\/#breadcrumb","itemListElement":[{"@type":"ListItem","position":1,"name":"Portada","item":"https:\/\/librosdelzorrorojo.com\/ca\/"},{"@type":"ListItem","position":2,"name":"Cat\u00e0leg","item":"https:\/\/librosdelzorrorojo.com\/ca\/cataleg\/"},{"@type":"ListItem","position":3,"name":"Cuentos de hadas"}]},{"@type":"WebSite","@id":"https:\/\/librosdelzorrorojo.com\/#website","url":"https:\/\/librosdelzorrorojo.com\/","name":"Libros del Zorro Rojo","description":"Libros ilustrados","potentialAction":[{"@type":"SearchAction","target":{"@type":"EntryPoint","urlTemplate":"https:\/\/librosdelzorrorojo.com\/?s={search_term_string}"},"query-input":{"@type":"PropertyValueSpecification","valueRequired":true,"valueName":"search_term_string"}}],"inLanguage":"ca"}]}},"_links":{"self":[{"href":"https:\/\/librosdelzorrorojo.com\/ca\/wp-json\/wp\/v2\/product\/12177","targetHints":{"allow":["GET"]}}],"collection":[{"href":"https:\/\/librosdelzorrorojo.com\/ca\/wp-json\/wp\/v2\/product"}],"about":[{"href":"https:\/\/librosdelzorrorojo.com\/ca\/wp-json\/wp\/v2\/types\/product"}],"wp:featuredmedia":[{"embeddable":true,"href":"https:\/\/librosdelzorrorojo.com\/ca\/wp-json\/wp\/v2\/media\/27958"}],"wp:attachment":[{"href":"https:\/\/librosdelzorrorojo.com\/ca\/wp-json\/wp\/v2\/media?parent=12177"}],"wp:term":[{"taxonomy":"product_brand","embeddable":true,"href":"https:\/\/librosdelzorrorojo.com\/ca\/wp-json\/wp\/v2\/product_brand?post=12177"},{"taxonomy":"product_cat","embeddable":true,"href":"https:\/\/librosdelzorrorojo.com\/ca\/wp-json\/wp\/v2\/product_cat?post=12177"},{"taxonomy":"product_tag","embeddable":true,"href":"https:\/\/librosdelzorrorojo.com\/ca\/wp-json\/wp\/v2\/product_tag?post=12177"}],"curies":[{"name":"wp","href":"https:\/\/api.w.org\/{rel}","templated":true}]}}