{"id":12174,"date":"2015-05-13T12:00:31","date_gmt":"2015-05-13T10:00:31","guid":{"rendered":"https:\/\/librosdelzorrorojo.com\/catalogo\/los-diarios-de-adan-y-eva\/"},"modified":"2025-09-23T23:51:23","modified_gmt":"2025-09-23T21:51:23","slug":"los-diarios-de-adan-y-eva","status":"publish","type":"product","link":"https:\/\/librosdelzorrorojo.com\/ca\/cataleg\/los-diarios-de-adan-y-eva\/","title":{"rendered":"Los diarios de Ad\u00e1n y Eva"},"content":{"rendered":"<p dir=\"ltr\"><span style=\"font-weight: 400;\">Al cumplirse en 2010 cien a\u00f1os de la muerte de Mark Twain, Libros del Zorro Rojo public\u00f3 una edici\u00f3n especial de <\/span><i><span style=\"font-weight: 400;\">Los diarios de Ad\u00e1n y Eva<\/span><\/i><span style=\"font-weight: 400;\"> iluminada por el legendario dibujante Francisco Mel\u00e9ndez, figura esencial de la ilustraci\u00f3n contempor\u00e1nea en Espa\u00f1a; esta obra ahora se reedita para disfrute de los lectores en un nuevo formato.<\/span><\/p>\n<p dir=\"ltr\"><span style=\"font-weight: 400;\">Desde su publicaci\u00f3n original en 1906, <\/span><i><span style=\"font-weight: 400;\">Los diarios de Ad\u00e1n y Eva<\/span><\/i><span style=\"font-weight: 400;\"> no han perdido vigencia. Su pervivencia radica en una poderosa combinaci\u00f3n de humor y ternura: una gracia construida a base de finas iron\u00edas, un candor que recrea las m\u00e1s primitivas ingenuidades.<\/span><\/p>\n<p dir=\"ltr\"><span style=\"font-weight: 400;\">Para Twain, Eva es la encargada de dar nombre a las cosas, y este hecho la impone como la intelectual de la pareja. Ad\u00e1n, en tanto, presiente y se resigna a sus l\u00edmites <\/span><span style=\"font-weight: 400;\">\u2014<\/span><span style=\"font-weight: 400;\">\u00abLa nueva criatura le da un nombre a todo lo que aparece antes de que yo pueda protestar\u00bb<\/span><span style=\"font-weight: 400;\">\u2014<\/span><span style=\"font-weight: 400;\">; ocupado m\u00e1s en la contemplaci\u00f3n y ambicionando la quietud, discurre sus d\u00edas en la preparaci\u00f3n de refugios; en la obtenci\u00f3n de alimentos; o previendo cat\u00e1strofes <\/span><span style=\"font-weight: 400;\">\u2014<\/span><span style=\"font-weight: 400;\">\u00abElla dice que la serpiente le aconseja probar el fruto de ese \u00e1rbol y dice que el resultado ser\u00e1 una noble, bella y grandiosa educaci\u00f3n [\u2026]. Le aconsej\u00e9 que se mantuviera alejada del \u00e1rbol. Dijo que no lo har\u00eda. Preveo problemas. Emigrar\u00e9\u00bb<\/span><span style=\"font-weight: 400;\">\u2014<\/span><span style=\"font-weight: 400;\">.<\/span><\/p>\n<p dir=\"ltr\"><span style=\"font-weight: 400;\">Como se\u00f1ala Mar\u00eda Caballero Wang\u00fcemert, en <\/span><i><span style=\"font-weight: 400;\">Los diarios de Ad\u00e1n y Eva<\/span><\/i><span style=\"font-weight: 400;\">, \u00abTwain invierte el relato b\u00edblico donde el var\u00f3n organiza la creaci\u00f3n y nombra a los seres a imagen y semejanza divina. La mujer ha tomado el poder; Twain acusa el sufragismo norteamericano del XIX, se mueve desde los par\u00e1metros patriarcales, pero, como var\u00f3n, asume las incipientes cr\u00edticas a la futura revoluci\u00f3n femenina\u00bb.<\/span><\/p>\n<p><span style=\"font-weight: 400;\">\u00abUn texto <\/span><span style=\"font-weight: 400;\">\u2014<\/span><span style=\"font-weight: 400;\">escribi\u00f3 Borges<\/span><span style=\"font-weight: 400;\">\u2014<\/span><span style=\"font-weight: 400;\"> es tambi\u00e9n lo que el tiempo hace de \u00e9l.\u00bb Le\u00eddos a m\u00e1s de un siglo, estos diarios del para\u00edso brillan a\u00fan por el ingenio de su humor incombustible.<\/span><\/p>\n<p>&nbsp;<\/p>\n<p><img decoding=\"async\" src=\"https:\/\/librosdelzorrorojo.com\/wp-content\/uploads\/2021\/09\/DC-ICEC-horitzontal-cos12-bn-1-600x80.png\" alt=\"\" width=\"300\" height=\"40\" class=\"alignnone wp-image-23703\" srcset=\"https:\/\/librosdelzorrorojo.com\/wp-content\/uploads\/2021\/09\/DC-ICEC-horitzontal-cos12-bn-1-600x80.png 600w, https:\/\/librosdelzorrorojo.com\/wp-content\/uploads\/2021\/09\/DC-ICEC-horitzontal-cos12-bn-1-1024x137.png 1024w, https:\/\/librosdelzorrorojo.com\/wp-content\/uploads\/2021\/09\/DC-ICEC-horitzontal-cos12-bn-1-768x103.png 768w, https:\/\/librosdelzorrorojo.com\/wp-content\/uploads\/2021\/09\/DC-ICEC-horitzontal-cos12-bn-1-800x107.png 800w, https:\/\/librosdelzorrorojo.com\/wp-content\/uploads\/2021\/09\/DC-ICEC-horitzontal-cos12-bn-1.png 1482w\" sizes=\"(max-width: 300px) 100vw, 300px\" \/><\/p>\n<p>&nbsp;<\/p>\n<p>&nbsp;<\/p>\n","protected":false},"excerpt":{"rendered":"Al cumplirse en 2010 cien a\u00f1os de la muerte de Mark Twain, Libros del Zorro Rojo public\u00f3 una edici\u00f3n especial de <em>Los diarios de Ad\u00e1n y Eva<\/em> iluminada por el legendario dibujante Francisco Mel\u00e9ndez, figura m\u00edtica de la ilustraci\u00f3n contempor\u00e1nea; esta obra ahora se reedita para disfrute de los lectores en un nuevo formato.","protected":false},"featured_media":11893,"template":"","meta":{"_acf_changed":false},"product_brand":[],"product_cat":[844,3156],"product_tag":[],"class_list":{"0":"post-12174","1":"product","2":"type-product","3":"status-publish","4":"has-post-thumbnail","6":"product_cat-castella","7":"product_cat-juvenil-adult","9":"first","10":"instock","11":"taxable","12":"shipping-taxable","13":"purchasable","14":"product-type-variable"},"acf":[],"yoast_head":"<!-- This site is optimized with the Yoast SEO plugin v25.1 - https:\/\/yoast.com\/wordpress\/plugins\/seo\/ -->\n<title>Los diarios de Ad\u00e1n y Eva, r\u0153stica<\/title>\n<meta name=\"description\" content=\"Desde su publicaci\u00f3n original en 1906, Los diarios de Ad\u00e1n y Eva no han perdido vigencia. Su pervivencia radica en una combinaci\u00f3n de humor y ternura:\" \/>\n<meta name=\"robots\" content=\"index, follow, max-snippet:-1, max-image-preview:large, max-video-preview:-1\" \/>\n<link rel=\"canonical\" href=\"https:\/\/librosdelzorrorojo.com\/ca\/cataleg\/los-diarios-de-adan-y-eva\/\" \/>\n<meta property=\"og:locale\" content=\"ca_ES\" \/>\n<meta property=\"og:type\" content=\"article\" \/>\n<meta property=\"og:title\" content=\"Los diarios de Ad\u00e1n y Eva, r\u0153stica\" \/>\n<meta property=\"og:description\" content=\"Desde su publicaci\u00f3n original en 1906, Los diarios de Ad\u00e1n y Eva no han perdido vigencia. Su pervivencia radica en una combinaci\u00f3n de humor y ternura:\" \/>\n<meta property=\"og:url\" content=\"https:\/\/librosdelzorrorojo.com\/ca\/cataleg\/los-diarios-de-adan-y-eva\/\" \/>\n<meta property=\"og:site_name\" content=\"Libros del Zorro Rojo\" \/>\n<meta property=\"article:modified_time\" content=\"2025-09-23T21:51:23+00:00\" \/>\n<meta property=\"og:image\" content=\"https:\/\/librosdelzorrorojo.com\/wp-content\/uploads\/2015\/05\/ZR-Adan-y-Eva.gif\" \/>\n\t<meta property=\"og:image:width\" content=\"850\" \/>\n\t<meta property=\"og:image:height\" content=\"1244\" \/>\n\t<meta property=\"og:image:type\" content=\"image\/gif\" \/>\n<meta name=\"twitter:card\" content=\"summary_large_image\" \/>\n<meta name=\"twitter:label1\" content=\"Temps estimat de lectura\" \/>\n\t<meta name=\"twitter:data1\" content=\"2 minuts\" \/>\n<script type=\"application\/ld+json\" class=\"yoast-schema-graph\">{\"@context\":\"https:\/\/schema.org\",\"@graph\":[{\"@type\":\"WebPage\",\"@id\":\"https:\/\/librosdelzorrorojo.com\/ca\/cataleg\/los-diarios-de-adan-y-eva\/\",\"url\":\"https:\/\/librosdelzorrorojo.com\/ca\/cataleg\/los-diarios-de-adan-y-eva\/\",\"name\":\"Los diarios de Ad\u00e1n y Eva, r\u0153stica\",\"isPartOf\":{\"@id\":\"https:\/\/librosdelzorrorojo.com\/#website\"},\"primaryImageOfPage\":{\"@id\":\"https:\/\/librosdelzorrorojo.com\/ca\/cataleg\/los-diarios-de-adan-y-eva\/#primaryimage\"},\"image\":{\"@id\":\"https:\/\/librosdelzorrorojo.com\/ca\/cataleg\/los-diarios-de-adan-y-eva\/#primaryimage\"},\"thumbnailUrl\":\"https:\/\/librosdelzorrorojo.com\/wp-content\/uploads\/2015\/05\/ZR-Adan-y-Eva.gif\",\"datePublished\":\"2015-05-13T10:00:31+00:00\",\"dateModified\":\"2025-09-23T21:51:23+00:00\",\"description\":\"Desde su publicaci\u00f3n original en 1906, Los diarios de Ad\u00e1n y Eva no han perdido vigencia. Su pervivencia radica en una combinaci\u00f3n de humor y ternura:\",\"breadcrumb\":{\"@id\":\"https:\/\/librosdelzorrorojo.com\/ca\/cataleg\/los-diarios-de-adan-y-eva\/#breadcrumb\"},\"inLanguage\":\"ca\",\"potentialAction\":[{\"@type\":\"ReadAction\",\"target\":[\"https:\/\/librosdelzorrorojo.com\/ca\/cataleg\/los-diarios-de-adan-y-eva\/\"]}]},{\"@type\":\"ImageObject\",\"inLanguage\":\"ca\",\"@id\":\"https:\/\/librosdelzorrorojo.com\/ca\/cataleg\/los-diarios-de-adan-y-eva\/#primaryimage\",\"url\":\"https:\/\/librosdelzorrorojo.com\/wp-content\/uploads\/2015\/05\/ZR-Adan-y-Eva.gif\",\"contentUrl\":\"https:\/\/librosdelzorrorojo.com\/wp-content\/uploads\/2015\/05\/ZR-Adan-y-Eva.gif\",\"width\":850,\"height\":1244,\"caption\":\"ZR Adan y Eva\"},{\"@type\":\"BreadcrumbList\",\"@id\":\"https:\/\/librosdelzorrorojo.com\/ca\/cataleg\/los-diarios-de-adan-y-eva\/#breadcrumb\",\"itemListElement\":[{\"@type\":\"ListItem\",\"position\":1,\"name\":\"Portada\",\"item\":\"https:\/\/librosdelzorrorojo.com\/ca\/\"},{\"@type\":\"ListItem\",\"position\":2,\"name\":\"Cat\u00e0leg\",\"item\":\"https:\/\/librosdelzorrorojo.com\/ca\/cataleg\/\"},{\"@type\":\"ListItem\",\"position\":3,\"name\":\"Los diarios de Ad\u00e1n y Eva\"}]},{\"@type\":\"WebSite\",\"@id\":\"https:\/\/librosdelzorrorojo.com\/#website\",\"url\":\"https:\/\/librosdelzorrorojo.com\/\",\"name\":\"Libros del Zorro Rojo\",\"description\":\"Libros ilustrados\",\"potentialAction\":[{\"@type\":\"SearchAction\",\"target\":{\"@type\":\"EntryPoint\",\"urlTemplate\":\"https:\/\/librosdelzorrorojo.com\/?s={search_term_string}\"},\"query-input\":{\"@type\":\"PropertyValueSpecification\",\"valueRequired\":true,\"valueName\":\"search_term_string\"}}],\"inLanguage\":\"ca\"}]}<\/script>\n<!-- \/ Yoast SEO plugin. -->","yoast_head_json":{"title":"Los diarios de Ad\u00e1n y Eva, r\u0153stica","description":"Desde su publicaci\u00f3n original en 1906, Los diarios de Ad\u00e1n y Eva no han perdido vigencia. Su pervivencia radica en una combinaci\u00f3n de humor y ternura:","robots":{"index":"index","follow":"follow","max-snippet":"max-snippet:-1","max-image-preview":"max-image-preview:large","max-video-preview":"max-video-preview:-1"},"canonical":"https:\/\/librosdelzorrorojo.com\/ca\/cataleg\/los-diarios-de-adan-y-eva\/","og_locale":"ca_ES","og_type":"article","og_title":"Los diarios de Ad\u00e1n y Eva, r\u0153stica","og_description":"Desde su publicaci\u00f3n original en 1906, Los diarios de Ad\u00e1n y Eva no han perdido vigencia. Su pervivencia radica en una combinaci\u00f3n de humor y ternura:","og_url":"https:\/\/librosdelzorrorojo.com\/ca\/cataleg\/los-diarios-de-adan-y-eva\/","og_site_name":"Libros del Zorro Rojo","article_modified_time":"2025-09-23T21:51:23+00:00","og_image":[{"width":850,"height":1244,"url":"https:\/\/librosdelzorrorojo.com\/wp-content\/uploads\/2015\/05\/ZR-Adan-y-Eva.gif","type":"image\/gif"}],"twitter_card":"summary_large_image","twitter_misc":{"Temps estimat de lectura":"2 minuts"},"schema":{"@context":"https:\/\/schema.org","@graph":[{"@type":"WebPage","@id":"https:\/\/librosdelzorrorojo.com\/ca\/cataleg\/los-diarios-de-adan-y-eva\/","url":"https:\/\/librosdelzorrorojo.com\/ca\/cataleg\/los-diarios-de-adan-y-eva\/","name":"Los diarios de Ad\u00e1n y Eva, r\u0153stica","isPartOf":{"@id":"https:\/\/librosdelzorrorojo.com\/#website"},"primaryImageOfPage":{"@id":"https:\/\/librosdelzorrorojo.com\/ca\/cataleg\/los-diarios-de-adan-y-eva\/#primaryimage"},"image":{"@id":"https:\/\/librosdelzorrorojo.com\/ca\/cataleg\/los-diarios-de-adan-y-eva\/#primaryimage"},"thumbnailUrl":"https:\/\/librosdelzorrorojo.com\/wp-content\/uploads\/2015\/05\/ZR-Adan-y-Eva.gif","datePublished":"2015-05-13T10:00:31+00:00","dateModified":"2025-09-23T21:51:23+00:00","description":"Desde su publicaci\u00f3n original en 1906, Los diarios de Ad\u00e1n y Eva no han perdido vigencia. Su pervivencia radica en una combinaci\u00f3n de humor y ternura:","breadcrumb":{"@id":"https:\/\/librosdelzorrorojo.com\/ca\/cataleg\/los-diarios-de-adan-y-eva\/#breadcrumb"},"inLanguage":"ca","potentialAction":[{"@type":"ReadAction","target":["https:\/\/librosdelzorrorojo.com\/ca\/cataleg\/los-diarios-de-adan-y-eva\/"]}]},{"@type":"ImageObject","inLanguage":"ca","@id":"https:\/\/librosdelzorrorojo.com\/ca\/cataleg\/los-diarios-de-adan-y-eva\/#primaryimage","url":"https:\/\/librosdelzorrorojo.com\/wp-content\/uploads\/2015\/05\/ZR-Adan-y-Eva.gif","contentUrl":"https:\/\/librosdelzorrorojo.com\/wp-content\/uploads\/2015\/05\/ZR-Adan-y-Eva.gif","width":850,"height":1244,"caption":"ZR Adan y Eva"},{"@type":"BreadcrumbList","@id":"https:\/\/librosdelzorrorojo.com\/ca\/cataleg\/los-diarios-de-adan-y-eva\/#breadcrumb","itemListElement":[{"@type":"ListItem","position":1,"name":"Portada","item":"https:\/\/librosdelzorrorojo.com\/ca\/"},{"@type":"ListItem","position":2,"name":"Cat\u00e0leg","item":"https:\/\/librosdelzorrorojo.com\/ca\/cataleg\/"},{"@type":"ListItem","position":3,"name":"Los diarios de Ad\u00e1n y Eva"}]},{"@type":"WebSite","@id":"https:\/\/librosdelzorrorojo.com\/#website","url":"https:\/\/librosdelzorrorojo.com\/","name":"Libros del Zorro Rojo","description":"Libros ilustrados","potentialAction":[{"@type":"SearchAction","target":{"@type":"EntryPoint","urlTemplate":"https:\/\/librosdelzorrorojo.com\/?s={search_term_string}"},"query-input":{"@type":"PropertyValueSpecification","valueRequired":true,"valueName":"search_term_string"}}],"inLanguage":"ca"}]}},"_links":{"self":[{"href":"https:\/\/librosdelzorrorojo.com\/ca\/wp-json\/wp\/v2\/product\/12174","targetHints":{"allow":["GET"]}}],"collection":[{"href":"https:\/\/librosdelzorrorojo.com\/ca\/wp-json\/wp\/v2\/product"}],"about":[{"href":"https:\/\/librosdelzorrorojo.com\/ca\/wp-json\/wp\/v2\/types\/product"}],"wp:featuredmedia":[{"embeddable":true,"href":"https:\/\/librosdelzorrorojo.com\/ca\/wp-json\/wp\/v2\/media\/11893"}],"wp:attachment":[{"href":"https:\/\/librosdelzorrorojo.com\/ca\/wp-json\/wp\/v2\/media?parent=12174"}],"wp:term":[{"taxonomy":"product_brand","embeddable":true,"href":"https:\/\/librosdelzorrorojo.com\/ca\/wp-json\/wp\/v2\/product_brand?post=12174"},{"taxonomy":"product_cat","embeddable":true,"href":"https:\/\/librosdelzorrorojo.com\/ca\/wp-json\/wp\/v2\/product_cat?post=12174"},{"taxonomy":"product_tag","embeddable":true,"href":"https:\/\/librosdelzorrorojo.com\/ca\/wp-json\/wp\/v2\/product_tag?post=12174"}],"curies":[{"name":"wp","href":"https:\/\/api.w.org\/{rel}","templated":true}]}}