{"id":12168,"date":"2015-05-20T12:00:29","date_gmt":"2015-05-20T10:00:29","guid":{"rendered":"https:\/\/librosdelzorrorojo.com\/catalogo\/crimenes-ejemplares\/"},"modified":"2024-03-01T09:17:33","modified_gmt":"2024-03-01T08:17:33","slug":"crimenes-ejemplares","status":"publish","type":"product","link":"https:\/\/librosdelzorrorojo.com\/ca\/cataleg\/crimenes-ejemplares\/","title":{"rendered":"Cr\u00edmenes ejemplares"},"content":{"rendered":"<p dir=\"ltr\"><span style=\"font-weight: 400\">Los <\/span><i><span style=\"font-weight: 400\">Cr\u00edmenes ejemplares<\/span><\/i><span style=\"font-weight: 400\"> son un compendio de testimonios an\u00f3nimos que muestran los razonables y, al mismo tiempo, disparatados motivos que llevaron a sus autores a cometerlos. En este sentido, la de Max Aub no es sino una confesi\u00f3n m\u00e1s, que abre el libro: \u00abMe declaro culpable y no quiero ser perdonado. Estos textos \u2014dejo constancia\u2014 no tienen segundas intenciones: puro sentimiento\u00bb.<\/span><\/p>\n<p dir=\"ltr\"><span style=\"font-weight: 400\">Todos conocemos al Liniers historietista por su tira c\u00f3mica <\/span><i><span style=\"font-weight: 400\">Macanudo<\/span><\/i><span style=\"font-weight: 400\">, que comenz\u00f3 a publicarse en 2002 en Argentina y que hoy en d\u00eda se edita en multitud de pa\u00edses. Cualquiera puede identificar su estilo aparentemente ingenuo o su uso del factor sorpresa como generador del humor absurdo, pero es otro Liniers el que descubrimos en las p\u00e1ginas de los<\/span><i><span style=\"font-weight: 400\"> Cr\u00edmenes ejemplares<\/span><\/i><span style=\"font-weight: 400\">. Sin perder de vista sus t\u00e9cnicas de composici\u00f3n siempre tradicionales <\/span><span style=\"font-weight: 400\">\u2014<\/span><span style=\"font-weight: 400\">la tinta china y la acuarela en lugar del dibujo por ordenador<\/span><span style=\"font-weight: 400\">\u2014<\/span><span style=\"font-weight: 400\"> ni la experimentaci\u00f3n constante que caracteriza su producci\u00f3n, Liniers abandona aqu\u00ed su estilo m\u00e1s contenido para dialogar con los rasgos esenciales de la obra de Aub, para dibujar la violencia y hacerlo con violencia, pues sus trazos r\u00e1pidos como cuchillazos en una atinada bicrom\u00eda de rojo y negro acompa\u00f1an la serie de brev\u00edsimos textos que componen los <\/span><i><span style=\"font-weight: 400\">Cr\u00edmenes<\/span><\/i><span style=\"font-weight: 400\">.<\/span><\/p>\n<p dir=\"ltr\"><span style=\"font-weight: 400\">Impregnados de un potente humor negro y una fuerte irreverencia formal, Max Aub escribi\u00f3 estos cr\u00edmenes a lo largo de muchos a\u00f1os. Puesto que fue quitando y a\u00f1adiendo textos, pr\u00e1cticamente no existen dos ediciones iguales del libro. En ellos, lo grotesco del crimen se trabaja a trav\u00e9s de la repetici\u00f3n creativa, como \u00e9l mismo explica: \u00abSiempre que pude, evit\u00e9 la monoton\u00eda, que es otro crimen\u00bb.<\/span><\/p>\n<p dir=\"ltr\"><span style=\"font-weight: 400\">Leer, re\u00edr y reflexionar son un mismo fruto que madura a trav\u00e9s de las p\u00e1ginas de este libro, compuesto no solo de cr\u00edmenes, sino tambi\u00e9n de secciones tan variopintas como \u00abDe suicidios\u00bb y \u00abDe gastronom\u00eda\u00bb, y que hemos querido cerrar, como corresponde, con la secci\u00f3n \u00abEpitafios\u00bb.<\/span><\/p>\n","protected":false},"excerpt":{"rendered":"Los <em>Cr\u00edmenes ejemplares<\/em> son un compendio de testimonios an\u00f3nimos que muestran los razonables y al mismo tiempo disparatados motivos que llevaron a sus autores a cometerlos. En este sentido, la de Max Aub no es sino una confesi\u00f3n m\u00e1s, que abre el libro: \u00abMe declaro culpable y no quiero ser perdonado. Estos textos \u2014dejo constancia\u2014 no tienen segundas intenciones: puro sentimiento\u00bb.","protected":false},"featured_media":12169,"template":"","meta":{"_acf_changed":false},"product_brand":[],"product_cat":[844,3156],"product_tag":[],"class_list":{"0":"post-12168","1":"product","2":"type-product","3":"status-publish","4":"has-post-thumbnail","6":"product_cat-castella","7":"product_cat-juvenil-adult","9":"first","10":"instock","11":"taxable","12":"shipping-taxable","13":"purchasable","14":"product-type-simple"},"acf":[],"yoast_head":"<!-- This site is optimized with the Yoast SEO plugin v25.1 - https:\/\/yoast.com\/wordpress\/plugins\/seo\/ -->\n<title>Cr\u00edmenes ejemplares<\/title>\n<meta name=\"description\" content=\"Impregnados de un potente humor negro y una fuerte irreverencia formal, Max Aub escribi\u00f3 estos cr\u00edmenes a lo largo de muchos a\u00f1os.\" \/>\n<meta name=\"robots\" content=\"index, follow, max-snippet:-1, max-image-preview:large, max-video-preview:-1\" \/>\n<link rel=\"canonical\" href=\"https:\/\/librosdelzorrorojo.com\/ca\/cataleg\/crimenes-ejemplares\/\" \/>\n<meta property=\"og:locale\" content=\"ca_ES\" \/>\n<meta property=\"og:type\" content=\"article\" \/>\n<meta property=\"og:title\" content=\"Cr\u00edmenes ejemplares - Libros del Zorro Rojo\" \/>\n<meta property=\"og:description\" content=\"Impregnados de un potente humor negro y una fuerte irreverencia formal, Max Aub escribi\u00f3 estos cr\u00edmenes a lo largo de muchos a\u00f1os.\" \/>\n<meta property=\"og:url\" content=\"https:\/\/librosdelzorrorojo.com\/ca\/cataleg\/crimenes-ejemplares\/\" \/>\n<meta property=\"og:site_name\" content=\"Libros del Zorro Rojo\" \/>\n<meta property=\"article:modified_time\" content=\"2024-03-01T08:17:33+00:00\" \/>\n<meta property=\"og:image\" content=\"https:\/\/librosdelzorrorojo.com\/wp-content\/uploads\/2015\/05\/CrimenesEjemplares2_1200x1200.png\" \/>\n\t<meta property=\"og:image:width\" content=\"1200\" \/>\n\t<meta property=\"og:image:height\" content=\"1200\" \/>\n\t<meta property=\"og:image:type\" content=\"image\/png\" \/>\n<meta name=\"twitter:card\" content=\"summary_large_image\" \/>\n<meta name=\"twitter:label1\" content=\"Temps estimat de lectura\" \/>\n\t<meta name=\"twitter:data1\" content=\"2 minuts\" \/>\n<script type=\"application\/ld+json\" class=\"yoast-schema-graph\">{\"@context\":\"https:\/\/schema.org\",\"@graph\":[{\"@type\":\"WebPage\",\"@id\":\"https:\/\/librosdelzorrorojo.com\/ca\/cataleg\/crimenes-ejemplares\/\",\"url\":\"https:\/\/librosdelzorrorojo.com\/ca\/cataleg\/crimenes-ejemplares\/\",\"name\":\"Cr\u00edmenes ejemplares\",\"isPartOf\":{\"@id\":\"https:\/\/librosdelzorrorojo.com\/#website\"},\"primaryImageOfPage\":{\"@id\":\"https:\/\/librosdelzorrorojo.com\/ca\/cataleg\/crimenes-ejemplares\/#primaryimage\"},\"image\":{\"@id\":\"https:\/\/librosdelzorrorojo.com\/ca\/cataleg\/crimenes-ejemplares\/#primaryimage\"},\"thumbnailUrl\":\"https:\/\/librosdelzorrorojo.com\/wp-content\/uploads\/2015\/05\/Cover_CrimenesEjemplares.jpg\",\"datePublished\":\"2015-05-20T10:00:29+00:00\",\"dateModified\":\"2024-03-01T08:17:33+00:00\",\"description\":\"Impregnados de un potente humor negro y una fuerte irreverencia formal, Max Aub escribi\u00f3 estos cr\u00edmenes a lo largo de muchos a\u00f1os.\",\"breadcrumb\":{\"@id\":\"https:\/\/librosdelzorrorojo.com\/ca\/cataleg\/crimenes-ejemplares\/#breadcrumb\"},\"inLanguage\":\"ca\",\"potentialAction\":[{\"@type\":\"ReadAction\",\"target\":[\"https:\/\/librosdelzorrorojo.com\/ca\/cataleg\/crimenes-ejemplares\/\"]}]},{\"@type\":\"ImageObject\",\"inLanguage\":\"ca\",\"@id\":\"https:\/\/librosdelzorrorojo.com\/ca\/cataleg\/crimenes-ejemplares\/#primaryimage\",\"url\":\"https:\/\/librosdelzorrorojo.com\/wp-content\/uploads\/2015\/05\/Cover_CrimenesEjemplares.jpg\",\"contentUrl\":\"https:\/\/librosdelzorrorojo.com\/wp-content\/uploads\/2015\/05\/Cover_CrimenesEjemplares.jpg\",\"width\":1027,\"height\":1457,\"caption\":\"Cover CrimenesEjemplares\"},{\"@type\":\"BreadcrumbList\",\"@id\":\"https:\/\/librosdelzorrorojo.com\/ca\/cataleg\/crimenes-ejemplares\/#breadcrumb\",\"itemListElement\":[{\"@type\":\"ListItem\",\"position\":1,\"name\":\"Portada\",\"item\":\"https:\/\/librosdelzorrorojo.com\/ca\/\"},{\"@type\":\"ListItem\",\"position\":2,\"name\":\"Cat\u00e0leg\",\"item\":\"https:\/\/librosdelzorrorojo.com\/ca\/cataleg\/\"},{\"@type\":\"ListItem\",\"position\":3,\"name\":\"Cr\u00edmenes ejemplares\"}]},{\"@type\":\"WebSite\",\"@id\":\"https:\/\/librosdelzorrorojo.com\/#website\",\"url\":\"https:\/\/librosdelzorrorojo.com\/\",\"name\":\"Libros del Zorro Rojo\",\"description\":\"Libros ilustrados\",\"potentialAction\":[{\"@type\":\"SearchAction\",\"target\":{\"@type\":\"EntryPoint\",\"urlTemplate\":\"https:\/\/librosdelzorrorojo.com\/?s={search_term_string}\"},\"query-input\":{\"@type\":\"PropertyValueSpecification\",\"valueRequired\":true,\"valueName\":\"search_term_string\"}}],\"inLanguage\":\"ca\"}]}<\/script>\n<!-- \/ Yoast SEO plugin. -->","yoast_head_json":{"title":"Cr\u00edmenes ejemplares","description":"Impregnados de un potente humor negro y una fuerte irreverencia formal, Max Aub escribi\u00f3 estos cr\u00edmenes a lo largo de muchos a\u00f1os.","robots":{"index":"index","follow":"follow","max-snippet":"max-snippet:-1","max-image-preview":"max-image-preview:large","max-video-preview":"max-video-preview:-1"},"canonical":"https:\/\/librosdelzorrorojo.com\/ca\/cataleg\/crimenes-ejemplares\/","og_locale":"ca_ES","og_type":"article","og_title":"Cr\u00edmenes ejemplares - Libros del Zorro Rojo","og_description":"Impregnados de un potente humor negro y una fuerte irreverencia formal, Max Aub escribi\u00f3 estos cr\u00edmenes a lo largo de muchos a\u00f1os.","og_url":"https:\/\/librosdelzorrorojo.com\/ca\/cataleg\/crimenes-ejemplares\/","og_site_name":"Libros del Zorro Rojo","article_modified_time":"2024-03-01T08:17:33+00:00","og_image":[{"width":1200,"height":1200,"url":"https:\/\/librosdelzorrorojo.com\/wp-content\/uploads\/2015\/05\/CrimenesEjemplares2_1200x1200.png","type":"image\/png"}],"twitter_card":"summary_large_image","twitter_misc":{"Temps estimat de lectura":"2 minuts"},"schema":{"@context":"https:\/\/schema.org","@graph":[{"@type":"WebPage","@id":"https:\/\/librosdelzorrorojo.com\/ca\/cataleg\/crimenes-ejemplares\/","url":"https:\/\/librosdelzorrorojo.com\/ca\/cataleg\/crimenes-ejemplares\/","name":"Cr\u00edmenes ejemplares","isPartOf":{"@id":"https:\/\/librosdelzorrorojo.com\/#website"},"primaryImageOfPage":{"@id":"https:\/\/librosdelzorrorojo.com\/ca\/cataleg\/crimenes-ejemplares\/#primaryimage"},"image":{"@id":"https:\/\/librosdelzorrorojo.com\/ca\/cataleg\/crimenes-ejemplares\/#primaryimage"},"thumbnailUrl":"https:\/\/librosdelzorrorojo.com\/wp-content\/uploads\/2015\/05\/Cover_CrimenesEjemplares.jpg","datePublished":"2015-05-20T10:00:29+00:00","dateModified":"2024-03-01T08:17:33+00:00","description":"Impregnados de un potente humor negro y una fuerte irreverencia formal, Max Aub escribi\u00f3 estos cr\u00edmenes a lo largo de muchos a\u00f1os.","breadcrumb":{"@id":"https:\/\/librosdelzorrorojo.com\/ca\/cataleg\/crimenes-ejemplares\/#breadcrumb"},"inLanguage":"ca","potentialAction":[{"@type":"ReadAction","target":["https:\/\/librosdelzorrorojo.com\/ca\/cataleg\/crimenes-ejemplares\/"]}]},{"@type":"ImageObject","inLanguage":"ca","@id":"https:\/\/librosdelzorrorojo.com\/ca\/cataleg\/crimenes-ejemplares\/#primaryimage","url":"https:\/\/librosdelzorrorojo.com\/wp-content\/uploads\/2015\/05\/Cover_CrimenesEjemplares.jpg","contentUrl":"https:\/\/librosdelzorrorojo.com\/wp-content\/uploads\/2015\/05\/Cover_CrimenesEjemplares.jpg","width":1027,"height":1457,"caption":"Cover CrimenesEjemplares"},{"@type":"BreadcrumbList","@id":"https:\/\/librosdelzorrorojo.com\/ca\/cataleg\/crimenes-ejemplares\/#breadcrumb","itemListElement":[{"@type":"ListItem","position":1,"name":"Portada","item":"https:\/\/librosdelzorrorojo.com\/ca\/"},{"@type":"ListItem","position":2,"name":"Cat\u00e0leg","item":"https:\/\/librosdelzorrorojo.com\/ca\/cataleg\/"},{"@type":"ListItem","position":3,"name":"Cr\u00edmenes ejemplares"}]},{"@type":"WebSite","@id":"https:\/\/librosdelzorrorojo.com\/#website","url":"https:\/\/librosdelzorrorojo.com\/","name":"Libros del Zorro Rojo","description":"Libros ilustrados","potentialAction":[{"@type":"SearchAction","target":{"@type":"EntryPoint","urlTemplate":"https:\/\/librosdelzorrorojo.com\/?s={search_term_string}"},"query-input":{"@type":"PropertyValueSpecification","valueRequired":true,"valueName":"search_term_string"}}],"inLanguage":"ca"}]}},"_links":{"self":[{"href":"https:\/\/librosdelzorrorojo.com\/ca\/wp-json\/wp\/v2\/product\/12168","targetHints":{"allow":["GET"]}}],"collection":[{"href":"https:\/\/librosdelzorrorojo.com\/ca\/wp-json\/wp\/v2\/product"}],"about":[{"href":"https:\/\/librosdelzorrorojo.com\/ca\/wp-json\/wp\/v2\/types\/product"}],"wp:featuredmedia":[{"embeddable":true,"href":"https:\/\/librosdelzorrorojo.com\/ca\/wp-json\/wp\/v2\/media\/12169"}],"wp:attachment":[{"href":"https:\/\/librosdelzorrorojo.com\/ca\/wp-json\/wp\/v2\/media?parent=12168"}],"wp:term":[{"taxonomy":"product_brand","embeddable":true,"href":"https:\/\/librosdelzorrorojo.com\/ca\/wp-json\/wp\/v2\/product_brand?post=12168"},{"taxonomy":"product_cat","embeddable":true,"href":"https:\/\/librosdelzorrorojo.com\/ca\/wp-json\/wp\/v2\/product_cat?post=12168"},{"taxonomy":"product_tag","embeddable":true,"href":"https:\/\/librosdelzorrorojo.com\/ca\/wp-json\/wp\/v2\/product_tag?post=12168"}],"curies":[{"name":"wp","href":"https:\/\/api.w.org\/{rel}","templated":true}]}}