{"id":12167,"date":"2015-06-15T15:02:09","date_gmt":"2015-06-15T13:02:09","guid":{"rendered":"https:\/\/librosdelzorrorojo.com\/catalogo\/el-curioso-sofa\/"},"modified":"2025-08-28T15:20:28","modified_gmt":"2025-08-28T13:20:28","slug":"el-curioso-sofa","status":"publish","type":"product","link":"https:\/\/librosdelzorrorojo.com\/ca\/cataleg\/el-curioso-sofa\/","title":{"rendered":"El curioso sof\u00e1"},"content":{"rendered":"<p><em>El curioso sof\u00e1\u00a0<\/em>(1961), cl\u00e1sico de Edward Gorey firmado con el seud\u00f3nimo de Ogdred Weary, es una hilarante parodia de los t\u00f3picos de la literatura pornogr\u00e1fica.<\/p>\n<p>Poblada de caballeros bien dotados, doncellas deliciosamente simp\u00e1ticas, perros inmorales, admin\u00edculos sorprendentes, juegos excitantes, fiestas libertinas y un inquietante sof\u00e1, esta obra maestra de la imaginaci\u00f3n er\u00f3tica confirma que el principal \u00f3rgano sexual humano es el cerebro.<\/p>\n","protected":false},"excerpt":{"rendered":"<em>El curioso sof\u00e1\u00a0<\/em>(1961), cl\u00e1sico de Edward Gorey firmado con el seud\u00f3nimo de Ogdred Weary, es una hilarante parodia de los t\u00f3picos de la literatura pornogr\u00e1fica.","protected":false},"featured_media":9481,"template":"","meta":{"_acf_changed":false},"product_brand":[],"product_cat":[844,3156],"product_tag":[],"class_list":{"0":"post-12167","1":"product","2":"type-product","3":"status-publish","4":"has-post-thumbnail","6":"product_cat-castella","7":"product_cat-juvenil-adult","9":"first","10":"instock","11":"taxable","12":"shipping-taxable","13":"purchasable","14":"product-type-simple"},"acf":[],"yoast_head":"<!-- This site is optimized with the Yoast SEO plugin v25.1 - https:\/\/yoast.com\/wordpress\/plugins\/seo\/ -->\n<title>El curioso sof\u00e1 - Libros del Zorro Rojo<\/title>\n<meta name=\"description\" content=\"El curioso sof\u00e1\u00a0cl\u00e1sico de Edward Gorey firmado con el seud\u00f3nimo de Ogdred Weary, es una hilarante parodia de los t\u00f3picos de la literatura pornogr\u00e1fica.\" \/>\n<meta name=\"robots\" content=\"index, follow, max-snippet:-1, max-image-preview:large, max-video-preview:-1\" \/>\n<link rel=\"canonical\" href=\"https:\/\/librosdelzorrorojo.com\/ca\/cataleg\/el-curioso-sofa\/\" \/>\n<meta property=\"og:locale\" content=\"ca_ES\" \/>\n<meta property=\"og:type\" content=\"article\" \/>\n<meta property=\"og:title\" content=\"El curioso sof\u00e1 - Libros del Zorro Rojo\" \/>\n<meta property=\"og:description\" content=\"El curioso sof\u00e1\u00a0cl\u00e1sico de Edward Gorey firmado con el seud\u00f3nimo de Ogdred Weary, es una hilarante parodia de los t\u00f3picos de la literatura pornogr\u00e1fica.\" \/>\n<meta property=\"og:url\" content=\"https:\/\/librosdelzorrorojo.com\/ca\/cataleg\/el-curioso-sofa\/\" \/>\n<meta property=\"og:site_name\" content=\"Libros del Zorro Rojo\" \/>\n<meta property=\"article:modified_time\" content=\"2025-08-28T13:20:28+00:00\" \/>\n<meta property=\"og:image\" content=\"https:\/\/librosdelzorrorojo.com\/wp-content\/uploads\/2018\/06\/Cover_El-curioso-sofa-2.jpg\" \/>\n\t<meta property=\"og:image:width\" content=\"850\" \/>\n\t<meta property=\"og:image:height\" content=\"864\" \/>\n\t<meta property=\"og:image:type\" content=\"image\/jpeg\" \/>\n<meta name=\"twitter:card\" content=\"summary_large_image\" \/>\n<script type=\"application\/ld+json\" class=\"yoast-schema-graph\">{\"@context\":\"https:\/\/schema.org\",\"@graph\":[{\"@type\":\"WebPage\",\"@id\":\"https:\/\/librosdelzorrorojo.com\/ca\/cataleg\/el-curioso-sofa\/\",\"url\":\"https:\/\/librosdelzorrorojo.com\/ca\/cataleg\/el-curioso-sofa\/\",\"name\":\"El curioso sof\u00e1 - Libros del Zorro Rojo\",\"isPartOf\":{\"@id\":\"https:\/\/librosdelzorrorojo.com\/#website\"},\"primaryImageOfPage\":{\"@id\":\"https:\/\/librosdelzorrorojo.com\/ca\/cataleg\/el-curioso-sofa\/#primaryimage\"},\"image\":{\"@id\":\"https:\/\/librosdelzorrorojo.com\/ca\/cataleg\/el-curioso-sofa\/#primaryimage\"},\"thumbnailUrl\":\"https:\/\/librosdelzorrorojo.com\/wp-content\/uploads\/2018\/06\/Cover_El-curioso-sofa-2.jpg\",\"datePublished\":\"2015-06-15T13:02:09+00:00\",\"dateModified\":\"2025-08-28T13:20:28+00:00\",\"description\":\"El curioso sof\u00e1\u00a0cl\u00e1sico de Edward Gorey firmado con el seud\u00f3nimo de Ogdred Weary, es una hilarante parodia de los t\u00f3picos de la literatura pornogr\u00e1fica.\",\"breadcrumb\":{\"@id\":\"https:\/\/librosdelzorrorojo.com\/ca\/cataleg\/el-curioso-sofa\/#breadcrumb\"},\"inLanguage\":\"ca\",\"potentialAction\":[{\"@type\":\"ReadAction\",\"target\":[\"https:\/\/librosdelzorrorojo.com\/ca\/cataleg\/el-curioso-sofa\/\"]}]},{\"@type\":\"ImageObject\",\"inLanguage\":\"ca\",\"@id\":\"https:\/\/librosdelzorrorojo.com\/ca\/cataleg\/el-curioso-sofa\/#primaryimage\",\"url\":\"https:\/\/librosdelzorrorojo.com\/wp-content\/uploads\/2018\/06\/Cover_El-curioso-sofa-2.jpg\",\"contentUrl\":\"https:\/\/librosdelzorrorojo.com\/wp-content\/uploads\/2018\/06\/Cover_El-curioso-sofa-2.jpg\",\"width\":850,\"height\":864,\"caption\":\"Cover El curioso sofa 2\"},{\"@type\":\"BreadcrumbList\",\"@id\":\"https:\/\/librosdelzorrorojo.com\/ca\/cataleg\/el-curioso-sofa\/#breadcrumb\",\"itemListElement\":[{\"@type\":\"ListItem\",\"position\":1,\"name\":\"Portada\",\"item\":\"https:\/\/librosdelzorrorojo.com\/ca\/\"},{\"@type\":\"ListItem\",\"position\":2,\"name\":\"Cat\u00e0leg\",\"item\":\"https:\/\/librosdelzorrorojo.com\/ca\/cataleg\/\"},{\"@type\":\"ListItem\",\"position\":3,\"name\":\"El curioso sof\u00e1\"}]},{\"@type\":\"WebSite\",\"@id\":\"https:\/\/librosdelzorrorojo.com\/#website\",\"url\":\"https:\/\/librosdelzorrorojo.com\/\",\"name\":\"Libros del Zorro Rojo\",\"description\":\"Libros ilustrados\",\"potentialAction\":[{\"@type\":\"SearchAction\",\"target\":{\"@type\":\"EntryPoint\",\"urlTemplate\":\"https:\/\/librosdelzorrorojo.com\/?s={search_term_string}\"},\"query-input\":{\"@type\":\"PropertyValueSpecification\",\"valueRequired\":true,\"valueName\":\"search_term_string\"}}],\"inLanguage\":\"ca\"}]}<\/script>\n<!-- \/ Yoast SEO plugin. -->","yoast_head_json":{"title":"El curioso sof\u00e1 - Libros del Zorro Rojo","description":"El curioso sof\u00e1\u00a0cl\u00e1sico de Edward Gorey firmado con el seud\u00f3nimo de Ogdred Weary, es una hilarante parodia de los t\u00f3picos de la literatura pornogr\u00e1fica.","robots":{"index":"index","follow":"follow","max-snippet":"max-snippet:-1","max-image-preview":"max-image-preview:large","max-video-preview":"max-video-preview:-1"},"canonical":"https:\/\/librosdelzorrorojo.com\/ca\/cataleg\/el-curioso-sofa\/","og_locale":"ca_ES","og_type":"article","og_title":"El curioso sof\u00e1 - Libros del Zorro Rojo","og_description":"El curioso sof\u00e1\u00a0cl\u00e1sico de Edward Gorey firmado con el seud\u00f3nimo de Ogdred Weary, es una hilarante parodia de los t\u00f3picos de la literatura pornogr\u00e1fica.","og_url":"https:\/\/librosdelzorrorojo.com\/ca\/cataleg\/el-curioso-sofa\/","og_site_name":"Libros del Zorro Rojo","article_modified_time":"2025-08-28T13:20:28+00:00","og_image":[{"width":850,"height":864,"url":"https:\/\/librosdelzorrorojo.com\/wp-content\/uploads\/2018\/06\/Cover_El-curioso-sofa-2.jpg","type":"image\/jpeg"}],"twitter_card":"summary_large_image","schema":{"@context":"https:\/\/schema.org","@graph":[{"@type":"WebPage","@id":"https:\/\/librosdelzorrorojo.com\/ca\/cataleg\/el-curioso-sofa\/","url":"https:\/\/librosdelzorrorojo.com\/ca\/cataleg\/el-curioso-sofa\/","name":"El curioso sof\u00e1 - Libros del Zorro Rojo","isPartOf":{"@id":"https:\/\/librosdelzorrorojo.com\/#website"},"primaryImageOfPage":{"@id":"https:\/\/librosdelzorrorojo.com\/ca\/cataleg\/el-curioso-sofa\/#primaryimage"},"image":{"@id":"https:\/\/librosdelzorrorojo.com\/ca\/cataleg\/el-curioso-sofa\/#primaryimage"},"thumbnailUrl":"https:\/\/librosdelzorrorojo.com\/wp-content\/uploads\/2018\/06\/Cover_El-curioso-sofa-2.jpg","datePublished":"2015-06-15T13:02:09+00:00","dateModified":"2025-08-28T13:20:28+00:00","description":"El curioso sof\u00e1\u00a0cl\u00e1sico de Edward Gorey firmado con el seud\u00f3nimo de Ogdred Weary, es una hilarante parodia de los t\u00f3picos de la literatura pornogr\u00e1fica.","breadcrumb":{"@id":"https:\/\/librosdelzorrorojo.com\/ca\/cataleg\/el-curioso-sofa\/#breadcrumb"},"inLanguage":"ca","potentialAction":[{"@type":"ReadAction","target":["https:\/\/librosdelzorrorojo.com\/ca\/cataleg\/el-curioso-sofa\/"]}]},{"@type":"ImageObject","inLanguage":"ca","@id":"https:\/\/librosdelzorrorojo.com\/ca\/cataleg\/el-curioso-sofa\/#primaryimage","url":"https:\/\/librosdelzorrorojo.com\/wp-content\/uploads\/2018\/06\/Cover_El-curioso-sofa-2.jpg","contentUrl":"https:\/\/librosdelzorrorojo.com\/wp-content\/uploads\/2018\/06\/Cover_El-curioso-sofa-2.jpg","width":850,"height":864,"caption":"Cover El curioso sofa 2"},{"@type":"BreadcrumbList","@id":"https:\/\/librosdelzorrorojo.com\/ca\/cataleg\/el-curioso-sofa\/#breadcrumb","itemListElement":[{"@type":"ListItem","position":1,"name":"Portada","item":"https:\/\/librosdelzorrorojo.com\/ca\/"},{"@type":"ListItem","position":2,"name":"Cat\u00e0leg","item":"https:\/\/librosdelzorrorojo.com\/ca\/cataleg\/"},{"@type":"ListItem","position":3,"name":"El curioso sof\u00e1"}]},{"@type":"WebSite","@id":"https:\/\/librosdelzorrorojo.com\/#website","url":"https:\/\/librosdelzorrorojo.com\/","name":"Libros del Zorro Rojo","description":"Libros ilustrados","potentialAction":[{"@type":"SearchAction","target":{"@type":"EntryPoint","urlTemplate":"https:\/\/librosdelzorrorojo.com\/?s={search_term_string}"},"query-input":{"@type":"PropertyValueSpecification","valueRequired":true,"valueName":"search_term_string"}}],"inLanguage":"ca"}]}},"_links":{"self":[{"href":"https:\/\/librosdelzorrorojo.com\/ca\/wp-json\/wp\/v2\/product\/12167","targetHints":{"allow":["GET"]}}],"collection":[{"href":"https:\/\/librosdelzorrorojo.com\/ca\/wp-json\/wp\/v2\/product"}],"about":[{"href":"https:\/\/librosdelzorrorojo.com\/ca\/wp-json\/wp\/v2\/types\/product"}],"wp:featuredmedia":[{"embeddable":true,"href":"https:\/\/librosdelzorrorojo.com\/ca\/wp-json\/wp\/v2\/media\/9481"}],"wp:attachment":[{"href":"https:\/\/librosdelzorrorojo.com\/ca\/wp-json\/wp\/v2\/media?parent=12167"}],"wp:term":[{"taxonomy":"product_brand","embeddable":true,"href":"https:\/\/librosdelzorrorojo.com\/ca\/wp-json\/wp\/v2\/product_brand?post=12167"},{"taxonomy":"product_cat","embeddable":true,"href":"https:\/\/librosdelzorrorojo.com\/ca\/wp-json\/wp\/v2\/product_cat?post=12167"},{"taxonomy":"product_tag","embeddable":true,"href":"https:\/\/librosdelzorrorojo.com\/ca\/wp-json\/wp\/v2\/product_tag?post=12167"}],"curies":[{"name":"wp","href":"https:\/\/api.w.org\/{rel}","templated":true}]}}