{"id":12161,"date":"2024-02-22T09:00:30","date_gmt":"2024-02-22T08:00:30","guid":{"rendered":"https:\/\/librosdelzorrorojo.com\/catalogo\/cuentos-de-imaginacion-y-misterio\/"},"modified":"2026-05-08T13:11:55","modified_gmt":"2026-05-08T11:11:55","slug":"cuentos-de-imaginacion-y-misterio","status":"publish","type":"product","link":"https:\/\/librosdelzorrorojo.com\/ca\/cataleg\/cuentos-de-imaginacion-y-misterio\/","title":{"rendered":"Cuentos de imaginaci\u00f3n y misterio"},"content":{"rendered":"<p><span style=\"font-weight: 400;\">Hacia 1917, el eximio artista irland\u00e9s Harry Clarke emprendi\u00f3 uno de los trabajos que determinaron su fama: la ilustraci\u00f3n de <\/span><i><span style=\"font-weight: 400;\">Cuentos de imaginaci\u00f3n y misterio<\/span><\/i><span style=\"font-weight: 400;\">, una antolog\u00eda de los m\u00e1s altos relatos de Poe preparada por la editorial Harrap. La edici\u00f3n, publicada en Londres en 1919, fue reconocida inmediatamente como una de las joyas bibliogr\u00e1ficas de la \u00e9poca. Desde entonces, las estampas de Clarke siguen ejerciendo un extra\u00f1o magnetismo, fruto de una exquisita ejecuci\u00f3n que hizo honor a las sublimes historias que las inspiraron. Libros del Zorro Rojo recupera esta obra m\u00edtica, con traducci\u00f3n de Julio Cort\u00e1zar y un notable prefacio de su autor\u00eda.<\/span><\/p>\n<p><img decoding=\"async\" src=\"https:\/\/librosdelzorrorojo.com\/wp-content\/uploads\/2024\/10\/ICEC.jpg\" \/><\/p>\n<p>&nbsp;<\/p>\n<h3><\/h3>\n","protected":false},"excerpt":{"rendered":"Hacia 1917, el eximio artista irland\u00e9s Harry Clarke emprendi\u00f3 uno de los trabajos que determinar\u00eda su fama: la ilustraci\u00f3n de <em>Tales of Mistery and Imagination<\/em>, una antolog\u00eda de los m\u00e1s altos relatos de Poe preparada por la editorial Harrap.","protected":false},"featured_media":27484,"template":"","meta":{"_acf_changed":false},"product_brand":[],"product_cat":[844,3156,846],"product_tag":[],"class_list":{"0":"post-12161","1":"product","2":"type-product","3":"status-publish","4":"has-post-thumbnail","6":"product_cat-castella","7":"product_cat-juvenil-adult","8":"product_cat-novedades-ca","10":"first","11":"instock","12":"taxable","13":"shipping-taxable","14":"purchasable","15":"product-type-variable"},"acf":[],"yoast_head":"<!-- This site is optimized with the Yoast SEO plugin v25.1 - https:\/\/yoast.com\/wordpress\/plugins\/seo\/ -->\n<title>Cuentos de imaginaci\u00f3n y misterio<\/title>\n<meta name=\"description\" content=\"Hacia 1917, el eximio artista irland\u00e9s Harry Clarke emprendi\u00f3 uno de los trabajos que determinaron su fama... ilustrar los cuentos de POE\" \/>\n<meta name=\"robots\" content=\"index, follow, max-snippet:-1, max-image-preview:large, max-video-preview:-1\" \/>\n<link rel=\"canonical\" href=\"https:\/\/librosdelzorrorojo.com\/ca\/cataleg\/cuentos-de-imaginacion-y-misterio\/\" \/>\n<meta property=\"og:locale\" content=\"ca_ES\" \/>\n<meta property=\"og:type\" content=\"article\" \/>\n<meta property=\"og:title\" content=\"Cuentos de imaginaci\u00f3n y misterio - Libros del Zorro Rojo\" \/>\n<meta property=\"og:description\" content=\"Hacia 1917, el eximio artista irland\u00e9s Harry Clarke emprendi\u00f3 uno de los trabajos que determinaron su fama... ilustrar los cuentos de POE\" \/>\n<meta property=\"og:url\" content=\"https:\/\/librosdelzorrorojo.com\/ca\/cataleg\/cuentos-de-imaginacion-y-misterio\/\" \/>\n<meta property=\"og:site_name\" content=\"Libros del Zorro Rojo\" \/>\n<meta property=\"article:modified_time\" content=\"2026-05-08T11:11:55+00:00\" \/>\n<meta property=\"og:image\" content=\"https:\/\/librosdelzorrorojo.com\/wp-content\/uploads\/2015\/09\/CuentosDeImaginacio\u0301nYMisterior_1200x1200-768x768.png\" \/>\n\t<meta property=\"og:image:width\" content=\"768\" \/>\n\t<meta property=\"og:image:height\" content=\"768\" \/>\n\t<meta property=\"og:image:type\" content=\"image\/png\" \/>\n<meta name=\"twitter:card\" content=\"summary_large_image\" \/>\n<meta name=\"twitter:label1\" content=\"Temps estimat de lectura\" \/>\n\t<meta name=\"twitter:data1\" content=\"1 minut\" \/>\n<script type=\"application\/ld+json\" class=\"yoast-schema-graph\">{\"@context\":\"https:\/\/schema.org\",\"@graph\":[{\"@type\":\"WebPage\",\"@id\":\"https:\/\/librosdelzorrorojo.com\/ca\/cataleg\/cuentos-de-imaginacion-y-misterio\/\",\"url\":\"https:\/\/librosdelzorrorojo.com\/ca\/cataleg\/cuentos-de-imaginacion-y-misterio\/\",\"name\":\"Cuentos de imaginaci\u00f3n y misterio\",\"isPartOf\":{\"@id\":\"https:\/\/librosdelzorrorojo.com\/#website\"},\"primaryImageOfPage\":{\"@id\":\"https:\/\/librosdelzorrorojo.com\/ca\/cataleg\/cuentos-de-imaginacion-y-misterio\/#primaryimage\"},\"image\":{\"@id\":\"https:\/\/librosdelzorrorojo.com\/ca\/cataleg\/cuentos-de-imaginacion-y-misterio\/#primaryimage\"},\"thumbnailUrl\":\"https:\/\/librosdelzorrorojo.com\/wp-content\/uploads\/2015\/09\/COVER_Imaginacion_misterio_WEB.jpg\",\"datePublished\":\"2024-02-22T08:00:30+00:00\",\"dateModified\":\"2026-05-08T11:11:55+00:00\",\"description\":\"Hacia 1917, el eximio artista irland\u00e9s Harry Clarke emprendi\u00f3 uno de los trabajos que determinaron su fama... ilustrar los cuentos de POE\",\"breadcrumb\":{\"@id\":\"https:\/\/librosdelzorrorojo.com\/ca\/cataleg\/cuentos-de-imaginacion-y-misterio\/#breadcrumb\"},\"inLanguage\":\"ca\",\"potentialAction\":[{\"@type\":\"ReadAction\",\"target\":[\"https:\/\/librosdelzorrorojo.com\/ca\/cataleg\/cuentos-de-imaginacion-y-misterio\/\"]}]},{\"@type\":\"ImageObject\",\"inLanguage\":\"ca\",\"@id\":\"https:\/\/librosdelzorrorojo.com\/ca\/cataleg\/cuentos-de-imaginacion-y-misterio\/#primaryimage\",\"url\":\"https:\/\/librosdelzorrorojo.com\/wp-content\/uploads\/2015\/09\/COVER_Imaginacion_misterio_WEB.jpg\",\"contentUrl\":\"https:\/\/librosdelzorrorojo.com\/wp-content\/uploads\/2015\/09\/COVER_Imaginacion_misterio_WEB.jpg\",\"width\":850,\"height\":1147,\"caption\":\"COVER Imaginacion misterio WEB\"},{\"@type\":\"BreadcrumbList\",\"@id\":\"https:\/\/librosdelzorrorojo.com\/ca\/cataleg\/cuentos-de-imaginacion-y-misterio\/#breadcrumb\",\"itemListElement\":[{\"@type\":\"ListItem\",\"position\":1,\"name\":\"Portada\",\"item\":\"https:\/\/librosdelzorrorojo.com\/ca\/\"},{\"@type\":\"ListItem\",\"position\":2,\"name\":\"Cat\u00e0leg\",\"item\":\"https:\/\/librosdelzorrorojo.com\/ca\/cataleg\/\"},{\"@type\":\"ListItem\",\"position\":3,\"name\":\"Cuentos de imaginaci\u00f3n y misterio\"}]},{\"@type\":\"WebSite\",\"@id\":\"https:\/\/librosdelzorrorojo.com\/#website\",\"url\":\"https:\/\/librosdelzorrorojo.com\/\",\"name\":\"Libros del Zorro Rojo\",\"description\":\"Libros ilustrados\",\"potentialAction\":[{\"@type\":\"SearchAction\",\"target\":{\"@type\":\"EntryPoint\",\"urlTemplate\":\"https:\/\/librosdelzorrorojo.com\/?s={search_term_string}\"},\"query-input\":{\"@type\":\"PropertyValueSpecification\",\"valueRequired\":true,\"valueName\":\"search_term_string\"}}],\"inLanguage\":\"ca\"}]}<\/script>\n<!-- \/ Yoast SEO plugin. -->","yoast_head_json":{"title":"Cuentos de imaginaci\u00f3n y misterio","description":"Hacia 1917, el eximio artista irland\u00e9s Harry Clarke emprendi\u00f3 uno de los trabajos que determinaron su fama... ilustrar los cuentos de POE","robots":{"index":"index","follow":"follow","max-snippet":"max-snippet:-1","max-image-preview":"max-image-preview:large","max-video-preview":"max-video-preview:-1"},"canonical":"https:\/\/librosdelzorrorojo.com\/ca\/cataleg\/cuentos-de-imaginacion-y-misterio\/","og_locale":"ca_ES","og_type":"article","og_title":"Cuentos de imaginaci\u00f3n y misterio - Libros del Zorro Rojo","og_description":"Hacia 1917, el eximio artista irland\u00e9s Harry Clarke emprendi\u00f3 uno de los trabajos que determinaron su fama... ilustrar los cuentos de POE","og_url":"https:\/\/librosdelzorrorojo.com\/ca\/cataleg\/cuentos-de-imaginacion-y-misterio\/","og_site_name":"Libros del Zorro Rojo","article_modified_time":"2026-05-08T11:11:55+00:00","og_image":[{"width":768,"height":768,"url":"https:\/\/librosdelzorrorojo.com\/wp-content\/uploads\/2015\/09\/CuentosDeImaginacio\u0301nYMisterior_1200x1200-768x768.png","type":"image\/png"}],"twitter_card":"summary_large_image","twitter_misc":{"Temps estimat de lectura":"1 minut"},"schema":{"@context":"https:\/\/schema.org","@graph":[{"@type":"WebPage","@id":"https:\/\/librosdelzorrorojo.com\/ca\/cataleg\/cuentos-de-imaginacion-y-misterio\/","url":"https:\/\/librosdelzorrorojo.com\/ca\/cataleg\/cuentos-de-imaginacion-y-misterio\/","name":"Cuentos de imaginaci\u00f3n y misterio","isPartOf":{"@id":"https:\/\/librosdelzorrorojo.com\/#website"},"primaryImageOfPage":{"@id":"https:\/\/librosdelzorrorojo.com\/ca\/cataleg\/cuentos-de-imaginacion-y-misterio\/#primaryimage"},"image":{"@id":"https:\/\/librosdelzorrorojo.com\/ca\/cataleg\/cuentos-de-imaginacion-y-misterio\/#primaryimage"},"thumbnailUrl":"https:\/\/librosdelzorrorojo.com\/wp-content\/uploads\/2015\/09\/COVER_Imaginacion_misterio_WEB.jpg","datePublished":"2024-02-22T08:00:30+00:00","dateModified":"2026-05-08T11:11:55+00:00","description":"Hacia 1917, el eximio artista irland\u00e9s Harry Clarke emprendi\u00f3 uno de los trabajos que determinaron su fama... ilustrar los cuentos de POE","breadcrumb":{"@id":"https:\/\/librosdelzorrorojo.com\/ca\/cataleg\/cuentos-de-imaginacion-y-misterio\/#breadcrumb"},"inLanguage":"ca","potentialAction":[{"@type":"ReadAction","target":["https:\/\/librosdelzorrorojo.com\/ca\/cataleg\/cuentos-de-imaginacion-y-misterio\/"]}]},{"@type":"ImageObject","inLanguage":"ca","@id":"https:\/\/librosdelzorrorojo.com\/ca\/cataleg\/cuentos-de-imaginacion-y-misterio\/#primaryimage","url":"https:\/\/librosdelzorrorojo.com\/wp-content\/uploads\/2015\/09\/COVER_Imaginacion_misterio_WEB.jpg","contentUrl":"https:\/\/librosdelzorrorojo.com\/wp-content\/uploads\/2015\/09\/COVER_Imaginacion_misterio_WEB.jpg","width":850,"height":1147,"caption":"COVER Imaginacion misterio WEB"},{"@type":"BreadcrumbList","@id":"https:\/\/librosdelzorrorojo.com\/ca\/cataleg\/cuentos-de-imaginacion-y-misterio\/#breadcrumb","itemListElement":[{"@type":"ListItem","position":1,"name":"Portada","item":"https:\/\/librosdelzorrorojo.com\/ca\/"},{"@type":"ListItem","position":2,"name":"Cat\u00e0leg","item":"https:\/\/librosdelzorrorojo.com\/ca\/cataleg\/"},{"@type":"ListItem","position":3,"name":"Cuentos de imaginaci\u00f3n y misterio"}]},{"@type":"WebSite","@id":"https:\/\/librosdelzorrorojo.com\/#website","url":"https:\/\/librosdelzorrorojo.com\/","name":"Libros del Zorro Rojo","description":"Libros ilustrados","potentialAction":[{"@type":"SearchAction","target":{"@type":"EntryPoint","urlTemplate":"https:\/\/librosdelzorrorojo.com\/?s={search_term_string}"},"query-input":{"@type":"PropertyValueSpecification","valueRequired":true,"valueName":"search_term_string"}}],"inLanguage":"ca"}]}},"_links":{"self":[{"href":"https:\/\/librosdelzorrorojo.com\/ca\/wp-json\/wp\/v2\/product\/12161","targetHints":{"allow":["GET"]}}],"collection":[{"href":"https:\/\/librosdelzorrorojo.com\/ca\/wp-json\/wp\/v2\/product"}],"about":[{"href":"https:\/\/librosdelzorrorojo.com\/ca\/wp-json\/wp\/v2\/types\/product"}],"wp:featuredmedia":[{"embeddable":true,"href":"https:\/\/librosdelzorrorojo.com\/ca\/wp-json\/wp\/v2\/media\/27484"}],"wp:attachment":[{"href":"https:\/\/librosdelzorrorojo.com\/ca\/wp-json\/wp\/v2\/media?parent=12161"}],"wp:term":[{"taxonomy":"product_brand","embeddable":true,"href":"https:\/\/librosdelzorrorojo.com\/ca\/wp-json\/wp\/v2\/product_brand?post=12161"},{"taxonomy":"product_cat","embeddable":true,"href":"https:\/\/librosdelzorrorojo.com\/ca\/wp-json\/wp\/v2\/product_cat?post=12161"},{"taxonomy":"product_tag","embeddable":true,"href":"https:\/\/librosdelzorrorojo.com\/ca\/wp-json\/wp\/v2\/product_tag?post=12161"}],"curies":[{"name":"wp","href":"https:\/\/api.w.org\/{rel}","templated":true}]}}