{"id":12160,"date":"2015-09-16T12:00:35","date_gmt":"2015-09-16T10:00:35","guid":{"rendered":"https:\/\/librosdelzorrorojo.com\/catalogo\/la-isla-del-tesoro-2\/"},"modified":"2026-04-13T14:02:33","modified_gmt":"2026-04-13T12:02:33","slug":"la-isla-del-tesoro-2","status":"publish","type":"product","link":"https:\/\/librosdelzorrorojo.com\/ca\/cataleg\/la-isla-del-tesoro-2\/","title":{"rendered":"La isla del tesoro"},"content":{"rendered":"<p dir=\"ltr\"><span style=\"font-weight: 400;\">\u00abAmo a Stevenson porque vuela\u00bb, dijo en una ocasi\u00f3n Italo Calvino sobre \u00abel narrador de historias\u00bb, o \u00abTusitala\u00bb, como lo llamaron los nativos de Samoa. Prol\u00edfico escritor y maestro de maestros <\/span><span style=\"font-weight: 400;\">\u2014<\/span><span style=\"font-weight: 400;\">deudores de su prosa son, entre otros, Joseph Conrad y Jorge Luis Borges<\/span><span style=\"font-weight: 400;\">\u2014<\/span><span style=\"font-weight: 400;\">, no ser\u00eda hasta sus treinta a\u00f1os, durante un verano lluvioso en las Tierras Altas de su Escocia natal, cuando imaginar\u00eda la trama de <\/span><i><span style=\"font-weight: 400;\">La isla del tesoro<\/span><\/i><span style=\"font-weight: 400;\"> mientras jugaba a pintar un mapa con su hijastro, Lloyd Osbourne. Aunque la obra se public\u00f3 originalmente por entregas entre octubre de 1881 y enero de 1882 en la revista para j\u00f3venes <\/span><i><span style=\"font-weight: 400;\">Young Folks<\/span><\/i><span style=\"font-weight: 400;\"> bajo el pseud\u00f3nimo de Captain George North, no vio la luz como libro hasta un a\u00f1o despu\u00e9s.<\/span><\/p>\n<p dir=\"ltr\"><span style=\"font-weight: 400;\">De corte inici\u00e1tico e itinerante, as\u00ed como fuertemente influida por autores de la talla de Washington Irving, Edgar Allan Poe y Daniel Defoe, la novela revela el periplo hacia la madurez de su protagonista. En ella, un misterioso marino se esconde en la posada Almirante Benbow, y desde el momento en que el joven Jim Hawkins se apodera del mapa de una isla desierta, donde aguarda una fortuna en oro robado, nada volver\u00e1 a ser lo mismo. Jim, Trelawney y el doctor Livesey se embarcan junto al capit\u00e1n Smollett en <\/span><i><span style=\"font-weight: 400;\">La Hispaniola<\/span><\/i><span style=\"font-weight: 400;\">; pronto descubrir\u00e1n que la tripulaci\u00f3n est\u00e1 formada por villanos y filibusteros a las \u00f3rdenes de John Silver, cocinero y pirata a bordo, quien tambi\u00e9n codicia el tesoro.<\/span><\/p>\n<p dir=\"ltr\"><span style=\"font-weight: 400;\">Libros del Zorro Rojo recupera en r\u00fastica la hist\u00f3rica edici\u00f3n de este cl\u00e1sico de aventuras, publicada en Gran Breta\u00f1a el a\u00f1o 1985 por la prestigiosa editorial Harrap &amp; Co., en la que las magistrales ilustraciones del c\u00e9lebre artista ingl\u00e9s Ralph Steadman recrean con intensidad el vigor pros\u00edstico de la obra de Stevenson.<\/span><\/p>\n<p dir=\"ltr\"><img decoding=\"async\" src=\"https:\/\/librosdelzorrorojo.com\/wp-content\/uploads\/2024\/10\/ICEC.jpg\" alt=\"\" width=\"380\" height=\"85\" class=\"alignnone size-full wp-image-29095\" \/><\/p>\n","protected":false},"excerpt":{"rendered":"Muchos ilustradores se han atrevido con este cl\u00e1sico de aventura; pero pocos son capaces de plasmar con tanta naturalidad e intensidad el esp\u00edritu de esta novela. La pluma del artista Ralph Steadman recorre las p\u00e1ginas para dotar a los escenarios de movimiento y vida, al mismo tiempo que imprime una marcada personalidad a los personajes de su historia.","protected":false},"featured_media":8284,"template":"","meta":{"_acf_changed":false},"product_brand":[],"product_cat":[844,3156],"product_tag":[],"class_list":{"0":"post-12160","1":"product","2":"type-product","3":"status-publish","4":"has-post-thumbnail","6":"product_cat-castella","7":"product_cat-juvenil-adult","9":"first","10":"instock","11":"taxable","12":"shipping-taxable","13":"purchasable","14":"product-type-simple"},"acf":[],"yoast_head":"<!-- This site is optimized with the Yoast SEO plugin v25.1 - https:\/\/yoast.com\/wordpress\/plugins\/seo\/ -->\n<title>La Isla del Tesoro, r\u0153stica<\/title>\n<meta name=\"description\" content=\"el joven Jim Hawkins se apodera del mapa de una isla desierta, donde aguarda una fortuna en oro robado, traiciones, tesoros, piratas\" \/>\n<meta name=\"robots\" content=\"index, follow, max-snippet:-1, max-image-preview:large, max-video-preview:-1\" \/>\n<link rel=\"canonical\" href=\"https:\/\/librosdelzorrorojo.com\/ca\/cataleg\/la-isla-del-tesoro-2\/\" \/>\n<meta property=\"og:locale\" content=\"ca_ES\" \/>\n<meta property=\"og:type\" content=\"article\" \/>\n<meta property=\"og:title\" content=\"La Isla del Tesoro, r\u0153stica\" \/>\n<meta property=\"og:description\" content=\"el joven Jim Hawkins se apodera del mapa de una isla desierta, donde aguarda una fortuna en oro robado, traiciones, tesoros, piratas\" \/>\n<meta property=\"og:url\" content=\"https:\/\/librosdelzorrorojo.com\/ca\/cataleg\/la-isla-del-tesoro-2\/\" \/>\n<meta property=\"og:site_name\" content=\"Libros del Zorro Rojo\" \/>\n<meta property=\"article:modified_time\" content=\"2026-04-13T12:02:33+00:00\" \/>\n<meta property=\"og:image\" content=\"https:\/\/librosdelzorrorojo.com\/wp-content\/uploads\/2015\/09\/Cover_La-isla-del-tesoro.jpg\" \/>\n\t<meta property=\"og:image:width\" content=\"1178\" \/>\n\t<meta property=\"og:image:height\" content=\"1604\" \/>\n\t<meta property=\"og:image:type\" content=\"image\/jpeg\" \/>\n<meta name=\"twitter:card\" content=\"summary_large_image\" \/>\n<meta name=\"twitter:label1\" content=\"Temps estimat de lectura\" \/>\n\t<meta name=\"twitter:data1\" content=\"2 minuts\" \/>\n<script type=\"application\/ld+json\" class=\"yoast-schema-graph\">{\"@context\":\"https:\/\/schema.org\",\"@graph\":[{\"@type\":\"WebPage\",\"@id\":\"https:\/\/librosdelzorrorojo.com\/ca\/cataleg\/la-isla-del-tesoro-2\/\",\"url\":\"https:\/\/librosdelzorrorojo.com\/ca\/cataleg\/la-isla-del-tesoro-2\/\",\"name\":\"La Isla del Tesoro, r\u0153stica\",\"isPartOf\":{\"@id\":\"https:\/\/librosdelzorrorojo.com\/#website\"},\"primaryImageOfPage\":{\"@id\":\"https:\/\/librosdelzorrorojo.com\/ca\/cataleg\/la-isla-del-tesoro-2\/#primaryimage\"},\"image\":{\"@id\":\"https:\/\/librosdelzorrorojo.com\/ca\/cataleg\/la-isla-del-tesoro-2\/#primaryimage\"},\"thumbnailUrl\":\"https:\/\/librosdelzorrorojo.com\/wp-content\/uploads\/2015\/09\/Cover_La-isla-del-tesoro.jpg\",\"datePublished\":\"2015-09-16T10:00:35+00:00\",\"dateModified\":\"2026-04-13T12:02:33+00:00\",\"description\":\"el joven Jim Hawkins se apodera del mapa de una isla desierta, donde aguarda una fortuna en oro robado, traiciones, tesoros, piratas\",\"breadcrumb\":{\"@id\":\"https:\/\/librosdelzorrorojo.com\/ca\/cataleg\/la-isla-del-tesoro-2\/#breadcrumb\"},\"inLanguage\":\"ca\",\"potentialAction\":[{\"@type\":\"ReadAction\",\"target\":[\"https:\/\/librosdelzorrorojo.com\/ca\/cataleg\/la-isla-del-tesoro-2\/\"]}]},{\"@type\":\"ImageObject\",\"inLanguage\":\"ca\",\"@id\":\"https:\/\/librosdelzorrorojo.com\/ca\/cataleg\/la-isla-del-tesoro-2\/#primaryimage\",\"url\":\"https:\/\/librosdelzorrorojo.com\/wp-content\/uploads\/2015\/09\/Cover_La-isla-del-tesoro.jpg\",\"contentUrl\":\"https:\/\/librosdelzorrorojo.com\/wp-content\/uploads\/2015\/09\/Cover_La-isla-del-tesoro.jpg\",\"width\":1178,\"height\":1604,\"caption\":\"Cover La isla del tesoro\"},{\"@type\":\"BreadcrumbList\",\"@id\":\"https:\/\/librosdelzorrorojo.com\/ca\/cataleg\/la-isla-del-tesoro-2\/#breadcrumb\",\"itemListElement\":[{\"@type\":\"ListItem\",\"position\":1,\"name\":\"Portada\",\"item\":\"https:\/\/librosdelzorrorojo.com\/ca\/\"},{\"@type\":\"ListItem\",\"position\":2,\"name\":\"Cat\u00e0leg\",\"item\":\"https:\/\/librosdelzorrorojo.com\/ca\/cataleg\/\"},{\"@type\":\"ListItem\",\"position\":3,\"name\":\"La isla del tesoro\"}]},{\"@type\":\"WebSite\",\"@id\":\"https:\/\/librosdelzorrorojo.com\/#website\",\"url\":\"https:\/\/librosdelzorrorojo.com\/\",\"name\":\"Libros del Zorro Rojo\",\"description\":\"Libros ilustrados\",\"potentialAction\":[{\"@type\":\"SearchAction\",\"target\":{\"@type\":\"EntryPoint\",\"urlTemplate\":\"https:\/\/librosdelzorrorojo.com\/?s={search_term_string}\"},\"query-input\":{\"@type\":\"PropertyValueSpecification\",\"valueRequired\":true,\"valueName\":\"search_term_string\"}}],\"inLanguage\":\"ca\"}]}<\/script>\n<!-- \/ Yoast SEO plugin. -->","yoast_head_json":{"title":"La Isla del Tesoro, r\u0153stica","description":"el joven Jim Hawkins se apodera del mapa de una isla desierta, donde aguarda una fortuna en oro robado, traiciones, tesoros, piratas","robots":{"index":"index","follow":"follow","max-snippet":"max-snippet:-1","max-image-preview":"max-image-preview:large","max-video-preview":"max-video-preview:-1"},"canonical":"https:\/\/librosdelzorrorojo.com\/ca\/cataleg\/la-isla-del-tesoro-2\/","og_locale":"ca_ES","og_type":"article","og_title":"La Isla del Tesoro, r\u0153stica","og_description":"el joven Jim Hawkins se apodera del mapa de una isla desierta, donde aguarda una fortuna en oro robado, traiciones, tesoros, piratas","og_url":"https:\/\/librosdelzorrorojo.com\/ca\/cataleg\/la-isla-del-tesoro-2\/","og_site_name":"Libros del Zorro Rojo","article_modified_time":"2026-04-13T12:02:33+00:00","og_image":[{"width":1178,"height":1604,"url":"https:\/\/librosdelzorrorojo.com\/wp-content\/uploads\/2015\/09\/Cover_La-isla-del-tesoro.jpg","type":"image\/jpeg"}],"twitter_card":"summary_large_image","twitter_misc":{"Temps estimat de lectura":"2 minuts"},"schema":{"@context":"https:\/\/schema.org","@graph":[{"@type":"WebPage","@id":"https:\/\/librosdelzorrorojo.com\/ca\/cataleg\/la-isla-del-tesoro-2\/","url":"https:\/\/librosdelzorrorojo.com\/ca\/cataleg\/la-isla-del-tesoro-2\/","name":"La Isla del Tesoro, r\u0153stica","isPartOf":{"@id":"https:\/\/librosdelzorrorojo.com\/#website"},"primaryImageOfPage":{"@id":"https:\/\/librosdelzorrorojo.com\/ca\/cataleg\/la-isla-del-tesoro-2\/#primaryimage"},"image":{"@id":"https:\/\/librosdelzorrorojo.com\/ca\/cataleg\/la-isla-del-tesoro-2\/#primaryimage"},"thumbnailUrl":"https:\/\/librosdelzorrorojo.com\/wp-content\/uploads\/2015\/09\/Cover_La-isla-del-tesoro.jpg","datePublished":"2015-09-16T10:00:35+00:00","dateModified":"2026-04-13T12:02:33+00:00","description":"el joven Jim Hawkins se apodera del mapa de una isla desierta, donde aguarda una fortuna en oro robado, traiciones, tesoros, piratas","breadcrumb":{"@id":"https:\/\/librosdelzorrorojo.com\/ca\/cataleg\/la-isla-del-tesoro-2\/#breadcrumb"},"inLanguage":"ca","potentialAction":[{"@type":"ReadAction","target":["https:\/\/librosdelzorrorojo.com\/ca\/cataleg\/la-isla-del-tesoro-2\/"]}]},{"@type":"ImageObject","inLanguage":"ca","@id":"https:\/\/librosdelzorrorojo.com\/ca\/cataleg\/la-isla-del-tesoro-2\/#primaryimage","url":"https:\/\/librosdelzorrorojo.com\/wp-content\/uploads\/2015\/09\/Cover_La-isla-del-tesoro.jpg","contentUrl":"https:\/\/librosdelzorrorojo.com\/wp-content\/uploads\/2015\/09\/Cover_La-isla-del-tesoro.jpg","width":1178,"height":1604,"caption":"Cover La isla del tesoro"},{"@type":"BreadcrumbList","@id":"https:\/\/librosdelzorrorojo.com\/ca\/cataleg\/la-isla-del-tesoro-2\/#breadcrumb","itemListElement":[{"@type":"ListItem","position":1,"name":"Portada","item":"https:\/\/librosdelzorrorojo.com\/ca\/"},{"@type":"ListItem","position":2,"name":"Cat\u00e0leg","item":"https:\/\/librosdelzorrorojo.com\/ca\/cataleg\/"},{"@type":"ListItem","position":3,"name":"La isla del tesoro"}]},{"@type":"WebSite","@id":"https:\/\/librosdelzorrorojo.com\/#website","url":"https:\/\/librosdelzorrorojo.com\/","name":"Libros del Zorro Rojo","description":"Libros ilustrados","potentialAction":[{"@type":"SearchAction","target":{"@type":"EntryPoint","urlTemplate":"https:\/\/librosdelzorrorojo.com\/?s={search_term_string}"},"query-input":{"@type":"PropertyValueSpecification","valueRequired":true,"valueName":"search_term_string"}}],"inLanguage":"ca"}]}},"_links":{"self":[{"href":"https:\/\/librosdelzorrorojo.com\/ca\/wp-json\/wp\/v2\/product\/12160","targetHints":{"allow":["GET"]}}],"collection":[{"href":"https:\/\/librosdelzorrorojo.com\/ca\/wp-json\/wp\/v2\/product"}],"about":[{"href":"https:\/\/librosdelzorrorojo.com\/ca\/wp-json\/wp\/v2\/types\/product"}],"wp:featuredmedia":[{"embeddable":true,"href":"https:\/\/librosdelzorrorojo.com\/ca\/wp-json\/wp\/v2\/media\/8284"}],"wp:attachment":[{"href":"https:\/\/librosdelzorrorojo.com\/ca\/wp-json\/wp\/v2\/media?parent=12160"}],"wp:term":[{"taxonomy":"product_brand","embeddable":true,"href":"https:\/\/librosdelzorrorojo.com\/ca\/wp-json\/wp\/v2\/product_brand?post=12160"},{"taxonomy":"product_cat","embeddable":true,"href":"https:\/\/librosdelzorrorojo.com\/ca\/wp-json\/wp\/v2\/product_cat?post=12160"},{"taxonomy":"product_tag","embeddable":true,"href":"https:\/\/librosdelzorrorojo.com\/ca\/wp-json\/wp\/v2\/product_tag?post=12160"}],"curies":[{"name":"wp","href":"https:\/\/api.w.org\/{rel}","templated":true}]}}