{"id":12152,"date":"2015-11-18T12:00:43","date_gmt":"2015-11-18T11:00:43","guid":{"rendered":"https:\/\/librosdelzorrorojo.com\/catalogo\/la-trilogia-de-nueva-york\/"},"modified":"2026-04-13T13:47:33","modified_gmt":"2026-04-13T11:47:33","slug":"la-trilogia-de-nueva-york","status":"publish","type":"product","link":"https:\/\/librosdelzorrorojo.com\/ca\/cataleg\/la-trilogia-de-nueva-york\/","title":{"rendered":"La trilog\u00eda de Nueva York"},"content":{"rendered":"<p dir=\"ltr\"><span style=\"font-weight: 400;\">La aparici\u00f3n en 1987 de <\/span><i><span style=\"font-weight: 400;\">La trilog\u00eda de Nueva York<\/span><\/i><span style=\"font-weight: 400;\"> marc\u00f3 un nuevo punto de partida para la novela norteamericana. Considerada por la cr\u00edtica como la obra consagratoria de Paul Auster, esta relectura experimental de la novela negra es el cimiento de su universo literario. Con una prosa elegante y depurada, labrada a partir de su poes\u00eda, engarza las piezas fundamentales de su escritura: la contingencia, la identidad y el inter\u00e9s por la exploraci\u00f3n de la memoria.<\/span><\/p>\n<p dir=\"ltr\"><span style=\"font-weight: 400;\">En conjunto, los tres relatos \u2014\u00abCiudad de cristal\u00bb, \u00abFantasmas\u00bb y \u00abLa habitaci\u00f3n cerrada\u00bb\u2014 articulan una reflexi\u00f3n especular en torno a la creaci\u00f3n literaria, la naturaleza del escritor y la confiabilidad de la voz narrativa, que expandir\u00e1n sus ra\u00edces hacia su producci\u00f3n posterior.<\/span><\/p>\n<p dir=\"ltr\"><span style=\"font-weight: 400;\">Con sus ilustraciones para <\/span><i><span style=\"font-weight: 400;\">La trilog\u00eda de Nueva York<\/span><\/i><span style=\"font-weight: 400;\">, publicadas originalmente en 2008, el joven artista brit\u00e1nico Tom Burns recrea el escenario <\/span><i><span style=\"font-weight: 400;\">austeriano<\/span><\/i><span style=\"font-weight: 400;\"> a partir del cartelismo, de los r\u00f3tulos luminosos, de la verticalidad, de lo fragmentario y de la vibrante sensaci\u00f3n de celeridad que desprenden sus trazos. Como \u00e9l mismo explica, su inspiraci\u00f3n \u00abaflor\u00f3 de la propia ciudad, de la vivacidad de la vida diaria y de la imaginer\u00eda ic\u00f3nica inherente a Nueva York\u00bb.<\/span><\/p>\n<p><span>Hojea el libro\u00a0<a href=\"https:\/\/issuu.com\/librosdelzorrorojo\/docs\/trilogi__a_issuu\"><span style=\"color: #ff0000;\">aqu\u00ed<\/span><\/a>\u00a0<\/span><span><\/span><\/p>\n<p>&nbsp;<\/p>\n","protected":false},"excerpt":{"rendered":"La aparici\u00f3n en 1987 de <em>La trilog\u00eda de Nueva York<\/em> marc\u00f3 un nuevo punto de partida para la novela norteamericana. Considerada por la cr\u00edtica como la obra consagratoria de Paul Auster, esta relectura experimental de la novela negra es el cimiento de su universo literario. Con una prosa elegante y depurada, labrada a partir de su poes\u00eda, engarza las piezas fundamentales de su escritura: la contingencia, la identidad y el inter\u00e9s por la exploraci\u00f3n de la memoria.","protected":false},"featured_media":8080,"template":"","meta":{"_acf_changed":false},"product_brand":[],"product_cat":[844,3156],"product_tag":[],"class_list":{"0":"post-12152","1":"product","2":"type-product","3":"status-publish","4":"has-post-thumbnail","6":"product_cat-castella","7":"product_cat-juvenil-adult","9":"first","10":"instock","11":"taxable","12":"shipping-taxable","13":"purchasable","14":"product-type-simple"},"acf":[],"yoast_head":"<!-- This site is optimized with the Yoast SEO plugin v25.1 - https:\/\/yoast.com\/wordpress\/plugins\/seo\/ -->\n<title>La trilog\u00eda de Nueva York<\/title>\n<meta name=\"description\" content=\"articulan una reflexi\u00f3n especular en torno a la creaci\u00f3n literaria, la naturaleza del escritor y la confiabilidad de la voz narrativa\" \/>\n<meta name=\"robots\" content=\"index, follow, max-snippet:-1, max-image-preview:large, max-video-preview:-1\" \/>\n<link rel=\"canonical\" href=\"https:\/\/librosdelzorrorojo.com\/ca\/cataleg\/la-trilogia-de-nueva-york\/\" \/>\n<meta property=\"og:locale\" content=\"ca_ES\" \/>\n<meta property=\"og:type\" content=\"article\" \/>\n<meta property=\"og:title\" content=\"La trilog\u00eda de Nueva York\" \/>\n<meta property=\"og:description\" content=\"articulan una reflexi\u00f3n especular en torno a la creaci\u00f3n literaria, la naturaleza del escritor y la confiabilidad de la voz narrativa\" \/>\n<meta property=\"og:url\" content=\"https:\/\/librosdelzorrorojo.com\/ca\/cataleg\/la-trilogia-de-nueva-york\/\" \/>\n<meta property=\"og:site_name\" content=\"Libros del Zorro Rojo\" \/>\n<meta property=\"article:modified_time\" content=\"2026-04-13T11:47:33+00:00\" \/>\n<meta property=\"og:image\" content=\"https:\/\/librosdelzorrorojo.com\/wp-content\/uploads\/2017\/11\/libros-del-zorro-rojo-la-trilogia-de-nueva-york-paul-auster-9788494437502-1.jpg\" \/>\n\t<meta property=\"og:image:width\" content=\"757\" \/>\n\t<meta property=\"og:image:height\" content=\"1200\" \/>\n\t<meta property=\"og:image:type\" content=\"image\/jpeg\" \/>\n<meta name=\"twitter:card\" content=\"summary_large_image\" \/>\n<meta name=\"twitter:label1\" content=\"Temps estimat de lectura\" \/>\n\t<meta name=\"twitter:data1\" content=\"1 minut\" \/>\n<script type=\"application\/ld+json\" class=\"yoast-schema-graph\">{\"@context\":\"https:\/\/schema.org\",\"@graph\":[{\"@type\":\"WebPage\",\"@id\":\"https:\/\/librosdelzorrorojo.com\/ca\/cataleg\/la-trilogia-de-nueva-york\/\",\"url\":\"https:\/\/librosdelzorrorojo.com\/ca\/cataleg\/la-trilogia-de-nueva-york\/\",\"name\":\"La trilog\u00eda de Nueva York\",\"isPartOf\":{\"@id\":\"https:\/\/librosdelzorrorojo.com\/#website\"},\"primaryImageOfPage\":{\"@id\":\"https:\/\/librosdelzorrorojo.com\/ca\/cataleg\/la-trilogia-de-nueva-york\/#primaryimage\"},\"image\":{\"@id\":\"https:\/\/librosdelzorrorojo.com\/ca\/cataleg\/la-trilogia-de-nueva-york\/#primaryimage\"},\"thumbnailUrl\":\"https:\/\/librosdelzorrorojo.com\/wp-content\/uploads\/2015\/11\/Cover_TrilogiadeNY_Pa\u0301gina_1.jpg\",\"datePublished\":\"2015-11-18T11:00:43+00:00\",\"dateModified\":\"2026-04-13T11:47:33+00:00\",\"description\":\"articulan una reflexi\u00f3n especular en torno a la creaci\u00f3n literaria, la naturaleza del escritor y la confiabilidad de la voz narrativa\",\"breadcrumb\":{\"@id\":\"https:\/\/librosdelzorrorojo.com\/ca\/cataleg\/la-trilogia-de-nueva-york\/#breadcrumb\"},\"inLanguage\":\"ca\",\"potentialAction\":[{\"@type\":\"ReadAction\",\"target\":[\"https:\/\/librosdelzorrorojo.com\/ca\/cataleg\/la-trilogia-de-nueva-york\/\"]}]},{\"@type\":\"ImageObject\",\"inLanguage\":\"ca\",\"@id\":\"https:\/\/librosdelzorrorojo.com\/ca\/cataleg\/la-trilogia-de-nueva-york\/#primaryimage\",\"url\":\"https:\/\/librosdelzorrorojo.com\/wp-content\/uploads\/2015\/11\/Cover_TrilogiadeNY_Pa\u0301gina_1.jpg\",\"contentUrl\":\"https:\/\/librosdelzorrorojo.com\/wp-content\/uploads\/2015\/11\/Cover_TrilogiadeNY_Pa\u0301gina_1.jpg\",\"width\":1983,\"height\":3252,\"caption\":\"Cover TrilogiadeNY Pa\u0301gina 1\"},{\"@type\":\"BreadcrumbList\",\"@id\":\"https:\/\/librosdelzorrorojo.com\/ca\/cataleg\/la-trilogia-de-nueva-york\/#breadcrumb\",\"itemListElement\":[{\"@type\":\"ListItem\",\"position\":1,\"name\":\"Portada\",\"item\":\"https:\/\/librosdelzorrorojo.com\/ca\/\"},{\"@type\":\"ListItem\",\"position\":2,\"name\":\"Cat\u00e0leg\",\"item\":\"https:\/\/librosdelzorrorojo.com\/ca\/cataleg\/\"},{\"@type\":\"ListItem\",\"position\":3,\"name\":\"La trilog\u00eda de Nueva York\"}]},{\"@type\":\"WebSite\",\"@id\":\"https:\/\/librosdelzorrorojo.com\/#website\",\"url\":\"https:\/\/librosdelzorrorojo.com\/\",\"name\":\"Libros del Zorro Rojo\",\"description\":\"Libros ilustrados\",\"potentialAction\":[{\"@type\":\"SearchAction\",\"target\":{\"@type\":\"EntryPoint\",\"urlTemplate\":\"https:\/\/librosdelzorrorojo.com\/?s={search_term_string}\"},\"query-input\":{\"@type\":\"PropertyValueSpecification\",\"valueRequired\":true,\"valueName\":\"search_term_string\"}}],\"inLanguage\":\"ca\"}]}<\/script>\n<!-- \/ Yoast SEO plugin. -->","yoast_head_json":{"title":"La trilog\u00eda de Nueva York","description":"articulan una reflexi\u00f3n especular en torno a la creaci\u00f3n literaria, la naturaleza del escritor y la confiabilidad de la voz narrativa","robots":{"index":"index","follow":"follow","max-snippet":"max-snippet:-1","max-image-preview":"max-image-preview:large","max-video-preview":"max-video-preview:-1"},"canonical":"https:\/\/librosdelzorrorojo.com\/ca\/cataleg\/la-trilogia-de-nueva-york\/","og_locale":"ca_ES","og_type":"article","og_title":"La trilog\u00eda de Nueva York","og_description":"articulan una reflexi\u00f3n especular en torno a la creaci\u00f3n literaria, la naturaleza del escritor y la confiabilidad de la voz narrativa","og_url":"https:\/\/librosdelzorrorojo.com\/ca\/cataleg\/la-trilogia-de-nueva-york\/","og_site_name":"Libros del Zorro Rojo","article_modified_time":"2026-04-13T11:47:33+00:00","og_image":[{"width":757,"height":1200,"url":"https:\/\/librosdelzorrorojo.com\/wp-content\/uploads\/2017\/11\/libros-del-zorro-rojo-la-trilogia-de-nueva-york-paul-auster-9788494437502-1.jpg","type":"image\/jpeg"}],"twitter_card":"summary_large_image","twitter_misc":{"Temps estimat de lectura":"1 minut"},"schema":{"@context":"https:\/\/schema.org","@graph":[{"@type":"WebPage","@id":"https:\/\/librosdelzorrorojo.com\/ca\/cataleg\/la-trilogia-de-nueva-york\/","url":"https:\/\/librosdelzorrorojo.com\/ca\/cataleg\/la-trilogia-de-nueva-york\/","name":"La trilog\u00eda de Nueva York","isPartOf":{"@id":"https:\/\/librosdelzorrorojo.com\/#website"},"primaryImageOfPage":{"@id":"https:\/\/librosdelzorrorojo.com\/ca\/cataleg\/la-trilogia-de-nueva-york\/#primaryimage"},"image":{"@id":"https:\/\/librosdelzorrorojo.com\/ca\/cataleg\/la-trilogia-de-nueva-york\/#primaryimage"},"thumbnailUrl":"https:\/\/librosdelzorrorojo.com\/wp-content\/uploads\/2015\/11\/Cover_TrilogiadeNY_Pa\u0301gina_1.jpg","datePublished":"2015-11-18T11:00:43+00:00","dateModified":"2026-04-13T11:47:33+00:00","description":"articulan una reflexi\u00f3n especular en torno a la creaci\u00f3n literaria, la naturaleza del escritor y la confiabilidad de la voz narrativa","breadcrumb":{"@id":"https:\/\/librosdelzorrorojo.com\/ca\/cataleg\/la-trilogia-de-nueva-york\/#breadcrumb"},"inLanguage":"ca","potentialAction":[{"@type":"ReadAction","target":["https:\/\/librosdelzorrorojo.com\/ca\/cataleg\/la-trilogia-de-nueva-york\/"]}]},{"@type":"ImageObject","inLanguage":"ca","@id":"https:\/\/librosdelzorrorojo.com\/ca\/cataleg\/la-trilogia-de-nueva-york\/#primaryimage","url":"https:\/\/librosdelzorrorojo.com\/wp-content\/uploads\/2015\/11\/Cover_TrilogiadeNY_Pa\u0301gina_1.jpg","contentUrl":"https:\/\/librosdelzorrorojo.com\/wp-content\/uploads\/2015\/11\/Cover_TrilogiadeNY_Pa\u0301gina_1.jpg","width":1983,"height":3252,"caption":"Cover TrilogiadeNY Pa\u0301gina 1"},{"@type":"BreadcrumbList","@id":"https:\/\/librosdelzorrorojo.com\/ca\/cataleg\/la-trilogia-de-nueva-york\/#breadcrumb","itemListElement":[{"@type":"ListItem","position":1,"name":"Portada","item":"https:\/\/librosdelzorrorojo.com\/ca\/"},{"@type":"ListItem","position":2,"name":"Cat\u00e0leg","item":"https:\/\/librosdelzorrorojo.com\/ca\/cataleg\/"},{"@type":"ListItem","position":3,"name":"La trilog\u00eda de Nueva York"}]},{"@type":"WebSite","@id":"https:\/\/librosdelzorrorojo.com\/#website","url":"https:\/\/librosdelzorrorojo.com\/","name":"Libros del Zorro Rojo","description":"Libros ilustrados","potentialAction":[{"@type":"SearchAction","target":{"@type":"EntryPoint","urlTemplate":"https:\/\/librosdelzorrorojo.com\/?s={search_term_string}"},"query-input":{"@type":"PropertyValueSpecification","valueRequired":true,"valueName":"search_term_string"}}],"inLanguage":"ca"}]}},"_links":{"self":[{"href":"https:\/\/librosdelzorrorojo.com\/ca\/wp-json\/wp\/v2\/product\/12152","targetHints":{"allow":["GET"]}}],"collection":[{"href":"https:\/\/librosdelzorrorojo.com\/ca\/wp-json\/wp\/v2\/product"}],"about":[{"href":"https:\/\/librosdelzorrorojo.com\/ca\/wp-json\/wp\/v2\/types\/product"}],"wp:featuredmedia":[{"embeddable":true,"href":"https:\/\/librosdelzorrorojo.com\/ca\/wp-json\/wp\/v2\/media\/8080"}],"wp:attachment":[{"href":"https:\/\/librosdelzorrorojo.com\/ca\/wp-json\/wp\/v2\/media?parent=12152"}],"wp:term":[{"taxonomy":"product_brand","embeddable":true,"href":"https:\/\/librosdelzorrorojo.com\/ca\/wp-json\/wp\/v2\/product_brand?post=12152"},{"taxonomy":"product_cat","embeddable":true,"href":"https:\/\/librosdelzorrorojo.com\/ca\/wp-json\/wp\/v2\/product_cat?post=12152"},{"taxonomy":"product_tag","embeddable":true,"href":"https:\/\/librosdelzorrorojo.com\/ca\/wp-json\/wp\/v2\/product_tag?post=12152"}],"curies":[{"name":"wp","href":"https:\/\/api.w.org\/{rel}","templated":true}]}}