{"id":12143,"date":"2016-04-13T18:00:56","date_gmt":"2016-04-13T16:00:56","guid":{"rendered":"https:\/\/librosdelzorrorojo.com\/catalogo\/sigmund-freud\/"},"modified":"2026-03-24T15:29:01","modified_gmt":"2026-03-24T14:29:01","slug":"sigmund-freud","status":"publish","type":"product","link":"https:\/\/librosdelzorrorojo.com\/ca\/cataleg\/sigmund-freud\/","title":{"rendered":"Sigmund Freud"},"content":{"rendered":"<p><span>Di\u00e1logos hilarantes y trazos caricaturescos dan vida a esta at\u00edpica biograf\u00eda sobre Sigmund Freud.\u00a0<\/span><span>Con agudo humor ingl\u00e9s, Ralph Steadman interpela los momentos m\u00e1s c\u00e9lebres de la vida del psicoanalista austr\u00edaco, reinventando escenas a la medida del trazo de sus caricaturas: el Freud de costado m\u00e1s humano, desnudo ante sus propias ansiedades, angustias, amores y\u2026 \u00a1chistes!\u00a0<\/span><br \/>\n<span>\u00abEn contra de lo que muchos creen, Sigmund Freud ten\u00eda sentido del humor\u00bb, sostiene Steadman, que aprovecha el libro de Freud sobre el chiste y su relaci\u00f3n con lo inconsciente, como base para un doble homenaje: al humor y al padre del psicoan\u00e1lisis. Freud, Jung, Lou Andreas Salom\u00e9: todos ellos reinventados por el fino trazo de tinta y l\u00e1piz de Steadman, que, travieso, pasa del dibujo al texto con la misma jocosidad.<\/span><\/p>\n<p><img decoding=\"async\" src=\"https:\/\/librosdelzorrorojo.com\/wp-content\/uploads\/2018\/04\/ICEC_BN-WEB-02.png\" alt=\"\" width=\"200\" height=\"48\" class=\"alignleft wp-image-15980 size-full\" \/><\/p>\n","protected":false},"excerpt":{"rendered":"<span>Di\u00e1logos hilarantes y trazos caricaturescos dan vida a esta at\u00edpica biograf\u00eda sobre Sigmund Freud.\u00a0<\/span><span>Con agudo humor ingl\u00e9s, Ralph Steadman interpela los momentos m\u00e1s c\u00e9lebres de la vida del psicoanalista austr\u00edaco, reinventando escenas a la medida del trazo de sus caricaturas: el Freud de costado m\u00e1s humano, desnudo ante sus propias ansiedades, angustias, amores y\u2026 \u00a1chistes!\u00a0<\/span>\r\n<span>\u00abEn contra de lo que muchos creen, Sigmund Freud ten\u00eda sentido del humor\u00bb, sostiene Steadman, que aprovecha el libro de Freud sobre el chiste y su relaci\u00f3n con lo inconsciente, como base para un doble homenaje: al humor y al padre del psicoan\u00e1lisis. Freud, Jung, Lou Andreas Salom\u00e9: todos ellos reinventados por el fino trazo de tinta y l\u00e1piz de Steadman, que, travieso, pasa del dibujo al texto con la misma jocosidad.<\/span>","protected":false},"featured_media":11855,"template":"","meta":{"_acf_changed":false},"product_brand":[],"product_cat":[844,3156],"product_tag":[],"class_list":{"0":"post-12143","1":"product","2":"type-product","3":"status-publish","4":"has-post-thumbnail","6":"product_cat-castella","7":"product_cat-juvenil-adult","9":"first","10":"instock","11":"taxable","12":"shipping-taxable","13":"purchasable","14":"product-type-simple"},"acf":[],"yoast_head":"<!-- This site is optimized with the Yoast SEO plugin v25.1 - https:\/\/yoast.com\/wordpress\/plugins\/seo\/ -->\n<title>Sigmund Freud - Libros del Zorro Rojo<\/title>\n<meta name=\"description\" content=\"Di\u00e1logos hilarantes y trazos caricaturescos dan vida a esta at\u00edpica biograf\u00eda sobre Sigmund Freud.\u00a0humor, reinvenci\u00f3n, piscoan\u00e1lisis\" \/>\n<meta name=\"robots\" content=\"index, follow, max-snippet:-1, max-image-preview:large, max-video-preview:-1\" \/>\n<link rel=\"canonical\" href=\"https:\/\/librosdelzorrorojo.com\/ca\/cataleg\/sigmund-freud\/\" \/>\n<meta property=\"og:locale\" content=\"ca_ES\" \/>\n<meta property=\"og:type\" content=\"article\" \/>\n<meta property=\"og:title\" content=\"Sigmund Freud - Libros del Zorro Rojo\" \/>\n<meta property=\"og:description\" content=\"Di\u00e1logos hilarantes y trazos caricaturescos dan vida a esta at\u00edpica biograf\u00eda sobre Sigmund Freud.\u00a0humor, reinvenci\u00f3n, piscoan\u00e1lisis\" \/>\n<meta property=\"og:url\" content=\"https:\/\/librosdelzorrorojo.com\/ca\/cataleg\/sigmund-freud\/\" \/>\n<meta property=\"og:site_name\" content=\"Libros del Zorro Rojo\" \/>\n<meta property=\"article:modified_time\" content=\"2026-03-24T14:29:01+00:00\" \/>\n<meta property=\"og:image\" content=\"https:\/\/librosdelzorrorojo.com\/wp-content\/uploads\/2016\/04\/Cover_SignmudFreud.png\" \/>\n\t<meta property=\"og:image:width\" content=\"850\" \/>\n\t<meta property=\"og:image:height\" content=\"997\" \/>\n\t<meta property=\"og:image:type\" content=\"image\/png\" \/>\n<meta name=\"twitter:card\" content=\"summary_large_image\" \/>\n<meta name=\"twitter:label1\" content=\"Temps estimat de lectura\" \/>\n\t<meta name=\"twitter:data1\" content=\"1 minut\" \/>\n<script type=\"application\/ld+json\" class=\"yoast-schema-graph\">{\"@context\":\"https:\/\/schema.org\",\"@graph\":[{\"@type\":\"WebPage\",\"@id\":\"https:\/\/librosdelzorrorojo.com\/ca\/cataleg\/sigmund-freud\/\",\"url\":\"https:\/\/librosdelzorrorojo.com\/ca\/cataleg\/sigmund-freud\/\",\"name\":\"Sigmund Freud - Libros del Zorro Rojo\",\"isPartOf\":{\"@id\":\"https:\/\/librosdelzorrorojo.com\/#website\"},\"primaryImageOfPage\":{\"@id\":\"https:\/\/librosdelzorrorojo.com\/ca\/cataleg\/sigmund-freud\/#primaryimage\"},\"image\":{\"@id\":\"https:\/\/librosdelzorrorojo.com\/ca\/cataleg\/sigmund-freud\/#primaryimage\"},\"thumbnailUrl\":\"https:\/\/librosdelzorrorojo.com\/wp-content\/uploads\/2016\/04\/Cover_SignmudFreud.png\",\"datePublished\":\"2016-04-13T16:00:56+00:00\",\"dateModified\":\"2026-03-24T14:29:01+00:00\",\"description\":\"Di\u00e1logos hilarantes y trazos caricaturescos dan vida a esta at\u00edpica biograf\u00eda sobre Sigmund Freud.\u00a0humor, reinvenci\u00f3n, piscoan\u00e1lisis\",\"breadcrumb\":{\"@id\":\"https:\/\/librosdelzorrorojo.com\/ca\/cataleg\/sigmund-freud\/#breadcrumb\"},\"inLanguage\":\"ca\",\"potentialAction\":[{\"@type\":\"ReadAction\",\"target\":[\"https:\/\/librosdelzorrorojo.com\/ca\/cataleg\/sigmund-freud\/\"]}]},{\"@type\":\"ImageObject\",\"inLanguage\":\"ca\",\"@id\":\"https:\/\/librosdelzorrorojo.com\/ca\/cataleg\/sigmund-freud\/#primaryimage\",\"url\":\"https:\/\/librosdelzorrorojo.com\/wp-content\/uploads\/2016\/04\/Cover_SignmudFreud.png\",\"contentUrl\":\"https:\/\/librosdelzorrorojo.com\/wp-content\/uploads\/2016\/04\/Cover_SignmudFreud.png\",\"width\":850,\"height\":997,\"caption\":\"Cover SignmudFreud\"},{\"@type\":\"BreadcrumbList\",\"@id\":\"https:\/\/librosdelzorrorojo.com\/ca\/cataleg\/sigmund-freud\/#breadcrumb\",\"itemListElement\":[{\"@type\":\"ListItem\",\"position\":1,\"name\":\"Portada\",\"item\":\"https:\/\/librosdelzorrorojo.com\/ca\/\"},{\"@type\":\"ListItem\",\"position\":2,\"name\":\"Cat\u00e0leg\",\"item\":\"https:\/\/librosdelzorrorojo.com\/ca\/cataleg\/\"},{\"@type\":\"ListItem\",\"position\":3,\"name\":\"Sigmund Freud\"}]},{\"@type\":\"WebSite\",\"@id\":\"https:\/\/librosdelzorrorojo.com\/#website\",\"url\":\"https:\/\/librosdelzorrorojo.com\/\",\"name\":\"Libros del Zorro Rojo\",\"description\":\"Libros ilustrados\",\"potentialAction\":[{\"@type\":\"SearchAction\",\"target\":{\"@type\":\"EntryPoint\",\"urlTemplate\":\"https:\/\/librosdelzorrorojo.com\/?s={search_term_string}\"},\"query-input\":{\"@type\":\"PropertyValueSpecification\",\"valueRequired\":true,\"valueName\":\"search_term_string\"}}],\"inLanguage\":\"ca\"}]}<\/script>\n<!-- \/ Yoast SEO plugin. -->","yoast_head_json":{"title":"Sigmund Freud - Libros del Zorro Rojo","description":"Di\u00e1logos hilarantes y trazos caricaturescos dan vida a esta at\u00edpica biograf\u00eda sobre Sigmund Freud.\u00a0humor, reinvenci\u00f3n, piscoan\u00e1lisis","robots":{"index":"index","follow":"follow","max-snippet":"max-snippet:-1","max-image-preview":"max-image-preview:large","max-video-preview":"max-video-preview:-1"},"canonical":"https:\/\/librosdelzorrorojo.com\/ca\/cataleg\/sigmund-freud\/","og_locale":"ca_ES","og_type":"article","og_title":"Sigmund Freud - Libros del Zorro Rojo","og_description":"Di\u00e1logos hilarantes y trazos caricaturescos dan vida a esta at\u00edpica biograf\u00eda sobre Sigmund Freud.\u00a0humor, reinvenci\u00f3n, piscoan\u00e1lisis","og_url":"https:\/\/librosdelzorrorojo.com\/ca\/cataleg\/sigmund-freud\/","og_site_name":"Libros del Zorro Rojo","article_modified_time":"2026-03-24T14:29:01+00:00","og_image":[{"width":850,"height":997,"url":"https:\/\/librosdelzorrorojo.com\/wp-content\/uploads\/2016\/04\/Cover_SignmudFreud.png","type":"image\/png"}],"twitter_card":"summary_large_image","twitter_misc":{"Temps estimat de lectura":"1 minut"},"schema":{"@context":"https:\/\/schema.org","@graph":[{"@type":"WebPage","@id":"https:\/\/librosdelzorrorojo.com\/ca\/cataleg\/sigmund-freud\/","url":"https:\/\/librosdelzorrorojo.com\/ca\/cataleg\/sigmund-freud\/","name":"Sigmund Freud - Libros del Zorro Rojo","isPartOf":{"@id":"https:\/\/librosdelzorrorojo.com\/#website"},"primaryImageOfPage":{"@id":"https:\/\/librosdelzorrorojo.com\/ca\/cataleg\/sigmund-freud\/#primaryimage"},"image":{"@id":"https:\/\/librosdelzorrorojo.com\/ca\/cataleg\/sigmund-freud\/#primaryimage"},"thumbnailUrl":"https:\/\/librosdelzorrorojo.com\/wp-content\/uploads\/2016\/04\/Cover_SignmudFreud.png","datePublished":"2016-04-13T16:00:56+00:00","dateModified":"2026-03-24T14:29:01+00:00","description":"Di\u00e1logos hilarantes y trazos caricaturescos dan vida a esta at\u00edpica biograf\u00eda sobre Sigmund Freud.\u00a0humor, reinvenci\u00f3n, piscoan\u00e1lisis","breadcrumb":{"@id":"https:\/\/librosdelzorrorojo.com\/ca\/cataleg\/sigmund-freud\/#breadcrumb"},"inLanguage":"ca","potentialAction":[{"@type":"ReadAction","target":["https:\/\/librosdelzorrorojo.com\/ca\/cataleg\/sigmund-freud\/"]}]},{"@type":"ImageObject","inLanguage":"ca","@id":"https:\/\/librosdelzorrorojo.com\/ca\/cataleg\/sigmund-freud\/#primaryimage","url":"https:\/\/librosdelzorrorojo.com\/wp-content\/uploads\/2016\/04\/Cover_SignmudFreud.png","contentUrl":"https:\/\/librosdelzorrorojo.com\/wp-content\/uploads\/2016\/04\/Cover_SignmudFreud.png","width":850,"height":997,"caption":"Cover SignmudFreud"},{"@type":"BreadcrumbList","@id":"https:\/\/librosdelzorrorojo.com\/ca\/cataleg\/sigmund-freud\/#breadcrumb","itemListElement":[{"@type":"ListItem","position":1,"name":"Portada","item":"https:\/\/librosdelzorrorojo.com\/ca\/"},{"@type":"ListItem","position":2,"name":"Cat\u00e0leg","item":"https:\/\/librosdelzorrorojo.com\/ca\/cataleg\/"},{"@type":"ListItem","position":3,"name":"Sigmund Freud"}]},{"@type":"WebSite","@id":"https:\/\/librosdelzorrorojo.com\/#website","url":"https:\/\/librosdelzorrorojo.com\/","name":"Libros del Zorro Rojo","description":"Libros ilustrados","potentialAction":[{"@type":"SearchAction","target":{"@type":"EntryPoint","urlTemplate":"https:\/\/librosdelzorrorojo.com\/?s={search_term_string}"},"query-input":{"@type":"PropertyValueSpecification","valueRequired":true,"valueName":"search_term_string"}}],"inLanguage":"ca"}]}},"_links":{"self":[{"href":"https:\/\/librosdelzorrorojo.com\/ca\/wp-json\/wp\/v2\/product\/12143","targetHints":{"allow":["GET"]}}],"collection":[{"href":"https:\/\/librosdelzorrorojo.com\/ca\/wp-json\/wp\/v2\/product"}],"about":[{"href":"https:\/\/librosdelzorrorojo.com\/ca\/wp-json\/wp\/v2\/types\/product"}],"wp:featuredmedia":[{"embeddable":true,"href":"https:\/\/librosdelzorrorojo.com\/ca\/wp-json\/wp\/v2\/media\/11855"}],"wp:attachment":[{"href":"https:\/\/librosdelzorrorojo.com\/ca\/wp-json\/wp\/v2\/media?parent=12143"}],"wp:term":[{"taxonomy":"product_brand","embeddable":true,"href":"https:\/\/librosdelzorrorojo.com\/ca\/wp-json\/wp\/v2\/product_brand?post=12143"},{"taxonomy":"product_cat","embeddable":true,"href":"https:\/\/librosdelzorrorojo.com\/ca\/wp-json\/wp\/v2\/product_cat?post=12143"},{"taxonomy":"product_tag","embeddable":true,"href":"https:\/\/librosdelzorrorojo.com\/ca\/wp-json\/wp\/v2\/product_tag?post=12143"}],"curies":[{"name":"wp","href":"https:\/\/api.w.org\/{rel}","templated":true}]}}