{"id":12141,"date":"2016-05-04T12:00:29","date_gmt":"2016-05-04T10:00:29","guid":{"rendered":"https:\/\/librosdelzorrorojo.com\/catalogo\/el-cielo-sobre-berlin\/"},"modified":"2026-03-24T15:24:15","modified_gmt":"2026-03-24T14:24:15","slug":"el-cielo-sobre-berlin","status":"publish","type":"product","link":"https:\/\/librosdelzorrorojo.com\/ca\/cataleg\/el-cielo-sobre-berlin\/","title":{"rendered":"El cielo sobre Berl\u00edn"},"content":{"rendered":"<p dir=\"ltr\"><i><span style=\"font-weight: 400;\">El cielo sobre Berl\u00edn<\/span><\/i><span style=\"font-weight: 400;\"> es la obra maestra de Wim Wenders y uno de los \u00e9xitos internacionales m\u00e1s importantes del cine alem\u00e1n. Mon\u00f3logos de fuerte lirismo conforman el lenguaje po\u00e9tico con el que se profundizan dilemas humanos como la existencia, la finitud, la soledad o el amor.<\/span><\/p>\n<p dir=\"ltr\"><span style=\"font-weight: 400;\">Un \u00e1ngel se rebelar\u00e1 contra su fr\u00eda forma de existir (que Wenders transmite en el lenguaje f\u00edlmico a trav\u00e9s del uso del blanco y negro), conmovido por los efectos que el amor hacia una trapecista de circo encender\u00e1 en \u00e9l. El vuelo perpetuo y en solitario ser\u00e1 trocado por otro bien diferente: finito y de a dos. La experiencia humana atravesar\u00e1 a aquel que renuncie a ser un eterno testigo de vivencias ajenas (\u00abMirar no es contemplar desde lo alto, es mirar a la cara, de igual a igual\u00bb), para sentir en la carne el dolor y el j\u00fabilo, el fr\u00edo de la p\u00e9rdida o el calor de una caricia correspondida, en <\/span><i><span style=\"font-weight: 400;\">el laberinto de la felicidad compartida<\/span><\/i><span style=\"font-weight: 400;\">.<\/span><\/p>\n<p dir=\"ltr\"><span style=\"font-weight: 400;\">En la pel\u00edcula, el escenario es el Berl\u00edn de los \u00faltimos a\u00f1os del muro. Ciudad de escombros y de espacios vac\u00edos, este es, empero, el territorio conquistado por la libertad. Los habitantes hacen magia entre los escombros: Wenders lo sabe y all\u00ed mismo, en un descampado fangoso, sit\u00faa el circo en donde la trapecista surca los aires con elegancia ante la azorada mirada del \u00e1ngel, que empezar\u00e1 a desear.<\/span><\/p>\n<p dir=\"ltr\"><span style=\"font-weight: 400;\">El espacio vac\u00edo es algo tangible en este Berl\u00edn. Apropiarse del espacio \u2014los vecinos creando huertos espont\u00e1neos que vivifiquen los bald\u00edos; las pinturas haciendo hablar a los muros, a las paredes de los edificios\u2014 y del tiempo \u2014el \u00e1ngel asumiendo la finitud para vivir un tiempo pleno\u2014 resulta fundamental: \u00abEntrar al r\u00edo es entrar al vac\u00edo, sin la otra orilla como horizonte palpable. El r\u00edo del tiempo, el r\u00edo de la vida\u00bb. En este sentido, el dilema \u2014de Berl\u00edn, de la existencia del ser humano\u2014 cobra un valor imperecedero que excede el tiempo del film.<\/span><\/p>\n<p dir=\"ltr\"><span style=\"font-weight: 400;\">Sebastiano y Lorenzo Toma actualizan la vigencia de esta hermosa obra, reescenific\u00e1ndola en el Berl\u00edn del presente, en donde un \u00e1ngel elegir\u00e1 perder su armadura y la fijeza de sus alas, para que sean <\/span><i><span style=\"font-weight: 400;\">las alas del deseo<\/span><\/i><span style=\"font-weight: 400;\"> (\u00abCrecer\u00e1n alas nuevas en el lugar de las viejas\u00bb) las que gu\u00eden sus pasos hacia el destino del amor. Ese amor que, en palabras de Joseph Roth, \u00abno nos ciega, como dice el absurdo refr\u00e1n, sino que, al contrario, nos abre los ojos\u00bb, y que en el lenguaje f\u00edlmico de Wenders abre la mirada del \u00e1ngel a la fiesta de los colores en el amarillo de un cartel, el azul del cielo, el rojo de un vestido.<\/span><\/p>\n<p dir=\"ltr\"><span style=\"font-weight: 400;\">Desde la puesta en escena, el proceso creativo de esta novela gr\u00e1fica ha seguido las l\u00edneas art\u00edsticas de la pel\u00edcula: acr\u00f3batas y actores \u2014algunos participantes del film original\u2014 representaron las acciones que, a trav\u00e9s de fotograf\u00edas, sirvieron como modelo para el trabajo de ilustraci\u00f3n. Este, adem\u00e1s, reproduce en blanco y negro el lenguaje del cineasta alem\u00e1n. Con ellos se entrelaza el ocre, moderado, como elemento novedoso de un Berl\u00edn ya sin muro (aunque la cicatriz, indeleble, perviva): el oto\u00f1o como parte del renacer, como primavera invertida.<\/span><\/p>\n<p dir=\"ltr\"><span style=\"font-weight: 400;\">La aventura de vivir supone los riesgos de la existencia. La experiencia del amor abre la dimensi\u00f3n de otra forma de eternidad, ya sin cadenas: \u00abSucedi\u00f3 una vez y, por ende, para siempre\u00bb.<\/span><\/p>\n<p><span>Hojea el libro\u00a0<a href=\"https:\/\/issuu.com\/librosdelzorrorojo\/docs\/el_cielo_sobre_berlin\"><span style=\"color: #ff0000;\">aqu\u00ed<\/span><\/a>\u00a0<\/span><span>|<\/span><span>\u00a0<\/span><span>Mira el\u00a0<\/span><a href=\"https:\/\/www.youtube.com\/watch?v=YdeVqMJE0oc&amp;t=15s\"><span style=\"color: #ff0000;\">booktrailer<\/span><\/a><\/p>\n<p>&#8211;<\/p>\n<p>Rese\u00f1a en <em>Libros y literatura<\/em> <span style=\"color: #ff0000;\"><a href=\"https:\/\/librosdelzorrorojo.com\/ca\/unes-il%c2%b7lustracions-ben-especials\/\" style=\"color: #ff0000;\">aqu\u00ed.<\/a><\/span><\/p>\n<p>&nbsp;<\/p>\n","protected":false},"excerpt":{"rendered":"<em>El cielo sobre Berl\u00edn<\/em> es la obra maestra de Wim Wenders y uno de los \u00e9xitos internacionales m\u00e1s importantes del cine alem\u00e1n. Mon\u00f3logos de fuerte lirismo conforman el lenguaje po\u00e9tico con el que se profundizan dilemas humanos como la existencia, la finitud, la soledad o el amor.","protected":false},"featured_media":13250,"template":"","meta":{"_acf_changed":false},"product_brand":[],"product_cat":[844,3156],"product_tag":[],"class_list":{"0":"post-12141","1":"product","2":"type-product","3":"status-publish","4":"has-post-thumbnail","6":"product_cat-castella","7":"product_cat-juvenil-adult","9":"first","10":"instock","11":"taxable","12":"shipping-taxable","13":"purchasable","14":"product-type-simple"},"acf":[],"yoast_head":"<!-- This site is optimized with the Yoast SEO plugin v25.1 - https:\/\/yoast.com\/wordpress\/plugins\/seo\/ -->\n<title>El cielo sobre Berl\u00edn<\/title>\n<meta name=\"description\" content=\"Muro de berl\u00edn, amor, circo, trapecista, novela gr\u00e1fica, remake, pel\u00edcula, segunda guerra mundial, muro, divisi\u00f3n, ilustraci\u00f3n\" \/>\n<meta name=\"robots\" content=\"index, follow, max-snippet:-1, max-image-preview:large, max-video-preview:-1\" \/>\n<link rel=\"canonical\" href=\"https:\/\/librosdelzorrorojo.com\/ca\/cataleg\/el-cielo-sobre-berlin\/\" \/>\n<meta property=\"og:locale\" content=\"ca_ES\" \/>\n<meta property=\"og:type\" content=\"article\" \/>\n<meta property=\"og:title\" content=\"El cielo sobre Berl\u00edn\" \/>\n<meta property=\"og:description\" content=\"Muro de berl\u00edn, amor, circo, trapecista, novela gr\u00e1fica, remake, pel\u00edcula, segunda guerra mundial, muro, divisi\u00f3n, ilustraci\u00f3n\" \/>\n<meta property=\"og:url\" content=\"https:\/\/librosdelzorrorojo.com\/ca\/cataleg\/el-cielo-sobre-berlin\/\" \/>\n<meta property=\"og:site_name\" content=\"Libros del Zorro Rojo\" \/>\n<meta property=\"article:modified_time\" content=\"2026-03-24T14:24:15+00:00\" \/>\n<meta property=\"og:image\" content=\"https:\/\/librosdelzorrorojo.com\/wp-content\/uploads\/2016\/05\/Cover-Cielo-sobre-Berlin-WEB.jpg\" \/>\n\t<meta property=\"og:image:width\" content=\"850\" \/>\n\t<meta property=\"og:image:height\" content=\"1130\" \/>\n\t<meta property=\"og:image:type\" content=\"image\/jpeg\" \/>\n<meta name=\"twitter:card\" content=\"summary_large_image\" \/>\n<meta name=\"twitter:label1\" content=\"Temps estimat de lectura\" \/>\n\t<meta name=\"twitter:data1\" content=\"3 minuts\" \/>\n<script type=\"application\/ld+json\" class=\"yoast-schema-graph\">{\"@context\":\"https:\/\/schema.org\",\"@graph\":[{\"@type\":\"WebPage\",\"@id\":\"https:\/\/librosdelzorrorojo.com\/ca\/cataleg\/el-cielo-sobre-berlin\/\",\"url\":\"https:\/\/librosdelzorrorojo.com\/ca\/cataleg\/el-cielo-sobre-berlin\/\",\"name\":\"El cielo sobre Berl\u00edn\",\"isPartOf\":{\"@id\":\"https:\/\/librosdelzorrorojo.com\/#website\"},\"primaryImageOfPage\":{\"@id\":\"https:\/\/librosdelzorrorojo.com\/ca\/cataleg\/el-cielo-sobre-berlin\/#primaryimage\"},\"image\":{\"@id\":\"https:\/\/librosdelzorrorojo.com\/ca\/cataleg\/el-cielo-sobre-berlin\/#primaryimage\"},\"thumbnailUrl\":\"https:\/\/librosdelzorrorojo.com\/wp-content\/uploads\/2016\/05\/Cover-Cielo-sobre-Berlin-WEB.jpg\",\"datePublished\":\"2016-05-04T10:00:29+00:00\",\"dateModified\":\"2026-03-24T14:24:15+00:00\",\"description\":\"Muro de berl\u00edn, amor, circo, trapecista, novela gr\u00e1fica, remake, pel\u00edcula, segunda guerra mundial, muro, divisi\u00f3n, ilustraci\u00f3n\",\"breadcrumb\":{\"@id\":\"https:\/\/librosdelzorrorojo.com\/ca\/cataleg\/el-cielo-sobre-berlin\/#breadcrumb\"},\"inLanguage\":\"ca\",\"potentialAction\":[{\"@type\":\"ReadAction\",\"target\":[\"https:\/\/librosdelzorrorojo.com\/ca\/cataleg\/el-cielo-sobre-berlin\/\"]}]},{\"@type\":\"ImageObject\",\"inLanguage\":\"ca\",\"@id\":\"https:\/\/librosdelzorrorojo.com\/ca\/cataleg\/el-cielo-sobre-berlin\/#primaryimage\",\"url\":\"https:\/\/librosdelzorrorojo.com\/wp-content\/uploads\/2016\/05\/Cover-Cielo-sobre-Berlin-WEB.jpg\",\"contentUrl\":\"https:\/\/librosdelzorrorojo.com\/wp-content\/uploads\/2016\/05\/Cover-Cielo-sobre-Berlin-WEB.jpg\",\"width\":850,\"height\":1130,\"caption\":\"Cover Cielo sobre Berlin WEB\"},{\"@type\":\"BreadcrumbList\",\"@id\":\"https:\/\/librosdelzorrorojo.com\/ca\/cataleg\/el-cielo-sobre-berlin\/#breadcrumb\",\"itemListElement\":[{\"@type\":\"ListItem\",\"position\":1,\"name\":\"Portada\",\"item\":\"https:\/\/librosdelzorrorojo.com\/ca\/\"},{\"@type\":\"ListItem\",\"position\":2,\"name\":\"Cat\u00e0leg\",\"item\":\"https:\/\/librosdelzorrorojo.com\/ca\/cataleg\/\"},{\"@type\":\"ListItem\",\"position\":3,\"name\":\"El cielo sobre Berl\u00edn\"}]},{\"@type\":\"WebSite\",\"@id\":\"https:\/\/librosdelzorrorojo.com\/#website\",\"url\":\"https:\/\/librosdelzorrorojo.com\/\",\"name\":\"Libros del Zorro Rojo\",\"description\":\"Libros ilustrados\",\"potentialAction\":[{\"@type\":\"SearchAction\",\"target\":{\"@type\":\"EntryPoint\",\"urlTemplate\":\"https:\/\/librosdelzorrorojo.com\/?s={search_term_string}\"},\"query-input\":{\"@type\":\"PropertyValueSpecification\",\"valueRequired\":true,\"valueName\":\"search_term_string\"}}],\"inLanguage\":\"ca\"}]}<\/script>\n<!-- \/ Yoast SEO plugin. -->","yoast_head_json":{"title":"El cielo sobre Berl\u00edn","description":"Muro de berl\u00edn, amor, circo, trapecista, novela gr\u00e1fica, remake, pel\u00edcula, segunda guerra mundial, muro, divisi\u00f3n, ilustraci\u00f3n","robots":{"index":"index","follow":"follow","max-snippet":"max-snippet:-1","max-image-preview":"max-image-preview:large","max-video-preview":"max-video-preview:-1"},"canonical":"https:\/\/librosdelzorrorojo.com\/ca\/cataleg\/el-cielo-sobre-berlin\/","og_locale":"ca_ES","og_type":"article","og_title":"El cielo sobre Berl\u00edn","og_description":"Muro de berl\u00edn, amor, circo, trapecista, novela gr\u00e1fica, remake, pel\u00edcula, segunda guerra mundial, muro, divisi\u00f3n, ilustraci\u00f3n","og_url":"https:\/\/librosdelzorrorojo.com\/ca\/cataleg\/el-cielo-sobre-berlin\/","og_site_name":"Libros del Zorro Rojo","article_modified_time":"2026-03-24T14:24:15+00:00","og_image":[{"width":850,"height":1130,"url":"https:\/\/librosdelzorrorojo.com\/wp-content\/uploads\/2016\/05\/Cover-Cielo-sobre-Berlin-WEB.jpg","type":"image\/jpeg"}],"twitter_card":"summary_large_image","twitter_misc":{"Temps estimat de lectura":"3 minuts"},"schema":{"@context":"https:\/\/schema.org","@graph":[{"@type":"WebPage","@id":"https:\/\/librosdelzorrorojo.com\/ca\/cataleg\/el-cielo-sobre-berlin\/","url":"https:\/\/librosdelzorrorojo.com\/ca\/cataleg\/el-cielo-sobre-berlin\/","name":"El cielo sobre Berl\u00edn","isPartOf":{"@id":"https:\/\/librosdelzorrorojo.com\/#website"},"primaryImageOfPage":{"@id":"https:\/\/librosdelzorrorojo.com\/ca\/cataleg\/el-cielo-sobre-berlin\/#primaryimage"},"image":{"@id":"https:\/\/librosdelzorrorojo.com\/ca\/cataleg\/el-cielo-sobre-berlin\/#primaryimage"},"thumbnailUrl":"https:\/\/librosdelzorrorojo.com\/wp-content\/uploads\/2016\/05\/Cover-Cielo-sobre-Berlin-WEB.jpg","datePublished":"2016-05-04T10:00:29+00:00","dateModified":"2026-03-24T14:24:15+00:00","description":"Muro de berl\u00edn, amor, circo, trapecista, novela gr\u00e1fica, remake, pel\u00edcula, segunda guerra mundial, muro, divisi\u00f3n, ilustraci\u00f3n","breadcrumb":{"@id":"https:\/\/librosdelzorrorojo.com\/ca\/cataleg\/el-cielo-sobre-berlin\/#breadcrumb"},"inLanguage":"ca","potentialAction":[{"@type":"ReadAction","target":["https:\/\/librosdelzorrorojo.com\/ca\/cataleg\/el-cielo-sobre-berlin\/"]}]},{"@type":"ImageObject","inLanguage":"ca","@id":"https:\/\/librosdelzorrorojo.com\/ca\/cataleg\/el-cielo-sobre-berlin\/#primaryimage","url":"https:\/\/librosdelzorrorojo.com\/wp-content\/uploads\/2016\/05\/Cover-Cielo-sobre-Berlin-WEB.jpg","contentUrl":"https:\/\/librosdelzorrorojo.com\/wp-content\/uploads\/2016\/05\/Cover-Cielo-sobre-Berlin-WEB.jpg","width":850,"height":1130,"caption":"Cover Cielo sobre Berlin WEB"},{"@type":"BreadcrumbList","@id":"https:\/\/librosdelzorrorojo.com\/ca\/cataleg\/el-cielo-sobre-berlin\/#breadcrumb","itemListElement":[{"@type":"ListItem","position":1,"name":"Portada","item":"https:\/\/librosdelzorrorojo.com\/ca\/"},{"@type":"ListItem","position":2,"name":"Cat\u00e0leg","item":"https:\/\/librosdelzorrorojo.com\/ca\/cataleg\/"},{"@type":"ListItem","position":3,"name":"El cielo sobre Berl\u00edn"}]},{"@type":"WebSite","@id":"https:\/\/librosdelzorrorojo.com\/#website","url":"https:\/\/librosdelzorrorojo.com\/","name":"Libros del Zorro Rojo","description":"Libros ilustrados","potentialAction":[{"@type":"SearchAction","target":{"@type":"EntryPoint","urlTemplate":"https:\/\/librosdelzorrorojo.com\/?s={search_term_string}"},"query-input":{"@type":"PropertyValueSpecification","valueRequired":true,"valueName":"search_term_string"}}],"inLanguage":"ca"}]}},"_links":{"self":[{"href":"https:\/\/librosdelzorrorojo.com\/ca\/wp-json\/wp\/v2\/product\/12141","targetHints":{"allow":["GET"]}}],"collection":[{"href":"https:\/\/librosdelzorrorojo.com\/ca\/wp-json\/wp\/v2\/product"}],"about":[{"href":"https:\/\/librosdelzorrorojo.com\/ca\/wp-json\/wp\/v2\/types\/product"}],"wp:featuredmedia":[{"embeddable":true,"href":"https:\/\/librosdelzorrorojo.com\/ca\/wp-json\/wp\/v2\/media\/13250"}],"wp:attachment":[{"href":"https:\/\/librosdelzorrorojo.com\/ca\/wp-json\/wp\/v2\/media?parent=12141"}],"wp:term":[{"taxonomy":"product_brand","embeddable":true,"href":"https:\/\/librosdelzorrorojo.com\/ca\/wp-json\/wp\/v2\/product_brand?post=12141"},{"taxonomy":"product_cat","embeddable":true,"href":"https:\/\/librosdelzorrorojo.com\/ca\/wp-json\/wp\/v2\/product_cat?post=12141"},{"taxonomy":"product_tag","embeddable":true,"href":"https:\/\/librosdelzorrorojo.com\/ca\/wp-json\/wp\/v2\/product_tag?post=12141"}],"curies":[{"name":"wp","href":"https:\/\/api.w.org\/{rel}","templated":true}]}}