{"id":12139,"date":"2016-06-06T12:00:33","date_gmt":"2016-06-06T10:00:33","guid":{"rendered":"https:\/\/librosdelzorrorojo.com\/catalogo\/cuaderno-de-vacaciones\/"},"modified":"2024-03-01T09:17:33","modified_gmt":"2024-03-01T08:17:33","slug":"cuaderno-de-vacaciones","status":"publish","type":"product","link":"https:\/\/librosdelzorrorojo.com\/ca\/cataleg\/cuaderno-de-vacaciones\/","title":{"rendered":"Cuaderno de vacaciones"},"content":{"rendered":"<p><span>Este no es un cuaderno para hacer en vacaciones, nos explica su autor, Grassa Toro. Es un cuaderno para hacer que sea vacaciones cuando quieras que sea vacaciones. Algunas de sus actividades se hacen con las manos, otras con la cabeza o con los pies; unas pocas solo se pueden hacer una vez, y la mayor\u00eda, dos mil cuatrocientas veinticuatro veces.\u00a0<\/span><\/p>\n<p><span>Con juegos en los que todo es posible, este libro nos invita a crear e interactuar con los mundos inauditos de Isidro Ferrer: mundos de l\u00e1piz, gubia y cincel. Una traves\u00eda n\u00e1utica para todo tipo de marineros y marineras, e incluso para adultos con mal genio y gafas.\u00a0<\/span><\/p>\n","protected":false},"excerpt":{"rendered":"<span>Este no es un cuaderno para hacer en vacaciones, nos explica su autor, Grassa Toro. Es un cuaderno para hacer que sea vacaciones cuando quieras que sea vacaciones. Algunas de sus actividades se hacen con las manos, otras con la cabeza o con los pies; unas pocas solo se pueden hacer una vez, y la mayor\u00eda, dos mil cuatrocientas veinticuatro veces.\u00a0<\/span>\r\n\r\n<span>Con juegos en los que todo es posible, este libro nos invita a crear e interactuar con los mundos inauditos de Isidro Ferrer: mundos de l\u00e1piz, gubia y cincel. Una traves\u00eda n\u00e1utica para todo tipo de marineros y marineras, e incluso para adultos con mal genio y gafas.\u00a0<\/span>","protected":false},"featured_media":8294,"template":"","meta":{"_acf_changed":false},"product_brand":[],"product_cat":[844,843],"product_tag":[],"class_list":{"0":"post-12139","1":"product","2":"type-product","3":"status-publish","4":"has-post-thumbnail","6":"product_cat-castella","7":"product_cat-infantiles-ca","9":"first","10":"instock","11":"taxable","12":"shipping-taxable","13":"purchasable","14":"product-type-simple"},"acf":[],"yoast_head":"<!-- This site is optimized with the Yoast SEO plugin v25.1 - https:\/\/yoast.com\/wordpress\/plugins\/seo\/ -->\n<title>Cuaderno de vacaciones - Libros del Zorro Rojo<\/title>\n<meta name=\"description\" content=\"Es un cuaderno para hacer que sea vacaciones cuando quieras que sea vacaciones, juegos, actividades, diversi\u00f3n, chicos, tareas\" \/>\n<meta name=\"robots\" content=\"index, follow, max-snippet:-1, max-image-preview:large, max-video-preview:-1\" \/>\n<link rel=\"canonical\" href=\"https:\/\/librosdelzorrorojo.com\/ca\/cataleg\/cuaderno-de-vacaciones\/\" \/>\n<meta property=\"og:locale\" content=\"ca_ES\" \/>\n<meta property=\"og:type\" content=\"article\" \/>\n<meta property=\"og:title\" content=\"Cuaderno de vacaciones - Libros del Zorro Rojo\" \/>\n<meta property=\"og:description\" content=\"Es un cuaderno para hacer que sea vacaciones cuando quieras que sea vacaciones, juegos, actividades, diversi\u00f3n, chicos, tareas\" \/>\n<meta property=\"og:url\" content=\"https:\/\/librosdelzorrorojo.com\/ca\/cataleg\/cuaderno-de-vacaciones\/\" \/>\n<meta property=\"og:site_name\" content=\"Libros del Zorro Rojo\" \/>\n<meta property=\"article:modified_time\" content=\"2024-03-01T08:17:33+00:00\" \/>\n<meta property=\"og:image\" content=\"https:\/\/librosdelzorrorojo.com\/wp-content\/uploads\/2016\/06\/ZR-Cuaderno-de-vacaciones.jpg\" \/>\n\t<meta property=\"og:image:width\" content=\"941\" \/>\n\t<meta property=\"og:image:height\" content=\"1238\" \/>\n\t<meta property=\"og:image:type\" content=\"image\/jpeg\" \/>\n<meta name=\"twitter:card\" content=\"summary_large_image\" \/>\n<meta name=\"twitter:label1\" content=\"Temps estimat de lectura\" \/>\n\t<meta name=\"twitter:data1\" content=\"1 minut\" \/>\n<script type=\"application\/ld+json\" class=\"yoast-schema-graph\">{\"@context\":\"https:\/\/schema.org\",\"@graph\":[{\"@type\":\"WebPage\",\"@id\":\"https:\/\/librosdelzorrorojo.com\/ca\/cataleg\/cuaderno-de-vacaciones\/\",\"url\":\"https:\/\/librosdelzorrorojo.com\/ca\/cataleg\/cuaderno-de-vacaciones\/\",\"name\":\"Cuaderno de vacaciones - Libros del Zorro Rojo\",\"isPartOf\":{\"@id\":\"https:\/\/librosdelzorrorojo.com\/#website\"},\"primaryImageOfPage\":{\"@id\":\"https:\/\/librosdelzorrorojo.com\/ca\/cataleg\/cuaderno-de-vacaciones\/#primaryimage\"},\"image\":{\"@id\":\"https:\/\/librosdelzorrorojo.com\/ca\/cataleg\/cuaderno-de-vacaciones\/#primaryimage\"},\"thumbnailUrl\":\"https:\/\/librosdelzorrorojo.com\/wp-content\/uploads\/2016\/06\/ZR-Cuaderno-de-vacaciones.jpg\",\"datePublished\":\"2016-06-06T10:00:33+00:00\",\"dateModified\":\"2024-03-01T08:17:33+00:00\",\"description\":\"Es un cuaderno para hacer que sea vacaciones cuando quieras que sea vacaciones, juegos, actividades, diversi\u00f3n, chicos, tareas\",\"breadcrumb\":{\"@id\":\"https:\/\/librosdelzorrorojo.com\/ca\/cataleg\/cuaderno-de-vacaciones\/#breadcrumb\"},\"inLanguage\":\"ca\",\"potentialAction\":[{\"@type\":\"ReadAction\",\"target\":[\"https:\/\/librosdelzorrorojo.com\/ca\/cataleg\/cuaderno-de-vacaciones\/\"]}]},{\"@type\":\"ImageObject\",\"inLanguage\":\"ca\",\"@id\":\"https:\/\/librosdelzorrorojo.com\/ca\/cataleg\/cuaderno-de-vacaciones\/#primaryimage\",\"url\":\"https:\/\/librosdelzorrorojo.com\/wp-content\/uploads\/2016\/06\/ZR-Cuaderno-de-vacaciones.jpg\",\"contentUrl\":\"https:\/\/librosdelzorrorojo.com\/wp-content\/uploads\/2016\/06\/ZR-Cuaderno-de-vacaciones.jpg\",\"width\":941,\"height\":1238,\"caption\":\"ZR Cuaderno de vacaciones\"},{\"@type\":\"BreadcrumbList\",\"@id\":\"https:\/\/librosdelzorrorojo.com\/ca\/cataleg\/cuaderno-de-vacaciones\/#breadcrumb\",\"itemListElement\":[{\"@type\":\"ListItem\",\"position\":1,\"name\":\"Portada\",\"item\":\"https:\/\/librosdelzorrorojo.com\/ca\/\"},{\"@type\":\"ListItem\",\"position\":2,\"name\":\"Cat\u00e0leg\",\"item\":\"https:\/\/librosdelzorrorojo.com\/ca\/cataleg\/\"},{\"@type\":\"ListItem\",\"position\":3,\"name\":\"Cuaderno de vacaciones\"}]},{\"@type\":\"WebSite\",\"@id\":\"https:\/\/librosdelzorrorojo.com\/#website\",\"url\":\"https:\/\/librosdelzorrorojo.com\/\",\"name\":\"Libros del Zorro Rojo\",\"description\":\"Libros ilustrados\",\"potentialAction\":[{\"@type\":\"SearchAction\",\"target\":{\"@type\":\"EntryPoint\",\"urlTemplate\":\"https:\/\/librosdelzorrorojo.com\/?s={search_term_string}\"},\"query-input\":{\"@type\":\"PropertyValueSpecification\",\"valueRequired\":true,\"valueName\":\"search_term_string\"}}],\"inLanguage\":\"ca\"}]}<\/script>\n<!-- \/ Yoast SEO plugin. -->","yoast_head_json":{"title":"Cuaderno de vacaciones - Libros del Zorro Rojo","description":"Es un cuaderno para hacer que sea vacaciones cuando quieras que sea vacaciones, juegos, actividades, diversi\u00f3n, chicos, tareas","robots":{"index":"index","follow":"follow","max-snippet":"max-snippet:-1","max-image-preview":"max-image-preview:large","max-video-preview":"max-video-preview:-1"},"canonical":"https:\/\/librosdelzorrorojo.com\/ca\/cataleg\/cuaderno-de-vacaciones\/","og_locale":"ca_ES","og_type":"article","og_title":"Cuaderno de vacaciones - Libros del Zorro Rojo","og_description":"Es un cuaderno para hacer que sea vacaciones cuando quieras que sea vacaciones, juegos, actividades, diversi\u00f3n, chicos, tareas","og_url":"https:\/\/librosdelzorrorojo.com\/ca\/cataleg\/cuaderno-de-vacaciones\/","og_site_name":"Libros del Zorro Rojo","article_modified_time":"2024-03-01T08:17:33+00:00","og_image":[{"width":941,"height":1238,"url":"https:\/\/librosdelzorrorojo.com\/wp-content\/uploads\/2016\/06\/ZR-Cuaderno-de-vacaciones.jpg","type":"image\/jpeg"}],"twitter_card":"summary_large_image","twitter_misc":{"Temps estimat de lectura":"1 minut"},"schema":{"@context":"https:\/\/schema.org","@graph":[{"@type":"WebPage","@id":"https:\/\/librosdelzorrorojo.com\/ca\/cataleg\/cuaderno-de-vacaciones\/","url":"https:\/\/librosdelzorrorojo.com\/ca\/cataleg\/cuaderno-de-vacaciones\/","name":"Cuaderno de vacaciones - Libros del Zorro Rojo","isPartOf":{"@id":"https:\/\/librosdelzorrorojo.com\/#website"},"primaryImageOfPage":{"@id":"https:\/\/librosdelzorrorojo.com\/ca\/cataleg\/cuaderno-de-vacaciones\/#primaryimage"},"image":{"@id":"https:\/\/librosdelzorrorojo.com\/ca\/cataleg\/cuaderno-de-vacaciones\/#primaryimage"},"thumbnailUrl":"https:\/\/librosdelzorrorojo.com\/wp-content\/uploads\/2016\/06\/ZR-Cuaderno-de-vacaciones.jpg","datePublished":"2016-06-06T10:00:33+00:00","dateModified":"2024-03-01T08:17:33+00:00","description":"Es un cuaderno para hacer que sea vacaciones cuando quieras que sea vacaciones, juegos, actividades, diversi\u00f3n, chicos, tareas","breadcrumb":{"@id":"https:\/\/librosdelzorrorojo.com\/ca\/cataleg\/cuaderno-de-vacaciones\/#breadcrumb"},"inLanguage":"ca","potentialAction":[{"@type":"ReadAction","target":["https:\/\/librosdelzorrorojo.com\/ca\/cataleg\/cuaderno-de-vacaciones\/"]}]},{"@type":"ImageObject","inLanguage":"ca","@id":"https:\/\/librosdelzorrorojo.com\/ca\/cataleg\/cuaderno-de-vacaciones\/#primaryimage","url":"https:\/\/librosdelzorrorojo.com\/wp-content\/uploads\/2016\/06\/ZR-Cuaderno-de-vacaciones.jpg","contentUrl":"https:\/\/librosdelzorrorojo.com\/wp-content\/uploads\/2016\/06\/ZR-Cuaderno-de-vacaciones.jpg","width":941,"height":1238,"caption":"ZR Cuaderno de vacaciones"},{"@type":"BreadcrumbList","@id":"https:\/\/librosdelzorrorojo.com\/ca\/cataleg\/cuaderno-de-vacaciones\/#breadcrumb","itemListElement":[{"@type":"ListItem","position":1,"name":"Portada","item":"https:\/\/librosdelzorrorojo.com\/ca\/"},{"@type":"ListItem","position":2,"name":"Cat\u00e0leg","item":"https:\/\/librosdelzorrorojo.com\/ca\/cataleg\/"},{"@type":"ListItem","position":3,"name":"Cuaderno de vacaciones"}]},{"@type":"WebSite","@id":"https:\/\/librosdelzorrorojo.com\/#website","url":"https:\/\/librosdelzorrorojo.com\/","name":"Libros del Zorro Rojo","description":"Libros ilustrados","potentialAction":[{"@type":"SearchAction","target":{"@type":"EntryPoint","urlTemplate":"https:\/\/librosdelzorrorojo.com\/?s={search_term_string}"},"query-input":{"@type":"PropertyValueSpecification","valueRequired":true,"valueName":"search_term_string"}}],"inLanguage":"ca"}]}},"_links":{"self":[{"href":"https:\/\/librosdelzorrorojo.com\/ca\/wp-json\/wp\/v2\/product\/12139","targetHints":{"allow":["GET"]}}],"collection":[{"href":"https:\/\/librosdelzorrorojo.com\/ca\/wp-json\/wp\/v2\/product"}],"about":[{"href":"https:\/\/librosdelzorrorojo.com\/ca\/wp-json\/wp\/v2\/types\/product"}],"wp:featuredmedia":[{"embeddable":true,"href":"https:\/\/librosdelzorrorojo.com\/ca\/wp-json\/wp\/v2\/media\/8294"}],"wp:attachment":[{"href":"https:\/\/librosdelzorrorojo.com\/ca\/wp-json\/wp\/v2\/media?parent=12139"}],"wp:term":[{"taxonomy":"product_brand","embeddable":true,"href":"https:\/\/librosdelzorrorojo.com\/ca\/wp-json\/wp\/v2\/product_brand?post=12139"},{"taxonomy":"product_cat","embeddable":true,"href":"https:\/\/librosdelzorrorojo.com\/ca\/wp-json\/wp\/v2\/product_cat?post=12139"},{"taxonomy":"product_tag","embeddable":true,"href":"https:\/\/librosdelzorrorojo.com\/ca\/wp-json\/wp\/v2\/product_tag?post=12139"}],"curies":[{"name":"wp","href":"https:\/\/api.w.org\/{rel}","templated":true}]}}