{"id":12137,"date":"2016-08-31T16:38:55","date_gmt":"2016-08-31T14:38:55","guid":{"rendered":"https:\/\/librosdelzorrorojo.com\/catalogo\/la-isla-de-los-perros\/"},"modified":"2024-03-01T09:19:06","modified_gmt":"2024-03-01T08:19:06","slug":"la-isla-de-los-perros","status":"publish","type":"product","link":"https:\/\/librosdelzorrorojo.com\/ca\/cataleg\/la-isla-de-los-perros\/","title":{"rendered":"La isla de los perros"},"content":{"rendered":"<p><span>Cada nuevo nombre produce una sorprendente metamorfosis y as\u00ed la peripecia de Ida y sus amigos se convierte en un aut\u00e9ntico desfile de animales. <\/span><span>Con gran creatividad,\u00a0<\/span><span>Aurore Callias<\/span><span>\u00a0dibuja m\u00e1s de treinta razas<\/span><span>\u00a0de perros y encuentra ingeniosos parecidos con la\u00a0fauna. \u00a0As\u00ed, el yorkshire se convierte en b\u00faho, el pequin\u00e9s en erizo, el colley en zorro, el chihuahua en murci\u00e9lago, el caniche en oveja, el husky en delf\u00edn&#8230; <\/span><\/p>\n<p><span>Un simp\u00e1tico \u00e1lbum para los m\u00e1s peque\u00f1os, para los amantes de los perros y para todos aquellos que disfrutan con las historias cargadas de detalles, encanto y humor.\u00a0\u00a0<\/span><\/p>\n","protected":false},"excerpt":{"rendered":"<span>Cada nuevo nombre produce una sorprendente metamorfosis y as\u00ed la peripecia de Ida y sus amigos se convierte en un aut\u00e9ntico desfile de animales. \u00a0<\/span><span>Con gran creatividad\u00a0<\/span><span>Aurore Callias<\/span><span>\u00a0dibuja m\u00e1s de treinta razas<\/span><span>\u00a0de perros y encuentra ingeniosos parecidos con la\u00a0fauna. \u00a0As\u00ed, el yorkshire se convierte en b\u00faho, el pequin\u00e9s en erizo, el colley en zorro, el chihuahua en murci\u00e9lago, el caniche en oveja, el husky en delf\u00edn&#8230; <\/span>\r\n\r\n<span>Un simp\u00e1tico \u00e1lbum para los m\u00e1s peque\u00f1os, para los amantes de los perros y para todos aquellos que disfrutan con las historias cargadas de detalles, encanto y humor.\u00a0\u00a0<\/span>","protected":false},"featured_media":10213,"template":"","meta":{"_acf_changed":false},"product_brand":[],"product_cat":[844,843],"product_tag":[],"class_list":{"0":"post-12137","1":"product","2":"type-product","3":"status-publish","4":"has-post-thumbnail","6":"product_cat-castella","7":"product_cat-infantiles-ca","9":"first","10":"outofstock","11":"taxable","12":"shipping-taxable","13":"purchasable","14":"product-type-simple"},"acf":[],"yoast_head":"<!-- This site is optimized with the Yoast SEO plugin v25.1 - https:\/\/yoast.com\/wordpress\/plugins\/seo\/ -->\n<title>La isla de los perros - Libros del Zorro Rojo<\/title>\n<meta name=\"description\" content=\"Un simp\u00e1tico \u00e1lbum para los m\u00e1s peque\u00f1os, para los amantes de los perros y para todos los que disfrutan de las historias cargadas de encanto y humor\" \/>\n<meta name=\"robots\" content=\"index, follow, max-snippet:-1, max-image-preview:large, max-video-preview:-1\" \/>\n<link rel=\"canonical\" href=\"https:\/\/librosdelzorrorojo.com\/ca\/cataleg\/la-isla-de-los-perros\/\" \/>\n<meta property=\"og:locale\" content=\"ca_ES\" \/>\n<meta property=\"og:type\" content=\"article\" \/>\n<meta property=\"og:title\" content=\"La isla de los perros - Libros del Zorro Rojo\" \/>\n<meta property=\"og:description\" content=\"Un simp\u00e1tico \u00e1lbum para los m\u00e1s peque\u00f1os, para los amantes de los perros y para todos los que disfrutan de las historias cargadas de encanto y humor\" \/>\n<meta property=\"og:url\" content=\"https:\/\/librosdelzorrorojo.com\/ca\/cataleg\/la-isla-de-los-perros\/\" \/>\n<meta property=\"og:site_name\" content=\"Libros del Zorro Rojo\" \/>\n<meta property=\"article:modified_time\" content=\"2024-03-01T08:19:06+00:00\" \/>\n<meta property=\"og:image\" content=\"https:\/\/librosdelzorrorojo.com\/wp-content\/uploads\/2016\/08\/Cover_La-isla-de-los-perros-WEB.png\" \/>\n\t<meta property=\"og:image:width\" content=\"850\" \/>\n\t<meta property=\"og:image:height\" content=\"1066\" \/>\n\t<meta property=\"og:image:type\" content=\"image\/png\" \/>\n<meta name=\"twitter:card\" content=\"summary_large_image\" \/>\n<meta name=\"twitter:label1\" content=\"Temps estimat de lectura\" \/>\n\t<meta name=\"twitter:data1\" content=\"1 minut\" \/>\n<script type=\"application\/ld+json\" class=\"yoast-schema-graph\">{\"@context\":\"https:\/\/schema.org\",\"@graph\":[{\"@type\":\"WebPage\",\"@id\":\"https:\/\/librosdelzorrorojo.com\/ca\/cataleg\/la-isla-de-los-perros\/\",\"url\":\"https:\/\/librosdelzorrorojo.com\/ca\/cataleg\/la-isla-de-los-perros\/\",\"name\":\"La isla de los perros - Libros del Zorro Rojo\",\"isPartOf\":{\"@id\":\"https:\/\/librosdelzorrorojo.com\/#website\"},\"primaryImageOfPage\":{\"@id\":\"https:\/\/librosdelzorrorojo.com\/ca\/cataleg\/la-isla-de-los-perros\/#primaryimage\"},\"image\":{\"@id\":\"https:\/\/librosdelzorrorojo.com\/ca\/cataleg\/la-isla-de-los-perros\/#primaryimage\"},\"thumbnailUrl\":\"https:\/\/librosdelzorrorojo.com\/wp-content\/uploads\/2016\/08\/Cover_La-isla-de-los-perros-WEB.png\",\"datePublished\":\"2016-08-31T14:38:55+00:00\",\"dateModified\":\"2024-03-01T08:19:06+00:00\",\"description\":\"Un simp\u00e1tico \u00e1lbum para los m\u00e1s peque\u00f1os, para los amantes de los perros y para todos los que disfrutan de las historias cargadas de encanto y humor\",\"breadcrumb\":{\"@id\":\"https:\/\/librosdelzorrorojo.com\/ca\/cataleg\/la-isla-de-los-perros\/#breadcrumb\"},\"inLanguage\":\"ca\",\"potentialAction\":[{\"@type\":\"ReadAction\",\"target\":[\"https:\/\/librosdelzorrorojo.com\/ca\/cataleg\/la-isla-de-los-perros\/\"]}]},{\"@type\":\"ImageObject\",\"inLanguage\":\"ca\",\"@id\":\"https:\/\/librosdelzorrorojo.com\/ca\/cataleg\/la-isla-de-los-perros\/#primaryimage\",\"url\":\"https:\/\/librosdelzorrorojo.com\/wp-content\/uploads\/2016\/08\/Cover_La-isla-de-los-perros-WEB.png\",\"contentUrl\":\"https:\/\/librosdelzorrorojo.com\/wp-content\/uploads\/2016\/08\/Cover_La-isla-de-los-perros-WEB.png\",\"width\":850,\"height\":1066,\"caption\":\"Cover La isla de los perros WEB\"},{\"@type\":\"BreadcrumbList\",\"@id\":\"https:\/\/librosdelzorrorojo.com\/ca\/cataleg\/la-isla-de-los-perros\/#breadcrumb\",\"itemListElement\":[{\"@type\":\"ListItem\",\"position\":1,\"name\":\"Portada\",\"item\":\"https:\/\/librosdelzorrorojo.com\/ca\/\"},{\"@type\":\"ListItem\",\"position\":2,\"name\":\"Cat\u00e0leg\",\"item\":\"https:\/\/librosdelzorrorojo.com\/ca\/cataleg\/\"},{\"@type\":\"ListItem\",\"position\":3,\"name\":\"La isla de los perros\"}]},{\"@type\":\"WebSite\",\"@id\":\"https:\/\/librosdelzorrorojo.com\/#website\",\"url\":\"https:\/\/librosdelzorrorojo.com\/\",\"name\":\"Libros del Zorro Rojo\",\"description\":\"Libros ilustrados\",\"potentialAction\":[{\"@type\":\"SearchAction\",\"target\":{\"@type\":\"EntryPoint\",\"urlTemplate\":\"https:\/\/librosdelzorrorojo.com\/?s={search_term_string}\"},\"query-input\":{\"@type\":\"PropertyValueSpecification\",\"valueRequired\":true,\"valueName\":\"search_term_string\"}}],\"inLanguage\":\"ca\"}]}<\/script>\n<!-- \/ Yoast SEO plugin. -->","yoast_head_json":{"title":"La isla de los perros - Libros del Zorro Rojo","description":"Un simp\u00e1tico \u00e1lbum para los m\u00e1s peque\u00f1os, para los amantes de los perros y para todos los que disfrutan de las historias cargadas de encanto y humor","robots":{"index":"index","follow":"follow","max-snippet":"max-snippet:-1","max-image-preview":"max-image-preview:large","max-video-preview":"max-video-preview:-1"},"canonical":"https:\/\/librosdelzorrorojo.com\/ca\/cataleg\/la-isla-de-los-perros\/","og_locale":"ca_ES","og_type":"article","og_title":"La isla de los perros - Libros del Zorro Rojo","og_description":"Un simp\u00e1tico \u00e1lbum para los m\u00e1s peque\u00f1os, para los amantes de los perros y para todos los que disfrutan de las historias cargadas de encanto y humor","og_url":"https:\/\/librosdelzorrorojo.com\/ca\/cataleg\/la-isla-de-los-perros\/","og_site_name":"Libros del Zorro Rojo","article_modified_time":"2024-03-01T08:19:06+00:00","og_image":[{"width":850,"height":1066,"url":"https:\/\/librosdelzorrorojo.com\/wp-content\/uploads\/2016\/08\/Cover_La-isla-de-los-perros-WEB.png","type":"image\/png"}],"twitter_card":"summary_large_image","twitter_misc":{"Temps estimat de lectura":"1 minut"},"schema":{"@context":"https:\/\/schema.org","@graph":[{"@type":"WebPage","@id":"https:\/\/librosdelzorrorojo.com\/ca\/cataleg\/la-isla-de-los-perros\/","url":"https:\/\/librosdelzorrorojo.com\/ca\/cataleg\/la-isla-de-los-perros\/","name":"La isla de los perros - Libros del Zorro Rojo","isPartOf":{"@id":"https:\/\/librosdelzorrorojo.com\/#website"},"primaryImageOfPage":{"@id":"https:\/\/librosdelzorrorojo.com\/ca\/cataleg\/la-isla-de-los-perros\/#primaryimage"},"image":{"@id":"https:\/\/librosdelzorrorojo.com\/ca\/cataleg\/la-isla-de-los-perros\/#primaryimage"},"thumbnailUrl":"https:\/\/librosdelzorrorojo.com\/wp-content\/uploads\/2016\/08\/Cover_La-isla-de-los-perros-WEB.png","datePublished":"2016-08-31T14:38:55+00:00","dateModified":"2024-03-01T08:19:06+00:00","description":"Un simp\u00e1tico \u00e1lbum para los m\u00e1s peque\u00f1os, para los amantes de los perros y para todos los que disfrutan de las historias cargadas de encanto y humor","breadcrumb":{"@id":"https:\/\/librosdelzorrorojo.com\/ca\/cataleg\/la-isla-de-los-perros\/#breadcrumb"},"inLanguage":"ca","potentialAction":[{"@type":"ReadAction","target":["https:\/\/librosdelzorrorojo.com\/ca\/cataleg\/la-isla-de-los-perros\/"]}]},{"@type":"ImageObject","inLanguage":"ca","@id":"https:\/\/librosdelzorrorojo.com\/ca\/cataleg\/la-isla-de-los-perros\/#primaryimage","url":"https:\/\/librosdelzorrorojo.com\/wp-content\/uploads\/2016\/08\/Cover_La-isla-de-los-perros-WEB.png","contentUrl":"https:\/\/librosdelzorrorojo.com\/wp-content\/uploads\/2016\/08\/Cover_La-isla-de-los-perros-WEB.png","width":850,"height":1066,"caption":"Cover La isla de los perros WEB"},{"@type":"BreadcrumbList","@id":"https:\/\/librosdelzorrorojo.com\/ca\/cataleg\/la-isla-de-los-perros\/#breadcrumb","itemListElement":[{"@type":"ListItem","position":1,"name":"Portada","item":"https:\/\/librosdelzorrorojo.com\/ca\/"},{"@type":"ListItem","position":2,"name":"Cat\u00e0leg","item":"https:\/\/librosdelzorrorojo.com\/ca\/cataleg\/"},{"@type":"ListItem","position":3,"name":"La isla de los perros"}]},{"@type":"WebSite","@id":"https:\/\/librosdelzorrorojo.com\/#website","url":"https:\/\/librosdelzorrorojo.com\/","name":"Libros del Zorro Rojo","description":"Libros ilustrados","potentialAction":[{"@type":"SearchAction","target":{"@type":"EntryPoint","urlTemplate":"https:\/\/librosdelzorrorojo.com\/?s={search_term_string}"},"query-input":{"@type":"PropertyValueSpecification","valueRequired":true,"valueName":"search_term_string"}}],"inLanguage":"ca"}]}},"_links":{"self":[{"href":"https:\/\/librosdelzorrorojo.com\/ca\/wp-json\/wp\/v2\/product\/12137","targetHints":{"allow":["GET"]}}],"collection":[{"href":"https:\/\/librosdelzorrorojo.com\/ca\/wp-json\/wp\/v2\/product"}],"about":[{"href":"https:\/\/librosdelzorrorojo.com\/ca\/wp-json\/wp\/v2\/types\/product"}],"wp:featuredmedia":[{"embeddable":true,"href":"https:\/\/librosdelzorrorojo.com\/ca\/wp-json\/wp\/v2\/media\/10213"}],"wp:attachment":[{"href":"https:\/\/librosdelzorrorojo.com\/ca\/wp-json\/wp\/v2\/media?parent=12137"}],"wp:term":[{"taxonomy":"product_brand","embeddable":true,"href":"https:\/\/librosdelzorrorojo.com\/ca\/wp-json\/wp\/v2\/product_brand?post=12137"},{"taxonomy":"product_cat","embeddable":true,"href":"https:\/\/librosdelzorrorojo.com\/ca\/wp-json\/wp\/v2\/product_cat?post=12137"},{"taxonomy":"product_tag","embeddable":true,"href":"https:\/\/librosdelzorrorojo.com\/ca\/wp-json\/wp\/v2\/product_tag?post=12137"}],"curies":[{"name":"wp","href":"https:\/\/api.w.org\/{rel}","templated":true}]}}