{"id":12135,"date":"2020-09-10T17:48:57","date_gmt":"2020-09-10T15:48:57","guid":{"rendered":"https:\/\/librosdelzorrorojo.com\/catalogo\/la-esperanza-es-una-nina-que-vende-fruta\/"},"modified":"2024-03-01T09:18:22","modified_gmt":"2024-03-01T08:18:22","slug":"la-esperanza-es-una-nina-que-vende-fruta","status":"publish","type":"product","link":"https:\/\/librosdelzorrorojo.com\/ca\/cataleg\/la-esperanza-es-una-nina-que-vende-fruta\/","title":{"rendered":"La esperanza es una ni\u00f1a que vende fruta"},"content":{"rendered":"<p><span>Desde hace unos cuantos a\u00f1os, el rol de la mujer en los personajes de la literatura infantil y juvenil es objeto de debate y reflexi\u00f3n. De esto se han ocupado la corriente feminista de la cr\u00edtica, los estudios de la mujer o los estudios culturales. Nuevas voces han analizado tambi\u00e9n la literatura escrita por mujeres. Lo cierto es que siempre que se aborda la cuesti\u00f3n de g\u00e9nero, hay conceptos que surgen de forma natural: rol, transformaci\u00f3n social, relaciones de poder, contexto hist\u00f3rico, espacio \u00edntimo&#8230;<\/span><\/p>\n<p><span>El libro de\u00a0<\/span><span>Amrita Das<\/span><span>\u00a0permite acercarse a la mujer desde cualquiera de estas \u00f3pticas. Su texto abraza al lector desde la calidez de su escritura y lo envuelve en una historia que pareciera ser susurrada al o\u00eddo. Desde la sencillez de su narraci\u00f3n a la elegancia de sus ilustraciones, viajamos a la India para preguntarnos sobre nuestra propia realidad.<\/span><\/p>\n<p><span>As\u00ed, la dulce voz protagonista nos toma de la mano para realizar un recorrido por el papel y la situaci\u00f3n de la mujer a trav\u00e9s de preguntas que trascienden las fronteras. Sin embargo,\u00a0<\/span><i><span>La esperanza es una ni\u00f1a que vende fruta<\/span><\/i><span>\u00a0va m\u00e1s all\u00e1. Lejos de miradas compasivas, transforma una situaci\u00f3n de vulnerabilidad en una reflexi\u00f3n sobre la fortaleza y la necesidad de sacarle el m\u00e1ximo partido a la vida.<\/span><\/p>\n<p><span>El exquisito di\u00e1logo entre texto e imagen de este \u00e1lbum infantil invita a realizar una lectura compartida; la historia abierta y franca sumada a las delicadas ilustraciones propias del arte tradicional de Mithila completan la voz de la autora con met\u00e1foras y detalles que ni\u00f1os y ni\u00f1as no pasar\u00e1n por alto.<\/span><\/p>\n","protected":false},"excerpt":{"rendered":"<span>Desde hace unos cuantos a\u00f1os, el rol de la mujer en los personajes de la literatura infantil y juvenil es objeto de debate y reflexi\u00f3n. De esto se han ocupado la corriente feminista de la cr\u00edtica, los estudios de la mujer o los estudios culturales. Nuevas voces han analizado tambi\u00e9n la literatura escrita por mujeres. Lo cierto es que siempre que se aborda la cuesti\u00f3n de g\u00e9nero, hay conceptos que surgen de forma natural: rol, transformaci\u00f3n social, relaciones de poder, contexto hist\u00f3rico, espacio \u00edntimo&#8230;<\/span>","protected":false},"featured_media":11857,"template":"","meta":{"_acf_changed":false},"product_brand":[],"product_cat":[844,843],"product_tag":[],"class_list":{"0":"post-12135","1":"product","2":"type-product","3":"status-publish","4":"has-post-thumbnail","6":"product_cat-castella","7":"product_cat-infantiles-ca","9":"first","10":"outofstock","11":"taxable","12":"shipping-taxable","13":"purchasable","14":"product-type-simple"},"acf":[],"yoast_head":"<!-- This site is optimized with the Yoast SEO plugin v25.1 - https:\/\/yoast.com\/wordpress\/plugins\/seo\/ -->\n<title>La esperanza es una ni\u00f1a que vende fruta - Libros del Zorro Rojo<\/title>\n<meta name=\"description\" content=\"la dulce voz protagonista nos lleva a realizar un recorrido por el papel y la situaci\u00f3n de la mujer a trav\u00e9s de preguntas que trascienden las fronteras\" \/>\n<meta name=\"robots\" content=\"index, follow, max-snippet:-1, max-image-preview:large, max-video-preview:-1\" \/>\n<link rel=\"canonical\" href=\"https:\/\/librosdelzorrorojo.com\/ca\/cataleg\/la-esperanza-es-una-nina-que-vende-fruta\/\" \/>\n<meta property=\"og:locale\" content=\"ca_ES\" \/>\n<meta property=\"og:type\" content=\"article\" \/>\n<meta property=\"og:title\" content=\"La esperanza es una ni\u00f1a que vende fruta - Libros del Zorro Rojo\" \/>\n<meta property=\"og:description\" content=\"la dulce voz protagonista nos lleva a realizar un recorrido por el papel y la situaci\u00f3n de la mujer a trav\u00e9s de preguntas que trascienden las fronteras\" \/>\n<meta property=\"og:url\" content=\"https:\/\/librosdelzorrorojo.com\/ca\/cataleg\/la-esperanza-es-una-nina-que-vende-fruta\/\" \/>\n<meta property=\"og:site_name\" content=\"Libros del Zorro Rojo\" \/>\n<meta property=\"article:modified_time\" content=\"2024-03-01T08:18:22+00:00\" \/>\n<meta property=\"og:image\" content=\"https:\/\/librosdelzorrorojo.com\/wp-content\/uploads\/2020\/09\/Cover_LaEsperanza.jpg\" \/>\n\t<meta property=\"og:image:width\" content=\"850\" \/>\n\t<meta property=\"og:image:height\" content=\"936\" \/>\n\t<meta property=\"og:image:type\" content=\"image\/jpeg\" \/>\n<meta name=\"twitter:card\" content=\"summary_large_image\" \/>\n<meta name=\"twitter:label1\" content=\"Temps estimat de lectura\" \/>\n\t<meta name=\"twitter:data1\" content=\"1 minut\" \/>\n<script type=\"application\/ld+json\" class=\"yoast-schema-graph\">{\"@context\":\"https:\/\/schema.org\",\"@graph\":[{\"@type\":\"WebPage\",\"@id\":\"https:\/\/librosdelzorrorojo.com\/ca\/cataleg\/la-esperanza-es-una-nina-que-vende-fruta\/\",\"url\":\"https:\/\/librosdelzorrorojo.com\/ca\/cataleg\/la-esperanza-es-una-nina-que-vende-fruta\/\",\"name\":\"La esperanza es una ni\u00f1a que vende fruta - Libros del Zorro Rojo\",\"isPartOf\":{\"@id\":\"https:\/\/librosdelzorrorojo.com\/#website\"},\"primaryImageOfPage\":{\"@id\":\"https:\/\/librosdelzorrorojo.com\/ca\/cataleg\/la-esperanza-es-una-nina-que-vende-fruta\/#primaryimage\"},\"image\":{\"@id\":\"https:\/\/librosdelzorrorojo.com\/ca\/cataleg\/la-esperanza-es-una-nina-que-vende-fruta\/#primaryimage\"},\"thumbnailUrl\":\"https:\/\/librosdelzorrorojo.com\/wp-content\/uploads\/2016\/09\/Cover_LaEsperanza.jpg\",\"datePublished\":\"2020-09-10T15:48:57+00:00\",\"dateModified\":\"2024-03-01T08:18:22+00:00\",\"description\":\"la dulce voz protagonista nos lleva a realizar un recorrido por el papel y la situaci\u00f3n de la mujer a trav\u00e9s de preguntas que trascienden las fronteras\",\"breadcrumb\":{\"@id\":\"https:\/\/librosdelzorrorojo.com\/ca\/cataleg\/la-esperanza-es-una-nina-que-vende-fruta\/#breadcrumb\"},\"inLanguage\":\"ca\",\"potentialAction\":[{\"@type\":\"ReadAction\",\"target\":[\"https:\/\/librosdelzorrorojo.com\/ca\/cataleg\/la-esperanza-es-una-nina-que-vende-fruta\/\"]}]},{\"@type\":\"ImageObject\",\"inLanguage\":\"ca\",\"@id\":\"https:\/\/librosdelzorrorojo.com\/ca\/cataleg\/la-esperanza-es-una-nina-que-vende-fruta\/#primaryimage\",\"url\":\"https:\/\/librosdelzorrorojo.com\/wp-content\/uploads\/2016\/09\/Cover_LaEsperanza.jpg\",\"contentUrl\":\"https:\/\/librosdelzorrorojo.com\/wp-content\/uploads\/2016\/09\/Cover_LaEsperanza.jpg\",\"width\":850,\"height\":936,\"caption\":\"Cover LaEsperanza\"},{\"@type\":\"BreadcrumbList\",\"@id\":\"https:\/\/librosdelzorrorojo.com\/ca\/cataleg\/la-esperanza-es-una-nina-que-vende-fruta\/#breadcrumb\",\"itemListElement\":[{\"@type\":\"ListItem\",\"position\":1,\"name\":\"Portada\",\"item\":\"https:\/\/librosdelzorrorojo.com\/ca\/\"},{\"@type\":\"ListItem\",\"position\":2,\"name\":\"Cat\u00e0leg\",\"item\":\"https:\/\/librosdelzorrorojo.com\/ca\/cataleg\/\"},{\"@type\":\"ListItem\",\"position\":3,\"name\":\"La esperanza es una ni\u00f1a que vende fruta\"}]},{\"@type\":\"WebSite\",\"@id\":\"https:\/\/librosdelzorrorojo.com\/#website\",\"url\":\"https:\/\/librosdelzorrorojo.com\/\",\"name\":\"Libros del Zorro Rojo\",\"description\":\"Libros ilustrados\",\"potentialAction\":[{\"@type\":\"SearchAction\",\"target\":{\"@type\":\"EntryPoint\",\"urlTemplate\":\"https:\/\/librosdelzorrorojo.com\/?s={search_term_string}\"},\"query-input\":{\"@type\":\"PropertyValueSpecification\",\"valueRequired\":true,\"valueName\":\"search_term_string\"}}],\"inLanguage\":\"ca\"}]}<\/script>\n<!-- \/ Yoast SEO plugin. -->","yoast_head_json":{"title":"La esperanza es una ni\u00f1a que vende fruta - Libros del Zorro Rojo","description":"la dulce voz protagonista nos lleva a realizar un recorrido por el papel y la situaci\u00f3n de la mujer a trav\u00e9s de preguntas que trascienden las fronteras","robots":{"index":"index","follow":"follow","max-snippet":"max-snippet:-1","max-image-preview":"max-image-preview:large","max-video-preview":"max-video-preview:-1"},"canonical":"https:\/\/librosdelzorrorojo.com\/ca\/cataleg\/la-esperanza-es-una-nina-que-vende-fruta\/","og_locale":"ca_ES","og_type":"article","og_title":"La esperanza es una ni\u00f1a que vende fruta - Libros del Zorro Rojo","og_description":"la dulce voz protagonista nos lleva a realizar un recorrido por el papel y la situaci\u00f3n de la mujer a trav\u00e9s de preguntas que trascienden las fronteras","og_url":"https:\/\/librosdelzorrorojo.com\/ca\/cataleg\/la-esperanza-es-una-nina-que-vende-fruta\/","og_site_name":"Libros del Zorro Rojo","article_modified_time":"2024-03-01T08:18:22+00:00","og_image":[{"width":850,"height":936,"url":"https:\/\/librosdelzorrorojo.com\/wp-content\/uploads\/2020\/09\/Cover_LaEsperanza.jpg","type":"image\/jpeg"}],"twitter_card":"summary_large_image","twitter_misc":{"Temps estimat de lectura":"1 minut"},"schema":{"@context":"https:\/\/schema.org","@graph":[{"@type":"WebPage","@id":"https:\/\/librosdelzorrorojo.com\/ca\/cataleg\/la-esperanza-es-una-nina-que-vende-fruta\/","url":"https:\/\/librosdelzorrorojo.com\/ca\/cataleg\/la-esperanza-es-una-nina-que-vende-fruta\/","name":"La esperanza es una ni\u00f1a que vende fruta - Libros del Zorro Rojo","isPartOf":{"@id":"https:\/\/librosdelzorrorojo.com\/#website"},"primaryImageOfPage":{"@id":"https:\/\/librosdelzorrorojo.com\/ca\/cataleg\/la-esperanza-es-una-nina-que-vende-fruta\/#primaryimage"},"image":{"@id":"https:\/\/librosdelzorrorojo.com\/ca\/cataleg\/la-esperanza-es-una-nina-que-vende-fruta\/#primaryimage"},"thumbnailUrl":"https:\/\/librosdelzorrorojo.com\/wp-content\/uploads\/2016\/09\/Cover_LaEsperanza.jpg","datePublished":"2020-09-10T15:48:57+00:00","dateModified":"2024-03-01T08:18:22+00:00","description":"la dulce voz protagonista nos lleva a realizar un recorrido por el papel y la situaci\u00f3n de la mujer a trav\u00e9s de preguntas que trascienden las fronteras","breadcrumb":{"@id":"https:\/\/librosdelzorrorojo.com\/ca\/cataleg\/la-esperanza-es-una-nina-que-vende-fruta\/#breadcrumb"},"inLanguage":"ca","potentialAction":[{"@type":"ReadAction","target":["https:\/\/librosdelzorrorojo.com\/ca\/cataleg\/la-esperanza-es-una-nina-que-vende-fruta\/"]}]},{"@type":"ImageObject","inLanguage":"ca","@id":"https:\/\/librosdelzorrorojo.com\/ca\/cataleg\/la-esperanza-es-una-nina-que-vende-fruta\/#primaryimage","url":"https:\/\/librosdelzorrorojo.com\/wp-content\/uploads\/2016\/09\/Cover_LaEsperanza.jpg","contentUrl":"https:\/\/librosdelzorrorojo.com\/wp-content\/uploads\/2016\/09\/Cover_LaEsperanza.jpg","width":850,"height":936,"caption":"Cover LaEsperanza"},{"@type":"BreadcrumbList","@id":"https:\/\/librosdelzorrorojo.com\/ca\/cataleg\/la-esperanza-es-una-nina-que-vende-fruta\/#breadcrumb","itemListElement":[{"@type":"ListItem","position":1,"name":"Portada","item":"https:\/\/librosdelzorrorojo.com\/ca\/"},{"@type":"ListItem","position":2,"name":"Cat\u00e0leg","item":"https:\/\/librosdelzorrorojo.com\/ca\/cataleg\/"},{"@type":"ListItem","position":3,"name":"La esperanza es una ni\u00f1a que vende fruta"}]},{"@type":"WebSite","@id":"https:\/\/librosdelzorrorojo.com\/#website","url":"https:\/\/librosdelzorrorojo.com\/","name":"Libros del Zorro Rojo","description":"Libros ilustrados","potentialAction":[{"@type":"SearchAction","target":{"@type":"EntryPoint","urlTemplate":"https:\/\/librosdelzorrorojo.com\/?s={search_term_string}"},"query-input":{"@type":"PropertyValueSpecification","valueRequired":true,"valueName":"search_term_string"}}],"inLanguage":"ca"}]}},"_links":{"self":[{"href":"https:\/\/librosdelzorrorojo.com\/ca\/wp-json\/wp\/v2\/product\/12135","targetHints":{"allow":["GET"]}}],"collection":[{"href":"https:\/\/librosdelzorrorojo.com\/ca\/wp-json\/wp\/v2\/product"}],"about":[{"href":"https:\/\/librosdelzorrorojo.com\/ca\/wp-json\/wp\/v2\/types\/product"}],"wp:featuredmedia":[{"embeddable":true,"href":"https:\/\/librosdelzorrorojo.com\/ca\/wp-json\/wp\/v2\/media\/11857"}],"wp:attachment":[{"href":"https:\/\/librosdelzorrorojo.com\/ca\/wp-json\/wp\/v2\/media?parent=12135"}],"wp:term":[{"taxonomy":"product_brand","embeddable":true,"href":"https:\/\/librosdelzorrorojo.com\/ca\/wp-json\/wp\/v2\/product_brand?post=12135"},{"taxonomy":"product_cat","embeddable":true,"href":"https:\/\/librosdelzorrorojo.com\/ca\/wp-json\/wp\/v2\/product_cat?post=12135"},{"taxonomy":"product_tag","embeddable":true,"href":"https:\/\/librosdelzorrorojo.com\/ca\/wp-json\/wp\/v2\/product_tag?post=12135"}],"curies":[{"name":"wp","href":"https:\/\/api.w.org\/{rel}","templated":true}]}}