{"id":12131,"date":"2016-09-10T18:02:39","date_gmt":"2016-09-10T16:02:39","guid":{"rendered":"https:\/\/librosdelzorrorojo.com\/catalogo\/el-fantasma-de-canterville\/"},"modified":"2026-03-23T15:35:10","modified_gmt":"2026-03-23T14:35:10","slug":"el-fantasma-de-canterville","status":"publish","type":"product","link":"https:\/\/librosdelzorrorojo.com\/ca\/cataleg\/el-fantasma-de-canterville\/","title":{"rendered":"El fantasma de Canterville"},"content":{"rendered":"<p><span><em>El fantasma de Canterville <\/em>es\u00a0uno de los cuentos m\u00e1s conocidos y celebrados de Oscar Wilde. Divertido y sarc\u00e1stico, el relato cuenta las desdichas de un pobre fantasma anacr\u00f3nico que no solo no logra asustar a sus nuevos inquilinos norteamericanos, sino que acaba siendo v\u00edctima de dos mellizos terribles. \u00danicamente la compasi\u00f3n de una joven podr\u00e1 redimir su alma en pena. Libros del Zorro Rojo rescata las memorables ilustraciones del gran artista argentino Oscar Conti (Oski) que realiz\u00f3 en los a\u00f1os setenta para la editorial Lumen de Barcelona. Esta edici\u00f3n cuenta con la traducci\u00f3n realizada por Esther Tusquets.<\/span><\/p>\n<p><img decoding=\"async\" src=\"https:\/\/librosdelzorrorojo.com\/wp-content\/uploads\/2018\/04\/ICEC_BN-WEB-02.png\" alt=\"\" width=\"200\" height=\"48\" class=\"alignleft wp-image-15980 size-full\" \/><\/p>\n","protected":false},"excerpt":{"rendered":"<span><em>El fantasma de Canterville <\/em>es\u00a0uno de los cuentos m\u00e1s conocidos y celebrados de Oscar Wilde. Divertido y sarc\u00e1stico, el relato cuenta las desdichas de un pobre fantasma anacr\u00f3nico que no solo no logra asustar a sus nuevos inquilinos norteamericanos, sino que acaba siendo v\u00edctima de dos mellizos terribles. \u00danicamente la compasi\u00f3n de una joven podr\u00e1 redimir su alma en pena. Libros del Zorro Rojo rescata las memorables ilustraciones del gran artista argentino Oscar Conti (Oski) que realiz\u00f3 en los a\u00f1os setenta para la editorial Lumen de Barcelona. Esta edici\u00f3n cuenta con la traducci\u00f3n realizada por Esther Tusquets.<\/span>","protected":false},"featured_media":10217,"template":"","meta":{"_acf_changed":false},"product_brand":[],"product_cat":[844,843,3156],"product_tag":[],"class_list":{"0":"post-12131","1":"product","2":"type-product","3":"status-publish","4":"has-post-thumbnail","6":"product_cat-castella","7":"product_cat-infantiles-ca","8":"product_cat-juvenil-adult","10":"first","11":"instock","12":"taxable","13":"shipping-taxable","14":"purchasable","15":"product-type-simple"},"acf":[],"yoast_head":"<!-- This site is optimized with the Yoast SEO plugin v25.1 - https:\/\/yoast.com\/wordpress\/plugins\/seo\/ -->\n<title>El fantasma de Canterville - Libros del Zorro Rojo<\/title>\n<meta name=\"description\" content=\"l relato cuenta las desdichas de un pobre fantasma anacr\u00f3nico que no logra asustar a sus nuevos inquilinos y acaba siendo v\u00edctima de dos mellizos terribles.\" \/>\n<meta name=\"robots\" content=\"index, follow, max-snippet:-1, max-image-preview:large, max-video-preview:-1\" \/>\n<link rel=\"canonical\" href=\"https:\/\/librosdelzorrorojo.com\/ca\/cataleg\/el-fantasma-de-canterville\/\" \/>\n<meta property=\"og:locale\" content=\"ca_ES\" \/>\n<meta property=\"og:type\" content=\"article\" \/>\n<meta property=\"og:title\" content=\"El fantasma de Canterville - Libros del Zorro Rojo\" \/>\n<meta property=\"og:description\" content=\"l relato cuenta las desdichas de un pobre fantasma anacr\u00f3nico que no logra asustar a sus nuevos inquilinos y acaba siendo v\u00edctima de dos mellizos terribles.\" \/>\n<meta property=\"og:url\" content=\"https:\/\/librosdelzorrorojo.com\/ca\/cataleg\/el-fantasma-de-canterville\/\" \/>\n<meta property=\"og:site_name\" content=\"Libros del Zorro Rojo\" \/>\n<meta property=\"article:modified_time\" content=\"2026-03-23T14:35:10+00:00\" \/>\n<meta property=\"og:image\" content=\"https:\/\/librosdelzorrorojo.com\/wp-content\/uploads\/2016\/09\/Cover_ElFantasmaDeCanterville-WEB.png\" \/>\n\t<meta property=\"og:image:width\" content=\"850\" \/>\n\t<meta property=\"og:image:height\" content=\"811\" \/>\n\t<meta property=\"og:image:type\" content=\"image\/png\" \/>\n<meta name=\"twitter:card\" content=\"summary_large_image\" \/>\n<meta name=\"twitter:label1\" content=\"Temps estimat de lectura\" \/>\n\t<meta name=\"twitter:data1\" content=\"1 minut\" \/>\n<script type=\"application\/ld+json\" class=\"yoast-schema-graph\">{\"@context\":\"https:\/\/schema.org\",\"@graph\":[{\"@type\":\"WebPage\",\"@id\":\"https:\/\/librosdelzorrorojo.com\/ca\/cataleg\/el-fantasma-de-canterville\/\",\"url\":\"https:\/\/librosdelzorrorojo.com\/ca\/cataleg\/el-fantasma-de-canterville\/\",\"name\":\"El fantasma de Canterville - Libros del Zorro Rojo\",\"isPartOf\":{\"@id\":\"https:\/\/librosdelzorrorojo.com\/#website\"},\"primaryImageOfPage\":{\"@id\":\"https:\/\/librosdelzorrorojo.com\/ca\/cataleg\/el-fantasma-de-canterville\/#primaryimage\"},\"image\":{\"@id\":\"https:\/\/librosdelzorrorojo.com\/ca\/cataleg\/el-fantasma-de-canterville\/#primaryimage\"},\"thumbnailUrl\":\"https:\/\/librosdelzorrorojo.com\/wp-content\/uploads\/2016\/09\/Cover_ElFantasmaDeCanterville-WEB.png\",\"datePublished\":\"2016-09-10T16:02:39+00:00\",\"dateModified\":\"2026-03-23T14:35:10+00:00\",\"description\":\"l relato cuenta las desdichas de un pobre fantasma anacr\u00f3nico que no logra asustar a sus nuevos inquilinos y acaba siendo v\u00edctima de dos mellizos terribles.\",\"breadcrumb\":{\"@id\":\"https:\/\/librosdelzorrorojo.com\/ca\/cataleg\/el-fantasma-de-canterville\/#breadcrumb\"},\"inLanguage\":\"ca\",\"potentialAction\":[{\"@type\":\"ReadAction\",\"target\":[\"https:\/\/librosdelzorrorojo.com\/ca\/cataleg\/el-fantasma-de-canterville\/\"]}]},{\"@type\":\"ImageObject\",\"inLanguage\":\"ca\",\"@id\":\"https:\/\/librosdelzorrorojo.com\/ca\/cataleg\/el-fantasma-de-canterville\/#primaryimage\",\"url\":\"https:\/\/librosdelzorrorojo.com\/wp-content\/uploads\/2016\/09\/Cover_ElFantasmaDeCanterville-WEB.png\",\"contentUrl\":\"https:\/\/librosdelzorrorojo.com\/wp-content\/uploads\/2016\/09\/Cover_ElFantasmaDeCanterville-WEB.png\",\"width\":850,\"height\":811,\"caption\":\"Cover ElFantasmaDeCanterville WEB\"},{\"@type\":\"BreadcrumbList\",\"@id\":\"https:\/\/librosdelzorrorojo.com\/ca\/cataleg\/el-fantasma-de-canterville\/#breadcrumb\",\"itemListElement\":[{\"@type\":\"ListItem\",\"position\":1,\"name\":\"Portada\",\"item\":\"https:\/\/librosdelzorrorojo.com\/ca\/\"},{\"@type\":\"ListItem\",\"position\":2,\"name\":\"Cat\u00e0leg\",\"item\":\"https:\/\/librosdelzorrorojo.com\/ca\/cataleg\/\"},{\"@type\":\"ListItem\",\"position\":3,\"name\":\"El fantasma de Canterville\"}]},{\"@type\":\"WebSite\",\"@id\":\"https:\/\/librosdelzorrorojo.com\/#website\",\"url\":\"https:\/\/librosdelzorrorojo.com\/\",\"name\":\"Libros del Zorro Rojo\",\"description\":\"Libros ilustrados\",\"potentialAction\":[{\"@type\":\"SearchAction\",\"target\":{\"@type\":\"EntryPoint\",\"urlTemplate\":\"https:\/\/librosdelzorrorojo.com\/?s={search_term_string}\"},\"query-input\":{\"@type\":\"PropertyValueSpecification\",\"valueRequired\":true,\"valueName\":\"search_term_string\"}}],\"inLanguage\":\"ca\"}]}<\/script>\n<!-- \/ Yoast SEO plugin. -->","yoast_head_json":{"title":"El fantasma de Canterville - Libros del Zorro Rojo","description":"l relato cuenta las desdichas de un pobre fantasma anacr\u00f3nico que no logra asustar a sus nuevos inquilinos y acaba siendo v\u00edctima de dos mellizos terribles.","robots":{"index":"index","follow":"follow","max-snippet":"max-snippet:-1","max-image-preview":"max-image-preview:large","max-video-preview":"max-video-preview:-1"},"canonical":"https:\/\/librosdelzorrorojo.com\/ca\/cataleg\/el-fantasma-de-canterville\/","og_locale":"ca_ES","og_type":"article","og_title":"El fantasma de Canterville - Libros del Zorro Rojo","og_description":"l relato cuenta las desdichas de un pobre fantasma anacr\u00f3nico que no logra asustar a sus nuevos inquilinos y acaba siendo v\u00edctima de dos mellizos terribles.","og_url":"https:\/\/librosdelzorrorojo.com\/ca\/cataleg\/el-fantasma-de-canterville\/","og_site_name":"Libros del Zorro Rojo","article_modified_time":"2026-03-23T14:35:10+00:00","og_image":[{"width":850,"height":811,"url":"https:\/\/librosdelzorrorojo.com\/wp-content\/uploads\/2016\/09\/Cover_ElFantasmaDeCanterville-WEB.png","type":"image\/png"}],"twitter_card":"summary_large_image","twitter_misc":{"Temps estimat de lectura":"1 minut"},"schema":{"@context":"https:\/\/schema.org","@graph":[{"@type":"WebPage","@id":"https:\/\/librosdelzorrorojo.com\/ca\/cataleg\/el-fantasma-de-canterville\/","url":"https:\/\/librosdelzorrorojo.com\/ca\/cataleg\/el-fantasma-de-canterville\/","name":"El fantasma de Canterville - Libros del Zorro Rojo","isPartOf":{"@id":"https:\/\/librosdelzorrorojo.com\/#website"},"primaryImageOfPage":{"@id":"https:\/\/librosdelzorrorojo.com\/ca\/cataleg\/el-fantasma-de-canterville\/#primaryimage"},"image":{"@id":"https:\/\/librosdelzorrorojo.com\/ca\/cataleg\/el-fantasma-de-canterville\/#primaryimage"},"thumbnailUrl":"https:\/\/librosdelzorrorojo.com\/wp-content\/uploads\/2016\/09\/Cover_ElFantasmaDeCanterville-WEB.png","datePublished":"2016-09-10T16:02:39+00:00","dateModified":"2026-03-23T14:35:10+00:00","description":"l relato cuenta las desdichas de un pobre fantasma anacr\u00f3nico que no logra asustar a sus nuevos inquilinos y acaba siendo v\u00edctima de dos mellizos terribles.","breadcrumb":{"@id":"https:\/\/librosdelzorrorojo.com\/ca\/cataleg\/el-fantasma-de-canterville\/#breadcrumb"},"inLanguage":"ca","potentialAction":[{"@type":"ReadAction","target":["https:\/\/librosdelzorrorojo.com\/ca\/cataleg\/el-fantasma-de-canterville\/"]}]},{"@type":"ImageObject","inLanguage":"ca","@id":"https:\/\/librosdelzorrorojo.com\/ca\/cataleg\/el-fantasma-de-canterville\/#primaryimage","url":"https:\/\/librosdelzorrorojo.com\/wp-content\/uploads\/2016\/09\/Cover_ElFantasmaDeCanterville-WEB.png","contentUrl":"https:\/\/librosdelzorrorojo.com\/wp-content\/uploads\/2016\/09\/Cover_ElFantasmaDeCanterville-WEB.png","width":850,"height":811,"caption":"Cover ElFantasmaDeCanterville WEB"},{"@type":"BreadcrumbList","@id":"https:\/\/librosdelzorrorojo.com\/ca\/cataleg\/el-fantasma-de-canterville\/#breadcrumb","itemListElement":[{"@type":"ListItem","position":1,"name":"Portada","item":"https:\/\/librosdelzorrorojo.com\/ca\/"},{"@type":"ListItem","position":2,"name":"Cat\u00e0leg","item":"https:\/\/librosdelzorrorojo.com\/ca\/cataleg\/"},{"@type":"ListItem","position":3,"name":"El fantasma de Canterville"}]},{"@type":"WebSite","@id":"https:\/\/librosdelzorrorojo.com\/#website","url":"https:\/\/librosdelzorrorojo.com\/","name":"Libros del Zorro Rojo","description":"Libros ilustrados","potentialAction":[{"@type":"SearchAction","target":{"@type":"EntryPoint","urlTemplate":"https:\/\/librosdelzorrorojo.com\/?s={search_term_string}"},"query-input":{"@type":"PropertyValueSpecification","valueRequired":true,"valueName":"search_term_string"}}],"inLanguage":"ca"}]}},"_links":{"self":[{"href":"https:\/\/librosdelzorrorojo.com\/ca\/wp-json\/wp\/v2\/product\/12131","targetHints":{"allow":["GET"]}}],"collection":[{"href":"https:\/\/librosdelzorrorojo.com\/ca\/wp-json\/wp\/v2\/product"}],"about":[{"href":"https:\/\/librosdelzorrorojo.com\/ca\/wp-json\/wp\/v2\/types\/product"}],"wp:featuredmedia":[{"embeddable":true,"href":"https:\/\/librosdelzorrorojo.com\/ca\/wp-json\/wp\/v2\/media\/10217"}],"wp:attachment":[{"href":"https:\/\/librosdelzorrorojo.com\/ca\/wp-json\/wp\/v2\/media?parent=12131"}],"wp:term":[{"taxonomy":"product_brand","embeddable":true,"href":"https:\/\/librosdelzorrorojo.com\/ca\/wp-json\/wp\/v2\/product_brand?post=12131"},{"taxonomy":"product_cat","embeddable":true,"href":"https:\/\/librosdelzorrorojo.com\/ca\/wp-json\/wp\/v2\/product_cat?post=12131"},{"taxonomy":"product_tag","embeddable":true,"href":"https:\/\/librosdelzorrorojo.com\/ca\/wp-json\/wp\/v2\/product_tag?post=12131"}],"curies":[{"name":"wp","href":"https:\/\/api.w.org\/{rel}","templated":true}]}}