{"id":12129,"date":"2016-09-10T18:08:20","date_gmt":"2016-09-10T16:08:20","guid":{"rendered":"https:\/\/librosdelzorrorojo.com\/catalogo\/la-senora-meier-y-el-mirlo\/"},"modified":"2026-04-09T15:19:54","modified_gmt":"2026-04-09T13:19:54","slug":"la-senora-meier-y-el-mirlo","status":"publish","type":"product","link":"https:\/\/librosdelzorrorojo.com\/ca\/cataleg\/la-senora-meier-y-el-mirlo\/","title":{"rendered":"La se\u00f1ora Meier y el mirlo"},"content":{"rendered":"<p><span>La se\u00f1ora Meier viv\u00eda preocupada. \u00bfSaldr\u00eda el sol o nevar\u00eda? \u00bfTendr\u00eda suficiente abrigo para el invierno? \u00bfLe habr\u00eda puesto pasas al pastel? Por suerte, su marido siempre le daba, en estos casos, un t\u00e9 de menta. Hasta la ma\u00f1ana en que apareci\u00f3 un peque\u00f1o p\u00e1jaro que necesit\u00f3 de sus cuidados y, lo m\u00e1s importante, que le ense\u00f1\u00f3 a volar. Una obra maestra del sabio y valiente Wolf Erlbruch.<\/span><\/p>\n","protected":false},"excerpt":{"rendered":"<span>La se\u00f1ora Meier viv\u00eda preocupada. \u00bfSaldr\u00eda el sol o nevar\u00eda? \u00bfTendr\u00eda suficiente abrigo para el invierno? \u00bfLe habr\u00eda puesto pasas al pastel? Por suerte, su marido siempre le daba, en estos casos, un t\u00e9 de menta. Hasta la ma\u00f1ana en que apareci\u00f3 un peque\u00f1o p\u00e1jaro que necesit\u00f3 de sus cuidados y, lo m\u00e1s importante, que le ense\u00f1\u00f3 a volar. Una obra maestra del sabio y valiente Wolf Erlbruch.<\/span>","protected":false},"featured_media":11860,"template":"","meta":{"_acf_changed":false},"product_brand":[],"product_cat":[844,843],"product_tag":[],"class_list":{"0":"post-12129","1":"product","2":"type-product","3":"status-publish","4":"has-post-thumbnail","6":"product_cat-castella","7":"product_cat-infantiles-ca","9":"first","10":"outofstock","11":"taxable","12":"shipping-taxable","13":"purchasable","14":"product-type-simple"},"acf":[],"yoast_head":"<!-- This site is optimized with the Yoast SEO plugin v25.1 - https:\/\/yoast.com\/wordpress\/plugins\/seo\/ -->\n<title>La se\u00f1ora Meier y el mirlo - Libros del Zorro Rojo<\/title>\n<meta name=\"description\" content=\"apareci\u00f3 un peque\u00f1o p\u00e1jaro que necesit\u00f3 de sus cuidados y, lo m\u00e1s importante, que le ense\u00f1\u00f3 a volar. se\u00f1ora meier, preocupaciones\" \/>\n<meta name=\"robots\" content=\"index, follow, max-snippet:-1, max-image-preview:large, max-video-preview:-1\" \/>\n<link rel=\"canonical\" href=\"https:\/\/librosdelzorrorojo.com\/ca\/cataleg\/la-senora-meier-y-el-mirlo\/\" \/>\n<meta property=\"og:locale\" content=\"ca_ES\" \/>\n<meta property=\"og:type\" content=\"article\" \/>\n<meta property=\"og:title\" content=\"La se\u00f1ora Meier y el mirlo - Libros del Zorro Rojo\" \/>\n<meta property=\"og:description\" content=\"apareci\u00f3 un peque\u00f1o p\u00e1jaro que necesit\u00f3 de sus cuidados y, lo m\u00e1s importante, que le ense\u00f1\u00f3 a volar. se\u00f1ora meier, preocupaciones\" \/>\n<meta property=\"og:url\" content=\"https:\/\/librosdelzorrorojo.com\/ca\/cataleg\/la-senora-meier-y-el-mirlo\/\" \/>\n<meta property=\"og:site_name\" content=\"Libros del Zorro Rojo\" \/>\n<meta property=\"article:modified_time\" content=\"2026-04-09T13:19:54+00:00\" \/>\n<meta property=\"og:image\" content=\"https:\/\/librosdelzorrorojo.com\/wp-content\/uploads\/2016\/09\/Cover-La-seniora-y-el-mirlo.jpg\" \/>\n\t<meta property=\"og:image:width\" content=\"850\" \/>\n\t<meta property=\"og:image:height\" content=\"687\" \/>\n\t<meta property=\"og:image:type\" content=\"image\/jpeg\" \/>\n<meta name=\"twitter:card\" content=\"summary_large_image\" \/>\n<script type=\"application\/ld+json\" class=\"yoast-schema-graph\">{\"@context\":\"https:\/\/schema.org\",\"@graph\":[{\"@type\":\"WebPage\",\"@id\":\"https:\/\/librosdelzorrorojo.com\/ca\/cataleg\/la-senora-meier-y-el-mirlo\/\",\"url\":\"https:\/\/librosdelzorrorojo.com\/ca\/cataleg\/la-senora-meier-y-el-mirlo\/\",\"name\":\"La se\u00f1ora Meier y el mirlo - Libros del Zorro Rojo\",\"isPartOf\":{\"@id\":\"https:\/\/librosdelzorrorojo.com\/#website\"},\"primaryImageOfPage\":{\"@id\":\"https:\/\/librosdelzorrorojo.com\/ca\/cataleg\/la-senora-meier-y-el-mirlo\/#primaryimage\"},\"image\":{\"@id\":\"https:\/\/librosdelzorrorojo.com\/ca\/cataleg\/la-senora-meier-y-el-mirlo\/#primaryimage\"},\"thumbnailUrl\":\"https:\/\/librosdelzorrorojo.com\/wp-content\/uploads\/2016\/09\/Cover-La-seniora-y-el-mirlo.jpg\",\"datePublished\":\"2016-09-10T16:08:20+00:00\",\"dateModified\":\"2026-04-09T13:19:54+00:00\",\"description\":\"apareci\u00f3 un peque\u00f1o p\u00e1jaro que necesit\u00f3 de sus cuidados y, lo m\u00e1s importante, que le ense\u00f1\u00f3 a volar. se\u00f1ora meier, preocupaciones\",\"breadcrumb\":{\"@id\":\"https:\/\/librosdelzorrorojo.com\/ca\/cataleg\/la-senora-meier-y-el-mirlo\/#breadcrumb\"},\"inLanguage\":\"ca\",\"potentialAction\":[{\"@type\":\"ReadAction\",\"target\":[\"https:\/\/librosdelzorrorojo.com\/ca\/cataleg\/la-senora-meier-y-el-mirlo\/\"]}]},{\"@type\":\"ImageObject\",\"inLanguage\":\"ca\",\"@id\":\"https:\/\/librosdelzorrorojo.com\/ca\/cataleg\/la-senora-meier-y-el-mirlo\/#primaryimage\",\"url\":\"https:\/\/librosdelzorrorojo.com\/wp-content\/uploads\/2016\/09\/Cover-La-seniora-y-el-mirlo.jpg\",\"contentUrl\":\"https:\/\/librosdelzorrorojo.com\/wp-content\/uploads\/2016\/09\/Cover-La-seniora-y-el-mirlo.jpg\",\"width\":850,\"height\":687,\"caption\":\"Cover La seniora y el mirlo\"},{\"@type\":\"BreadcrumbList\",\"@id\":\"https:\/\/librosdelzorrorojo.com\/ca\/cataleg\/la-senora-meier-y-el-mirlo\/#breadcrumb\",\"itemListElement\":[{\"@type\":\"ListItem\",\"position\":1,\"name\":\"Portada\",\"item\":\"https:\/\/librosdelzorrorojo.com\/ca\/\"},{\"@type\":\"ListItem\",\"position\":2,\"name\":\"Cat\u00e0leg\",\"item\":\"https:\/\/librosdelzorrorojo.com\/ca\/cataleg\/\"},{\"@type\":\"ListItem\",\"position\":3,\"name\":\"La se\u00f1ora Meier y el mirlo\"}]},{\"@type\":\"WebSite\",\"@id\":\"https:\/\/librosdelzorrorojo.com\/#website\",\"url\":\"https:\/\/librosdelzorrorojo.com\/\",\"name\":\"Libros del Zorro Rojo\",\"description\":\"Libros ilustrados\",\"potentialAction\":[{\"@type\":\"SearchAction\",\"target\":{\"@type\":\"EntryPoint\",\"urlTemplate\":\"https:\/\/librosdelzorrorojo.com\/?s={search_term_string}\"},\"query-input\":{\"@type\":\"PropertyValueSpecification\",\"valueRequired\":true,\"valueName\":\"search_term_string\"}}],\"inLanguage\":\"ca\"}]}<\/script>\n<!-- \/ Yoast SEO plugin. -->","yoast_head_json":{"title":"La se\u00f1ora Meier y el mirlo - Libros del Zorro Rojo","description":"apareci\u00f3 un peque\u00f1o p\u00e1jaro que necesit\u00f3 de sus cuidados y, lo m\u00e1s importante, que le ense\u00f1\u00f3 a volar. se\u00f1ora meier, preocupaciones","robots":{"index":"index","follow":"follow","max-snippet":"max-snippet:-1","max-image-preview":"max-image-preview:large","max-video-preview":"max-video-preview:-1"},"canonical":"https:\/\/librosdelzorrorojo.com\/ca\/cataleg\/la-senora-meier-y-el-mirlo\/","og_locale":"ca_ES","og_type":"article","og_title":"La se\u00f1ora Meier y el mirlo - Libros del Zorro Rojo","og_description":"apareci\u00f3 un peque\u00f1o p\u00e1jaro que necesit\u00f3 de sus cuidados y, lo m\u00e1s importante, que le ense\u00f1\u00f3 a volar. se\u00f1ora meier, preocupaciones","og_url":"https:\/\/librosdelzorrorojo.com\/ca\/cataleg\/la-senora-meier-y-el-mirlo\/","og_site_name":"Libros del Zorro Rojo","article_modified_time":"2026-04-09T13:19:54+00:00","og_image":[{"width":850,"height":687,"url":"https:\/\/librosdelzorrorojo.com\/wp-content\/uploads\/2016\/09\/Cover-La-seniora-y-el-mirlo.jpg","type":"image\/jpeg"}],"twitter_card":"summary_large_image","schema":{"@context":"https:\/\/schema.org","@graph":[{"@type":"WebPage","@id":"https:\/\/librosdelzorrorojo.com\/ca\/cataleg\/la-senora-meier-y-el-mirlo\/","url":"https:\/\/librosdelzorrorojo.com\/ca\/cataleg\/la-senora-meier-y-el-mirlo\/","name":"La se\u00f1ora Meier y el mirlo - Libros del Zorro Rojo","isPartOf":{"@id":"https:\/\/librosdelzorrorojo.com\/#website"},"primaryImageOfPage":{"@id":"https:\/\/librosdelzorrorojo.com\/ca\/cataleg\/la-senora-meier-y-el-mirlo\/#primaryimage"},"image":{"@id":"https:\/\/librosdelzorrorojo.com\/ca\/cataleg\/la-senora-meier-y-el-mirlo\/#primaryimage"},"thumbnailUrl":"https:\/\/librosdelzorrorojo.com\/wp-content\/uploads\/2016\/09\/Cover-La-seniora-y-el-mirlo.jpg","datePublished":"2016-09-10T16:08:20+00:00","dateModified":"2026-04-09T13:19:54+00:00","description":"apareci\u00f3 un peque\u00f1o p\u00e1jaro que necesit\u00f3 de sus cuidados y, lo m\u00e1s importante, que le ense\u00f1\u00f3 a volar. se\u00f1ora meier, preocupaciones","breadcrumb":{"@id":"https:\/\/librosdelzorrorojo.com\/ca\/cataleg\/la-senora-meier-y-el-mirlo\/#breadcrumb"},"inLanguage":"ca","potentialAction":[{"@type":"ReadAction","target":["https:\/\/librosdelzorrorojo.com\/ca\/cataleg\/la-senora-meier-y-el-mirlo\/"]}]},{"@type":"ImageObject","inLanguage":"ca","@id":"https:\/\/librosdelzorrorojo.com\/ca\/cataleg\/la-senora-meier-y-el-mirlo\/#primaryimage","url":"https:\/\/librosdelzorrorojo.com\/wp-content\/uploads\/2016\/09\/Cover-La-seniora-y-el-mirlo.jpg","contentUrl":"https:\/\/librosdelzorrorojo.com\/wp-content\/uploads\/2016\/09\/Cover-La-seniora-y-el-mirlo.jpg","width":850,"height":687,"caption":"Cover La seniora y el mirlo"},{"@type":"BreadcrumbList","@id":"https:\/\/librosdelzorrorojo.com\/ca\/cataleg\/la-senora-meier-y-el-mirlo\/#breadcrumb","itemListElement":[{"@type":"ListItem","position":1,"name":"Portada","item":"https:\/\/librosdelzorrorojo.com\/ca\/"},{"@type":"ListItem","position":2,"name":"Cat\u00e0leg","item":"https:\/\/librosdelzorrorojo.com\/ca\/cataleg\/"},{"@type":"ListItem","position":3,"name":"La se\u00f1ora Meier y el mirlo"}]},{"@type":"WebSite","@id":"https:\/\/librosdelzorrorojo.com\/#website","url":"https:\/\/librosdelzorrorojo.com\/","name":"Libros del Zorro Rojo","description":"Libros ilustrados","potentialAction":[{"@type":"SearchAction","target":{"@type":"EntryPoint","urlTemplate":"https:\/\/librosdelzorrorojo.com\/?s={search_term_string}"},"query-input":{"@type":"PropertyValueSpecification","valueRequired":true,"valueName":"search_term_string"}}],"inLanguage":"ca"}]}},"_links":{"self":[{"href":"https:\/\/librosdelzorrorojo.com\/ca\/wp-json\/wp\/v2\/product\/12129","targetHints":{"allow":["GET"]}}],"collection":[{"href":"https:\/\/librosdelzorrorojo.com\/ca\/wp-json\/wp\/v2\/product"}],"about":[{"href":"https:\/\/librosdelzorrorojo.com\/ca\/wp-json\/wp\/v2\/types\/product"}],"wp:featuredmedia":[{"embeddable":true,"href":"https:\/\/librosdelzorrorojo.com\/ca\/wp-json\/wp\/v2\/media\/11860"}],"wp:attachment":[{"href":"https:\/\/librosdelzorrorojo.com\/ca\/wp-json\/wp\/v2\/media?parent=12129"}],"wp:term":[{"taxonomy":"product_brand","embeddable":true,"href":"https:\/\/librosdelzorrorojo.com\/ca\/wp-json\/wp\/v2\/product_brand?post=12129"},{"taxonomy":"product_cat","embeddable":true,"href":"https:\/\/librosdelzorrorojo.com\/ca\/wp-json\/wp\/v2\/product_cat?post=12129"},{"taxonomy":"product_tag","embeddable":true,"href":"https:\/\/librosdelzorrorojo.com\/ca\/wp-json\/wp\/v2\/product_tag?post=12129"}],"curies":[{"name":"wp","href":"https:\/\/api.w.org\/{rel}","templated":true}]}}