{"id":12124,"date":"2016-09-10T18:17:58","date_gmt":"2016-09-10T16:17:58","guid":{"rendered":"https:\/\/librosdelzorrorojo.com\/catalogo\/bestiario-para-colorear\/"},"modified":"2026-03-23T15:20:14","modified_gmt":"2026-03-23T14:20:14","slug":"bestiario-para-colorear","status":"publish","type":"product","link":"https:\/\/librosdelzorrorojo.com\/ca\/cataleg\/bestiario-para-colorear\/","title":{"rendered":"Bestiario para colorear"},"content":{"rendered":"<p>Muchos de los animales del\u00a0Bestiario\u00a0<span>han escapado y se encuentran en las p\u00e1ginas de esta curiosa edici\u00f3n. Algunos no encuentran el camino de vuelta a su madriguera, otros han perdido las garras, las plumas o a sus parejas; y hay quienes, algo despistados, necesitan ayuda para defenderse, comer o camuflarse.\u00a0<\/span><\/p>\n<p>Un tapir enamorado, un pez martillo solitario, un oso polar hambriento y un jaguar asustado son varios de los peculiares animales que protagonizan este cuaderno, a los que con creatividad e imaginaci\u00f3n los m\u00e1s peque\u00f1os podr\u00e1n devolver toda su expresividad y colorido. Incluye pegatinas y un p\u00f3ster desplegable.<\/p>\n","protected":false},"excerpt":{"rendered":"Muchos de los animales del\u00a0Bestiario\u00a0<span>han escapado y se encuentran en las p\u00e1ginas de esta curiosa edici\u00f3n. Algunos no encuentran el camino de vuelta a su madriguera, otros han perdido las garras, las plumas o a sus parejas; y hay quienes, algo despistados, necesitan ayuda para defenderse, comer o camuflarse.\u00a0<\/span>\r\n\r\nUn tapir enamorado, un pez martillo solitario, un oso polar hambriento y un jaguar asustado son varios de los peculiares animales que protagonizan este cuaderno, a los que con creatividad e imaginaci\u00f3n los m\u00e1s peque\u00f1os podr\u00e1n devolver toda su expresividad y colorido. Incluye pegatinas y un p\u00f3ster desplegable.","protected":false},"featured_media":11540,"template":"","meta":{"_acf_changed":false},"product_brand":[],"product_cat":[844,843],"product_tag":[],"class_list":{"0":"post-12124","1":"product","2":"type-product","3":"status-publish","4":"has-post-thumbnail","6":"product_cat-castella","7":"product_cat-infantiles-ca","9":"first","10":"outofstock","11":"taxable","12":"shipping-taxable","13":"purchasable","14":"product-type-simple"},"acf":[],"yoast_head":"<!-- This site is optimized with the Yoast SEO plugin v25.1 - https:\/\/yoast.com\/wordpress\/plugins\/seo\/ -->\n<title>Bestiario para colorear - Libros del Zorro Rojo<\/title>\n<meta name=\"description\" content=\"Muchos de los animales del\u00a0Bestiario\u00a0han escapado y se encuentran en las p\u00e1ginas de esta curiosa edici\u00f3n. \u00a1a pintar! animales, colorear\" \/>\n<meta name=\"robots\" content=\"index, follow, max-snippet:-1, max-image-preview:large, max-video-preview:-1\" \/>\n<link rel=\"canonical\" href=\"https:\/\/librosdelzorrorojo.com\/ca\/cataleg\/bestiario-para-colorear\/\" \/>\n<meta property=\"og:locale\" content=\"ca_ES\" \/>\n<meta property=\"og:type\" content=\"article\" \/>\n<meta property=\"og:title\" content=\"Bestiario para colorear - Libros del Zorro Rojo\" \/>\n<meta property=\"og:description\" content=\"Muchos de los animales del\u00a0Bestiario\u00a0han escapado y se encuentran en las p\u00e1ginas de esta curiosa edici\u00f3n. \u00a1a pintar! animales, colorear\" \/>\n<meta property=\"og:url\" content=\"https:\/\/librosdelzorrorojo.com\/ca\/cataleg\/bestiario-para-colorear\/\" \/>\n<meta property=\"og:site_name\" content=\"Libros del Zorro Rojo\" \/>\n<meta property=\"article:modified_time\" content=\"2026-03-23T14:20:14+00:00\" \/>\n<meta property=\"og:image\" content=\"https:\/\/librosdelzorrorojo.com\/wp-content\/uploads\/2016\/09\/Cover_Bestiario-para-colorear-WEB.png\" \/>\n\t<meta property=\"og:image:width\" content=\"850\" \/>\n\t<meta property=\"og:image:height\" content=\"1166\" \/>\n\t<meta property=\"og:image:type\" content=\"image\/png\" \/>\n<meta name=\"twitter:card\" content=\"summary_large_image\" \/>\n<meta name=\"twitter:label1\" content=\"Temps estimat de lectura\" \/>\n\t<meta name=\"twitter:data1\" content=\"1 minut\" \/>\n<script type=\"application\/ld+json\" class=\"yoast-schema-graph\">{\"@context\":\"https:\/\/schema.org\",\"@graph\":[{\"@type\":\"WebPage\",\"@id\":\"https:\/\/librosdelzorrorojo.com\/ca\/cataleg\/bestiario-para-colorear\/\",\"url\":\"https:\/\/librosdelzorrorojo.com\/ca\/cataleg\/bestiario-para-colorear\/\",\"name\":\"Bestiario para colorear - Libros del Zorro Rojo\",\"isPartOf\":{\"@id\":\"https:\/\/librosdelzorrorojo.com\/#website\"},\"primaryImageOfPage\":{\"@id\":\"https:\/\/librosdelzorrorojo.com\/ca\/cataleg\/bestiario-para-colorear\/#primaryimage\"},\"image\":{\"@id\":\"https:\/\/librosdelzorrorojo.com\/ca\/cataleg\/bestiario-para-colorear\/#primaryimage\"},\"thumbnailUrl\":\"https:\/\/librosdelzorrorojo.com\/wp-content\/uploads\/2016\/09\/Cover_Bestiario-para-colorear-WEB.png\",\"datePublished\":\"2016-09-10T16:17:58+00:00\",\"dateModified\":\"2026-03-23T14:20:14+00:00\",\"description\":\"Muchos de los animales del\u00a0Bestiario\u00a0han escapado y se encuentran en las p\u00e1ginas de esta curiosa edici\u00f3n. \u00a1a pintar! animales, colorear\",\"breadcrumb\":{\"@id\":\"https:\/\/librosdelzorrorojo.com\/ca\/cataleg\/bestiario-para-colorear\/#breadcrumb\"},\"inLanguage\":\"ca\",\"potentialAction\":[{\"@type\":\"ReadAction\",\"target\":[\"https:\/\/librosdelzorrorojo.com\/ca\/cataleg\/bestiario-para-colorear\/\"]}]},{\"@type\":\"ImageObject\",\"inLanguage\":\"ca\",\"@id\":\"https:\/\/librosdelzorrorojo.com\/ca\/cataleg\/bestiario-para-colorear\/#primaryimage\",\"url\":\"https:\/\/librosdelzorrorojo.com\/wp-content\/uploads\/2016\/09\/Cover_Bestiario-para-colorear-WEB.png\",\"contentUrl\":\"https:\/\/librosdelzorrorojo.com\/wp-content\/uploads\/2016\/09\/Cover_Bestiario-para-colorear-WEB.png\",\"width\":850,\"height\":1166,\"caption\":\"Cover Bestiario para colorear WEB\"},{\"@type\":\"BreadcrumbList\",\"@id\":\"https:\/\/librosdelzorrorojo.com\/ca\/cataleg\/bestiario-para-colorear\/#breadcrumb\",\"itemListElement\":[{\"@type\":\"ListItem\",\"position\":1,\"name\":\"Portada\",\"item\":\"https:\/\/librosdelzorrorojo.com\/ca\/\"},{\"@type\":\"ListItem\",\"position\":2,\"name\":\"Cat\u00e0leg\",\"item\":\"https:\/\/librosdelzorrorojo.com\/ca\/cataleg\/\"},{\"@type\":\"ListItem\",\"position\":3,\"name\":\"Bestiario para colorear\"}]},{\"@type\":\"WebSite\",\"@id\":\"https:\/\/librosdelzorrorojo.com\/#website\",\"url\":\"https:\/\/librosdelzorrorojo.com\/\",\"name\":\"Libros del Zorro Rojo\",\"description\":\"Libros ilustrados\",\"potentialAction\":[{\"@type\":\"SearchAction\",\"target\":{\"@type\":\"EntryPoint\",\"urlTemplate\":\"https:\/\/librosdelzorrorojo.com\/?s={search_term_string}\"},\"query-input\":{\"@type\":\"PropertyValueSpecification\",\"valueRequired\":true,\"valueName\":\"search_term_string\"}}],\"inLanguage\":\"ca\"}]}<\/script>\n<!-- \/ Yoast SEO plugin. -->","yoast_head_json":{"title":"Bestiario para colorear - Libros del Zorro Rojo","description":"Muchos de los animales del\u00a0Bestiario\u00a0han escapado y se encuentran en las p\u00e1ginas de esta curiosa edici\u00f3n. \u00a1a pintar! animales, colorear","robots":{"index":"index","follow":"follow","max-snippet":"max-snippet:-1","max-image-preview":"max-image-preview:large","max-video-preview":"max-video-preview:-1"},"canonical":"https:\/\/librosdelzorrorojo.com\/ca\/cataleg\/bestiario-para-colorear\/","og_locale":"ca_ES","og_type":"article","og_title":"Bestiario para colorear - Libros del Zorro Rojo","og_description":"Muchos de los animales del\u00a0Bestiario\u00a0han escapado y se encuentran en las p\u00e1ginas de esta curiosa edici\u00f3n. \u00a1a pintar! animales, colorear","og_url":"https:\/\/librosdelzorrorojo.com\/ca\/cataleg\/bestiario-para-colorear\/","og_site_name":"Libros del Zorro Rojo","article_modified_time":"2026-03-23T14:20:14+00:00","og_image":[{"width":850,"height":1166,"url":"https:\/\/librosdelzorrorojo.com\/wp-content\/uploads\/2016\/09\/Cover_Bestiario-para-colorear-WEB.png","type":"image\/png"}],"twitter_card":"summary_large_image","twitter_misc":{"Temps estimat de lectura":"1 minut"},"schema":{"@context":"https:\/\/schema.org","@graph":[{"@type":"WebPage","@id":"https:\/\/librosdelzorrorojo.com\/ca\/cataleg\/bestiario-para-colorear\/","url":"https:\/\/librosdelzorrorojo.com\/ca\/cataleg\/bestiario-para-colorear\/","name":"Bestiario para colorear - Libros del Zorro Rojo","isPartOf":{"@id":"https:\/\/librosdelzorrorojo.com\/#website"},"primaryImageOfPage":{"@id":"https:\/\/librosdelzorrorojo.com\/ca\/cataleg\/bestiario-para-colorear\/#primaryimage"},"image":{"@id":"https:\/\/librosdelzorrorojo.com\/ca\/cataleg\/bestiario-para-colorear\/#primaryimage"},"thumbnailUrl":"https:\/\/librosdelzorrorojo.com\/wp-content\/uploads\/2016\/09\/Cover_Bestiario-para-colorear-WEB.png","datePublished":"2016-09-10T16:17:58+00:00","dateModified":"2026-03-23T14:20:14+00:00","description":"Muchos de los animales del\u00a0Bestiario\u00a0han escapado y se encuentran en las p\u00e1ginas de esta curiosa edici\u00f3n. \u00a1a pintar! animales, colorear","breadcrumb":{"@id":"https:\/\/librosdelzorrorojo.com\/ca\/cataleg\/bestiario-para-colorear\/#breadcrumb"},"inLanguage":"ca","potentialAction":[{"@type":"ReadAction","target":["https:\/\/librosdelzorrorojo.com\/ca\/cataleg\/bestiario-para-colorear\/"]}]},{"@type":"ImageObject","inLanguage":"ca","@id":"https:\/\/librosdelzorrorojo.com\/ca\/cataleg\/bestiario-para-colorear\/#primaryimage","url":"https:\/\/librosdelzorrorojo.com\/wp-content\/uploads\/2016\/09\/Cover_Bestiario-para-colorear-WEB.png","contentUrl":"https:\/\/librosdelzorrorojo.com\/wp-content\/uploads\/2016\/09\/Cover_Bestiario-para-colorear-WEB.png","width":850,"height":1166,"caption":"Cover Bestiario para colorear WEB"},{"@type":"BreadcrumbList","@id":"https:\/\/librosdelzorrorojo.com\/ca\/cataleg\/bestiario-para-colorear\/#breadcrumb","itemListElement":[{"@type":"ListItem","position":1,"name":"Portada","item":"https:\/\/librosdelzorrorojo.com\/ca\/"},{"@type":"ListItem","position":2,"name":"Cat\u00e0leg","item":"https:\/\/librosdelzorrorojo.com\/ca\/cataleg\/"},{"@type":"ListItem","position":3,"name":"Bestiario para colorear"}]},{"@type":"WebSite","@id":"https:\/\/librosdelzorrorojo.com\/#website","url":"https:\/\/librosdelzorrorojo.com\/","name":"Libros del Zorro Rojo","description":"Libros ilustrados","potentialAction":[{"@type":"SearchAction","target":{"@type":"EntryPoint","urlTemplate":"https:\/\/librosdelzorrorojo.com\/?s={search_term_string}"},"query-input":{"@type":"PropertyValueSpecification","valueRequired":true,"valueName":"search_term_string"}}],"inLanguage":"ca"}]}},"_links":{"self":[{"href":"https:\/\/librosdelzorrorojo.com\/ca\/wp-json\/wp\/v2\/product\/12124","targetHints":{"allow":["GET"]}}],"collection":[{"href":"https:\/\/librosdelzorrorojo.com\/ca\/wp-json\/wp\/v2\/product"}],"about":[{"href":"https:\/\/librosdelzorrorojo.com\/ca\/wp-json\/wp\/v2\/types\/product"}],"wp:featuredmedia":[{"embeddable":true,"href":"https:\/\/librosdelzorrorojo.com\/ca\/wp-json\/wp\/v2\/media\/11540"}],"wp:attachment":[{"href":"https:\/\/librosdelzorrorojo.com\/ca\/wp-json\/wp\/v2\/media?parent=12124"}],"wp:term":[{"taxonomy":"product_brand","embeddable":true,"href":"https:\/\/librosdelzorrorojo.com\/ca\/wp-json\/wp\/v2\/product_brand?post=12124"},{"taxonomy":"product_cat","embeddable":true,"href":"https:\/\/librosdelzorrorojo.com\/ca\/wp-json\/wp\/v2\/product_cat?post=12124"},{"taxonomy":"product_tag","embeddable":true,"href":"https:\/\/librosdelzorrorojo.com\/ca\/wp-json\/wp\/v2\/product_tag?post=12124"}],"curies":[{"name":"wp","href":"https:\/\/api.w.org\/{rel}","templated":true}]}}