{"id":12123,"date":"2016-09-10T18:19:58","date_gmt":"2016-09-10T16:19:58","guid":{"rendered":"https:\/\/librosdelzorrorojo.com\/catalogo\/la-bella-durmiente\/"},"modified":"2024-03-01T09:16:41","modified_gmt":"2024-03-01T08:16:41","slug":"la-bella-durmiente","status":"publish","type":"product","link":"https:\/\/librosdelzorrorojo.com\/ca\/cataleg\/la-bella-durmiente\/","title":{"rendered":"La Bella Durmiente"},"content":{"rendered":"<p><span>De entre los muchos relatos de tradici\u00f3n oral,<em> Cenicienta<\/em> y <em>La Bella Durmiente<\/em> merecen un lugar preeminente. Celeb\u00e9rrimas fueron las ediciones ilustradas que, entre 1919 y 1920, William Heinemann encargase a Arthur Rackham. Recuperar aquellas ediciones originales ha sido posible gracias a dos de sus ejemplares, as\u00ed pues hemos reproducido el hipn\u00f3tico mundo ilustrado de Rackham.<\/span><\/p>\n","protected":false},"excerpt":{"rendered":"<span>De entre los muchos relatos de tradici\u00f3n oral,<em> Cenicienta<\/em> y <em>La Bella Durmiente<\/em> merecen un lugar preeminente. Celeb\u00e9rrimas fueron las ediciones ilustradas que, entre 1919 y 1920, William Heinemann encargase a Arthur Rackham.\u00a0<\/span>","protected":false},"featured_media":10181,"template":"","meta":{"_acf_changed":false},"product_brand":[],"product_cat":[844,843,3156],"product_tag":[],"class_list":{"0":"post-12123","1":"product","2":"type-product","3":"status-publish","4":"has-post-thumbnail","6":"product_cat-castella","7":"product_cat-infantiles-ca","8":"product_cat-juvenil-adult","10":"first","11":"instock","12":"taxable","13":"shipping-taxable","14":"purchasable","15":"product-type-simple"},"acf":[],"yoast_head":"<!-- This site is optimized with the Yoast SEO plugin v25.1 - https:\/\/yoast.com\/wordpress\/plugins\/seo\/ -->\n<title>La Bella Durmiente - Libros del Zorro Rojo<\/title>\n<meta name=\"description\" content=\"Bella durmiente, pr\u00edncipe, amor, hada madrina, castillo, aguja, maldici\u00f3n, primer beso, felicidad, ficci\u00f3n, cl\u00e1sicos literarios\" \/>\n<meta name=\"robots\" content=\"index, follow, max-snippet:-1, max-image-preview:large, max-video-preview:-1\" \/>\n<link rel=\"canonical\" href=\"https:\/\/librosdelzorrorojo.com\/ca\/cataleg\/la-bella-durmiente\/\" \/>\n<meta property=\"og:locale\" content=\"ca_ES\" \/>\n<meta property=\"og:type\" content=\"article\" \/>\n<meta property=\"og:title\" content=\"La Bella Durmiente - Libros del Zorro Rojo\" \/>\n<meta property=\"og:description\" content=\"Bella durmiente, pr\u00edncipe, amor, hada madrina, castillo, aguja, maldici\u00f3n, primer beso, felicidad, ficci\u00f3n, cl\u00e1sicos literarios\" \/>\n<meta property=\"og:url\" content=\"https:\/\/librosdelzorrorojo.com\/ca\/cataleg\/la-bella-durmiente\/\" \/>\n<meta property=\"og:site_name\" content=\"Libros del Zorro Rojo\" \/>\n<meta property=\"article:modified_time\" content=\"2024-03-01T08:16:41+00:00\" \/>\n<meta property=\"og:image\" content=\"https:\/\/librosdelzorrorojo.com\/wp-content\/uploads\/2016\/09\/Cover_LaBellaDurmiente.png\" \/>\n\t<meta property=\"og:image:width\" content=\"850\" \/>\n\t<meta property=\"og:image:height\" content=\"1128\" \/>\n\t<meta property=\"og:image:type\" content=\"image\/png\" \/>\n<meta name=\"twitter:card\" content=\"summary_large_image\" \/>\n<script type=\"application\/ld+json\" class=\"yoast-schema-graph\">{\"@context\":\"https:\/\/schema.org\",\"@graph\":[{\"@type\":\"WebPage\",\"@id\":\"https:\/\/librosdelzorrorojo.com\/ca\/cataleg\/la-bella-durmiente\/\",\"url\":\"https:\/\/librosdelzorrorojo.com\/ca\/cataleg\/la-bella-durmiente\/\",\"name\":\"La Bella Durmiente - Libros del Zorro Rojo\",\"isPartOf\":{\"@id\":\"https:\/\/librosdelzorrorojo.com\/#website\"},\"primaryImageOfPage\":{\"@id\":\"https:\/\/librosdelzorrorojo.com\/ca\/cataleg\/la-bella-durmiente\/#primaryimage\"},\"image\":{\"@id\":\"https:\/\/librosdelzorrorojo.com\/ca\/cataleg\/la-bella-durmiente\/#primaryimage\"},\"thumbnailUrl\":\"https:\/\/librosdelzorrorojo.com\/wp-content\/uploads\/2016\/09\/Cover_LaBellaDurmiente.png\",\"datePublished\":\"2016-09-10T16:19:58+00:00\",\"dateModified\":\"2024-03-01T08:16:41+00:00\",\"description\":\"Bella durmiente, pr\u00edncipe, amor, hada madrina, castillo, aguja, maldici\u00f3n, primer beso, felicidad, ficci\u00f3n, cl\u00e1sicos literarios\",\"breadcrumb\":{\"@id\":\"https:\/\/librosdelzorrorojo.com\/ca\/cataleg\/la-bella-durmiente\/#breadcrumb\"},\"inLanguage\":\"ca\",\"potentialAction\":[{\"@type\":\"ReadAction\",\"target\":[\"https:\/\/librosdelzorrorojo.com\/ca\/cataleg\/la-bella-durmiente\/\"]}]},{\"@type\":\"ImageObject\",\"inLanguage\":\"ca\",\"@id\":\"https:\/\/librosdelzorrorojo.com\/ca\/cataleg\/la-bella-durmiente\/#primaryimage\",\"url\":\"https:\/\/librosdelzorrorojo.com\/wp-content\/uploads\/2016\/09\/Cover_LaBellaDurmiente.png\",\"contentUrl\":\"https:\/\/librosdelzorrorojo.com\/wp-content\/uploads\/2016\/09\/Cover_LaBellaDurmiente.png\",\"width\":850,\"height\":1128,\"caption\":\"Cover LaBellaDurmiente\"},{\"@type\":\"BreadcrumbList\",\"@id\":\"https:\/\/librosdelzorrorojo.com\/ca\/cataleg\/la-bella-durmiente\/#breadcrumb\",\"itemListElement\":[{\"@type\":\"ListItem\",\"position\":1,\"name\":\"Portada\",\"item\":\"https:\/\/librosdelzorrorojo.com\/ca\/\"},{\"@type\":\"ListItem\",\"position\":2,\"name\":\"Cat\u00e0leg\",\"item\":\"https:\/\/librosdelzorrorojo.com\/ca\/cataleg\/\"},{\"@type\":\"ListItem\",\"position\":3,\"name\":\"La Bella Durmiente\"}]},{\"@type\":\"WebSite\",\"@id\":\"https:\/\/librosdelzorrorojo.com\/#website\",\"url\":\"https:\/\/librosdelzorrorojo.com\/\",\"name\":\"Libros del Zorro Rojo\",\"description\":\"Libros ilustrados\",\"potentialAction\":[{\"@type\":\"SearchAction\",\"target\":{\"@type\":\"EntryPoint\",\"urlTemplate\":\"https:\/\/librosdelzorrorojo.com\/?s={search_term_string}\"},\"query-input\":{\"@type\":\"PropertyValueSpecification\",\"valueRequired\":true,\"valueName\":\"search_term_string\"}}],\"inLanguage\":\"ca\"}]}<\/script>\n<!-- \/ Yoast SEO plugin. -->","yoast_head_json":{"title":"La Bella Durmiente - Libros del Zorro Rojo","description":"Bella durmiente, pr\u00edncipe, amor, hada madrina, castillo, aguja, maldici\u00f3n, primer beso, felicidad, ficci\u00f3n, cl\u00e1sicos literarios","robots":{"index":"index","follow":"follow","max-snippet":"max-snippet:-1","max-image-preview":"max-image-preview:large","max-video-preview":"max-video-preview:-1"},"canonical":"https:\/\/librosdelzorrorojo.com\/ca\/cataleg\/la-bella-durmiente\/","og_locale":"ca_ES","og_type":"article","og_title":"La Bella Durmiente - Libros del Zorro Rojo","og_description":"Bella durmiente, pr\u00edncipe, amor, hada madrina, castillo, aguja, maldici\u00f3n, primer beso, felicidad, ficci\u00f3n, cl\u00e1sicos literarios","og_url":"https:\/\/librosdelzorrorojo.com\/ca\/cataleg\/la-bella-durmiente\/","og_site_name":"Libros del Zorro Rojo","article_modified_time":"2024-03-01T08:16:41+00:00","og_image":[{"width":850,"height":1128,"url":"https:\/\/librosdelzorrorojo.com\/wp-content\/uploads\/2016\/09\/Cover_LaBellaDurmiente.png","type":"image\/png"}],"twitter_card":"summary_large_image","schema":{"@context":"https:\/\/schema.org","@graph":[{"@type":"WebPage","@id":"https:\/\/librosdelzorrorojo.com\/ca\/cataleg\/la-bella-durmiente\/","url":"https:\/\/librosdelzorrorojo.com\/ca\/cataleg\/la-bella-durmiente\/","name":"La Bella Durmiente - Libros del Zorro Rojo","isPartOf":{"@id":"https:\/\/librosdelzorrorojo.com\/#website"},"primaryImageOfPage":{"@id":"https:\/\/librosdelzorrorojo.com\/ca\/cataleg\/la-bella-durmiente\/#primaryimage"},"image":{"@id":"https:\/\/librosdelzorrorojo.com\/ca\/cataleg\/la-bella-durmiente\/#primaryimage"},"thumbnailUrl":"https:\/\/librosdelzorrorojo.com\/wp-content\/uploads\/2016\/09\/Cover_LaBellaDurmiente.png","datePublished":"2016-09-10T16:19:58+00:00","dateModified":"2024-03-01T08:16:41+00:00","description":"Bella durmiente, pr\u00edncipe, amor, hada madrina, castillo, aguja, maldici\u00f3n, primer beso, felicidad, ficci\u00f3n, cl\u00e1sicos literarios","breadcrumb":{"@id":"https:\/\/librosdelzorrorojo.com\/ca\/cataleg\/la-bella-durmiente\/#breadcrumb"},"inLanguage":"ca","potentialAction":[{"@type":"ReadAction","target":["https:\/\/librosdelzorrorojo.com\/ca\/cataleg\/la-bella-durmiente\/"]}]},{"@type":"ImageObject","inLanguage":"ca","@id":"https:\/\/librosdelzorrorojo.com\/ca\/cataleg\/la-bella-durmiente\/#primaryimage","url":"https:\/\/librosdelzorrorojo.com\/wp-content\/uploads\/2016\/09\/Cover_LaBellaDurmiente.png","contentUrl":"https:\/\/librosdelzorrorojo.com\/wp-content\/uploads\/2016\/09\/Cover_LaBellaDurmiente.png","width":850,"height":1128,"caption":"Cover LaBellaDurmiente"},{"@type":"BreadcrumbList","@id":"https:\/\/librosdelzorrorojo.com\/ca\/cataleg\/la-bella-durmiente\/#breadcrumb","itemListElement":[{"@type":"ListItem","position":1,"name":"Portada","item":"https:\/\/librosdelzorrorojo.com\/ca\/"},{"@type":"ListItem","position":2,"name":"Cat\u00e0leg","item":"https:\/\/librosdelzorrorojo.com\/ca\/cataleg\/"},{"@type":"ListItem","position":3,"name":"La Bella Durmiente"}]},{"@type":"WebSite","@id":"https:\/\/librosdelzorrorojo.com\/#website","url":"https:\/\/librosdelzorrorojo.com\/","name":"Libros del Zorro Rojo","description":"Libros ilustrados","potentialAction":[{"@type":"SearchAction","target":{"@type":"EntryPoint","urlTemplate":"https:\/\/librosdelzorrorojo.com\/?s={search_term_string}"},"query-input":{"@type":"PropertyValueSpecification","valueRequired":true,"valueName":"search_term_string"}}],"inLanguage":"ca"}]}},"_links":{"self":[{"href":"https:\/\/librosdelzorrorojo.com\/ca\/wp-json\/wp\/v2\/product\/12123","targetHints":{"allow":["GET"]}}],"collection":[{"href":"https:\/\/librosdelzorrorojo.com\/ca\/wp-json\/wp\/v2\/product"}],"about":[{"href":"https:\/\/librosdelzorrorojo.com\/ca\/wp-json\/wp\/v2\/types\/product"}],"wp:featuredmedia":[{"embeddable":true,"href":"https:\/\/librosdelzorrorojo.com\/ca\/wp-json\/wp\/v2\/media\/10181"}],"wp:attachment":[{"href":"https:\/\/librosdelzorrorojo.com\/ca\/wp-json\/wp\/v2\/media?parent=12123"}],"wp:term":[{"taxonomy":"product_brand","embeddable":true,"href":"https:\/\/librosdelzorrorojo.com\/ca\/wp-json\/wp\/v2\/product_brand?post=12123"},{"taxonomy":"product_cat","embeddable":true,"href":"https:\/\/librosdelzorrorojo.com\/ca\/wp-json\/wp\/v2\/product_cat?post=12123"},{"taxonomy":"product_tag","embeddable":true,"href":"https:\/\/librosdelzorrorojo.com\/ca\/wp-json\/wp\/v2\/product_tag?post=12123"}],"curies":[{"name":"wp","href":"https:\/\/api.w.org\/{rel}","templated":true}]}}